{"id":540221,"date":"2023-07-31T02:00:00","date_gmt":"2023-07-31T00:00:00","guid":{"rendered":""},"modified":"2024-11-27T16:17:21","modified_gmt":"2024-11-27T15:17:21","slug":"MiVue-C440-fr_FR","status":"publish","type":"product","link":"https:\/\/b2b.calibereurope.com\/fr\/produit\/MiVue-C440-fr_FR\/","title":{"rendered":"Mio Mivue C440 Dashcam, Full HD 1080P, Capteur G, \u00e9cran 3 \u00ab\u00a0, Sony Starvis"},"content":{"rendered":"<p>Prenez l&#39;environnement de votre voiture en haute qualit\u00e9 avec le Mio Mivue C440. La cam\u00e9ra HD compl\u00e8te de ce DashCam compact enregistre 130 degr\u00e9s de votre environnement avec une fr\u00e9quence d&#39;image de 30 FPS. Le MIVUE est \u00e9quip\u00e9 d&#39;un capteur Starvis CMOS pour des vid\u00e9os avec contraste sup\u00e9rieur et couleurs lumineuses et profondes, m\u00eame \u00e0 la lumi\u00e8re basse. Avec des images vid\u00e9o de haute qualit\u00e9, vous d\u00e9finissez des souvenirs et supportez facilement votre compagnie d&#39;assurance avec votre compagnie d&#39;assurance. Cet assistant de voiture pratique regarde tous les d\u00e9tails de pr\u00e8s et de loin et vous pouvez mieux d\u00e9montrer ce qui s&#39;est pass\u00e9 apr\u00e8s un accident. Cela donne un sentiment familier. En cas d&#39;action inattendue, telle que le changement de direction rapide, le capteur G prend les mouvements directement et les enregistrements de cette promotion sont enregistr\u00e9s.<\/p>\n","protected":false},"excerpt":{"rendered":"<p>Prenez l&#39;environnement de votre voiture en haute qualit\u00e9 avec le Mio Mivue C440. La cam\u00e9ra HD compl\u00e8te de ce DashCam compact enregistre 130 degr\u00e9s de votre environnement avec une fr\u00e9quence d&#39;image de 30 FPS. Le MIVUE est \u00e9quip\u00e9 d&#39;un capteur Starvis CMOS pour des vid\u00e9os avec contraste sup\u00e9rieur et couleurs lumineuses et profondes, m\u00eame \u00e0 [&hellip;]<\/p>\n","protected":false},"featured_media":829282,"template":"","meta":{"_acf_changed":false,"site-sidebar-layout":"default","site-content-layout":"","ast-site-content-layout":"default","site-content-style":"default","site-sidebar-style":"default","ast-global-header-display":"","ast-banner-title-visibility":"","ast-main-header-display":"","ast-hfb-above-header-display":"","ast-hfb-below-header-display":"","ast-hfb-mobile-header-display":"","site-post-title":"","ast-breadcrumbs-content":"","ast-featured-img":"","footer-sml-layout":"","theme-transparent-header-meta":"","adv-header-id-meta":"","stick-header-meta":"","header-above-stick-meta":"","header-main-stick-meta":"","header-below-stick-meta":"","astra-migrate-meta-layouts":"default","ast-page-background-enabled":"default","ast-page-background-meta":{"desktop":{"background-color":"","background-image":"","background-repeat":"repeat","background-position":"center center","background-size":"auto","background-attachment":"scroll","background-type":"","background-media":"","overlay-type":"","overlay-color":"","overlay-opacity":"","overlay-gradient":""},"tablet":{"background-color":"","background-image":"","background-repeat":"repeat","background-position":"center center","background-size":"auto","background-attachment":"scroll","background-type":"","background-media":"","overlay-type":"","overlay-color":"","overlay-opacity":"","overlay-gradient":""},"mobile":{"background-color":"","background-image":"","background-repeat":"repeat","background-position":"center center","background-size":"auto","background-attachment":"scroll","background-type":"","background-media":"","overlay-type":"","overlay-color":"","overlay-opacity":"","overlay-gradient":""}},"ast-content-background-meta":{"desktop":{"background-color":"var(--ast-global-color-5)","background-image":"","background-repeat":"repeat","background-position":"center center","background-size":"auto","background-attachment":"scroll","background-type":"","background-media":"","overlay-type":"","overlay-color":"","overlay-opacity":"","overlay-gradient":""},"tablet":{"background-color":"var(--ast-global-color-5)","background-image":"","background-repeat":"repeat","background-position":"center center","background-size":"auto","background-attachment":"scroll","background-type":"","background-media":"","overlay-type":"","overlay-color":"","overlay-opacity":"","overlay-gradient":""},"mobile":{"background-color":"var(--ast-global-color-5)","background-image":"","background-repeat":"repeat","background-position":"center center","background-size":"auto","background-attachment":"scroll","background-type":"","background-media":"","overlay-type":"","overlay-color":"","overlay-opacity":"","overlay-gradient":""}}},"product_brand":[],"product_cat":[12190,20478,12182,22955],"product_tag":[],"class_list":{"0":"post-540221","1":"product","2":"type-product","3":"status-publish","4":"has-post-thumbnail","6":"product_cat-dashcams_fr_fr","7":"product_cat-geen-categorie","8":"product_cat-beeld_fr_fr","9":"product_cat-pas-de-categorie","10":"desktop-align-center","11":"tablet-align-center","12":"mobile-align-center","13":"ast-product-gallery-layout-horizontal","14":"ast-product-tabs-layout-horizontal","16":"first","17":"outofstock","18":"taxable","19":"shipping-taxable","20":"purchasable","21":"product-type-simple"},"acf":[],"yoast_head":"<!-- This site is optimized with the Yoast SEO plugin v26.5 - https:\/\/yoast.com\/wordpress\/plugins\/seo\/ -->\n<title>Mio Mivue C440 Dashcam, Full HD 1080P, Capteur G, \u00e9cran 3 &quot;, Sony Starvis - Caliber Europe B.V.<\/title>\n<meta name=\"robots\" content=\"noindex, follow, max-snippet:-1, max-image-preview:large, max-video-preview:-1\" \/>\n<meta property=\"og:locale\" content=\"fr_FR\" \/>\n<meta property=\"og:type\" content=\"article\" \/>\n<meta property=\"og:title\" content=\"Mio Mivue C440 Dashcam, Full HD 1080P, Capteur G, \u00e9cran 3 &quot;, Sony Starvis - Caliber Europe B.V.\" \/>\n<meta property=\"og:description\" content=\"Prenez l&#039;environnement de votre voiture en haute qualit\u00e9 avec le Mio Mivue C440. La cam\u00e9ra HD compl\u00e8te de ce DashCam compact enregistre 130 degr\u00e9s de votre environnement avec une fr\u00e9quence d&#039;image de 30 FPS. Le MIVUE est \u00e9quip\u00e9 d&#039;un capteur Starvis CMOS pour des vid\u00e9os avec contraste sup\u00e9rieur et couleurs lumineuses et profondes, m\u00eame \u00e0 [&hellip;]\" \/>\n<meta property=\"og:url\" content=\"https:\/\/b2b.calibereurope.com\/product\/mivue-c440-fr_fr\/\" \/>\n<meta property=\"og:site_name\" content=\"Caliber Europe B.V.\" \/>\n<meta property=\"article:modified_time\" content=\"2024-11-27T15:17:21+00:00\" \/>\n<meta name=\"twitter:card\" content=\"summary_large_image\" \/>\n<meta name=\"twitter:label1\" content=\"Dur\u00e9e de lecture estim\u00e9e\" \/>\n\t<meta name=\"twitter:data1\" content=\"1 minute\" \/>\n<script type=\"application\/ld+json\" class=\"yoast-schema-graph\">{\"@context\":\"https:\/\/schema.org\",\"@graph\":[{\"@type\":\"WebPage\",\"@id\":\"https:\/\/b2b.calibereurope.com\/product\/mivue-c440-fr_fr\/\",\"url\":\"https:\/\/b2b.calibereurope.com\/product\/mivue-c440-fr_fr\/\",\"name\":\"Mio Mivue C440 Dashcam, Full HD 1080P, Capteur G, \u00e9cran 3 \\\", Sony Starvis - Caliber Europe B.V.\",\"isPartOf\":{\"@id\":\"https:\/\/b2b.calibereurope.com\/#website\"},\"primaryImageOfPage\":{\"@id\":\"https:\/\/b2b.calibereurope.com\/product\/mivue-c440-fr_fr\/#primaryimage\"},\"image\":{\"@id\":\"https:\/\/b2b.calibereurope.com\/product\/mivue-c440-fr_fr\/#primaryimage\"},\"thumbnailUrl\":\"https:\/\/b2b.calibereurope.com\/wp-content\/uploads\/2023\/07\/597efb0773bcf21378af3c0442727258d9817dc8_eu_mivue_c440_camera_angle_l45_04.png\",\"datePublished\":\"2023-07-31T00:00:00+00:00\",\"dateModified\":\"2024-11-27T15:17:21+00:00\",\"breadcrumb\":{\"@id\":\"https:\/\/b2b.calibereurope.com\/product\/mivue-c440-fr_fr\/#breadcrumb\"},\"inLanguage\":\"fr-FR\",\"potentialAction\":[{\"@type\":\"ReadAction\",\"target\":[\"https:\/\/b2b.calibereurope.com\/product\/mivue-c440-fr_fr\/\"]}]},{\"@type\":\"ImageObject\",\"inLanguage\":\"fr-FR\",\"@id\":\"https:\/\/b2b.calibereurope.com\/product\/mivue-c440-fr_fr\/#primaryimage\",\"url\":\"https:\/\/b2b.calibereurope.com\/wp-content\/uploads\/2023\/07\/597efb0773bcf21378af3c0442727258d9817dc8_eu_mivue_c440_camera_angle_l45_04.png\",\"contentUrl\":\"https:\/\/b2b.calibereurope.com\/wp-content\/uploads\/2023\/07\/597efb0773bcf21378af3c0442727258d9817dc8_eu_mivue_c440_camera_angle_l45_04.png\",\"width\":500,\"height\":500},{\"@type\":\"BreadcrumbList\",\"@id\":\"https:\/\/b2b.calibereurope.com\/product\/mivue-c440-fr_fr\/#breadcrumb\",\"itemListElement\":[{\"@type\":\"ListItem\",\"position\":1,\"name\":\"Home\",\"item\":\"https:\/\/b2b.calibereurope.com\/fr\/home\/\"},{\"@type\":\"ListItem\",\"position\":2,\"name\":\"Boutique\",\"item\":\"https:\/\/b2b.calibereurope.com\/fr\/boutique\/\"},{\"@type\":\"ListItem\",\"position\":3,\"name\":\"Mivue-C440\"}]},{\"@type\":\"WebSite\",\"@id\":\"https:\/\/b2b.calibereurope.com\/#website\",\"url\":\"https:\/\/b2b.calibereurope.com\/\",\"name\":\"Caliber Europe B.V.\",\"description\":\"B2B Webshop\",\"publisher\":{\"@id\":\"https:\/\/b2b.calibereurope.com\/#organization\"},\"potentialAction\":[{\"@type\":\"SearchAction\",\"target\":{\"@type\":\"EntryPoint\",\"urlTemplate\":\"https:\/\/b2b.calibereurope.com\/?s={search_term_string}\"},\"query-input\":{\"@type\":\"PropertyValueSpecification\",\"valueRequired\":true,\"valueName\":\"search_term_string\"}}],\"inLanguage\":\"fr-FR\"},{\"@type\":\"Organization\",\"@id\":\"https:\/\/b2b.calibereurope.com\/#organization\",\"name\":\"Caliber Europe B.V.\",\"url\":\"https:\/\/b2b.calibereurope.com\/\",\"logo\":{\"@type\":\"ImageObject\",\"inLanguage\":\"fr-FR\",\"@id\":\"https:\/\/b2b.calibereurope.com\/#\/schema\/logo\/image\/\",\"url\":\"https:\/\/b2b.calibereurope.com\/wp-content\/uploads\/2020\/12\/Caliber_Logo-Black.png\",\"contentUrl\":\"https:\/\/b2b.calibereurope.com\/wp-content\/uploads\/2020\/12\/Caliber_Logo-Black.png\",\"width\":3157,\"height\":356,\"caption\":\"Caliber Europe B.V.\"},\"image\":{\"@id\":\"https:\/\/b2b.calibereurope.com\/#\/schema\/logo\/image\/\"}}]}<\/script>\n<!-- \/ Yoast SEO plugin. -->","yoast_head_json":{"title":"Mio Mivue C440 Dashcam, Full HD 1080P, Capteur G, \u00e9cran 3 \", Sony Starvis - Caliber Europe B.V.","robots":{"index":"noindex","follow":"follow","max-snippet":"max-snippet:-1","max-image-preview":"max-image-preview:large","max-video-preview":"max-video-preview:-1"},"og_locale":"fr_FR","og_type":"article","og_title":"Mio Mivue C440 Dashcam, Full HD 1080P, Capteur G, \u00e9cran 3 \", Sony Starvis - Caliber Europe B.V.","og_description":"Prenez l&#39;environnement de votre voiture en haute qualit\u00e9 avec le Mio Mivue C440. La cam\u00e9ra HD compl\u00e8te de ce DashCam compact enregistre 130 degr\u00e9s de votre environnement avec une fr\u00e9quence d&#39;image de 30 FPS. Le MIVUE est \u00e9quip\u00e9 d&#39;un capteur Starvis CMOS pour des vid\u00e9os avec contraste sup\u00e9rieur et couleurs lumineuses et profondes, m\u00eame \u00e0 [&hellip;]","og_url":"https:\/\/b2b.calibereurope.com\/product\/mivue-c440-fr_fr\/","og_site_name":"Caliber Europe B.V.","article_modified_time":"2024-11-27T15:17:21+00:00","twitter_card":"summary_large_image","twitter_misc":{"Dur\u00e9e de lecture estim\u00e9e":"1 minute"},"schema":{"@context":"https:\/\/schema.org","@graph":[{"@type":"WebPage","@id":"https:\/\/b2b.calibereurope.com\/product\/mivue-c440-fr_fr\/","url":"https:\/\/b2b.calibereurope.com\/product\/mivue-c440-fr_fr\/","name":"Mio Mivue C440 Dashcam, Full HD 1080P, Capteur G, \u00e9cran 3 \", Sony Starvis - Caliber Europe B.V.","isPartOf":{"@id":"https:\/\/b2b.calibereurope.com\/#website"},"primaryImageOfPage":{"@id":"https:\/\/b2b.calibereurope.com\/product\/mivue-c440-fr_fr\/#primaryimage"},"image":{"@id":"https:\/\/b2b.calibereurope.com\/product\/mivue-c440-fr_fr\/#primaryimage"},"thumbnailUrl":"https:\/\/b2b.calibereurope.com\/wp-content\/uploads\/2023\/07\/597efb0773bcf21378af3c0442727258d9817dc8_eu_mivue_c440_camera_angle_l45_04.png","datePublished":"2023-07-31T00:00:00+00:00","dateModified":"2024-11-27T15:17:21+00:00","breadcrumb":{"@id":"https:\/\/b2b.calibereurope.com\/product\/mivue-c440-fr_fr\/#breadcrumb"},"inLanguage":"fr-FR","potentialAction":[{"@type":"ReadAction","target":["https:\/\/b2b.calibereurope.com\/product\/mivue-c440-fr_fr\/"]}]},{"@type":"ImageObject","inLanguage":"fr-FR","@id":"https:\/\/b2b.calibereurope.com\/product\/mivue-c440-fr_fr\/#primaryimage","url":"https:\/\/b2b.calibereurope.com\/wp-content\/uploads\/2023\/07\/597efb0773bcf21378af3c0442727258d9817dc8_eu_mivue_c440_camera_angle_l45_04.png","contentUrl":"https:\/\/b2b.calibereurope.com\/wp-content\/uploads\/2023\/07\/597efb0773bcf21378af3c0442727258d9817dc8_eu_mivue_c440_camera_angle_l45_04.png","width":500,"height":500},{"@type":"BreadcrumbList","@id":"https:\/\/b2b.calibereurope.com\/product\/mivue-c440-fr_fr\/#breadcrumb","itemListElement":[{"@type":"ListItem","position":1,"name":"Home","item":"https:\/\/b2b.calibereurope.com\/fr\/home\/"},{"@type":"ListItem","position":2,"name":"Boutique","item":"https:\/\/b2b.calibereurope.com\/fr\/boutique\/"},{"@type":"ListItem","position":3,"name":"Mivue-C440"}]},{"@type":"WebSite","@id":"https:\/\/b2b.calibereurope.com\/#website","url":"https:\/\/b2b.calibereurope.com\/","name":"Caliber Europe B.V.","description":"B2B Webshop","publisher":{"@id":"https:\/\/b2b.calibereurope.com\/#organization"},"potentialAction":[{"@type":"SearchAction","target":{"@type":"EntryPoint","urlTemplate":"https:\/\/b2b.calibereurope.com\/?s={search_term_string}"},"query-input":{"@type":"PropertyValueSpecification","valueRequired":true,"valueName":"search_term_string"}}],"inLanguage":"fr-FR"},{"@type":"Organization","@id":"https:\/\/b2b.calibereurope.com\/#organization","name":"Caliber Europe B.V.","url":"https:\/\/b2b.calibereurope.com\/","logo":{"@type":"ImageObject","inLanguage":"fr-FR","@id":"https:\/\/b2b.calibereurope.com\/#\/schema\/logo\/image\/","url":"https:\/\/b2b.calibereurope.com\/wp-content\/uploads\/2020\/12\/Caliber_Logo-Black.png","contentUrl":"https:\/\/b2b.calibereurope.com\/wp-content\/uploads\/2020\/12\/Caliber_Logo-Black.png","width":3157,"height":356,"caption":"Caliber Europe B.V."},"image":{"@id":"https:\/\/b2b.calibereurope.com\/#\/schema\/logo\/image\/"}}]}},"_links":{"self":[{"href":"https:\/\/b2b.calibereurope.com\/fr\/wp-json\/wp\/v2\/product\/540221","targetHints":{"allow":["GET"]}}],"collection":[{"href":"https:\/\/b2b.calibereurope.com\/fr\/wp-json\/wp\/v2\/product"}],"about":[{"href":"https:\/\/b2b.calibereurope.com\/fr\/wp-json\/wp\/v2\/types\/product"}],"version-history":[{"count":0,"href":"https:\/\/b2b.calibereurope.com\/fr\/wp-json\/wp\/v2\/product\/540221\/revisions"}],"wp:featuredmedia":[{"embeddable":true,"href":"https:\/\/b2b.calibereurope.com\/fr\/wp-json\/wp\/v2\/media\/829282"}],"wp:attachment":[{"href":"https:\/\/b2b.calibereurope.com\/fr\/wp-json\/wp\/v2\/media?parent=540221"}],"wp:term":[{"taxonomy":"product_brand","embeddable":true,"href":"https:\/\/b2b.calibereurope.com\/fr\/wp-json\/wp\/v2\/product_brand?post=540221"},{"taxonomy":"product_cat","embeddable":true,"href":"https:\/\/b2b.calibereurope.com\/fr\/wp-json\/wp\/v2\/product_cat?post=540221"},{"taxonomy":"product_tag","embeddable":true,"href":"https:\/\/b2b.calibereurope.com\/fr\/wp-json\/wp\/v2\/product_tag?post=540221"}],"curies":[{"name":"wp","href":"https:\/\/api.w.org\/{rel}","templated":true}]}}