{"id":540389,"date":"2023-10-09T00:00:00","date_gmt":"2023-10-09T00:00:00","guid":{"rendered":""},"modified":"2023-10-09T14:26:20","modified_gmt":"2023-10-09T12:26:20","slug":"MIVUE-798D-PRO-fr_FR","status":"publish","type":"product","link":"https:\/\/b2b.calibereurope.com\/fr\/produit\/MIVUE-798D-PRO-fr_FR\/","title":{"rendered":"MIO MIVUE 798 Dual Pro Dashcam, 2,5K QHD 1600P, GPS, G-Sensor, WiFi, Notification de la cam\u00e9ra Flash, 2,7 \u00ab\u00a0Affichage"},"content":{"rendered":"<p>Le MIVUE 798PRO est un dashcam qui garantit des enregistrements de haute qualit\u00e9 en qualit\u00e9 de 1600p pendant la journ\u00e9e et la nuit. Le MIVUE est \u00e9quip\u00e9 d&#39;un capteur Starvis CMOS pour des vid\u00e9os avec contraste sup\u00e9rieur et couleurs lumineuses et profondes, m\u00eame \u00e0 la lumi\u00e8re basse. Avec des images vid\u00e9o de haute qualit\u00e9, vous d\u00e9finissez des souvenirs et supportez facilement votre compagnie d&#39;assurance avec votre compagnie d&#39;assurance. Gr\u00e2ce au WiFi, vous synchronisez les enregistrements en temps r\u00e9el avec votre smartphone. Le capteur G prend directement des mouvements soudains et stocke les enregistrements de cette promotion. Ce dashcam a un angle de cam\u00e9ra r\u00e9glable de moins de 150 degr\u00e9s. Gr\u00e2ce au GPS int\u00e9gr\u00e9, votre vitesse et votre emplacement sont enregistr\u00e9s \u00e0 tous les enregistrements. De cette fa\u00e7on, vous montrez que, en cas d&#39;accident, vous ne conduisez pas trop vite. Avez-vous peur que vous fassiez cela? Ensuite, vous recevrez des avertissements d&#39;alerte Flash avec Smart Alert. Le MIVUE prend \u00e9galement en compte votre s\u00e9curit\u00e9. De cette fa\u00e7on, vous obtenez un avertissement si vous \u00eates dangereux de fatigu\u00e9 et que DashCam vous attire \u00e0 la suite d&#39;un \u00e9ventuel affrontement. M\u00eame si votre voiture est gar\u00e9e, le MIVUE se d\u00e9place coinc\u00e9. C&#39;est ainsi que votre mat\u00e9riel d&#39;image collecte si un cambrioleur est actif. Pour cela, vous avez besoin d&#39;une smartbox (non incluse).<br \/>\nLa cam\u00e9ra arri\u00e8re d&#39;arri\u00e8re-parcelle MIVUE A50 fixe la situation de la route derri\u00e8re la voiture. \u00c0 travers le m\u00eame capteur de Sony Sony Survis, il offre \u00e9galement une bonne image dans l&#39;obscurit\u00e9, en combinaison avec les enregistrements Full HD 1080p. L&#39;angle d&#39;image de 140 degr\u00e9s prend \u00e9galement la cam\u00e9ra arri\u00e8re sur ce qui vous arrive sur les voies.<br \/>\nUne fois que vous avez d\u00e9marr\u00e9 la voiture, l&#39;appareil photo se connecte automatiquement au DashCam dans la voiture et commence les enregistrements.<\/p>\n","protected":false},"excerpt":{"rendered":"<p>Le MIVUE 798PRO est un dashcam qui garantit des enregistrements de haute qualit\u00e9 en qualit\u00e9 de 1600p pendant la journ\u00e9e et la nuit. Le MIVUE est \u00e9quip\u00e9 d&#39;un capteur Starvis CMOS pour des vid\u00e9os avec contraste sup\u00e9rieur et couleurs lumineuses et profondes, m\u00eame \u00e0 la lumi\u00e8re basse. Avec des images vid\u00e9o de haute qualit\u00e9, vous [&hellip;]<\/p>\n","protected":false},"featured_media":652999,"template":"","meta":{"_acf_changed":false,"site-sidebar-layout":"default","site-content-layout":"","ast-site-content-layout":"default","site-content-style":"default","site-sidebar-style":"default","ast-global-header-display":"","ast-banner-title-visibility":"","ast-main-header-display":"","ast-hfb-above-header-display":"","ast-hfb-below-header-display":"","ast-hfb-mobile-header-display":"","site-post-title":"","ast-breadcrumbs-content":"","ast-featured-img":"","footer-sml-layout":"","theme-transparent-header-meta":"","adv-header-id-meta":"","stick-header-meta":"","header-above-stick-meta":"","header-main-stick-meta":"","header-below-stick-meta":"","astra-migrate-meta-layouts":"default","ast-page-background-enabled":"default","ast-page-background-meta":{"desktop":{"background-color":"","background-image":"","background-repeat":"repeat","background-position":"center center","background-size":"auto","background-attachment":"scroll","background-type":"","background-media":"","overlay-type":"","overlay-color":"","overlay-opacity":"","overlay-gradient":""},"tablet":{"background-color":"","background-image":"","background-repeat":"repeat","background-position":"center center","background-size":"auto","background-attachment":"scroll","background-type":"","background-media":"","overlay-type":"","overlay-color":"","overlay-opacity":"","overlay-gradient":""},"mobile":{"background-color":"","background-image":"","background-repeat":"repeat","background-position":"center center","background-size":"auto","background-attachment":"scroll","background-type":"","background-media":"","overlay-type":"","overlay-color":"","overlay-opacity":"","overlay-gradient":""}},"ast-content-background-meta":{"desktop":{"background-color":"var(--ast-global-color-5)","background-image":"","background-repeat":"repeat","background-position":"center center","background-size":"auto","background-attachment":"scroll","background-type":"","background-media":"","overlay-type":"","overlay-color":"","overlay-opacity":"","overlay-gradient":""},"tablet":{"background-color":"var(--ast-global-color-5)","background-image":"","background-repeat":"repeat","background-position":"center center","background-size":"auto","background-attachment":"scroll","background-type":"","background-media":"","overlay-type":"","overlay-color":"","overlay-opacity":"","overlay-gradient":""},"mobile":{"background-color":"var(--ast-global-color-5)","background-image":"","background-repeat":"repeat","background-position":"center center","background-size":"auto","background-attachment":"scroll","background-type":"","background-media":"","overlay-type":"","overlay-color":"","overlay-opacity":"","overlay-gradient":""}}},"product_brand":[],"product_cat":[12190,12182],"product_tag":[],"class_list":{"0":"post-540389","1":"product","2":"type-product","3":"status-publish","4":"has-post-thumbnail","6":"product_cat-dashcams_fr_fr","7":"product_cat-beeld_fr_fr","8":"desktop-align-center","9":"tablet-align-center","10":"mobile-align-center","11":"ast-product-gallery-layout-horizontal","12":"ast-product-tabs-layout-horizontal","14":"first","15":"outofstock","16":"taxable","17":"shipping-taxable","18":"purchasable","19":"product-type-simple"},"acf":[],"yoast_head":"<!-- This site is optimized with the Yoast SEO plugin v26.5 - https:\/\/yoast.com\/wordpress\/plugins\/seo\/ -->\n<title>MIO MIVUE 798 Dual Pro Dashcam, 2,5K QHD 1600P, GPS, G-Sensor, WiFi, Notification de la cam\u00e9ra Flash, 2,7 &quot;Affichage - Caliber Europe B.V.<\/title>\n<meta name=\"robots\" content=\"noindex, follow, max-snippet:-1, max-image-preview:large, max-video-preview:-1\" \/>\n<meta property=\"og:locale\" content=\"fr_FR\" \/>\n<meta property=\"og:type\" content=\"article\" \/>\n<meta property=\"og:title\" content=\"MIO MIVUE 798 Dual Pro Dashcam, 2,5K QHD 1600P, GPS, G-Sensor, WiFi, Notification de la cam\u00e9ra Flash, 2,7 &quot;Affichage - Caliber Europe B.V.\" \/>\n<meta property=\"og:description\" content=\"Le MIVUE 798PRO est un dashcam qui garantit des enregistrements de haute qualit\u00e9 en qualit\u00e9 de 1600p pendant la journ\u00e9e et la nuit. Le MIVUE est \u00e9quip\u00e9 d&#039;un capteur Starvis CMOS pour des vid\u00e9os avec contraste sup\u00e9rieur et couleurs lumineuses et profondes, m\u00eame \u00e0 la lumi\u00e8re basse. Avec des images vid\u00e9o de haute qualit\u00e9, vous [&hellip;]\" \/>\n<meta property=\"og:url\" content=\"https:\/\/b2b.calibereurope.com\/product\/mivue-798d-pro-fr_fr\/\" \/>\n<meta property=\"og:site_name\" content=\"Caliber Europe B.V.\" \/>\n<meta property=\"article:modified_time\" content=\"2023-10-09T12:26:20+00:00\" \/>\n<meta name=\"twitter:card\" content=\"summary_large_image\" \/>\n<meta name=\"twitter:label1\" content=\"Dur\u00e9e de lecture estim\u00e9e\" \/>\n\t<meta name=\"twitter:data1\" content=\"2 minutes\" \/>\n<script type=\"application\/ld+json\" class=\"yoast-schema-graph\">{\"@context\":\"https:\/\/schema.org\",\"@graph\":[{\"@type\":\"WebPage\",\"@id\":\"https:\/\/b2b.calibereurope.com\/product\/mivue-798d-pro-fr_fr\/\",\"url\":\"https:\/\/b2b.calibereurope.com\/product\/mivue-798d-pro-fr_fr\/\",\"name\":\"MIO MIVUE 798 Dual Pro Dashcam, 2,5K QHD 1600P, GPS, G-Sensor, WiFi, Notification de la cam\u00e9ra Flash, 2,7 \\\"Affichage - Caliber Europe B.V.\",\"isPartOf\":{\"@id\":\"https:\/\/b2b.calibereurope.com\/#website\"},\"primaryImageOfPage\":{\"@id\":\"https:\/\/b2b.calibereurope.com\/product\/mivue-798d-pro-fr_fr\/#primaryimage\"},\"image\":{\"@id\":\"https:\/\/b2b.calibereurope.com\/product\/mivue-798d-pro-fr_fr\/#primaryimage\"},\"thumbnailUrl\":\"https:\/\/b2b.calibereurope.com\/wp-content\/uploads\/2022\/04\/09294f2c5c9385cdcf7c575702efffc7379991fc_MiVue_EU_798_Pro_camera_front.png\",\"datePublished\":\"2023-10-09T00:00:00+00:00\",\"dateModified\":\"2023-10-09T12:26:20+00:00\",\"breadcrumb\":{\"@id\":\"https:\/\/b2b.calibereurope.com\/product\/mivue-798d-pro-fr_fr\/#breadcrumb\"},\"inLanguage\":\"fr-FR\",\"potentialAction\":[{\"@type\":\"ReadAction\",\"target\":[\"https:\/\/b2b.calibereurope.com\/product\/mivue-798d-pro-fr_fr\/\"]}]},{\"@type\":\"ImageObject\",\"inLanguage\":\"fr-FR\",\"@id\":\"https:\/\/b2b.calibereurope.com\/product\/mivue-798d-pro-fr_fr\/#primaryimage\",\"url\":\"https:\/\/b2b.calibereurope.com\/wp-content\/uploads\/2022\/04\/09294f2c5c9385cdcf7c575702efffc7379991fc_MiVue_EU_798_Pro_camera_front.png\",\"contentUrl\":\"https:\/\/b2b.calibereurope.com\/wp-content\/uploads\/2022\/04\/09294f2c5c9385cdcf7c575702efffc7379991fc_MiVue_EU_798_Pro_camera_front.png\",\"width\":816,\"height\":507},{\"@type\":\"BreadcrumbList\",\"@id\":\"https:\/\/b2b.calibereurope.com\/product\/mivue-798d-pro-fr_fr\/#breadcrumb\",\"itemListElement\":[{\"@type\":\"ListItem\",\"position\":1,\"name\":\"Home\",\"item\":\"https:\/\/b2b.calibereurope.com\/fr\/home\/\"},{\"@type\":\"ListItem\",\"position\":2,\"name\":\"Boutique\",\"item\":\"https:\/\/b2b.calibereurope.com\/fr\/boutique\/\"},{\"@type\":\"ListItem\",\"position\":3,\"name\":\"Mivue-798D-Pro\"}]},{\"@type\":\"WebSite\",\"@id\":\"https:\/\/b2b.calibereurope.com\/#website\",\"url\":\"https:\/\/b2b.calibereurope.com\/\",\"name\":\"Caliber Europe B.V.\",\"description\":\"B2B Webshop\",\"publisher\":{\"@id\":\"https:\/\/b2b.calibereurope.com\/#organization\"},\"potentialAction\":[{\"@type\":\"SearchAction\",\"target\":{\"@type\":\"EntryPoint\",\"urlTemplate\":\"https:\/\/b2b.calibereurope.com\/?s={search_term_string}\"},\"query-input\":{\"@type\":\"PropertyValueSpecification\",\"valueRequired\":true,\"valueName\":\"search_term_string\"}}],\"inLanguage\":\"fr-FR\"},{\"@type\":\"Organization\",\"@id\":\"https:\/\/b2b.calibereurope.com\/#organization\",\"name\":\"Caliber Europe B.V.\",\"url\":\"https:\/\/b2b.calibereurope.com\/\",\"logo\":{\"@type\":\"ImageObject\",\"inLanguage\":\"fr-FR\",\"@id\":\"https:\/\/b2b.calibereurope.com\/#\/schema\/logo\/image\/\",\"url\":\"https:\/\/b2b.calibereurope.com\/wp-content\/uploads\/2020\/12\/Caliber_Logo-Black.png\",\"contentUrl\":\"https:\/\/b2b.calibereurope.com\/wp-content\/uploads\/2020\/12\/Caliber_Logo-Black.png\",\"width\":3157,\"height\":356,\"caption\":\"Caliber Europe B.V.\"},\"image\":{\"@id\":\"https:\/\/b2b.calibereurope.com\/#\/schema\/logo\/image\/\"}}]}<\/script>\n<!-- \/ Yoast SEO plugin. -->","yoast_head_json":{"title":"MIO MIVUE 798 Dual Pro Dashcam, 2,5K QHD 1600P, GPS, G-Sensor, WiFi, Notification de la cam\u00e9ra Flash, 2,7 \"Affichage - Caliber Europe B.V.","robots":{"index":"noindex","follow":"follow","max-snippet":"max-snippet:-1","max-image-preview":"max-image-preview:large","max-video-preview":"max-video-preview:-1"},"og_locale":"fr_FR","og_type":"article","og_title":"MIO MIVUE 798 Dual Pro Dashcam, 2,5K QHD 1600P, GPS, G-Sensor, WiFi, Notification de la cam\u00e9ra Flash, 2,7 \"Affichage - Caliber Europe B.V.","og_description":"Le MIVUE 798PRO est un dashcam qui garantit des enregistrements de haute qualit\u00e9 en qualit\u00e9 de 1600p pendant la journ\u00e9e et la nuit. Le MIVUE est \u00e9quip\u00e9 d&#39;un capteur Starvis CMOS pour des vid\u00e9os avec contraste sup\u00e9rieur et couleurs lumineuses et profondes, m\u00eame \u00e0 la lumi\u00e8re basse. Avec des images vid\u00e9o de haute qualit\u00e9, vous [&hellip;]","og_url":"https:\/\/b2b.calibereurope.com\/product\/mivue-798d-pro-fr_fr\/","og_site_name":"Caliber Europe B.V.","article_modified_time":"2023-10-09T12:26:20+00:00","twitter_card":"summary_large_image","twitter_misc":{"Dur\u00e9e de lecture estim\u00e9e":"2 minutes"},"schema":{"@context":"https:\/\/schema.org","@graph":[{"@type":"WebPage","@id":"https:\/\/b2b.calibereurope.com\/product\/mivue-798d-pro-fr_fr\/","url":"https:\/\/b2b.calibereurope.com\/product\/mivue-798d-pro-fr_fr\/","name":"MIO MIVUE 798 Dual Pro Dashcam, 2,5K QHD 1600P, GPS, G-Sensor, WiFi, Notification de la cam\u00e9ra Flash, 2,7 \"Affichage - Caliber Europe B.V.","isPartOf":{"@id":"https:\/\/b2b.calibereurope.com\/#website"},"primaryImageOfPage":{"@id":"https:\/\/b2b.calibereurope.com\/product\/mivue-798d-pro-fr_fr\/#primaryimage"},"image":{"@id":"https:\/\/b2b.calibereurope.com\/product\/mivue-798d-pro-fr_fr\/#primaryimage"},"thumbnailUrl":"https:\/\/b2b.calibereurope.com\/wp-content\/uploads\/2022\/04\/09294f2c5c9385cdcf7c575702efffc7379991fc_MiVue_EU_798_Pro_camera_front.png","datePublished":"2023-10-09T00:00:00+00:00","dateModified":"2023-10-09T12:26:20+00:00","breadcrumb":{"@id":"https:\/\/b2b.calibereurope.com\/product\/mivue-798d-pro-fr_fr\/#breadcrumb"},"inLanguage":"fr-FR","potentialAction":[{"@type":"ReadAction","target":["https:\/\/b2b.calibereurope.com\/product\/mivue-798d-pro-fr_fr\/"]}]},{"@type":"ImageObject","inLanguage":"fr-FR","@id":"https:\/\/b2b.calibereurope.com\/product\/mivue-798d-pro-fr_fr\/#primaryimage","url":"https:\/\/b2b.calibereurope.com\/wp-content\/uploads\/2022\/04\/09294f2c5c9385cdcf7c575702efffc7379991fc_MiVue_EU_798_Pro_camera_front.png","contentUrl":"https:\/\/b2b.calibereurope.com\/wp-content\/uploads\/2022\/04\/09294f2c5c9385cdcf7c575702efffc7379991fc_MiVue_EU_798_Pro_camera_front.png","width":816,"height":507},{"@type":"BreadcrumbList","@id":"https:\/\/b2b.calibereurope.com\/product\/mivue-798d-pro-fr_fr\/#breadcrumb","itemListElement":[{"@type":"ListItem","position":1,"name":"Home","item":"https:\/\/b2b.calibereurope.com\/fr\/home\/"},{"@type":"ListItem","position":2,"name":"Boutique","item":"https:\/\/b2b.calibereurope.com\/fr\/boutique\/"},{"@type":"ListItem","position":3,"name":"Mivue-798D-Pro"}]},{"@type":"WebSite","@id":"https:\/\/b2b.calibereurope.com\/#website","url":"https:\/\/b2b.calibereurope.com\/","name":"Caliber Europe B.V.","description":"B2B Webshop","publisher":{"@id":"https:\/\/b2b.calibereurope.com\/#organization"},"potentialAction":[{"@type":"SearchAction","target":{"@type":"EntryPoint","urlTemplate":"https:\/\/b2b.calibereurope.com\/?s={search_term_string}"},"query-input":{"@type":"PropertyValueSpecification","valueRequired":true,"valueName":"search_term_string"}}],"inLanguage":"fr-FR"},{"@type":"Organization","@id":"https:\/\/b2b.calibereurope.com\/#organization","name":"Caliber Europe B.V.","url":"https:\/\/b2b.calibereurope.com\/","logo":{"@type":"ImageObject","inLanguage":"fr-FR","@id":"https:\/\/b2b.calibereurope.com\/#\/schema\/logo\/image\/","url":"https:\/\/b2b.calibereurope.com\/wp-content\/uploads\/2020\/12\/Caliber_Logo-Black.png","contentUrl":"https:\/\/b2b.calibereurope.com\/wp-content\/uploads\/2020\/12\/Caliber_Logo-Black.png","width":3157,"height":356,"caption":"Caliber Europe B.V."},"image":{"@id":"https:\/\/b2b.calibereurope.com\/#\/schema\/logo\/image\/"}}]}},"_links":{"self":[{"href":"https:\/\/b2b.calibereurope.com\/fr\/wp-json\/wp\/v2\/product\/540389","targetHints":{"allow":["GET"]}}],"collection":[{"href":"https:\/\/b2b.calibereurope.com\/fr\/wp-json\/wp\/v2\/product"}],"about":[{"href":"https:\/\/b2b.calibereurope.com\/fr\/wp-json\/wp\/v2\/types\/product"}],"version-history":[{"count":0,"href":"https:\/\/b2b.calibereurope.com\/fr\/wp-json\/wp\/v2\/product\/540389\/revisions"}],"wp:featuredmedia":[{"embeddable":true,"href":"https:\/\/b2b.calibereurope.com\/fr\/wp-json\/wp\/v2\/media\/652999"}],"wp:attachment":[{"href":"https:\/\/b2b.calibereurope.com\/fr\/wp-json\/wp\/v2\/media?parent=540389"}],"wp:term":[{"taxonomy":"product_brand","embeddable":true,"href":"https:\/\/b2b.calibereurope.com\/fr\/wp-json\/wp\/v2\/product_brand?post=540389"},{"taxonomy":"product_cat","embeddable":true,"href":"https:\/\/b2b.calibereurope.com\/fr\/wp-json\/wp\/v2\/product_cat?post=540389"},{"taxonomy":"product_tag","embeddable":true,"href":"https:\/\/b2b.calibereurope.com\/fr\/wp-json\/wp\/v2\/product_tag?post=540389"}],"curies":[{"name":"wp","href":"https:\/\/api.w.org\/{rel}","templated":true}]}}