{"id":549162,"date":"2025-01-15T01:00:00","date_gmt":"2025-01-15T00:00:00","guid":{"rendered":""},"modified":"2025-01-15T08:46:11","modified_gmt":"2025-01-15T07:46:11","slug":"hwp303u-fr_fr","status":"publish","type":"product","link":"https:\/\/b2b.calibereurope.com\/fr\/produit\/hwp303u-fr_fr\/","title":{"rendered":"Prise de courant intelligente &#8211; 4 ports USB (HWP303U)"},"content":{"rendered":"<p>Le Caliber HWP301U est une multiprise intelligente qui vous permet de r\u00e9duire consid\u00e9rablement la consommation d&#39;\u00e9nergie de vos appareils \u00e9lectroniques. Cette multiprise intelligente est connect\u00e9e \u00e0 l&#39;application Caliber Smart Home App, qui vous permet de la contr\u00f4ler avec votre smartphone. Non seulement via l&#39;application Caliber, mais m\u00eame le contr\u00f4le (vocal) via Google Home, Amazon Alexa et les raccourcis Siri est possible.<\/p>\n<p><strong>Options de r\u00e9glage<\/strong><br \/>.<br \/>\nVous connectez le HWP303U avec l&#39;application Caliber Smart Home. Cela vous permet de r\u00e9gler l&#39;alimentation \u00e9lectrique via votre smartphone. Les 3 prises de courant peuvent \u00eatre command\u00e9es s\u00e9par\u00e9ment et le groupe de 4 ports USB peut \u00e9galement \u00eatre commut\u00e9 dans son ensemble. Utilisez le HWP303U \u00e9galement en combinaison avec des lampes. Gr\u00e2ce \u00e0 l&#39;application Caliber Smart Home, les possibilit\u00e9s sont presque infinies. Le HWP a la fonction de s&#39;allumer et de s&#39;\u00e9teindre automatiquement par le biais d&#39;un programme (heures d\u00e9finies), mais il est \u00e9galement possible de le laisser partir aux heures de lever et de coucher du soleil. Ainsi, vous ne devez jamais ajuster les heures et la lampe ne br\u00fble pas inutilement. En combinaison avec d&#39;autres produits Caliber Smart, vous pouvez cr\u00e9er des sc\u00e9narios, de sorte que votre prise sur le HWP, par exemple, s&#39;allume lorsqu&#39;un mouvement est d\u00e9tect\u00e9 par une cam\u00e9ra intelligente (HWC) ou un capteur intelligent (HWS).<\/p>\n<p><strong>Fonctions pratiques<\/strong><br \/>Le HWP303U dispose \u00e9galement d&#39;un bouton marche\/arr\u00eat physique, ce qui vous permet de l&#39;allumer et de l&#39;\u00e9teindre compl\u00e8tement sans t\u00e9l\u00e9phone \u00e0 proximit\u00e9. Une liaison Bluetooth\u00ae est \u00e9galement disponible, donc s&#39;il y a la moindre chance qu&#39;il n&#39;y ait pas de WiFi en raison d&#39;une panne, par exemple, assurez-vous que le Bluetooth\u00ae de votre appareil (qui a l&#39;application avec le HWP li\u00e9) est activ\u00e9 et faites fonctionner le HWP303U enti\u00e8rement jusqu&#39;\u00e0 10m de distance. Les fiches sont \u00e9galement dot\u00e9es d&#39;une s\u00e9curit\u00e9 enfant, ce qui vous permet de l&#39;utiliser en toute s\u00e9curit\u00e9 avec des enfants \u00e0 la maison. <\/p>\n","protected":false},"excerpt":{"rendered":"<p>Le Caliber HWP301U est une multiprise intelligente qui vous permet de r\u00e9duire consid\u00e9rablement la consommation d&#39;\u00e9nergie de vos appareils \u00e9lectroniques. Cette multiprise intelligente est connect\u00e9e \u00e0 l&#39;application Caliber Smart Home App, qui vous permet de la contr\u00f4ler avec votre smartphone. Non seulement via l&#39;application Caliber, mais m\u00eame le contr\u00f4le (vocal) via Google Home, Amazon Alexa [&hellip;]<\/p>\n","protected":false},"featured_media":854037,"template":"","meta":{"_acf_changed":false,"site-sidebar-layout":"default","site-content-layout":"","ast-site-content-layout":"default","site-content-style":"default","site-sidebar-style":"default","ast-global-header-display":"","ast-banner-title-visibility":"","ast-main-header-display":"","ast-hfb-above-header-display":"","ast-hfb-below-header-display":"","ast-hfb-mobile-header-display":"","site-post-title":"","ast-breadcrumbs-content":"","ast-featured-img":"","footer-sml-layout":"","theme-transparent-header-meta":"","adv-header-id-meta":"","stick-header-meta":"","header-above-stick-meta":"","header-main-stick-meta":"","header-below-stick-meta":"","astra-migrate-meta-layouts":"default","ast-page-background-enabled":"default","ast-page-background-meta":{"desktop":{"background-color":"","background-image":"","background-repeat":"repeat","background-position":"center center","background-size":"auto","background-attachment":"scroll","background-type":"","background-media":"","overlay-type":"","overlay-color":"","overlay-opacity":"","overlay-gradient":""},"tablet":{"background-color":"","background-image":"","background-repeat":"repeat","background-position":"center center","background-size":"auto","background-attachment":"scroll","background-type":"","background-media":"","overlay-type":"","overlay-color":"","overlay-opacity":"","overlay-gradient":""},"mobile":{"background-color":"","background-image":"","background-repeat":"repeat","background-position":"center center","background-size":"auto","background-attachment":"scroll","background-type":"","background-media":"","overlay-type":"","overlay-color":"","overlay-opacity":"","overlay-gradient":""}},"ast-content-background-meta":{"desktop":{"background-color":"var(--ast-global-color-5)","background-image":"","background-repeat":"repeat","background-position":"center center","background-size":"auto","background-attachment":"scroll","background-type":"","background-media":"","overlay-type":"","overlay-color":"","overlay-opacity":"","overlay-gradient":""},"tablet":{"background-color":"var(--ast-global-color-5)","background-image":"","background-repeat":"repeat","background-position":"center center","background-size":"auto","background-attachment":"scroll","background-type":"","background-media":"","overlay-type":"","overlay-color":"","overlay-opacity":"","overlay-gradient":""},"mobile":{"background-color":"var(--ast-global-color-5)","background-image":"","background-repeat":"repeat","background-position":"center center","background-size":"auto","background-attachment":"scroll","background-type":"","background-media":"","overlay-type":"","overlay-color":"","overlay-opacity":"","overlay-gradient":""}}},"product_brand":[],"product_cat":[22955],"product_tag":[21750],"class_list":{"0":"post-549162","1":"product","2":"type-product","3":"status-publish","4":"has-post-thumbnail","6":"product_cat-pas-de-categorie","7":"product_tag-plugs-fr","8":"desktop-align-center","9":"tablet-align-center","10":"mobile-align-center","11":"ast-product-gallery-layout-horizontal","12":"ast-product-tabs-layout-horizontal","14":"first","15":"instock","16":"taxable","17":"shipping-taxable","18":"purchasable","19":"product-type-simple"},"acf":[],"yoast_head":"<!-- This site is optimized with the Yoast SEO plugin v26.5 - https:\/\/yoast.com\/wordpress\/plugins\/seo\/ -->\n<title>Prise de courant intelligente - 4 ports USB (HWP303U) - Caliber Europe B.V.<\/title>\n<meta name=\"robots\" content=\"noindex, follow, max-snippet:-1, max-image-preview:large, max-video-preview:-1\" \/>\n<meta property=\"og:locale\" content=\"fr_FR\" \/>\n<meta property=\"og:type\" content=\"article\" \/>\n<meta property=\"og:title\" content=\"Prise de courant intelligente - 4 ports USB (HWP303U) - Caliber Europe B.V.\" \/>\n<meta property=\"og:description\" content=\"Le Caliber HWP301U est une multiprise intelligente qui vous permet de r\u00e9duire consid\u00e9rablement la consommation d&#039;\u00e9nergie de vos appareils \u00e9lectroniques. Cette multiprise intelligente est connect\u00e9e \u00e0 l&#039;application Caliber Smart Home App, qui vous permet de la contr\u00f4ler avec votre smartphone. Non seulement via l&#039;application Caliber, mais m\u00eame le contr\u00f4le (vocal) via Google Home, Amazon Alexa [&hellip;]\" \/>\n<meta property=\"og:url\" content=\"https:\/\/b2b.calibereurope.com\/product\/hwp303u-fr_fr\/\" \/>\n<meta property=\"og:site_name\" content=\"Caliber Europe B.V.\" \/>\n<meta property=\"article:modified_time\" content=\"2025-01-15T07:46:11+00:00\" \/>\n<meta name=\"twitter:card\" content=\"summary_large_image\" \/>\n<meta name=\"twitter:label1\" content=\"Dur\u00e9e de lecture estim\u00e9e\" \/>\n\t<meta name=\"twitter:data1\" content=\"2 minutes\" \/>\n<script type=\"application\/ld+json\" class=\"yoast-schema-graph\">{\"@context\":\"https:\/\/schema.org\",\"@graph\":[{\"@type\":\"WebPage\",\"@id\":\"https:\/\/b2b.calibereurope.com\/product\/hwp303u-fr_fr\/\",\"url\":\"https:\/\/b2b.calibereurope.com\/product\/hwp303u-fr_fr\/\",\"name\":\"Prise de courant intelligente - 4 ports USB (HWP303U) - Caliber Europe B.V.\",\"isPartOf\":{\"@id\":\"https:\/\/b2b.calibereurope.com\/#website\"},\"primaryImageOfPage\":{\"@id\":\"https:\/\/b2b.calibereurope.com\/product\/hwp303u-fr_fr\/#primaryimage\"},\"image\":{\"@id\":\"https:\/\/b2b.calibereurope.com\/product\/hwp303u-fr_fr\/#primaryimage\"},\"thumbnailUrl\":\"https:\/\/b2b.calibereurope.com\/wp-content\/uploads\/2025\/01\/96bc4d4b0807ed15557222ed5479ec7df43d08b5_HWP303U.jpg\",\"datePublished\":\"2025-01-15T00:00:00+00:00\",\"dateModified\":\"2025-01-15T07:46:11+00:00\",\"breadcrumb\":{\"@id\":\"https:\/\/b2b.calibereurope.com\/product\/hwp303u-fr_fr\/#breadcrumb\"},\"inLanguage\":\"fr-FR\",\"potentialAction\":[{\"@type\":\"ReadAction\",\"target\":[\"https:\/\/b2b.calibereurope.com\/product\/hwp303u-fr_fr\/\"]}]},{\"@type\":\"ImageObject\",\"inLanguage\":\"fr-FR\",\"@id\":\"https:\/\/b2b.calibereurope.com\/product\/hwp303u-fr_fr\/#primaryimage\",\"url\":\"https:\/\/b2b.calibereurope.com\/wp-content\/uploads\/2025\/01\/96bc4d4b0807ed15557222ed5479ec7df43d08b5_HWP303U.jpg\",\"contentUrl\":\"https:\/\/b2b.calibereurope.com\/wp-content\/uploads\/2025\/01\/96bc4d4b0807ed15557222ed5479ec7df43d08b5_HWP303U.jpg\",\"width\":1024,\"height\":768},{\"@type\":\"BreadcrumbList\",\"@id\":\"https:\/\/b2b.calibereurope.com\/product\/hwp303u-fr_fr\/#breadcrumb\",\"itemListElement\":[{\"@type\":\"ListItem\",\"position\":1,\"name\":\"Home\",\"item\":\"https:\/\/b2b.calibereurope.com\/fr\/home\/\"},{\"@type\":\"ListItem\",\"position\":2,\"name\":\"Boutique\",\"item\":\"https:\/\/b2b.calibereurope.com\/fr\/boutique\/\"},{\"@type\":\"ListItem\",\"position\":3,\"name\":\"Prise de courant intelligente &#8211; 4 ports USB (HWP303U)\"}]},{\"@type\":\"WebSite\",\"@id\":\"https:\/\/b2b.calibereurope.com\/#website\",\"url\":\"https:\/\/b2b.calibereurope.com\/\",\"name\":\"Caliber Europe B.V.\",\"description\":\"B2B Webshop\",\"publisher\":{\"@id\":\"https:\/\/b2b.calibereurope.com\/#organization\"},\"potentialAction\":[{\"@type\":\"SearchAction\",\"target\":{\"@type\":\"EntryPoint\",\"urlTemplate\":\"https:\/\/b2b.calibereurope.com\/?s={search_term_string}\"},\"query-input\":{\"@type\":\"PropertyValueSpecification\",\"valueRequired\":true,\"valueName\":\"search_term_string\"}}],\"inLanguage\":\"fr-FR\"},{\"@type\":\"Organization\",\"@id\":\"https:\/\/b2b.calibereurope.com\/#organization\",\"name\":\"Caliber Europe B.V.\",\"url\":\"https:\/\/b2b.calibereurope.com\/\",\"logo\":{\"@type\":\"ImageObject\",\"inLanguage\":\"fr-FR\",\"@id\":\"https:\/\/b2b.calibereurope.com\/#\/schema\/logo\/image\/\",\"url\":\"https:\/\/b2b.calibereurope.com\/wp-content\/uploads\/2020\/12\/Caliber_Logo-Black.png\",\"contentUrl\":\"https:\/\/b2b.calibereurope.com\/wp-content\/uploads\/2020\/12\/Caliber_Logo-Black.png\",\"width\":3157,\"height\":356,\"caption\":\"Caliber Europe B.V.\"},\"image\":{\"@id\":\"https:\/\/b2b.calibereurope.com\/#\/schema\/logo\/image\/\"}}]}<\/script>\n<!-- \/ Yoast SEO plugin. -->","yoast_head_json":{"title":"Prise de courant intelligente - 4 ports USB (HWP303U) - Caliber Europe B.V.","robots":{"index":"noindex","follow":"follow","max-snippet":"max-snippet:-1","max-image-preview":"max-image-preview:large","max-video-preview":"max-video-preview:-1"},"og_locale":"fr_FR","og_type":"article","og_title":"Prise de courant intelligente - 4 ports USB (HWP303U) - Caliber Europe B.V.","og_description":"Le Caliber HWP301U est une multiprise intelligente qui vous permet de r\u00e9duire consid\u00e9rablement la consommation d&#39;\u00e9nergie de vos appareils \u00e9lectroniques. Cette multiprise intelligente est connect\u00e9e \u00e0 l&#39;application Caliber Smart Home App, qui vous permet de la contr\u00f4ler avec votre smartphone. Non seulement via l&#39;application Caliber, mais m\u00eame le contr\u00f4le (vocal) via Google Home, Amazon Alexa [&hellip;]","og_url":"https:\/\/b2b.calibereurope.com\/product\/hwp303u-fr_fr\/","og_site_name":"Caliber Europe B.V.","article_modified_time":"2025-01-15T07:46:11+00:00","twitter_card":"summary_large_image","twitter_misc":{"Dur\u00e9e de lecture estim\u00e9e":"2 minutes"},"schema":{"@context":"https:\/\/schema.org","@graph":[{"@type":"WebPage","@id":"https:\/\/b2b.calibereurope.com\/product\/hwp303u-fr_fr\/","url":"https:\/\/b2b.calibereurope.com\/product\/hwp303u-fr_fr\/","name":"Prise de courant intelligente - 4 ports USB (HWP303U) - Caliber Europe B.V.","isPartOf":{"@id":"https:\/\/b2b.calibereurope.com\/#website"},"primaryImageOfPage":{"@id":"https:\/\/b2b.calibereurope.com\/product\/hwp303u-fr_fr\/#primaryimage"},"image":{"@id":"https:\/\/b2b.calibereurope.com\/product\/hwp303u-fr_fr\/#primaryimage"},"thumbnailUrl":"https:\/\/b2b.calibereurope.com\/wp-content\/uploads\/2025\/01\/96bc4d4b0807ed15557222ed5479ec7df43d08b5_HWP303U.jpg","datePublished":"2025-01-15T00:00:00+00:00","dateModified":"2025-01-15T07:46:11+00:00","breadcrumb":{"@id":"https:\/\/b2b.calibereurope.com\/product\/hwp303u-fr_fr\/#breadcrumb"},"inLanguage":"fr-FR","potentialAction":[{"@type":"ReadAction","target":["https:\/\/b2b.calibereurope.com\/product\/hwp303u-fr_fr\/"]}]},{"@type":"ImageObject","inLanguage":"fr-FR","@id":"https:\/\/b2b.calibereurope.com\/product\/hwp303u-fr_fr\/#primaryimage","url":"https:\/\/b2b.calibereurope.com\/wp-content\/uploads\/2025\/01\/96bc4d4b0807ed15557222ed5479ec7df43d08b5_HWP303U.jpg","contentUrl":"https:\/\/b2b.calibereurope.com\/wp-content\/uploads\/2025\/01\/96bc4d4b0807ed15557222ed5479ec7df43d08b5_HWP303U.jpg","width":1024,"height":768},{"@type":"BreadcrumbList","@id":"https:\/\/b2b.calibereurope.com\/product\/hwp303u-fr_fr\/#breadcrumb","itemListElement":[{"@type":"ListItem","position":1,"name":"Home","item":"https:\/\/b2b.calibereurope.com\/fr\/home\/"},{"@type":"ListItem","position":2,"name":"Boutique","item":"https:\/\/b2b.calibereurope.com\/fr\/boutique\/"},{"@type":"ListItem","position":3,"name":"Prise de courant intelligente &#8211; 4 ports USB (HWP303U)"}]},{"@type":"WebSite","@id":"https:\/\/b2b.calibereurope.com\/#website","url":"https:\/\/b2b.calibereurope.com\/","name":"Caliber Europe B.V.","description":"B2B Webshop","publisher":{"@id":"https:\/\/b2b.calibereurope.com\/#organization"},"potentialAction":[{"@type":"SearchAction","target":{"@type":"EntryPoint","urlTemplate":"https:\/\/b2b.calibereurope.com\/?s={search_term_string}"},"query-input":{"@type":"PropertyValueSpecification","valueRequired":true,"valueName":"search_term_string"}}],"inLanguage":"fr-FR"},{"@type":"Organization","@id":"https:\/\/b2b.calibereurope.com\/#organization","name":"Caliber Europe B.V.","url":"https:\/\/b2b.calibereurope.com\/","logo":{"@type":"ImageObject","inLanguage":"fr-FR","@id":"https:\/\/b2b.calibereurope.com\/#\/schema\/logo\/image\/","url":"https:\/\/b2b.calibereurope.com\/wp-content\/uploads\/2020\/12\/Caliber_Logo-Black.png","contentUrl":"https:\/\/b2b.calibereurope.com\/wp-content\/uploads\/2020\/12\/Caliber_Logo-Black.png","width":3157,"height":356,"caption":"Caliber Europe B.V."},"image":{"@id":"https:\/\/b2b.calibereurope.com\/#\/schema\/logo\/image\/"}}]}},"_links":{"self":[{"href":"https:\/\/b2b.calibereurope.com\/fr\/wp-json\/wp\/v2\/product\/549162","targetHints":{"allow":["GET"]}}],"collection":[{"href":"https:\/\/b2b.calibereurope.com\/fr\/wp-json\/wp\/v2\/product"}],"about":[{"href":"https:\/\/b2b.calibereurope.com\/fr\/wp-json\/wp\/v2\/types\/product"}],"version-history":[{"count":0,"href":"https:\/\/b2b.calibereurope.com\/fr\/wp-json\/wp\/v2\/product\/549162\/revisions"}],"wp:featuredmedia":[{"embeddable":true,"href":"https:\/\/b2b.calibereurope.com\/fr\/wp-json\/wp\/v2\/media\/854037"}],"wp:attachment":[{"href":"https:\/\/b2b.calibereurope.com\/fr\/wp-json\/wp\/v2\/media?parent=549162"}],"wp:term":[{"taxonomy":"product_brand","embeddable":true,"href":"https:\/\/b2b.calibereurope.com\/fr\/wp-json\/wp\/v2\/product_brand?post=549162"},{"taxonomy":"product_cat","embeddable":true,"href":"https:\/\/b2b.calibereurope.com\/fr\/wp-json\/wp\/v2\/product_cat?post=549162"},{"taxonomy":"product_tag","embeddable":true,"href":"https:\/\/b2b.calibereurope.com\/fr\/wp-json\/wp\/v2\/product_tag?post=549162"}],"curies":[{"name":"wp","href":"https:\/\/api.w.org\/{rel}","templated":true}]}}