{"id":587646,"date":"2023-02-22T01:00:00","date_gmt":"2023-02-22T00:00:00","guid":{"rendered":""},"modified":"2025-01-06T11:39:01","modified_gmt":"2025-01-06T10:39:01","slug":"RMD213DAB-BT-fr_FR","status":"publish","type":"product","link":"https:\/\/b2b.calibereurope.com\/fr\/produit\/RMD213DAB-BT-fr_FR\/","title":{"rendered":"Autoradio avec Haut-parleurs Int\u00e9gr\u00e9s &#8211; Bluetooth, USB, SD et AUX &#8211; Radio DAB+ et FM (RMD213DAB-BT)"},"content":{"rendered":"<p> O\u00f9 que vous conduisiez, profitez de la musique avec cet autoradio Caliber RMD213DAB-BT avec Bluetooth. Avec ses <strong> haut-parleurs int\u00e9gr\u00e9s,<\/strong> l&#39;autoradio <strong>DAB+ <\/strong> est id\u00e9al pour les v\u00e9hicules qui n&#39;ont pas de haut-parleurs, comme les chariots \u00e9l\u00e9vateurs et les tracteurs. Lorsque vous \u00e9teignez votre v\u00e9hicule, la musique peut continuer \u00e0 \u00eatre diffus\u00e9e gr\u00e2ce \u00e0 la <strong> fonction accu <\/strong> de l&#39;autoradio Bluetooth. Connectez facilement votre t\u00e9l\u00e9phone via <strong> Bluetooth <\/strong> et \u00e9coutez vos listes de lecture pr\u00e9f\u00e9r\u00e9es sur la route ou en travaillant. En outre, vous pouvez \u00e9galement \u00e9couter de la musique via <strong>AUX, USB et SD<\/strong> et capter toutes les <strong> stations de radio DAB+ et FM<\/strong>. <\/p>\n<p> <strong> Caract\u00e9ristiques :<\/strong> <\/p>\n<ul>\n<li> Format 1DIN avec panneau fixe\n<li>2 haut-parleurs int\u00e9gr\u00e9s (2 x 25watt)\n<li> Avec fonction accu pour une capacit\u00e9 de lecture d&#39;une heure\n<li> Radio DAB\/FM avec 18 pr\u00e9s\u00e9lections\n<li> Connexion de haut-parleurs suppl\u00e9mentaires via le connecteur ISO\n<li> USB et SD af jusqu&#39;\u00e0 16 Go\n<li> Stockage interne pour les r\u00e9glages\n<li> Entr\u00e9e AUX (3,5 mm)\n<li> Micro int\u00e9gr\u00e9 <\/li>\n<\/ul>\n<h3> Options d&#39;\u00e9coute infinies  avec cet autoradio Bluetooth<\/h3>\n<p> Quels que soient vos go\u00fbts musicaux, vous les \u00e9couterez sur cet autoradio 1DIN lorsque vous connecterez votre smartphone via Bluetooth ou AUX. Vous pouvez \u00e9galement lire la musique d&#39;une cl\u00e9 USB ou d&#39;une carte SD sur l&#39;autoradio. Vous n&#39;avez pas envie de choisir vous-m\u00eame ce que vous voulez entendre ou vous \u00e9coutez toujours votre \u00e9mission de radio pr\u00e9f\u00e9r\u00e9e le matin m\u00eame ? Vous pouvez ensuite facilement syntoniser une station de radio via un autoradio FM ou DAB+.  . <\/p>\n<h3> Autoradio Bluetooth id\u00e9al pour les v\u00e9hicules de travail <\/h3>\n<p> Vous conduisez r\u00e9guli\u00e8rement un bateau, une voiturette de golf, un chariot \u00e9l\u00e9vateur \u00e0 fourche, un tracteur ou tout autre v\u00e9hicule agricole ? Alors cette radio Bluetooth est id\u00e9ale gr\u00e2ce \u00e0 ses haut-parleurs int\u00e9gr\u00e9s. M\u00eame si vous \u00e9teignez votre v\u00e9hicule pendant un certain temps, la batterie vous permet de continuer \u00e0 profiter de vos rythmes pendant une heure. En outre, la m\u00e9moire interne permet de conserver tous les r\u00e9glages lorsque le v\u00e9hicule est hors tension. Vous pouvez donc continuer \u00e0 \u00e9couter comme d&#39;habitude le jour suivant. <\/p>\n<h3>Autoradio Bluetooth facile \u00e0 utiliser <\/h3>\n<p> La batterie de cet autoradio DAB+ avec USB et Bluetooth fonctionne \u00e0 la fois sur 12V et 24V, vous pouvez donc utiliser ce qui vous convient le mieux. Gr\u00e2ce \u00e0 la taille standard 1DIN de l&#39;autoradio, il est facile de l&#39;installer et de dire adieu \u00e0 votre ancien autoradio sans Bluetooth. <\/p>\n<p> <strong><br \/>Inclus :<\/strong> <\/p>\n<ul>\n<li> Autoradio Bluetooth Caliber RMD213DAB-BT\n<li> Antenne magn\u00e9tique<\/li>\n<\/ul>\n","protected":false},"excerpt":{"rendered":"<p>O\u00f9 que vous conduisiez, profitez de la musique avec cet autoradio Caliber RMD213DAB-BT avec Bluetooth. Avec ses haut-parleurs int\u00e9gr\u00e9s, l&#39;autoradio DAB+ est id\u00e9al pour les v\u00e9hicules qui n&#39;ont pas de haut-parleurs, comme les chariots \u00e9l\u00e9vateurs et les tracteurs. Lorsque vous \u00e9teignez votre v\u00e9hicule, la musique peut continuer \u00e0 \u00eatre diffus\u00e9e gr\u00e2ce \u00e0 la fonction accu [&hellip;]<\/p>\n","protected":false},"featured_media":806042,"template":"","meta":{"_acf_changed":false,"site-sidebar-layout":"default","site-content-layout":"default","ast-site-content-layout":"default","site-content-style":"default","site-sidebar-style":"default","ast-global-header-display":"","ast-banner-title-visibility":"","ast-main-header-display":"","ast-hfb-above-header-display":"","ast-hfb-below-header-display":"","ast-hfb-mobile-header-display":"","site-post-title":"","ast-breadcrumbs-content":"","ast-featured-img":"","footer-sml-layout":"","theme-transparent-header-meta":"default","adv-header-id-meta":"","stick-header-meta":"default","header-above-stick-meta":"","header-main-stick-meta":"","header-below-stick-meta":"","astra-migrate-meta-layouts":"default","ast-page-background-enabled":"default","ast-page-background-meta":{"desktop":{"background-color":"","background-image":"","background-repeat":"repeat","background-position":"center center","background-size":"auto","background-attachment":"scroll","background-type":"","background-media":"","overlay-type":"","overlay-color":"","overlay-opacity":"","overlay-gradient":""},"tablet":{"background-color":"","background-image":"","background-repeat":"repeat","background-position":"center center","background-size":"auto","background-attachment":"scroll","background-type":"","background-media":"","overlay-type":"","overlay-color":"","overlay-opacity":"","overlay-gradient":""},"mobile":{"background-color":"","background-image":"","background-repeat":"repeat","background-position":"center center","background-size":"auto","background-attachment":"scroll","background-type":"","background-media":"","overlay-type":"","overlay-color":"","overlay-opacity":"","overlay-gradient":""}},"ast-content-background-meta":{"desktop":{"background-color":"var(--ast-global-color-5)","background-image":"","background-repeat":"repeat","background-position":"center center","background-size":"auto","background-attachment":"scroll","background-type":"","background-media":"","overlay-type":"","overlay-color":"","overlay-opacity":"","overlay-gradient":""},"tablet":{"background-color":"var(--ast-global-color-5)","background-image":"","background-repeat":"repeat","background-position":"center center","background-size":"auto","background-attachment":"scroll","background-type":"","background-media":"","overlay-type":"","overlay-color":"","overlay-opacity":"","overlay-gradient":""},"mobile":{"background-color":"var(--ast-global-color-5)","background-image":"","background-repeat":"repeat","background-position":"center center","background-size":"auto","background-attachment":"scroll","background-type":"","background-media":"","overlay-type":"","overlay-color":"","overlay-opacity":"","overlay-gradient":""}}},"product_brand":[],"product_cat":[22955],"product_tag":[],"class_list":{"0":"post-587646","1":"product","2":"type-product","3":"status-publish","4":"has-post-thumbnail","6":"product_cat-pas-de-categorie","7":"desktop-align-center","8":"tablet-align-center","9":"mobile-align-center","10":"ast-product-gallery-layout-horizontal","11":"ast-product-tabs-layout-horizontal","13":"first","14":"outofstock","15":"taxable","16":"shipping-taxable","17":"purchasable","18":"product-type-simple"},"acf":[],"yoast_head":"<!-- This site is optimized with the Yoast SEO plugin v26.5 - https:\/\/yoast.com\/wordpress\/plugins\/seo\/ -->\n<title>Autoradio avec Haut-parleurs Int\u00e9gr\u00e9s - Bluetooth, USB, SD et AUX - Radio DAB+ et FM (RMD213DAB-BT) - Caliber Europe B.V.<\/title>\n<meta name=\"robots\" content=\"noindex, follow, max-snippet:-1, max-image-preview:large, max-video-preview:-1\" \/>\n<meta property=\"og:locale\" content=\"fr_FR\" \/>\n<meta property=\"og:type\" content=\"article\" \/>\n<meta property=\"og:title\" content=\"Autoradio avec Haut-parleurs Int\u00e9gr\u00e9s - Bluetooth, USB, SD et AUX - Radio DAB+ et FM (RMD213DAB-BT) - Caliber Europe B.V.\" \/>\n<meta property=\"og:description\" content=\"O\u00f9 que vous conduisiez, profitez de la musique avec cet autoradio Caliber RMD213DAB-BT avec Bluetooth. Avec ses haut-parleurs int\u00e9gr\u00e9s, l&#039;autoradio DAB+ est id\u00e9al pour les v\u00e9hicules qui n&#039;ont pas de haut-parleurs, comme les chariots \u00e9l\u00e9vateurs et les tracteurs. Lorsque vous \u00e9teignez votre v\u00e9hicule, la musique peut continuer \u00e0 \u00eatre diffus\u00e9e gr\u00e2ce \u00e0 la fonction accu [&hellip;]\" \/>\n<meta property=\"og:url\" content=\"https:\/\/b2b.calibereurope.com\/product\/rmd213dab-bt-fr_fr\/\" \/>\n<meta property=\"og:site_name\" content=\"Caliber Europe B.V.\" \/>\n<meta property=\"article:modified_time\" content=\"2025-01-06T10:39:01+00:00\" \/>\n<meta name=\"twitter:card\" content=\"summary_large_image\" \/>\n<meta name=\"twitter:label1\" content=\"Dur\u00e9e de lecture estim\u00e9e\" \/>\n\t<meta name=\"twitter:data1\" content=\"2 minutes\" \/>\n<script type=\"application\/ld+json\" class=\"yoast-schema-graph\">{\"@context\":\"https:\/\/schema.org\",\"@graph\":[{\"@type\":\"WebPage\",\"@id\":\"https:\/\/b2b.calibereurope.com\/product\/rmd213dab-bt-fr_fr\/\",\"url\":\"https:\/\/b2b.calibereurope.com\/product\/rmd213dab-bt-fr_fr\/\",\"name\":\"Autoradio avec Haut-parleurs Int\u00e9gr\u00e9s - Bluetooth, USB, SD et AUX - Radio DAB+ et FM (RMD213DAB-BT) - Caliber Europe B.V.\",\"isPartOf\":{\"@id\":\"https:\/\/b2b.calibereurope.com\/#website\"},\"primaryImageOfPage\":{\"@id\":\"https:\/\/b2b.calibereurope.com\/product\/rmd213dab-bt-fr_fr\/#primaryimage\"},\"image\":{\"@id\":\"https:\/\/b2b.calibereurope.com\/product\/rmd213dab-bt-fr_fr\/#primaryimage\"},\"thumbnailUrl\":\"https:\/\/b2b.calibereurope.com\/wp-content\/uploads\/2023\/02\/eba47cf1956c2a34fe33ec3ca24ecc86246530fa_RMD213DAB__BT.jpg\",\"datePublished\":\"2023-02-22T00:00:00+00:00\",\"dateModified\":\"2025-01-06T10:39:01+00:00\",\"breadcrumb\":{\"@id\":\"https:\/\/b2b.calibereurope.com\/product\/rmd213dab-bt-fr_fr\/#breadcrumb\"},\"inLanguage\":\"fr-FR\",\"potentialAction\":[{\"@type\":\"ReadAction\",\"target\":[\"https:\/\/b2b.calibereurope.com\/product\/rmd213dab-bt-fr_fr\/\"]}]},{\"@type\":\"ImageObject\",\"inLanguage\":\"fr-FR\",\"@id\":\"https:\/\/b2b.calibereurope.com\/product\/rmd213dab-bt-fr_fr\/#primaryimage\",\"url\":\"https:\/\/b2b.calibereurope.com\/wp-content\/uploads\/2023\/02\/eba47cf1956c2a34fe33ec3ca24ecc86246530fa_RMD213DAB__BT.jpg\",\"contentUrl\":\"https:\/\/b2b.calibereurope.com\/wp-content\/uploads\/2023\/02\/eba47cf1956c2a34fe33ec3ca24ecc86246530fa_RMD213DAB__BT.jpg\",\"width\":1024,\"height\":769},{\"@type\":\"BreadcrumbList\",\"@id\":\"https:\/\/b2b.calibereurope.com\/product\/rmd213dab-bt-fr_fr\/#breadcrumb\",\"itemListElement\":[{\"@type\":\"ListItem\",\"position\":1,\"name\":\"Home\",\"item\":\"https:\/\/b2b.calibereurope.com\/fr\/home\/\"},{\"@type\":\"ListItem\",\"position\":2,\"name\":\"Boutique\",\"item\":\"https:\/\/b2b.calibereurope.com\/fr\/boutique\/\"},{\"@type\":\"ListItem\",\"position\":3,\"name\":\"Autoradio avec Bluetooth et DAB+ et haut-parleurs int\u00e9gr\u00e9s &#8211; USB &#8211; SD &#8211; AUX (RMD213DAB-BT)\"}]},{\"@type\":\"WebSite\",\"@id\":\"https:\/\/b2b.calibereurope.com\/#website\",\"url\":\"https:\/\/b2b.calibereurope.com\/\",\"name\":\"Caliber Europe B.V.\",\"description\":\"B2B Webshop\",\"publisher\":{\"@id\":\"https:\/\/b2b.calibereurope.com\/#organization\"},\"potentialAction\":[{\"@type\":\"SearchAction\",\"target\":{\"@type\":\"EntryPoint\",\"urlTemplate\":\"https:\/\/b2b.calibereurope.com\/?s={search_term_string}\"},\"query-input\":{\"@type\":\"PropertyValueSpecification\",\"valueRequired\":true,\"valueName\":\"search_term_string\"}}],\"inLanguage\":\"fr-FR\"},{\"@type\":\"Organization\",\"@id\":\"https:\/\/b2b.calibereurope.com\/#organization\",\"name\":\"Caliber Europe B.V.\",\"url\":\"https:\/\/b2b.calibereurope.com\/\",\"logo\":{\"@type\":\"ImageObject\",\"inLanguage\":\"fr-FR\",\"@id\":\"https:\/\/b2b.calibereurope.com\/#\/schema\/logo\/image\/\",\"url\":\"https:\/\/b2b.calibereurope.com\/wp-content\/uploads\/2020\/12\/Caliber_Logo-Black.png\",\"contentUrl\":\"https:\/\/b2b.calibereurope.com\/wp-content\/uploads\/2020\/12\/Caliber_Logo-Black.png\",\"width\":3157,\"height\":356,\"caption\":\"Caliber Europe B.V.\"},\"image\":{\"@id\":\"https:\/\/b2b.calibereurope.com\/#\/schema\/logo\/image\/\"}}]}<\/script>\n<!-- \/ Yoast SEO plugin. -->","yoast_head_json":{"title":"Autoradio avec Haut-parleurs Int\u00e9gr\u00e9s - Bluetooth, USB, SD et AUX - Radio DAB+ et FM (RMD213DAB-BT) - Caliber Europe B.V.","robots":{"index":"noindex","follow":"follow","max-snippet":"max-snippet:-1","max-image-preview":"max-image-preview:large","max-video-preview":"max-video-preview:-1"},"og_locale":"fr_FR","og_type":"article","og_title":"Autoradio avec Haut-parleurs Int\u00e9gr\u00e9s - Bluetooth, USB, SD et AUX - Radio DAB+ et FM (RMD213DAB-BT) - Caliber Europe B.V.","og_description":"O\u00f9 que vous conduisiez, profitez de la musique avec cet autoradio Caliber RMD213DAB-BT avec Bluetooth. Avec ses haut-parleurs int\u00e9gr\u00e9s, l&#39;autoradio DAB+ est id\u00e9al pour les v\u00e9hicules qui n&#39;ont pas de haut-parleurs, comme les chariots \u00e9l\u00e9vateurs et les tracteurs. Lorsque vous \u00e9teignez votre v\u00e9hicule, la musique peut continuer \u00e0 \u00eatre diffus\u00e9e gr\u00e2ce \u00e0 la fonction accu [&hellip;]","og_url":"https:\/\/b2b.calibereurope.com\/product\/rmd213dab-bt-fr_fr\/","og_site_name":"Caliber Europe B.V.","article_modified_time":"2025-01-06T10:39:01+00:00","twitter_card":"summary_large_image","twitter_misc":{"Dur\u00e9e de lecture estim\u00e9e":"2 minutes"},"schema":{"@context":"https:\/\/schema.org","@graph":[{"@type":"WebPage","@id":"https:\/\/b2b.calibereurope.com\/product\/rmd213dab-bt-fr_fr\/","url":"https:\/\/b2b.calibereurope.com\/product\/rmd213dab-bt-fr_fr\/","name":"Autoradio avec Haut-parleurs Int\u00e9gr\u00e9s - Bluetooth, USB, SD et AUX - Radio DAB+ et FM (RMD213DAB-BT) - Caliber Europe B.V.","isPartOf":{"@id":"https:\/\/b2b.calibereurope.com\/#website"},"primaryImageOfPage":{"@id":"https:\/\/b2b.calibereurope.com\/product\/rmd213dab-bt-fr_fr\/#primaryimage"},"image":{"@id":"https:\/\/b2b.calibereurope.com\/product\/rmd213dab-bt-fr_fr\/#primaryimage"},"thumbnailUrl":"https:\/\/b2b.calibereurope.com\/wp-content\/uploads\/2023\/02\/eba47cf1956c2a34fe33ec3ca24ecc86246530fa_RMD213DAB__BT.jpg","datePublished":"2023-02-22T00:00:00+00:00","dateModified":"2025-01-06T10:39:01+00:00","breadcrumb":{"@id":"https:\/\/b2b.calibereurope.com\/product\/rmd213dab-bt-fr_fr\/#breadcrumb"},"inLanguage":"fr-FR","potentialAction":[{"@type":"ReadAction","target":["https:\/\/b2b.calibereurope.com\/product\/rmd213dab-bt-fr_fr\/"]}]},{"@type":"ImageObject","inLanguage":"fr-FR","@id":"https:\/\/b2b.calibereurope.com\/product\/rmd213dab-bt-fr_fr\/#primaryimage","url":"https:\/\/b2b.calibereurope.com\/wp-content\/uploads\/2023\/02\/eba47cf1956c2a34fe33ec3ca24ecc86246530fa_RMD213DAB__BT.jpg","contentUrl":"https:\/\/b2b.calibereurope.com\/wp-content\/uploads\/2023\/02\/eba47cf1956c2a34fe33ec3ca24ecc86246530fa_RMD213DAB__BT.jpg","width":1024,"height":769},{"@type":"BreadcrumbList","@id":"https:\/\/b2b.calibereurope.com\/product\/rmd213dab-bt-fr_fr\/#breadcrumb","itemListElement":[{"@type":"ListItem","position":1,"name":"Home","item":"https:\/\/b2b.calibereurope.com\/fr\/home\/"},{"@type":"ListItem","position":2,"name":"Boutique","item":"https:\/\/b2b.calibereurope.com\/fr\/boutique\/"},{"@type":"ListItem","position":3,"name":"Autoradio avec Bluetooth et DAB+ et haut-parleurs int\u00e9gr\u00e9s &#8211; USB &#8211; SD &#8211; AUX (RMD213DAB-BT)"}]},{"@type":"WebSite","@id":"https:\/\/b2b.calibereurope.com\/#website","url":"https:\/\/b2b.calibereurope.com\/","name":"Caliber Europe B.V.","description":"B2B Webshop","publisher":{"@id":"https:\/\/b2b.calibereurope.com\/#organization"},"potentialAction":[{"@type":"SearchAction","target":{"@type":"EntryPoint","urlTemplate":"https:\/\/b2b.calibereurope.com\/?s={search_term_string}"},"query-input":{"@type":"PropertyValueSpecification","valueRequired":true,"valueName":"search_term_string"}}],"inLanguage":"fr-FR"},{"@type":"Organization","@id":"https:\/\/b2b.calibereurope.com\/#organization","name":"Caliber Europe B.V.","url":"https:\/\/b2b.calibereurope.com\/","logo":{"@type":"ImageObject","inLanguage":"fr-FR","@id":"https:\/\/b2b.calibereurope.com\/#\/schema\/logo\/image\/","url":"https:\/\/b2b.calibereurope.com\/wp-content\/uploads\/2020\/12\/Caliber_Logo-Black.png","contentUrl":"https:\/\/b2b.calibereurope.com\/wp-content\/uploads\/2020\/12\/Caliber_Logo-Black.png","width":3157,"height":356,"caption":"Caliber Europe B.V."},"image":{"@id":"https:\/\/b2b.calibereurope.com\/#\/schema\/logo\/image\/"}}]}},"_links":{"self":[{"href":"https:\/\/b2b.calibereurope.com\/fr\/wp-json\/wp\/v2\/product\/587646","targetHints":{"allow":["GET"]}}],"collection":[{"href":"https:\/\/b2b.calibereurope.com\/fr\/wp-json\/wp\/v2\/product"}],"about":[{"href":"https:\/\/b2b.calibereurope.com\/fr\/wp-json\/wp\/v2\/types\/product"}],"version-history":[{"count":0,"href":"https:\/\/b2b.calibereurope.com\/fr\/wp-json\/wp\/v2\/product\/587646\/revisions"}],"wp:featuredmedia":[{"embeddable":true,"href":"https:\/\/b2b.calibereurope.com\/fr\/wp-json\/wp\/v2\/media\/806042"}],"wp:attachment":[{"href":"https:\/\/b2b.calibereurope.com\/fr\/wp-json\/wp\/v2\/media?parent=587646"}],"wp:term":[{"taxonomy":"product_brand","embeddable":true,"href":"https:\/\/b2b.calibereurope.com\/fr\/wp-json\/wp\/v2\/product_brand?post=587646"},{"taxonomy":"product_cat","embeddable":true,"href":"https:\/\/b2b.calibereurope.com\/fr\/wp-json\/wp\/v2\/product_cat?post=587646"},{"taxonomy":"product_tag","embeddable":true,"href":"https:\/\/b2b.calibereurope.com\/fr\/wp-json\/wp\/v2\/product_tag?post=587646"}],"curies":[{"name":"wp","href":"https:\/\/api.w.org\/{rel}","templated":true}]}}