{"id":600251,"date":"2024-02-20T01:00:00","date_gmt":"2024-02-20T00:00:00","guid":{"rendered":""},"modified":"2026-03-09T11:09:07","modified_gmt":"2026-03-09T10:09:07","slug":"hpg340bt-fr_fr","status":"publish","type":"product","link":"https:\/\/b2b.calibereurope.com\/fr\/produit\/hpg340bt-fr_fr\/","title":{"rendered":"Boost &#8211; Haut-parleur Bluetooth\u00ae technologie portable avec AUX, USB et batterie int\u00e9gr\u00e9e (HPG340BT)"},"content":{"rendered":"<p>La Caliber Boost est une enceinte Bluetooth\u00ae technologie portable. Gr\u00e2ce \u00e0 la poign\u00e9e confortable, vous pouvez facilement emporter l&#39;enceinte \u00e0 la plage, au parc ou \u00e0 une f\u00eate. Avec une puissance de sortie de 25 watts, l&#39;enceinte peut \u00eatre facilement entendue par de petits groupes, \u00e0 l&#39;int\u00e9rieur comme \u00e0 l&#39;ext\u00e9rieur.<\/p>\n<p><\/p>\n<p><span style=\"font-weight: bold;\">TWS : associez deux enceintes pour plus de puissance<\/span><\/p>\n<p>Gr\u00e2ce \u00e0 la fonction True Wireless Stereo (TWS), vous pouvez associer deux enceintes Boost. Vous pouvez ainsi profiter d&#39;un volume plus important et d&#39;un son st\u00e9r\u00e9o plus large. Id\u00e9al pour les grandes f\u00eates ou lorsque vous \u00eates avec un grand groupe dans le parc ou \u00e0 la plage.<\/p>\n<p><\/p>\n<p><span style=\"font-weight: bold;\">Connexion Bluetooth\u00ae technologie de haute qualit\u00e9<\/span><\/p>\n<p>Il suffit de connecter le Caliber Boost \u00e0 un appareil Bluetooth\u00ae technologie tel qu&#39;un smartphone, une tablette ou un ordinateur portable. Bluetooth\u00ae technologie 5.0 assure un transfert de donn\u00e9es plus rapide et plus important, et donc une meilleure qualit\u00e9 sonore, que les anciennes versions Bluetooth\u00ae technologie. Le Bluetooth\u00ae technologie 5.0 est \u00e9galement plus \u00e9conome en \u00e9nergie, ce qui signifie que la batterie dure plus longtemps pendant la lecture. L&#39;enceinte reste connect\u00e9e \u00e0 votre appareil via Bluetooth\u00ae technologie jusqu&#39;\u00e0 10 m\u00e8tres de distance. Les profils Bluetooth\u00ae technologie A2DP et AVRCP garantissent un streaming fluide, pour que vous puissiez profiter de votre musique pr\u00e9f\u00e9r\u00e9e en haute qualit\u00e9.&nbsp;<\/p>\n<p><\/p>\n<p><span style=\"font-weight: bold;\">Connexions et batterie<\/span><\/p>\n<p>Outre le Bluetooth\u00ae technologie, vous pouvez \u00e9galement \u00e9couter votre propre musique \u00e0 partir d&#39;une cl\u00e9 USB ou d&#39;une carte SD d&#39;une capacit\u00e9 maximale de 64 Go. Vous \u00eates seul et vous ne voulez pas d\u00e9ranger les autres ? Connectez ensuite votre casque ou vos \u00e9couteurs via l&#39;entr\u00e9e jack 3,5 mm. Le Boost a une batterie int\u00e9gr\u00e9e qui dure jusqu&#39;\u00e0 4 heures. Lorsque la batterie est \u00e9puis\u00e9e, vous pouvez recharger l&#39;enceinte via le c\u00e2ble micro-USB fourni.<\/p>\n<div><\/div>\n","protected":false},"excerpt":{"rendered":"<p>Caliber Boost &#8211; Haut-parleur Bluetooth avec des LED RGB USB suppl\u00e9mentaires Aux Noir<\/p>\n","protected":false},"featured_media":842219,"template":"","meta":{"_acf_changed":false,"site-sidebar-layout":"default","site-content-layout":"","ast-site-content-layout":"default","site-content-style":"default","site-sidebar-style":"default","ast-global-header-display":"","ast-banner-title-visibility":"","ast-main-header-display":"","ast-hfb-above-header-display":"","ast-hfb-below-header-display":"","ast-hfb-mobile-header-display":"","site-post-title":"","ast-breadcrumbs-content":"","ast-featured-img":"","footer-sml-layout":"","theme-transparent-header-meta":"","adv-header-id-meta":"","stick-header-meta":"","header-above-stick-meta":"","header-main-stick-meta":"","header-below-stick-meta":"","astra-migrate-meta-layouts":"default","ast-page-background-enabled":"default","ast-page-background-meta":{"desktop":{"background-color":"","background-image":"","background-repeat":"repeat","background-position":"center center","background-size":"auto","background-attachment":"scroll","background-type":"","background-media":"","overlay-type":"","overlay-color":"","overlay-opacity":"","overlay-gradient":""},"tablet":{"background-color":"","background-image":"","background-repeat":"repeat","background-position":"center center","background-size":"auto","background-attachment":"scroll","background-type":"","background-media":"","overlay-type":"","overlay-color":"","overlay-opacity":"","overlay-gradient":""},"mobile":{"background-color":"","background-image":"","background-repeat":"repeat","background-position":"center center","background-size":"auto","background-attachment":"scroll","background-type":"","background-media":"","overlay-type":"","overlay-color":"","overlay-opacity":"","overlay-gradient":""}},"ast-content-background-meta":{"desktop":{"background-color":"var(--ast-global-color-5)","background-image":"","background-repeat":"repeat","background-position":"center center","background-size":"auto","background-attachment":"scroll","background-type":"","background-media":"","overlay-type":"","overlay-color":"","overlay-opacity":"","overlay-gradient":""},"tablet":{"background-color":"var(--ast-global-color-5)","background-image":"","background-repeat":"repeat","background-position":"center center","background-size":"auto","background-attachment":"scroll","background-type":"","background-media":"","overlay-type":"","overlay-color":"","overlay-opacity":"","overlay-gradient":""},"mobile":{"background-color":"var(--ast-global-color-5)","background-image":"","background-repeat":"repeat","background-position":"center center","background-size":"auto","background-attachment":"scroll","background-type":"","background-media":"","overlay-type":"","overlay-color":"","overlay-opacity":"","overlay-gradient":""}}},"product_brand":[],"product_cat":[22955],"product_tag":[],"class_list":{"0":"post-600251","1":"product","2":"type-product","3":"status-publish","4":"has-post-thumbnail","6":"product_cat-pas-de-categorie","7":"desktop-align-center","8":"tablet-align-center","9":"mobile-align-center","10":"ast-product-gallery-layout-horizontal","11":"ast-product-tabs-layout-horizontal","13":"first","14":"instock","15":"taxable","16":"shipping-taxable","17":"purchasable","18":"product-type-simple"},"acf":[],"yoast_head":"<!-- This site is optimized with the Yoast SEO plugin v26.5 - https:\/\/yoast.com\/wordpress\/plugins\/seo\/ -->\n<title>Boost - Haut-parleur Bluetooth\u00ae technologie portable avec AUX, USB et batterie int\u00e9gr\u00e9e (HPG340BT) - Caliber Europe B.V.<\/title>\n<meta name=\"robots\" content=\"noindex, follow, max-snippet:-1, max-image-preview:large, max-video-preview:-1\" \/>\n<meta property=\"og:locale\" content=\"fr_FR\" \/>\n<meta property=\"og:type\" content=\"article\" \/>\n<meta property=\"og:title\" content=\"Boost - Haut-parleur Bluetooth\u00ae technologie portable avec AUX, USB et batterie int\u00e9gr\u00e9e (HPG340BT) - Caliber Europe B.V.\" \/>\n<meta property=\"og:description\" content=\"Caliber Boost - Haut-parleur Bluetooth avec des LED RGB USB suppl\u00e9mentaires Aux Noir\" \/>\n<meta property=\"og:url\" content=\"https:\/\/b2b.calibereurope.com\/product\/hpg340bt-fr_fr\/\" \/>\n<meta property=\"og:site_name\" content=\"Caliber Europe B.V.\" \/>\n<meta property=\"article:modified_time\" content=\"2026-03-09T10:09:07+00:00\" \/>\n<meta name=\"twitter:card\" content=\"summary_large_image\" \/>\n<meta name=\"twitter:label1\" content=\"Dur\u00e9e de lecture estim\u00e9e\" \/>\n\t<meta name=\"twitter:data1\" content=\"2 minutes\" \/>\n<script type=\"application\/ld+json\" class=\"yoast-schema-graph\">{\"@context\":\"https:\/\/schema.org\",\"@graph\":[{\"@type\":\"WebPage\",\"@id\":\"https:\/\/b2b.calibereurope.com\/product\/hpg340bt-fr_fr\/\",\"url\":\"https:\/\/b2b.calibereurope.com\/product\/hpg340bt-fr_fr\/\",\"name\":\"Boost - Haut-parleur Bluetooth\u00ae technologie portable avec AUX, USB et batterie int\u00e9gr\u00e9e (HPG340BT) - Caliber Europe B.V.\",\"isPartOf\":{\"@id\":\"https:\/\/b2b.calibereurope.com\/#website\"},\"primaryImageOfPage\":{\"@id\":\"https:\/\/b2b.calibereurope.com\/product\/hpg340bt-fr_fr\/#primaryimage\"},\"image\":{\"@id\":\"https:\/\/b2b.calibereurope.com\/product\/hpg340bt-fr_fr\/#primaryimage\"},\"thumbnailUrl\":\"https:\/\/b2b.calibereurope.com\/wp-content\/uploads\/2024\/02\/a2a900cdea1eb7235e960555bf588794dea08c9e_HPG340BT_web.jpg\",\"datePublished\":\"2024-02-20T00:00:00+00:00\",\"dateModified\":\"2026-03-09T10:09:07+00:00\",\"breadcrumb\":{\"@id\":\"https:\/\/b2b.calibereurope.com\/product\/hpg340bt-fr_fr\/#breadcrumb\"},\"inLanguage\":\"fr-FR\",\"potentialAction\":[{\"@type\":\"ReadAction\",\"target\":[\"https:\/\/b2b.calibereurope.com\/product\/hpg340bt-fr_fr\/\"]}]},{\"@type\":\"ImageObject\",\"inLanguage\":\"fr-FR\",\"@id\":\"https:\/\/b2b.calibereurope.com\/product\/hpg340bt-fr_fr\/#primaryimage\",\"url\":\"https:\/\/b2b.calibereurope.com\/wp-content\/uploads\/2024\/02\/a2a900cdea1eb7235e960555bf588794dea08c9e_HPG340BT_web.jpg\",\"contentUrl\":\"https:\/\/b2b.calibereurope.com\/wp-content\/uploads\/2024\/02\/a2a900cdea1eb7235e960555bf588794dea08c9e_HPG340BT_web.jpg\",\"width\":1024,\"height\":768},{\"@type\":\"BreadcrumbList\",\"@id\":\"https:\/\/b2b.calibereurope.com\/product\/hpg340bt-fr_fr\/#breadcrumb\",\"itemListElement\":[{\"@type\":\"ListItem\",\"position\":1,\"name\":\"Home\",\"item\":\"https:\/\/b2b.calibereurope.com\/fr\/home\/\"},{\"@type\":\"ListItem\",\"position\":2,\"name\":\"Boutique\",\"item\":\"https:\/\/b2b.calibereurope.com\/fr\/boutique\/\"},{\"@type\":\"ListItem\",\"position\":3,\"name\":\"Caliber Boost &#8211; Haut-parleur Bluetooth avec des LED RGB USB suppl\u00e9mentaires Aux Noir\"}]},{\"@type\":\"WebSite\",\"@id\":\"https:\/\/b2b.calibereurope.com\/#website\",\"url\":\"https:\/\/b2b.calibereurope.com\/\",\"name\":\"Caliber Europe B.V.\",\"description\":\"B2B Webshop\",\"publisher\":{\"@id\":\"https:\/\/b2b.calibereurope.com\/#organization\"},\"potentialAction\":[{\"@type\":\"SearchAction\",\"target\":{\"@type\":\"EntryPoint\",\"urlTemplate\":\"https:\/\/b2b.calibereurope.com\/?s={search_term_string}\"},\"query-input\":{\"@type\":\"PropertyValueSpecification\",\"valueRequired\":true,\"valueName\":\"search_term_string\"}}],\"inLanguage\":\"fr-FR\"},{\"@type\":\"Organization\",\"@id\":\"https:\/\/b2b.calibereurope.com\/#organization\",\"name\":\"Caliber Europe B.V.\",\"url\":\"https:\/\/b2b.calibereurope.com\/\",\"logo\":{\"@type\":\"ImageObject\",\"inLanguage\":\"fr-FR\",\"@id\":\"https:\/\/b2b.calibereurope.com\/#\/schema\/logo\/image\/\",\"url\":\"https:\/\/b2b.calibereurope.com\/wp-content\/uploads\/2020\/12\/Caliber_Logo-Black.png\",\"contentUrl\":\"https:\/\/b2b.calibereurope.com\/wp-content\/uploads\/2020\/12\/Caliber_Logo-Black.png\",\"width\":3157,\"height\":356,\"caption\":\"Caliber Europe B.V.\"},\"image\":{\"@id\":\"https:\/\/b2b.calibereurope.com\/#\/schema\/logo\/image\/\"}}]}<\/script>\n<!-- \/ Yoast SEO plugin. -->","yoast_head_json":{"title":"Boost - Haut-parleur Bluetooth\u00ae technologie portable avec AUX, USB et batterie int\u00e9gr\u00e9e (HPG340BT) - Caliber Europe B.V.","robots":{"index":"noindex","follow":"follow","max-snippet":"max-snippet:-1","max-image-preview":"max-image-preview:large","max-video-preview":"max-video-preview:-1"},"og_locale":"fr_FR","og_type":"article","og_title":"Boost - Haut-parleur Bluetooth\u00ae technologie portable avec AUX, USB et batterie int\u00e9gr\u00e9e (HPG340BT) - Caliber Europe B.V.","og_description":"Caliber Boost - Haut-parleur Bluetooth avec des LED RGB USB suppl\u00e9mentaires Aux Noir","og_url":"https:\/\/b2b.calibereurope.com\/product\/hpg340bt-fr_fr\/","og_site_name":"Caliber Europe B.V.","article_modified_time":"2026-03-09T10:09:07+00:00","twitter_card":"summary_large_image","twitter_misc":{"Dur\u00e9e de lecture estim\u00e9e":"2 minutes"},"schema":{"@context":"https:\/\/schema.org","@graph":[{"@type":"WebPage","@id":"https:\/\/b2b.calibereurope.com\/product\/hpg340bt-fr_fr\/","url":"https:\/\/b2b.calibereurope.com\/product\/hpg340bt-fr_fr\/","name":"Boost - Haut-parleur Bluetooth\u00ae technologie portable avec AUX, USB et batterie int\u00e9gr\u00e9e (HPG340BT) - Caliber Europe B.V.","isPartOf":{"@id":"https:\/\/b2b.calibereurope.com\/#website"},"primaryImageOfPage":{"@id":"https:\/\/b2b.calibereurope.com\/product\/hpg340bt-fr_fr\/#primaryimage"},"image":{"@id":"https:\/\/b2b.calibereurope.com\/product\/hpg340bt-fr_fr\/#primaryimage"},"thumbnailUrl":"https:\/\/b2b.calibereurope.com\/wp-content\/uploads\/2024\/02\/a2a900cdea1eb7235e960555bf588794dea08c9e_HPG340BT_web.jpg","datePublished":"2024-02-20T00:00:00+00:00","dateModified":"2026-03-09T10:09:07+00:00","breadcrumb":{"@id":"https:\/\/b2b.calibereurope.com\/product\/hpg340bt-fr_fr\/#breadcrumb"},"inLanguage":"fr-FR","potentialAction":[{"@type":"ReadAction","target":["https:\/\/b2b.calibereurope.com\/product\/hpg340bt-fr_fr\/"]}]},{"@type":"ImageObject","inLanguage":"fr-FR","@id":"https:\/\/b2b.calibereurope.com\/product\/hpg340bt-fr_fr\/#primaryimage","url":"https:\/\/b2b.calibereurope.com\/wp-content\/uploads\/2024\/02\/a2a900cdea1eb7235e960555bf588794dea08c9e_HPG340BT_web.jpg","contentUrl":"https:\/\/b2b.calibereurope.com\/wp-content\/uploads\/2024\/02\/a2a900cdea1eb7235e960555bf588794dea08c9e_HPG340BT_web.jpg","width":1024,"height":768},{"@type":"BreadcrumbList","@id":"https:\/\/b2b.calibereurope.com\/product\/hpg340bt-fr_fr\/#breadcrumb","itemListElement":[{"@type":"ListItem","position":1,"name":"Home","item":"https:\/\/b2b.calibereurope.com\/fr\/home\/"},{"@type":"ListItem","position":2,"name":"Boutique","item":"https:\/\/b2b.calibereurope.com\/fr\/boutique\/"},{"@type":"ListItem","position":3,"name":"Caliber Boost &#8211; Haut-parleur Bluetooth avec des LED RGB USB suppl\u00e9mentaires Aux Noir"}]},{"@type":"WebSite","@id":"https:\/\/b2b.calibereurope.com\/#website","url":"https:\/\/b2b.calibereurope.com\/","name":"Caliber Europe B.V.","description":"B2B Webshop","publisher":{"@id":"https:\/\/b2b.calibereurope.com\/#organization"},"potentialAction":[{"@type":"SearchAction","target":{"@type":"EntryPoint","urlTemplate":"https:\/\/b2b.calibereurope.com\/?s={search_term_string}"},"query-input":{"@type":"PropertyValueSpecification","valueRequired":true,"valueName":"search_term_string"}}],"inLanguage":"fr-FR"},{"@type":"Organization","@id":"https:\/\/b2b.calibereurope.com\/#organization","name":"Caliber Europe B.V.","url":"https:\/\/b2b.calibereurope.com\/","logo":{"@type":"ImageObject","inLanguage":"fr-FR","@id":"https:\/\/b2b.calibereurope.com\/#\/schema\/logo\/image\/","url":"https:\/\/b2b.calibereurope.com\/wp-content\/uploads\/2020\/12\/Caliber_Logo-Black.png","contentUrl":"https:\/\/b2b.calibereurope.com\/wp-content\/uploads\/2020\/12\/Caliber_Logo-Black.png","width":3157,"height":356,"caption":"Caliber Europe B.V."},"image":{"@id":"https:\/\/b2b.calibereurope.com\/#\/schema\/logo\/image\/"}}]}},"_links":{"self":[{"href":"https:\/\/b2b.calibereurope.com\/fr\/wp-json\/wp\/v2\/product\/600251","targetHints":{"allow":["GET"]}}],"collection":[{"href":"https:\/\/b2b.calibereurope.com\/fr\/wp-json\/wp\/v2\/product"}],"about":[{"href":"https:\/\/b2b.calibereurope.com\/fr\/wp-json\/wp\/v2\/types\/product"}],"version-history":[{"count":0,"href":"https:\/\/b2b.calibereurope.com\/fr\/wp-json\/wp\/v2\/product\/600251\/revisions"}],"wp:featuredmedia":[{"embeddable":true,"href":"https:\/\/b2b.calibereurope.com\/fr\/wp-json\/wp\/v2\/media\/842219"}],"wp:attachment":[{"href":"https:\/\/b2b.calibereurope.com\/fr\/wp-json\/wp\/v2\/media?parent=600251"}],"wp:term":[{"taxonomy":"product_brand","embeddable":true,"href":"https:\/\/b2b.calibereurope.com\/fr\/wp-json\/wp\/v2\/product_brand?post=600251"},{"taxonomy":"product_cat","embeddable":true,"href":"https:\/\/b2b.calibereurope.com\/fr\/wp-json\/wp\/v2\/product_cat?post=600251"},{"taxonomy":"product_tag","embeddable":true,"href":"https:\/\/b2b.calibereurope.com\/fr\/wp-json\/wp\/v2\/product_tag?post=600251"}],"curies":[{"name":"wp","href":"https:\/\/api.w.org\/{rel}","templated":true}]}}