{"id":600335,"date":"2024-09-04T02:00:00","date_gmt":"2024-09-04T00:00:00","guid":{"rendered":""},"modified":"2025-12-11T12:01:38","modified_gmt":"2025-12-11T11:01:38","slug":"hpg640bt-fr_fr","status":"publish","type":"product","link":"https:\/\/b2b.calibereurope.com\/fr\/produit\/hpg640bt-fr_fr\/","title":{"rendered":"Statement &#8211; Haut-parleur avec technologie Bluetooth\u00ae, basses suppl\u00e9mentaires AUX USB RGB Leds et batterie (HPG640BT)"},"content":{"rendered":"<p>Le haut-parleur portable Bluetooth\u00ae Caliber Statement est le pionnier de toutes les f\u00eates. Notre indicateur de volume devient rouge au volume maximum sur le r\u00e9glage \u00ab\u00a0lutte avec le voisinage\u00a0\u00bb. Cela fait de la Statement l&#39;une des enceintes les plus puissantes de notre gamme. Id\u00e9al pour permettre \u00e0 un grand groupe de personnes de profiter de la musique. Que ce soit \u00e0 la maison, au parc, \u00e0 la plage ou au camping, vous ne manquerez jamais de volume. Les deux woofers passifs donnent \u00e0 l&#39;enceinte des basses suppl\u00e9mentaires, pour un son plein et profond. Le Statement est certifi\u00e9 IPx5 et donc r\u00e9sistant aux \u00e9claboussures. Vous pouvez donc l&#39;emmener \u00e0 l&#39;ext\u00e9rieur sans probl\u00e8me et il n&#39;y a pas de probl\u00e8me si votre enceinte est un peu mouill\u00e9e. Gr\u00e2ce \u00e0 sa poign\u00e9e confortable, vous pouvez facilement le transporter avec vous.<\/p>\n<p><\/p>\n<p><span style=\"font-weight: bold;\">TWS : plus de puissance avec deux haut-parleurs<\/span><\/p>\n<p>Vous voulez plus de puissance ? Ensuite, reliez deux enceintes Statement ensemble. Vous y parvenez gr\u00e2ce \u00e0 la fonction True Wireless Stereo (TWS). Ainsi, vous pouvez profiter de plus de volume et d&#39;un son st\u00e9r\u00e9o plus large. Pratique lorsque vous avez une grande f\u00eate ou lorsque vous \u00eates avec un grand groupe dans le parc ou sur la plage.<\/p>\n<p><\/p>\n<p><span style=\"font-weight: bold;\">Connexion Bluetooth\u00ae de haute qualit\u00e9<\/span><\/p>\n<p>Via Bluetooth\u00ae, vous pouvez connecter l&#39;enceinte \u00e0 votre smartphone, tablette ou ordinateur afin de pouvoir \u00e9couter votre musique pr\u00e9f\u00e9r\u00e9e partout. Le Statement est \u00e9quip\u00e9 du syst\u00e8me Bluetooth\u00ae 5.0, qui offre une meilleure qualit\u00e9 de streaming que les anciennes versions Bluetooth\u00ae. C&#39;est tr\u00e8s pratique lorsque, par exemple, vous voulez lire un son de haute qualit\u00e9. La consommation d&#39;\u00e9nergie pendant la lecture de la musique est ainsi plus efficace. La port\u00e9e Bluetooth\u00ae de l&#39;enceinte est de 10 m\u00e8tres, ce qui signifie que vous ne devez pas n\u00e9cessairement rester \u00e0 proximit\u00e9 de l&#39;enceinte pendant une f\u00eate. Les profils Bluetooth\u00ae A2DP et AVRCP garantissent un son de haute qualit\u00e9, sans aucun accroc dans la connexion.<\/p>\n<p><\/p>\n<p><span style=\"font-weight: bold;\">Chargement et utilisation comme banque d&#39;alimentation<\/span><\/p>\n<p>Vous pouvez charger l&#39;enceinte via un adaptateur et un c\u00e2ble USB-C, qui sont inclus. La batterie rechargeable a une capacit\u00e9 \u00e9lev\u00e9e de pas moins de 9000 mAh, vous offrant jusqu&#39;\u00e0 22 heures de lecture musicale. La puissante batterie permet \u00e9galement d&#39;utiliser le Statement comme une banque d&#39;alimentation. Vous pouvez donc charger votre smartphone ou votre tablette et \u00e9couter de la musique en m\u00eame temps.<\/p>\n<p><\/p>\n<p><span style=\"font-weight: bold;\">Fonctionnement et connexions<\/span><\/p>\n<p>L&#39;enceinte Statement est facile \u00e0 utiliser gr\u00e2ce aux boutons de lecture, de pause, de piste pr\u00e9c\u00e9dente et suivante et de volume. Ainsi, vous n&#39;avez pas besoin de sortir votre t\u00e9l\u00e9phone de votre poche et tout le monde autour de vous peut augmenter ou diminuer le volume de la musique ou sauter un morceau. Il y a \u00e9galement un bouton s\u00e9par\u00e9 pour allumer les lumi\u00e8res LED de f\u00eate pour un d\u00e9cor festif tout en jouant de la musique. Vous souhaitez connecter un appareil via un c\u00e2ble ? Vous pouvez \u00e9galement le faire via l&#39;entr\u00e9e auxiliaire de 3,5 mm. Vous pouvez \u00e9galement \u00e9couter des fichiers audio \u00e0 partir d&#39;une cl\u00e9 USB jusqu&#39;\u00e0 32 Go via le port USB.&nbsp;<\/p>\n<p><\/p>\n<p><span style=\"font-weight: bold;\">Garantie de qualit\u00e9 sonore<\/span><\/p>\n<p>Parce que nous sommes si confiants dans la qualit\u00e9 sonore de ce produit, vous recevrez une \u00ab\u00a0garantie de qualit\u00e9 sonore\u00a0\u00bb. Vous n&#39;\u00eates pas satisfait \u00e0 100% apr\u00e8s une p\u00e9riode de 2 mois ? Il suffit de nous renvoyer le produit non endommag\u00e9 et nous transf\u00e9rerons le prix d&#39;achat sur votre compte. Conditions de retour : p\u00e9riode de test de 2 mois \u00e0 usage normal (marques d&#39;utilisation normales sans probl\u00e8me), retour dans l&#39;emballage d&#39;origine avec copie de la facture d&#39;achat.<\/p>\n","protected":false},"excerpt":{"rendered":"<p>Caliber Statement &#8211;  Haut-parleur Bluetooth avec des LED RGB USB suppl\u00e9mentaires Aux Noir<\/p>\n","protected":false},"featured_media":851944,"template":"","meta":{"_acf_changed":false,"site-sidebar-layout":"default","site-content-layout":"","ast-site-content-layout":"default","site-content-style":"default","site-sidebar-style":"default","ast-global-header-display":"","ast-banner-title-visibility":"","ast-main-header-display":"","ast-hfb-above-header-display":"","ast-hfb-below-header-display":"","ast-hfb-mobile-header-display":"","site-post-title":"","ast-breadcrumbs-content":"","ast-featured-img":"","footer-sml-layout":"","theme-transparent-header-meta":"","adv-header-id-meta":"","stick-header-meta":"","header-above-stick-meta":"","header-main-stick-meta":"","header-below-stick-meta":"","astra-migrate-meta-layouts":"default","ast-page-background-enabled":"default","ast-page-background-meta":{"desktop":{"background-color":"","background-image":"","background-repeat":"repeat","background-position":"center center","background-size":"auto","background-attachment":"scroll","background-type":"","background-media":"","overlay-type":"","overlay-color":"","overlay-opacity":"","overlay-gradient":""},"tablet":{"background-color":"","background-image":"","background-repeat":"repeat","background-position":"center center","background-size":"auto","background-attachment":"scroll","background-type":"","background-media":"","overlay-type":"","overlay-color":"","overlay-opacity":"","overlay-gradient":""},"mobile":{"background-color":"","background-image":"","background-repeat":"repeat","background-position":"center center","background-size":"auto","background-attachment":"scroll","background-type":"","background-media":"","overlay-type":"","overlay-color":"","overlay-opacity":"","overlay-gradient":""}},"ast-content-background-meta":{"desktop":{"background-color":"var(--ast-global-color-5)","background-image":"","background-repeat":"repeat","background-position":"center center","background-size":"auto","background-attachment":"scroll","background-type":"","background-media":"","overlay-type":"","overlay-color":"","overlay-opacity":"","overlay-gradient":""},"tablet":{"background-color":"var(--ast-global-color-5)","background-image":"","background-repeat":"repeat","background-position":"center center","background-size":"auto","background-attachment":"scroll","background-type":"","background-media":"","overlay-type":"","overlay-color":"","overlay-opacity":"","overlay-gradient":""},"mobile":{"background-color":"var(--ast-global-color-5)","background-image":"","background-repeat":"repeat","background-position":"center center","background-size":"auto","background-attachment":"scroll","background-type":"","background-media":"","overlay-type":"","overlay-color":"","overlay-opacity":"","overlay-gradient":""}}},"product_brand":[],"product_cat":[22955],"product_tag":[],"class_list":{"0":"post-600335","1":"product","2":"type-product","3":"status-publish","4":"has-post-thumbnail","6":"product_cat-pas-de-categorie","7":"desktop-align-center","8":"tablet-align-center","9":"mobile-align-center","10":"ast-product-gallery-layout-horizontal","11":"ast-product-tabs-layout-horizontal","13":"first","14":"onbackorder","15":"taxable","16":"shipping-taxable","17":"purchasable","18":"product-type-simple"},"acf":[],"yoast_head":"<!-- This site is optimized with the Yoast SEO plugin v26.5 - https:\/\/yoast.com\/wordpress\/plugins\/seo\/ -->\n<title>Statement - Haut-parleur avec technologie Bluetooth\u00ae, basses suppl\u00e9mentaires AUX USB RGB Leds et batterie (HPG640BT) - Caliber Europe B.V.<\/title>\n<meta name=\"robots\" content=\"noindex, follow, max-snippet:-1, max-image-preview:large, max-video-preview:-1\" \/>\n<meta property=\"og:locale\" content=\"fr_FR\" \/>\n<meta property=\"og:type\" content=\"article\" \/>\n<meta property=\"og:title\" content=\"Statement - Haut-parleur avec technologie Bluetooth\u00ae, basses suppl\u00e9mentaires AUX USB RGB Leds et batterie (HPG640BT) - Caliber Europe B.V.\" \/>\n<meta property=\"og:description\" content=\"Caliber Statement - Haut-parleur Bluetooth avec des LED RGB USB suppl\u00e9mentaires Aux Noir\" \/>\n<meta property=\"og:url\" content=\"https:\/\/b2b.calibereurope.com\/product\/hpg640bt-fr_fr\/\" \/>\n<meta property=\"og:site_name\" content=\"Caliber Europe B.V.\" \/>\n<meta property=\"article:modified_time\" content=\"2025-12-11T11:01:38+00:00\" \/>\n<meta name=\"twitter:card\" content=\"summary_large_image\" \/>\n<meta name=\"twitter:label1\" content=\"Dur\u00e9e de lecture estim\u00e9e\" \/>\n\t<meta name=\"twitter:data1\" content=\"3 minutes\" \/>\n<script type=\"application\/ld+json\" class=\"yoast-schema-graph\">{\"@context\":\"https:\/\/schema.org\",\"@graph\":[{\"@type\":\"WebPage\",\"@id\":\"https:\/\/b2b.calibereurope.com\/product\/hpg640bt-fr_fr\/\",\"url\":\"https:\/\/b2b.calibereurope.com\/product\/hpg640bt-fr_fr\/\",\"name\":\"Statement - Haut-parleur avec technologie Bluetooth\u00ae, basses suppl\u00e9mentaires AUX USB RGB Leds et batterie (HPG640BT) - Caliber Europe B.V.\",\"isPartOf\":{\"@id\":\"https:\/\/b2b.calibereurope.com\/#website\"},\"primaryImageOfPage\":{\"@id\":\"https:\/\/b2b.calibereurope.com\/product\/hpg640bt-fr_fr\/#primaryimage\"},\"image\":{\"@id\":\"https:\/\/b2b.calibereurope.com\/product\/hpg640bt-fr_fr\/#primaryimage\"},\"thumbnailUrl\":\"https:\/\/b2b.calibereurope.com\/wp-content\/uploads\/2024\/09\/6f2b5f3e6433ecc151d837abe4ddb131257bdf25_HPG640BT__1_.jpg\",\"datePublished\":\"2024-09-04T00:00:00+00:00\",\"dateModified\":\"2025-12-11T11:01:38+00:00\",\"breadcrumb\":{\"@id\":\"https:\/\/b2b.calibereurope.com\/product\/hpg640bt-fr_fr\/#breadcrumb\"},\"inLanguage\":\"fr-FR\",\"potentialAction\":[{\"@type\":\"ReadAction\",\"target\":[\"https:\/\/b2b.calibereurope.com\/product\/hpg640bt-fr_fr\/\"]}]},{\"@type\":\"ImageObject\",\"inLanguage\":\"fr-FR\",\"@id\":\"https:\/\/b2b.calibereurope.com\/product\/hpg640bt-fr_fr\/#primaryimage\",\"url\":\"https:\/\/b2b.calibereurope.com\/wp-content\/uploads\/2024\/09\/6f2b5f3e6433ecc151d837abe4ddb131257bdf25_HPG640BT__1_.jpg\",\"contentUrl\":\"https:\/\/b2b.calibereurope.com\/wp-content\/uploads\/2024\/09\/6f2b5f3e6433ecc151d837abe4ddb131257bdf25_HPG640BT__1_.jpg\",\"width\":550,\"height\":412},{\"@type\":\"BreadcrumbList\",\"@id\":\"https:\/\/b2b.calibereurope.com\/product\/hpg640bt-fr_fr\/#breadcrumb\",\"itemListElement\":[{\"@type\":\"ListItem\",\"position\":1,\"name\":\"Home\",\"item\":\"https:\/\/b2b.calibereurope.com\/fr\/home\/\"},{\"@type\":\"ListItem\",\"position\":2,\"name\":\"Boutique\",\"item\":\"https:\/\/b2b.calibereurope.com\/fr\/boutique\/\"},{\"@type\":\"ListItem\",\"position\":3,\"name\":\"Caliber Statement &#8211; Haut-parleur Bluetooth avec des LED RGB USB suppl\u00e9mentaires Aux Noir\"}]},{\"@type\":\"WebSite\",\"@id\":\"https:\/\/b2b.calibereurope.com\/#website\",\"url\":\"https:\/\/b2b.calibereurope.com\/\",\"name\":\"Caliber Europe B.V.\",\"description\":\"B2B Webshop\",\"publisher\":{\"@id\":\"https:\/\/b2b.calibereurope.com\/#organization\"},\"potentialAction\":[{\"@type\":\"SearchAction\",\"target\":{\"@type\":\"EntryPoint\",\"urlTemplate\":\"https:\/\/b2b.calibereurope.com\/?s={search_term_string}\"},\"query-input\":{\"@type\":\"PropertyValueSpecification\",\"valueRequired\":true,\"valueName\":\"search_term_string\"}}],\"inLanguage\":\"fr-FR\"},{\"@type\":\"Organization\",\"@id\":\"https:\/\/b2b.calibereurope.com\/#organization\",\"name\":\"Caliber Europe B.V.\",\"url\":\"https:\/\/b2b.calibereurope.com\/\",\"logo\":{\"@type\":\"ImageObject\",\"inLanguage\":\"fr-FR\",\"@id\":\"https:\/\/b2b.calibereurope.com\/#\/schema\/logo\/image\/\",\"url\":\"https:\/\/b2b.calibereurope.com\/wp-content\/uploads\/2020\/12\/Caliber_Logo-Black.png\",\"contentUrl\":\"https:\/\/b2b.calibereurope.com\/wp-content\/uploads\/2020\/12\/Caliber_Logo-Black.png\",\"width\":3157,\"height\":356,\"caption\":\"Caliber Europe B.V.\"},\"image\":{\"@id\":\"https:\/\/b2b.calibereurope.com\/#\/schema\/logo\/image\/\"}}]}<\/script>\n<!-- \/ Yoast SEO plugin. -->","yoast_head_json":{"title":"Statement - Haut-parleur avec technologie Bluetooth\u00ae, basses suppl\u00e9mentaires AUX USB RGB Leds et batterie (HPG640BT) - Caliber Europe B.V.","robots":{"index":"noindex","follow":"follow","max-snippet":"max-snippet:-1","max-image-preview":"max-image-preview:large","max-video-preview":"max-video-preview:-1"},"og_locale":"fr_FR","og_type":"article","og_title":"Statement - Haut-parleur avec technologie Bluetooth\u00ae, basses suppl\u00e9mentaires AUX USB RGB Leds et batterie (HPG640BT) - Caliber Europe B.V.","og_description":"Caliber Statement - Haut-parleur Bluetooth avec des LED RGB USB suppl\u00e9mentaires Aux Noir","og_url":"https:\/\/b2b.calibereurope.com\/product\/hpg640bt-fr_fr\/","og_site_name":"Caliber Europe B.V.","article_modified_time":"2025-12-11T11:01:38+00:00","twitter_card":"summary_large_image","twitter_misc":{"Dur\u00e9e de lecture estim\u00e9e":"3 minutes"},"schema":{"@context":"https:\/\/schema.org","@graph":[{"@type":"WebPage","@id":"https:\/\/b2b.calibereurope.com\/product\/hpg640bt-fr_fr\/","url":"https:\/\/b2b.calibereurope.com\/product\/hpg640bt-fr_fr\/","name":"Statement - Haut-parleur avec technologie Bluetooth\u00ae, basses suppl\u00e9mentaires AUX USB RGB Leds et batterie (HPG640BT) - Caliber Europe B.V.","isPartOf":{"@id":"https:\/\/b2b.calibereurope.com\/#website"},"primaryImageOfPage":{"@id":"https:\/\/b2b.calibereurope.com\/product\/hpg640bt-fr_fr\/#primaryimage"},"image":{"@id":"https:\/\/b2b.calibereurope.com\/product\/hpg640bt-fr_fr\/#primaryimage"},"thumbnailUrl":"https:\/\/b2b.calibereurope.com\/wp-content\/uploads\/2024\/09\/6f2b5f3e6433ecc151d837abe4ddb131257bdf25_HPG640BT__1_.jpg","datePublished":"2024-09-04T00:00:00+00:00","dateModified":"2025-12-11T11:01:38+00:00","breadcrumb":{"@id":"https:\/\/b2b.calibereurope.com\/product\/hpg640bt-fr_fr\/#breadcrumb"},"inLanguage":"fr-FR","potentialAction":[{"@type":"ReadAction","target":["https:\/\/b2b.calibereurope.com\/product\/hpg640bt-fr_fr\/"]}]},{"@type":"ImageObject","inLanguage":"fr-FR","@id":"https:\/\/b2b.calibereurope.com\/product\/hpg640bt-fr_fr\/#primaryimage","url":"https:\/\/b2b.calibereurope.com\/wp-content\/uploads\/2024\/09\/6f2b5f3e6433ecc151d837abe4ddb131257bdf25_HPG640BT__1_.jpg","contentUrl":"https:\/\/b2b.calibereurope.com\/wp-content\/uploads\/2024\/09\/6f2b5f3e6433ecc151d837abe4ddb131257bdf25_HPG640BT__1_.jpg","width":550,"height":412},{"@type":"BreadcrumbList","@id":"https:\/\/b2b.calibereurope.com\/product\/hpg640bt-fr_fr\/#breadcrumb","itemListElement":[{"@type":"ListItem","position":1,"name":"Home","item":"https:\/\/b2b.calibereurope.com\/fr\/home\/"},{"@type":"ListItem","position":2,"name":"Boutique","item":"https:\/\/b2b.calibereurope.com\/fr\/boutique\/"},{"@type":"ListItem","position":3,"name":"Caliber Statement &#8211; Haut-parleur Bluetooth avec des LED RGB USB suppl\u00e9mentaires Aux Noir"}]},{"@type":"WebSite","@id":"https:\/\/b2b.calibereurope.com\/#website","url":"https:\/\/b2b.calibereurope.com\/","name":"Caliber Europe B.V.","description":"B2B Webshop","publisher":{"@id":"https:\/\/b2b.calibereurope.com\/#organization"},"potentialAction":[{"@type":"SearchAction","target":{"@type":"EntryPoint","urlTemplate":"https:\/\/b2b.calibereurope.com\/?s={search_term_string}"},"query-input":{"@type":"PropertyValueSpecification","valueRequired":true,"valueName":"search_term_string"}}],"inLanguage":"fr-FR"},{"@type":"Organization","@id":"https:\/\/b2b.calibereurope.com\/#organization","name":"Caliber Europe B.V.","url":"https:\/\/b2b.calibereurope.com\/","logo":{"@type":"ImageObject","inLanguage":"fr-FR","@id":"https:\/\/b2b.calibereurope.com\/#\/schema\/logo\/image\/","url":"https:\/\/b2b.calibereurope.com\/wp-content\/uploads\/2020\/12\/Caliber_Logo-Black.png","contentUrl":"https:\/\/b2b.calibereurope.com\/wp-content\/uploads\/2020\/12\/Caliber_Logo-Black.png","width":3157,"height":356,"caption":"Caliber Europe B.V."},"image":{"@id":"https:\/\/b2b.calibereurope.com\/#\/schema\/logo\/image\/"}}]}},"_links":{"self":[{"href":"https:\/\/b2b.calibereurope.com\/fr\/wp-json\/wp\/v2\/product\/600335","targetHints":{"allow":["GET"]}}],"collection":[{"href":"https:\/\/b2b.calibereurope.com\/fr\/wp-json\/wp\/v2\/product"}],"about":[{"href":"https:\/\/b2b.calibereurope.com\/fr\/wp-json\/wp\/v2\/types\/product"}],"version-history":[{"count":0,"href":"https:\/\/b2b.calibereurope.com\/fr\/wp-json\/wp\/v2\/product\/600335\/revisions"}],"wp:featuredmedia":[{"embeddable":true,"href":"https:\/\/b2b.calibereurope.com\/fr\/wp-json\/wp\/v2\/media\/851944"}],"wp:attachment":[{"href":"https:\/\/b2b.calibereurope.com\/fr\/wp-json\/wp\/v2\/media?parent=600335"}],"wp:term":[{"taxonomy":"product_brand","embeddable":true,"href":"https:\/\/b2b.calibereurope.com\/fr\/wp-json\/wp\/v2\/product_brand?post=600335"},{"taxonomy":"product_cat","embeddable":true,"href":"https:\/\/b2b.calibereurope.com\/fr\/wp-json\/wp\/v2\/product_cat?post=600335"},{"taxonomy":"product_tag","embeddable":true,"href":"https:\/\/b2b.calibereurope.com\/fr\/wp-json\/wp\/v2\/product_tag?post=600335"}],"curies":[{"name":"wp","href":"https:\/\/api.w.org\/{rel}","templated":true}]}}