{"id":603011,"date":"2025-02-10T01:00:00","date_gmt":"2025-02-10T00:00:00","guid":{"rendered":""},"modified":"2025-02-10T14:23:39","modified_gmt":"2025-02-10T13:23:39","slug":"RMD056DAB-BT-fr_FR","status":"publish","type":"product","link":"https:\/\/b2b.calibereurope.com\/fr\/produit\/RMD056DAB-BT-fr_FR\/","title":{"rendered":"Autoradio avec DAB+ Bluetooth\u00ae technologie FM USB 4x 75Watt &#8211; Ecran couleur (RMD056DAB-BT)"},"content":{"rendered":"<p>Le Caliber RMD056DAB-BT est un autoradio DAB+ Bluetooth\u00ae technologie. Vous recevez ainsi un signal radio de haute qualit\u00e9. Cette radio moderne est adapt\u00e9e \u00e0 la lecture de musique sans fil et aux appels mains libres via Bluetooth\u00ae technologie.<\/p>\n<p><\/p>\n<p><span style=\"font-weight: bold;\">Qualit\u00e9 DAB<\/span><\/p>\n<p>La DAB + a une meilleure qualit\u00e9 sonore que l&#39;ancienne FM. La r\u00e9ception est meilleure et il y a moins de bruit. Le DAB+ offre une meilleure d\u00e9finition du son, ce qui vous permet d&#39;appr\u00e9cier davantage vos tubes et \u00e9missions de radio pr\u00e9f\u00e9r\u00e9s. R\u00e9glez 54 stations FM et passez facilement d&#39;une station de radio \u00e0 l&#39;autre.<\/p>\n<p><\/p>\n<p><span style=\"font-weight: bold;\">Lecture de la musique<\/span><\/p>\n<p>Le RMD056DAB-BT poss\u00e8de plusieurs connexions physiques. Vous pouvez connecter une cl\u00e9 USB, une carte SD avec jusqu&#39;\u00e0 32 Go de m\u00e9moire ou un c\u00e2ble auxiliaire. Gr\u00e2ce au port USB, il est \u00e9galement possible de charger votre smartphone. Le streaming Bluetooth\u00ae technologie est clair et d\u00e9fini gr\u00e2ce aux profils A2DP et AVRCP. Avec une puissance de 4 x 75 watts, vous ne manquerez pas de volume pour profiter de vos tubes pr\u00e9f\u00e9r\u00e9s en conduisant.<\/p>\n<p><\/p>\n<p><span style=\"font-weight: bold;\">Caract\u00e9ristiques suppl\u00e9mentaires<\/span><\/p>\n<p>Cette unit\u00e9 principale dispose d&#39;une sortie RCA qui vous permet de connecter un amplificateur s\u00e9par\u00e9 pour vos haut-parleurs. Cela vous permet de personnaliser le son de votre voiture. RDS EON affiche des informations utiles \u00e0 l&#39;\u00e9cran, comme le titre du programme ou le nom de la station que vous \u00e9coutez. Cette fonction vous permet \u00e9galement de relayer des informations sur le trafic, par exemple. Cet autoradio a la taille standard 1-DIN, vous pouvez donc facilement remplacer votre ancien autoradio.<\/p>\n","protected":false},"excerpt":{"rendered":"<p>Autoradio avec DAB+ Bluetooth FM USB<\/p>\n","protected":false},"featured_media":655660,"template":"","meta":{"_acf_changed":false,"site-sidebar-layout":"default","site-content-layout":"","ast-site-content-layout":"default","site-content-style":"default","site-sidebar-style":"default","ast-global-header-display":"","ast-banner-title-visibility":"","ast-main-header-display":"","ast-hfb-above-header-display":"","ast-hfb-below-header-display":"","ast-hfb-mobile-header-display":"","site-post-title":"","ast-breadcrumbs-content":"","ast-featured-img":"","footer-sml-layout":"","theme-transparent-header-meta":"","adv-header-id-meta":"","stick-header-meta":"","header-above-stick-meta":"","header-main-stick-meta":"","header-below-stick-meta":"","astra-migrate-meta-layouts":"default","ast-page-background-enabled":"default","ast-page-background-meta":{"desktop":{"background-color":"","background-image":"","background-repeat":"repeat","background-position":"center center","background-size":"auto","background-attachment":"scroll","background-type":"","background-media":"","overlay-type":"","overlay-color":"","overlay-opacity":"","overlay-gradient":""},"tablet":{"background-color":"","background-image":"","background-repeat":"repeat","background-position":"center center","background-size":"auto","background-attachment":"scroll","background-type":"","background-media":"","overlay-type":"","overlay-color":"","overlay-opacity":"","overlay-gradient":""},"mobile":{"background-color":"","background-image":"","background-repeat":"repeat","background-position":"center center","background-size":"auto","background-attachment":"scroll","background-type":"","background-media":"","overlay-type":"","overlay-color":"","overlay-opacity":"","overlay-gradient":""}},"ast-content-background-meta":{"desktop":{"background-color":"var(--ast-global-color-5)","background-image":"","background-repeat":"repeat","background-position":"center center","background-size":"auto","background-attachment":"scroll","background-type":"","background-media":"","overlay-type":"","overlay-color":"","overlay-opacity":"","overlay-gradient":""},"tablet":{"background-color":"var(--ast-global-color-5)","background-image":"","background-repeat":"repeat","background-position":"center center","background-size":"auto","background-attachment":"scroll","background-type":"","background-media":"","overlay-type":"","overlay-color":"","overlay-opacity":"","overlay-gradient":""},"mobile":{"background-color":"var(--ast-global-color-5)","background-image":"","background-repeat":"repeat","background-position":"center center","background-size":"auto","background-attachment":"scroll","background-type":"","background-media":"","overlay-type":"","overlay-color":"","overlay-opacity":"","overlay-gradient":""}}},"product_brand":[],"product_cat":[22955],"product_tag":[],"class_list":{"0":"post-603011","1":"product","2":"type-product","3":"status-publish","4":"has-post-thumbnail","6":"product_cat-pas-de-categorie","7":"desktop-align-center","8":"tablet-align-center","9":"mobile-align-center","10":"ast-product-gallery-layout-horizontal","11":"ast-product-tabs-layout-horizontal","13":"first","14":"outofstock","15":"taxable","16":"shipping-taxable","17":"purchasable","18":"product-type-simple"},"acf":[],"yoast_head":"<!-- This site is optimized with the Yoast SEO plugin v26.5 - https:\/\/yoast.com\/wordpress\/plugins\/seo\/ -->\n<title>Autoradio avec DAB+ Bluetooth\u00ae technologie FM USB 4x 75Watt - Ecran couleur (RMD056DAB-BT) - Caliber Europe B.V.<\/title>\n<meta name=\"robots\" content=\"noindex, follow, max-snippet:-1, max-image-preview:large, max-video-preview:-1\" \/>\n<meta property=\"og:locale\" content=\"fr_FR\" \/>\n<meta property=\"og:type\" content=\"article\" \/>\n<meta property=\"og:title\" content=\"Autoradio avec DAB+ Bluetooth\u00ae technologie FM USB 4x 75Watt - Ecran couleur (RMD056DAB-BT) - Caliber Europe B.V.\" \/>\n<meta property=\"og:description\" content=\"Autoradio avec DAB+ Bluetooth FM USB\" \/>\n<meta property=\"og:url\" content=\"https:\/\/b2b.calibereurope.com\/fr\/produit\/rmd056dab-bt-fr_fr\/\" \/>\n<meta property=\"og:site_name\" content=\"Caliber Europe B.V.\" \/>\n<meta property=\"article:modified_time\" content=\"2025-02-10T13:23:39+00:00\" \/>\n<meta property=\"og:image\" content=\"http:\/\/b2b.calibereurope.com\/wp-content\/uploads\/2022\/04\/072ea9ae1d6dc92d8993c742fdbf10bfc0ef9d42_RMD056DAB_BT-scaled.jpg\" \/>\n\t<meta property=\"og:image:width\" content=\"2560\" \/>\n\t<meta property=\"og:image:height\" content=\"1920\" \/>\n\t<meta property=\"og:image:type\" content=\"image\/jpeg\" \/>\n<meta name=\"twitter:card\" content=\"summary_large_image\" \/>\n<meta name=\"twitter:label1\" content=\"Dur\u00e9e de lecture estim\u00e9e\" \/>\n\t<meta name=\"twitter:data1\" content=\"1 minute\" \/>\n<script type=\"application\/ld+json\" class=\"yoast-schema-graph\">{\"@context\":\"https:\/\/schema.org\",\"@graph\":[{\"@type\":\"WebPage\",\"@id\":\"https:\/\/b2b.calibereurope.com\/fr\/produit\/rmd056dab-bt-fr_fr\/\",\"url\":\"https:\/\/b2b.calibereurope.com\/fr\/produit\/rmd056dab-bt-fr_fr\/\",\"name\":\"Autoradio avec DAB+ Bluetooth\u00ae technologie FM USB 4x 75Watt - Ecran couleur (RMD056DAB-BT) - Caliber Europe B.V.\",\"isPartOf\":{\"@id\":\"https:\/\/b2b.calibereurope.com\/#website\"},\"primaryImageOfPage\":{\"@id\":\"https:\/\/b2b.calibereurope.com\/fr\/produit\/rmd056dab-bt-fr_fr\/#primaryimage\"},\"image\":{\"@id\":\"https:\/\/b2b.calibereurope.com\/fr\/produit\/rmd056dab-bt-fr_fr\/#primaryimage\"},\"thumbnailUrl\":\"https:\/\/b2b.calibereurope.com\/wp-content\/uploads\/2022\/04\/072ea9ae1d6dc92d8993c742fdbf10bfc0ef9d42_RMD056DAB_BT-scaled.jpg\",\"datePublished\":\"2025-02-10T00:00:00+00:00\",\"dateModified\":\"2025-02-10T13:23:39+00:00\",\"breadcrumb\":{\"@id\":\"https:\/\/b2b.calibereurope.com\/fr\/produit\/rmd056dab-bt-fr_fr\/#breadcrumb\"},\"inLanguage\":\"fr-FR\",\"potentialAction\":[{\"@type\":\"ReadAction\",\"target\":[\"https:\/\/b2b.calibereurope.com\/fr\/produit\/rmd056dab-bt-fr_fr\/\"]}]},{\"@type\":\"ImageObject\",\"inLanguage\":\"fr-FR\",\"@id\":\"https:\/\/b2b.calibereurope.com\/fr\/produit\/rmd056dab-bt-fr_fr\/#primaryimage\",\"url\":\"https:\/\/b2b.calibereurope.com\/wp-content\/uploads\/2022\/04\/072ea9ae1d6dc92d8993c742fdbf10bfc0ef9d42_RMD056DAB_BT-scaled.jpg\",\"contentUrl\":\"https:\/\/b2b.calibereurope.com\/wp-content\/uploads\/2022\/04\/072ea9ae1d6dc92d8993c742fdbf10bfc0ef9d42_RMD056DAB_BT-scaled.jpg\",\"width\":2560,\"height\":1920},{\"@type\":\"BreadcrumbList\",\"@id\":\"https:\/\/b2b.calibereurope.com\/fr\/produit\/rmd056dab-bt-fr_fr\/#breadcrumb\",\"itemListElement\":[{\"@type\":\"ListItem\",\"position\":1,\"name\":\"Home\",\"item\":\"https:\/\/b2b.calibereurope.com\/fr\/home\/\"},{\"@type\":\"ListItem\",\"position\":2,\"name\":\"Boutique\",\"item\":\"https:\/\/b2b.calibereurope.com\/fr\/boutique\/\"},{\"@type\":\"ListItem\",\"position\":3,\"name\":\"Autoradio avec DAB+ Bluetooth FM USB 4x 75Watt &#8211; Ecran couleur (RMD056DAB-BT)\"}]},{\"@type\":\"WebSite\",\"@id\":\"https:\/\/b2b.calibereurope.com\/#website\",\"url\":\"https:\/\/b2b.calibereurope.com\/\",\"name\":\"Caliber Europe B.V.\",\"description\":\"B2B Webshop\",\"publisher\":{\"@id\":\"https:\/\/b2b.calibereurope.com\/#organization\"},\"potentialAction\":[{\"@type\":\"SearchAction\",\"target\":{\"@type\":\"EntryPoint\",\"urlTemplate\":\"https:\/\/b2b.calibereurope.com\/?s={search_term_string}\"},\"query-input\":{\"@type\":\"PropertyValueSpecification\",\"valueRequired\":true,\"valueName\":\"search_term_string\"}}],\"inLanguage\":\"fr-FR\"},{\"@type\":\"Organization\",\"@id\":\"https:\/\/b2b.calibereurope.com\/#organization\",\"name\":\"Caliber Europe B.V.\",\"url\":\"https:\/\/b2b.calibereurope.com\/\",\"logo\":{\"@type\":\"ImageObject\",\"inLanguage\":\"fr-FR\",\"@id\":\"https:\/\/b2b.calibereurope.com\/#\/schema\/logo\/image\/\",\"url\":\"https:\/\/b2b.calibereurope.com\/wp-content\/uploads\/2020\/12\/Caliber_Logo-Black.png\",\"contentUrl\":\"https:\/\/b2b.calibereurope.com\/wp-content\/uploads\/2020\/12\/Caliber_Logo-Black.png\",\"width\":3157,\"height\":356,\"caption\":\"Caliber Europe B.V.\"},\"image\":{\"@id\":\"https:\/\/b2b.calibereurope.com\/#\/schema\/logo\/image\/\"}}]}<\/script>\n<!-- \/ Yoast SEO plugin. -->","yoast_head_json":{"title":"Autoradio avec DAB+ Bluetooth\u00ae technologie FM USB 4x 75Watt - Ecran couleur (RMD056DAB-BT) - Caliber Europe B.V.","robots":{"index":"noindex","follow":"follow","max-snippet":"max-snippet:-1","max-image-preview":"max-image-preview:large","max-video-preview":"max-video-preview:-1"},"og_locale":"fr_FR","og_type":"article","og_title":"Autoradio avec DAB+ Bluetooth\u00ae technologie FM USB 4x 75Watt - Ecran couleur (RMD056DAB-BT) - Caliber Europe B.V.","og_description":"Autoradio avec DAB+ Bluetooth FM USB","og_url":"https:\/\/b2b.calibereurope.com\/fr\/produit\/rmd056dab-bt-fr_fr\/","og_site_name":"Caliber Europe B.V.","article_modified_time":"2025-02-10T13:23:39+00:00","og_image":[{"width":2560,"height":1920,"url":"http:\/\/b2b.calibereurope.com\/wp-content\/uploads\/2022\/04\/072ea9ae1d6dc92d8993c742fdbf10bfc0ef9d42_RMD056DAB_BT-scaled.jpg","type":"image\/jpeg"}],"twitter_card":"summary_large_image","twitter_misc":{"Dur\u00e9e de lecture estim\u00e9e":"1 minute"},"schema":{"@context":"https:\/\/schema.org","@graph":[{"@type":"WebPage","@id":"https:\/\/b2b.calibereurope.com\/fr\/produit\/rmd056dab-bt-fr_fr\/","url":"https:\/\/b2b.calibereurope.com\/fr\/produit\/rmd056dab-bt-fr_fr\/","name":"Autoradio avec DAB+ Bluetooth\u00ae technologie FM USB 4x 75Watt - Ecran couleur (RMD056DAB-BT) - Caliber Europe B.V.","isPartOf":{"@id":"https:\/\/b2b.calibereurope.com\/#website"},"primaryImageOfPage":{"@id":"https:\/\/b2b.calibereurope.com\/fr\/produit\/rmd056dab-bt-fr_fr\/#primaryimage"},"image":{"@id":"https:\/\/b2b.calibereurope.com\/fr\/produit\/rmd056dab-bt-fr_fr\/#primaryimage"},"thumbnailUrl":"https:\/\/b2b.calibereurope.com\/wp-content\/uploads\/2022\/04\/072ea9ae1d6dc92d8993c742fdbf10bfc0ef9d42_RMD056DAB_BT-scaled.jpg","datePublished":"2025-02-10T00:00:00+00:00","dateModified":"2025-02-10T13:23:39+00:00","breadcrumb":{"@id":"https:\/\/b2b.calibereurope.com\/fr\/produit\/rmd056dab-bt-fr_fr\/#breadcrumb"},"inLanguage":"fr-FR","potentialAction":[{"@type":"ReadAction","target":["https:\/\/b2b.calibereurope.com\/fr\/produit\/rmd056dab-bt-fr_fr\/"]}]},{"@type":"ImageObject","inLanguage":"fr-FR","@id":"https:\/\/b2b.calibereurope.com\/fr\/produit\/rmd056dab-bt-fr_fr\/#primaryimage","url":"https:\/\/b2b.calibereurope.com\/wp-content\/uploads\/2022\/04\/072ea9ae1d6dc92d8993c742fdbf10bfc0ef9d42_RMD056DAB_BT-scaled.jpg","contentUrl":"https:\/\/b2b.calibereurope.com\/wp-content\/uploads\/2022\/04\/072ea9ae1d6dc92d8993c742fdbf10bfc0ef9d42_RMD056DAB_BT-scaled.jpg","width":2560,"height":1920},{"@type":"BreadcrumbList","@id":"https:\/\/b2b.calibereurope.com\/fr\/produit\/rmd056dab-bt-fr_fr\/#breadcrumb","itemListElement":[{"@type":"ListItem","position":1,"name":"Home","item":"https:\/\/b2b.calibereurope.com\/fr\/home\/"},{"@type":"ListItem","position":2,"name":"Boutique","item":"https:\/\/b2b.calibereurope.com\/fr\/boutique\/"},{"@type":"ListItem","position":3,"name":"Autoradio avec DAB+ Bluetooth FM USB 4x 75Watt &#8211; Ecran couleur (RMD056DAB-BT)"}]},{"@type":"WebSite","@id":"https:\/\/b2b.calibereurope.com\/#website","url":"https:\/\/b2b.calibereurope.com\/","name":"Caliber Europe B.V.","description":"B2B Webshop","publisher":{"@id":"https:\/\/b2b.calibereurope.com\/#organization"},"potentialAction":[{"@type":"SearchAction","target":{"@type":"EntryPoint","urlTemplate":"https:\/\/b2b.calibereurope.com\/?s={search_term_string}"},"query-input":{"@type":"PropertyValueSpecification","valueRequired":true,"valueName":"search_term_string"}}],"inLanguage":"fr-FR"},{"@type":"Organization","@id":"https:\/\/b2b.calibereurope.com\/#organization","name":"Caliber Europe B.V.","url":"https:\/\/b2b.calibereurope.com\/","logo":{"@type":"ImageObject","inLanguage":"fr-FR","@id":"https:\/\/b2b.calibereurope.com\/#\/schema\/logo\/image\/","url":"https:\/\/b2b.calibereurope.com\/wp-content\/uploads\/2020\/12\/Caliber_Logo-Black.png","contentUrl":"https:\/\/b2b.calibereurope.com\/wp-content\/uploads\/2020\/12\/Caliber_Logo-Black.png","width":3157,"height":356,"caption":"Caliber Europe B.V."},"image":{"@id":"https:\/\/b2b.calibereurope.com\/#\/schema\/logo\/image\/"}}]}},"_links":{"self":[{"href":"https:\/\/b2b.calibereurope.com\/fr\/wp-json\/wp\/v2\/product\/603011","targetHints":{"allow":["GET"]}}],"collection":[{"href":"https:\/\/b2b.calibereurope.com\/fr\/wp-json\/wp\/v2\/product"}],"about":[{"href":"https:\/\/b2b.calibereurope.com\/fr\/wp-json\/wp\/v2\/types\/product"}],"version-history":[{"count":1,"href":"https:\/\/b2b.calibereurope.com\/fr\/wp-json\/wp\/v2\/product\/603011\/revisions"}],"predecessor-version":[{"id":687784,"href":"https:\/\/b2b.calibereurope.com\/fr\/wp-json\/wp\/v2\/product\/603011\/revisions\/687784"}],"wp:featuredmedia":[{"embeddable":true,"href":"https:\/\/b2b.calibereurope.com\/fr\/wp-json\/wp\/v2\/media\/655660"}],"wp:attachment":[{"href":"https:\/\/b2b.calibereurope.com\/fr\/wp-json\/wp\/v2\/media?parent=603011"}],"wp:term":[{"taxonomy":"product_brand","embeddable":true,"href":"https:\/\/b2b.calibereurope.com\/fr\/wp-json\/wp\/v2\/product_brand?post=603011"},{"taxonomy":"product_cat","embeddable":true,"href":"https:\/\/b2b.calibereurope.com\/fr\/wp-json\/wp\/v2\/product_cat?post=603011"},{"taxonomy":"product_tag","embeddable":true,"href":"https:\/\/b2b.calibereurope.com\/fr\/wp-json\/wp\/v2\/product_tag?post=603011"}],"curies":[{"name":"wp","href":"https:\/\/api.w.org\/{rel}","templated":true}]}}