{"id":603015,"date":"2024-02-05T01:00:00","date_gmt":"2024-02-05T00:00:00","guid":{"rendered":""},"modified":"2026-01-09T10:35:14","modified_gmt":"2026-01-09T09:35:14","slug":"RCD239DAB-BT-fr_FR","status":"publish","type":"product","link":"https:\/\/b2b.calibereurope.com\/fr\/produit\/RCD239DAB-BT-fr_FR\/","title":{"rendered":"Autoradio avec technologie Bluetooth\u00ae et DAB+ &#8211; CD\/USB\/SD 4x75Watt &#8211; Noir (RCD239DAB-BT)"},"content":{"rendered":"<p>L&#39;autoradio Caliber RCD239DAB-BT DAB+ avec technologie Bluetooth\u00ae vous permet de profiter de votre propre musique ainsi que de la radio dans la voiture. Connectez votre t\u00e9l\u00e9phone via la technologie Bluetooth\u00ae ou lisez votre collection de CD. Cet autoradio dispose de plusieurs options de lecture de musique, mais juste ce que vous voulez \u00e0 ce moment-l\u00e0.<\/p>\n<p><\/p>\n<p><span style=\"font-weight: bold;\"> Qualit\u00e9 DAB+<\/span><\/p>\n<p> Pr\u00e9f\u00e9rez-vous \u00e9couter la radio en conduisant ? Dans ce cas, vous souhaitez bien s\u00fbr une bonne qualit\u00e9 de son. La DAB+ est la radio num\u00e9rique par voie hertzienne et offre un meilleur son que l&#39;ancienne FM. La r\u00e9ception est meilleure et il y a moins de bruit. Le DAB+ offre une meilleure d\u00e9finition du son, ce qui vous permet de profiter davantage de vos tubes pr\u00e9f\u00e9r\u00e9s et de mieux entendre les voix de vos \u00e9missions pr\u00e9f\u00e9r\u00e9es. Il existe de nombreuses stations DAB+ et FM \u00e0 r\u00e9gler, ce qui vous permet de passer facilement d&#39;une station \u00e0 l&#39;autre et de ne pas avoir \u00e0 chercher sans cesse la bonne fr\u00e9quence.<\/p>\n<p><\/p>\n<p><span style=\"font-weight: bold;\"> Technologie et lecture Bluetooth\u00ae <\/span><\/p>\n<p>Le streaming de la technologie Bluetooth\u00ae est clair et d\u00e9fini gr\u00e2ce aux profils A2DP et AVRCP. En fait, ces profils permettent \u00e9galement d&#39;\u00e9viter les bruits et les accrocs. Gr\u00e2ce \u00e0 l&#39;ID3-Tag, le RCD239DAB-BT affiche \u00e0 l&#39;\u00e9cran l&#39;artiste et la chanson que vous \u00e9coutez. Le RCD239DAB-BT est dot\u00e9 d&#39;un \u00e9galiseur pr\u00e9r\u00e9gl\u00e9 \u00e0 4 bandes, ce qui vous permet d&#39;adapter votre musique \u00e0 vos go\u00fbts.<\/p>\n<p><\/p>\n<p><span style=\"font-weight: bold;\"> Appels mains libres <\/span><\/p>\n<p> Avec le microphone externe de voiture inclus, vous pouvez \u00e9galement utiliser le RCD239DAB-BT comme un kit mains libres. Placez le microphone dans un endroit pratique pour vous. D\u00e9crochez votre t\u00e9l\u00e9phone via le panneau de commande de la radio et \u00e9coutez vos appels dans les haut-parleurs de la voiture.<\/p>\n<p><\/p>\n<p><span style=\"font-weight: bold;\"> Connexions <\/span><\/p>\n<p> Pour \u00e9couter de la musique autrement que via la radio ou la technologie Bluetooth\u00ae, le RCD239DAB-BT dispose de plusieurs connexions. Tout d&#39;abord, il y a un lecteur CD. Avez-vous votre musique sur une cl\u00e9 USB ou une carte SD ? Alors jouez-la via les ports d\u00e9sign\u00e9s. Si vous avez encore un ancien appareil de lecture, utilisez la connexion auxiliaire de 3,5 mm.<\/p>\n<p><\/p>\n<p> Le RCD239DAB-BT offre \u00e9galement la possibilit\u00e9 de connecter un amplificateur et un caisson de basse suppl\u00e9mentaires. Cela se fait via les RCA ou la sortie sub \u00e0 l&#39;arri\u00e8re de l&#39;autoradio. La radio est \u00e9quip\u00e9e d&#39;un connecteur ISO, ce qui rend la connexion Plug&#038;Play (\u00e0 condition que votre v\u00e9hicule dispose d&#39;une connexion ISO).<\/p>\n","protected":false},"excerpt":{"rendered":"<ul>\n<li>Technologie Bluetooth\n<\/li>\n<li>DAB+\n<\/li>\n<li>FM\n<\/li>\n<li>A2DP et AVRCP <\/li>\n<li>ID3\n<\/li>\n<li>Appel mains libres\n<\/li>\n<li>Lecteur de CD\n<\/li>\n<li>AUX\n<\/li>\n<li>USB ET SD\n<\/li>\n<li>RCA<\/li>\n<\/ul>\n","protected":false},"featured_media":841671,"template":"","meta":{"_acf_changed":false,"site-sidebar-layout":"default","site-content-layout":"","ast-site-content-layout":"default","site-content-style":"default","site-sidebar-style":"default","ast-global-header-display":"","ast-banner-title-visibility":"","ast-main-header-display":"","ast-hfb-above-header-display":"","ast-hfb-below-header-display":"","ast-hfb-mobile-header-display":"","site-post-title":"","ast-breadcrumbs-content":"","ast-featured-img":"","footer-sml-layout":"","theme-transparent-header-meta":"","adv-header-id-meta":"","stick-header-meta":"","header-above-stick-meta":"","header-main-stick-meta":"","header-below-stick-meta":"","astra-migrate-meta-layouts":"default","ast-page-background-enabled":"default","ast-page-background-meta":{"desktop":{"background-color":"","background-image":"","background-repeat":"repeat","background-position":"center center","background-size":"auto","background-attachment":"scroll","background-type":"","background-media":"","overlay-type":"","overlay-color":"","overlay-opacity":"","overlay-gradient":""},"tablet":{"background-color":"","background-image":"","background-repeat":"repeat","background-position":"center center","background-size":"auto","background-attachment":"scroll","background-type":"","background-media":"","overlay-type":"","overlay-color":"","overlay-opacity":"","overlay-gradient":""},"mobile":{"background-color":"","background-image":"","background-repeat":"repeat","background-position":"center center","background-size":"auto","background-attachment":"scroll","background-type":"","background-media":"","overlay-type":"","overlay-color":"","overlay-opacity":"","overlay-gradient":""}},"ast-content-background-meta":{"desktop":{"background-color":"var(--ast-global-color-5)","background-image":"","background-repeat":"repeat","background-position":"center center","background-size":"auto","background-attachment":"scroll","background-type":"","background-media":"","overlay-type":"","overlay-color":"","overlay-opacity":"","overlay-gradient":""},"tablet":{"background-color":"var(--ast-global-color-5)","background-image":"","background-repeat":"repeat","background-position":"center center","background-size":"auto","background-attachment":"scroll","background-type":"","background-media":"","overlay-type":"","overlay-color":"","overlay-opacity":"","overlay-gradient":""},"mobile":{"background-color":"var(--ast-global-color-5)","background-image":"","background-repeat":"repeat","background-position":"center center","background-size":"auto","background-attachment":"scroll","background-type":"","background-media":"","overlay-type":"","overlay-color":"","overlay-opacity":"","overlay-gradient":""}}},"product_brand":[],"product_cat":[22955],"product_tag":[],"class_list":{"0":"post-603015","1":"product","2":"type-product","3":"status-publish","4":"has-post-thumbnail","6":"product_cat-pas-de-categorie","7":"desktop-align-center","8":"tablet-align-center","9":"mobile-align-center","10":"ast-product-gallery-layout-horizontal","11":"ast-product-tabs-layout-horizontal","13":"first","14":"onbackorder","15":"taxable","16":"shipping-taxable","17":"purchasable","18":"product-type-simple"},"acf":[],"yoast_head":"<!-- This site is optimized with the Yoast SEO plugin v26.5 - https:\/\/yoast.com\/wordpress\/plugins\/seo\/ -->\n<title>Autoradio avec technologie Bluetooth\u00ae et DAB+ - CD\/USB\/SD 4x75Watt - Noir (RCD239DAB-BT) - Caliber Europe B.V.<\/title>\n<meta name=\"robots\" content=\"noindex, follow, max-snippet:-1, max-image-preview:large, max-video-preview:-1\" \/>\n<meta property=\"og:locale\" content=\"fr_FR\" \/>\n<meta property=\"og:type\" content=\"article\" \/>\n<meta property=\"og:title\" content=\"Autoradio avec technologie Bluetooth\u00ae et DAB+ - CD\/USB\/SD 4x75Watt - Noir (RCD239DAB-BT) - Caliber Europe B.V.\" \/>\n<meta property=\"og:description\" content=\"Technologie Bluetooth DAB+ FM A2DP et AVRCP ID3 Appel mains libres Lecteur de CD AUX USB ET SD RCA\" \/>\n<meta property=\"og:url\" content=\"https:\/\/b2b.calibereurope.com\/product\/rcd239dab-bt-fr_fr\/\" \/>\n<meta property=\"og:site_name\" content=\"Caliber Europe B.V.\" \/>\n<meta property=\"article:modified_time\" content=\"2026-01-09T09:35:14+00:00\" \/>\n<meta name=\"twitter:card\" content=\"summary_large_image\" \/>\n<meta name=\"twitter:label1\" content=\"Dur\u00e9e de lecture estim\u00e9e\" \/>\n\t<meta name=\"twitter:data1\" content=\"2 minutes\" \/>\n<script type=\"application\/ld+json\" class=\"yoast-schema-graph\">{\"@context\":\"https:\/\/schema.org\",\"@graph\":[{\"@type\":\"WebPage\",\"@id\":\"https:\/\/b2b.calibereurope.com\/product\/rcd239dab-bt-fr_fr\/\",\"url\":\"https:\/\/b2b.calibereurope.com\/product\/rcd239dab-bt-fr_fr\/\",\"name\":\"Autoradio avec technologie Bluetooth\u00ae et DAB+ - CD\/USB\/SD 4x75Watt - Noir (RCD239DAB-BT) - Caliber Europe B.V.\",\"isPartOf\":{\"@id\":\"https:\/\/b2b.calibereurope.com\/#website\"},\"primaryImageOfPage\":{\"@id\":\"https:\/\/b2b.calibereurope.com\/product\/rcd239dab-bt-fr_fr\/#primaryimage\"},\"image\":{\"@id\":\"https:\/\/b2b.calibereurope.com\/product\/rcd239dab-bt-fr_fr\/#primaryimage\"},\"thumbnailUrl\":\"https:\/\/b2b.calibereurope.com\/wp-content\/uploads\/2024\/02\/9914610620fa4659854aee859ed90fbf4f7f1d57_RCD239DAB_BT-scaled.jpg\",\"datePublished\":\"2024-02-05T00:00:00+00:00\",\"dateModified\":\"2026-01-09T09:35:14+00:00\",\"breadcrumb\":{\"@id\":\"https:\/\/b2b.calibereurope.com\/product\/rcd239dab-bt-fr_fr\/#breadcrumb\"},\"inLanguage\":\"fr-FR\",\"potentialAction\":[{\"@type\":\"ReadAction\",\"target\":[\"https:\/\/b2b.calibereurope.com\/product\/rcd239dab-bt-fr_fr\/\"]}]},{\"@type\":\"ImageObject\",\"inLanguage\":\"fr-FR\",\"@id\":\"https:\/\/b2b.calibereurope.com\/product\/rcd239dab-bt-fr_fr\/#primaryimage\",\"url\":\"https:\/\/b2b.calibereurope.com\/wp-content\/uploads\/2024\/02\/9914610620fa4659854aee859ed90fbf4f7f1d57_RCD239DAB_BT-scaled.jpg\",\"contentUrl\":\"https:\/\/b2b.calibereurope.com\/wp-content\/uploads\/2024\/02\/9914610620fa4659854aee859ed90fbf4f7f1d57_RCD239DAB_BT-scaled.jpg\",\"width\":2560,\"height\":1422},{\"@type\":\"BreadcrumbList\",\"@id\":\"https:\/\/b2b.calibereurope.com\/product\/rcd239dab-bt-fr_fr\/#breadcrumb\",\"itemListElement\":[{\"@type\":\"ListItem\",\"position\":1,\"name\":\"Home\",\"item\":\"https:\/\/b2b.calibereurope.com\/fr\/home\/\"},{\"@type\":\"ListItem\",\"position\":2,\"name\":\"Boutique\",\"item\":\"https:\/\/b2b.calibereurope.com\/fr\/boutique\/\"},{\"@type\":\"ListItem\",\"position\":3,\"name\":\"Autoradio avec Bluetooth et DAB+ &#8211; CD\/USB\/SD 4x75Watt &#8211; Noir (RCD239DAB-BT)\"}]},{\"@type\":\"WebSite\",\"@id\":\"https:\/\/b2b.calibereurope.com\/#website\",\"url\":\"https:\/\/b2b.calibereurope.com\/\",\"name\":\"Caliber Europe B.V.\",\"description\":\"B2B Webshop\",\"publisher\":{\"@id\":\"https:\/\/b2b.calibereurope.com\/#organization\"},\"potentialAction\":[{\"@type\":\"SearchAction\",\"target\":{\"@type\":\"EntryPoint\",\"urlTemplate\":\"https:\/\/b2b.calibereurope.com\/?s={search_term_string}\"},\"query-input\":{\"@type\":\"PropertyValueSpecification\",\"valueRequired\":true,\"valueName\":\"search_term_string\"}}],\"inLanguage\":\"fr-FR\"},{\"@type\":\"Organization\",\"@id\":\"https:\/\/b2b.calibereurope.com\/#organization\",\"name\":\"Caliber Europe B.V.\",\"url\":\"https:\/\/b2b.calibereurope.com\/\",\"logo\":{\"@type\":\"ImageObject\",\"inLanguage\":\"fr-FR\",\"@id\":\"https:\/\/b2b.calibereurope.com\/#\/schema\/logo\/image\/\",\"url\":\"https:\/\/b2b.calibereurope.com\/wp-content\/uploads\/2020\/12\/Caliber_Logo-Black.png\",\"contentUrl\":\"https:\/\/b2b.calibereurope.com\/wp-content\/uploads\/2020\/12\/Caliber_Logo-Black.png\",\"width\":3157,\"height\":356,\"caption\":\"Caliber Europe B.V.\"},\"image\":{\"@id\":\"https:\/\/b2b.calibereurope.com\/#\/schema\/logo\/image\/\"}}]}<\/script>\n<!-- \/ Yoast SEO plugin. -->","yoast_head_json":{"title":"Autoradio avec technologie Bluetooth\u00ae et DAB+ - CD\/USB\/SD 4x75Watt - Noir (RCD239DAB-BT) - Caliber Europe B.V.","robots":{"index":"noindex","follow":"follow","max-snippet":"max-snippet:-1","max-image-preview":"max-image-preview:large","max-video-preview":"max-video-preview:-1"},"og_locale":"fr_FR","og_type":"article","og_title":"Autoradio avec technologie Bluetooth\u00ae et DAB+ - CD\/USB\/SD 4x75Watt - Noir (RCD239DAB-BT) - Caliber Europe B.V.","og_description":"Technologie Bluetooth DAB+ FM A2DP et AVRCP ID3 Appel mains libres Lecteur de CD AUX USB ET SD RCA","og_url":"https:\/\/b2b.calibereurope.com\/product\/rcd239dab-bt-fr_fr\/","og_site_name":"Caliber Europe B.V.","article_modified_time":"2026-01-09T09:35:14+00:00","twitter_card":"summary_large_image","twitter_misc":{"Dur\u00e9e de lecture estim\u00e9e":"2 minutes"},"schema":{"@context":"https:\/\/schema.org","@graph":[{"@type":"WebPage","@id":"https:\/\/b2b.calibereurope.com\/product\/rcd239dab-bt-fr_fr\/","url":"https:\/\/b2b.calibereurope.com\/product\/rcd239dab-bt-fr_fr\/","name":"Autoradio avec technologie Bluetooth\u00ae et DAB+ - CD\/USB\/SD 4x75Watt - Noir (RCD239DAB-BT) - Caliber Europe B.V.","isPartOf":{"@id":"https:\/\/b2b.calibereurope.com\/#website"},"primaryImageOfPage":{"@id":"https:\/\/b2b.calibereurope.com\/product\/rcd239dab-bt-fr_fr\/#primaryimage"},"image":{"@id":"https:\/\/b2b.calibereurope.com\/product\/rcd239dab-bt-fr_fr\/#primaryimage"},"thumbnailUrl":"https:\/\/b2b.calibereurope.com\/wp-content\/uploads\/2024\/02\/9914610620fa4659854aee859ed90fbf4f7f1d57_RCD239DAB_BT-scaled.jpg","datePublished":"2024-02-05T00:00:00+00:00","dateModified":"2026-01-09T09:35:14+00:00","breadcrumb":{"@id":"https:\/\/b2b.calibereurope.com\/product\/rcd239dab-bt-fr_fr\/#breadcrumb"},"inLanguage":"fr-FR","potentialAction":[{"@type":"ReadAction","target":["https:\/\/b2b.calibereurope.com\/product\/rcd239dab-bt-fr_fr\/"]}]},{"@type":"ImageObject","inLanguage":"fr-FR","@id":"https:\/\/b2b.calibereurope.com\/product\/rcd239dab-bt-fr_fr\/#primaryimage","url":"https:\/\/b2b.calibereurope.com\/wp-content\/uploads\/2024\/02\/9914610620fa4659854aee859ed90fbf4f7f1d57_RCD239DAB_BT-scaled.jpg","contentUrl":"https:\/\/b2b.calibereurope.com\/wp-content\/uploads\/2024\/02\/9914610620fa4659854aee859ed90fbf4f7f1d57_RCD239DAB_BT-scaled.jpg","width":2560,"height":1422},{"@type":"BreadcrumbList","@id":"https:\/\/b2b.calibereurope.com\/product\/rcd239dab-bt-fr_fr\/#breadcrumb","itemListElement":[{"@type":"ListItem","position":1,"name":"Home","item":"https:\/\/b2b.calibereurope.com\/fr\/home\/"},{"@type":"ListItem","position":2,"name":"Boutique","item":"https:\/\/b2b.calibereurope.com\/fr\/boutique\/"},{"@type":"ListItem","position":3,"name":"Autoradio avec Bluetooth et DAB+ &#8211; CD\/USB\/SD 4x75Watt &#8211; Noir (RCD239DAB-BT)"}]},{"@type":"WebSite","@id":"https:\/\/b2b.calibereurope.com\/#website","url":"https:\/\/b2b.calibereurope.com\/","name":"Caliber Europe B.V.","description":"B2B Webshop","publisher":{"@id":"https:\/\/b2b.calibereurope.com\/#organization"},"potentialAction":[{"@type":"SearchAction","target":{"@type":"EntryPoint","urlTemplate":"https:\/\/b2b.calibereurope.com\/?s={search_term_string}"},"query-input":{"@type":"PropertyValueSpecification","valueRequired":true,"valueName":"search_term_string"}}],"inLanguage":"fr-FR"},{"@type":"Organization","@id":"https:\/\/b2b.calibereurope.com\/#organization","name":"Caliber Europe B.V.","url":"https:\/\/b2b.calibereurope.com\/","logo":{"@type":"ImageObject","inLanguage":"fr-FR","@id":"https:\/\/b2b.calibereurope.com\/#\/schema\/logo\/image\/","url":"https:\/\/b2b.calibereurope.com\/wp-content\/uploads\/2020\/12\/Caliber_Logo-Black.png","contentUrl":"https:\/\/b2b.calibereurope.com\/wp-content\/uploads\/2020\/12\/Caliber_Logo-Black.png","width":3157,"height":356,"caption":"Caliber Europe B.V."},"image":{"@id":"https:\/\/b2b.calibereurope.com\/#\/schema\/logo\/image\/"}}]}},"_links":{"self":[{"href":"https:\/\/b2b.calibereurope.com\/fr\/wp-json\/wp\/v2\/product\/603015","targetHints":{"allow":["GET"]}}],"collection":[{"href":"https:\/\/b2b.calibereurope.com\/fr\/wp-json\/wp\/v2\/product"}],"about":[{"href":"https:\/\/b2b.calibereurope.com\/fr\/wp-json\/wp\/v2\/types\/product"}],"version-history":[{"count":0,"href":"https:\/\/b2b.calibereurope.com\/fr\/wp-json\/wp\/v2\/product\/603015\/revisions"}],"wp:featuredmedia":[{"embeddable":true,"href":"https:\/\/b2b.calibereurope.com\/fr\/wp-json\/wp\/v2\/media\/841671"}],"wp:attachment":[{"href":"https:\/\/b2b.calibereurope.com\/fr\/wp-json\/wp\/v2\/media?parent=603015"}],"wp:term":[{"taxonomy":"product_brand","embeddable":true,"href":"https:\/\/b2b.calibereurope.com\/fr\/wp-json\/wp\/v2\/product_brand?post=603015"},{"taxonomy":"product_cat","embeddable":true,"href":"https:\/\/b2b.calibereurope.com\/fr\/wp-json\/wp\/v2\/product_cat?post=603015"},{"taxonomy":"product_tag","embeddable":true,"href":"https:\/\/b2b.calibereurope.com\/fr\/wp-json\/wp\/v2\/product_tag?post=603015"}],"curies":[{"name":"wp","href":"https:\/\/api.w.org\/{rel}","templated":true}]}}