{"id":604204,"date":"2023-10-09T02:00:00","date_gmt":"2023-10-09T00:00:00","guid":{"rendered":""},"modified":"2025-11-25T12:50:33","modified_gmt":"2025-11-25T11:50:33","slug":"PARTY-MEDIUM-fr_FR","status":"publish","type":"product","link":"https:\/\/b2b.calibereurope.com\/fr\/produit\/PARTY-MEDIUM-fr_FR\/","title":{"rendered":"Haut-parleur de f\u00eate avec Bluetooth\u00ae technologie, USB, batterie et lumi\u00e8res (PARTY MEDIUM)"},"content":{"rendered":"<p>La Caliber PARTY MEDIUM est une enceinte que vous pouvez utiliser pour les f\u00eates d&#39;anniversaire, les mariages, les soir\u00e9es karaok\u00e9 ou d&#39;autres f\u00eates. Ce coffret \u00e0 l&#39;\u00e9clairage LED festif dispose d&#39;une entr\u00e9e pour guitare et d&#39;une entr\u00e9e pour microphone, ce qui vous permet de donner une performance \u00e9clatante en duo lors d&#39;une f\u00eate. Ensuite, vous pouvez mettre votre playlist de f\u00eate pr\u00e9f\u00e9r\u00e9e en connectant votre smartphone ou votre ordinateur portable via&nbsp;<span style=\"font-size:11.0pt;line-height:107%;\nfont-family:&quot;Calibri&quot;,sans-serif;mso-ascii-theme-font:minor-latin;mso-fareast-font-family:\nCalibri;mso-fareast-theme-font:minor-latin;mso-hansi-theme-font:minor-latin;\nmso-bidi-font-family:&quot;Times New Roman&quot;;mso-bidi-theme-font:minor-bidi;\nmso-ansi-language:NL;mso-fareast-language:EN-US;mso-bidi-language:AR-SA\">Bluetooth\u00ae<br \/>\ntechnologie<\/span>.<\/p>\n<p><\/p>\n<p><span style=\"font-weight: bold;\">Contr\u00f4le du volume et de la tonalit\u00e9<\/span><\/p>\n<p>Vous ne manquerez pas de volume avec le PARTY MEDIUM. Les 2 haut-parleurs ont une puissance de sortie de pas moins de 60 Watts, suffisante pour une petite salle de f\u00eate. Pour que le son soit encore meilleur, cette enceinte Bluetooth dispose de commandes pour les basses et les aigus. En outre, vous pouvez donner plus d&#39;espace au son du chant en ajoutant une r\u00e9verb\u00e9ration. Le volume de la guitare peut \u00eatre r\u00e9gl\u00e9 s\u00e9par\u00e9ment, de sorte que l&#39;un n&#39;\u00e9touffe jamais l&#39;autre.<\/p>\n<p><\/p>\n<p><span style=\"font-weight: bold;\">Commandes et batterie<\/span><\/p>\n<p>Le panneau de commande du PARTY MEDIUM comporte des boutons pour la pause\/lecture, le retour en arri\u00e8re, l&#39;avance, la marche\/arr\u00eat, l&#39;enregistrement et la r\u00e9p\u00e9tition. Pour votre confort, une t\u00e9l\u00e9commande est incluse en standard. La batterie dure pas moins de 7 heures, ce qui est suffisant pour passer une f\u00eate. Vous pouvez le charger avec l&#39;adaptateur fourni.<\/p>\n","protected":false},"excerpt":{"rendered":"<p>Caliber PARTY MEDIUM Haut-parleur de f\u00eate Bluetooth\u00ae technologie avec USB, SD et prise de courant<\/p>\n","protected":false},"featured_media":834871,"template":"","meta":{"_acf_changed":false,"site-sidebar-layout":"default","site-content-layout":"","ast-site-content-layout":"default","site-content-style":"default","site-sidebar-style":"default","ast-global-header-display":"","ast-banner-title-visibility":"","ast-main-header-display":"","ast-hfb-above-header-display":"","ast-hfb-below-header-display":"","ast-hfb-mobile-header-display":"","site-post-title":"","ast-breadcrumbs-content":"","ast-featured-img":"","footer-sml-layout":"","theme-transparent-header-meta":"","adv-header-id-meta":"","stick-header-meta":"","header-above-stick-meta":"","header-main-stick-meta":"","header-below-stick-meta":"","astra-migrate-meta-layouts":"default","ast-page-background-enabled":"default","ast-page-background-meta":{"desktop":{"background-color":"","background-image":"","background-repeat":"repeat","background-position":"center center","background-size":"auto","background-attachment":"scroll","background-type":"","background-media":"","overlay-type":"","overlay-color":"","overlay-opacity":"","overlay-gradient":""},"tablet":{"background-color":"","background-image":"","background-repeat":"repeat","background-position":"center center","background-size":"auto","background-attachment":"scroll","background-type":"","background-media":"","overlay-type":"","overlay-color":"","overlay-opacity":"","overlay-gradient":""},"mobile":{"background-color":"","background-image":"","background-repeat":"repeat","background-position":"center center","background-size":"auto","background-attachment":"scroll","background-type":"","background-media":"","overlay-type":"","overlay-color":"","overlay-opacity":"","overlay-gradient":""}},"ast-content-background-meta":{"desktop":{"background-color":"var(--ast-global-color-5)","background-image":"","background-repeat":"repeat","background-position":"center center","background-size":"auto","background-attachment":"scroll","background-type":"","background-media":"","overlay-type":"","overlay-color":"","overlay-opacity":"","overlay-gradient":""},"tablet":{"background-color":"var(--ast-global-color-5)","background-image":"","background-repeat":"repeat","background-position":"center center","background-size":"auto","background-attachment":"scroll","background-type":"","background-media":"","overlay-type":"","overlay-color":"","overlay-opacity":"","overlay-gradient":""},"mobile":{"background-color":"var(--ast-global-color-5)","background-image":"","background-repeat":"repeat","background-position":"center center","background-size":"auto","background-attachment":"scroll","background-type":"","background-media":"","overlay-type":"","overlay-color":"","overlay-opacity":"","overlay-gradient":""}}},"product_brand":[],"product_cat":[20478,12246,12230,22955],"product_tag":[],"class_list":{"0":"post-604204","1":"product","2":"type-product","3":"status-publish","4":"has-post-thumbnail","6":"product_cat-geen-categorie","7":"product_cat-party_karaoke_speakers_fr_fr","8":"product_cat-geluid_fr_fr","9":"product_cat-pas-de-categorie","10":"desktop-align-center","11":"tablet-align-center","12":"mobile-align-center","13":"ast-product-gallery-layout-horizontal","14":"ast-product-tabs-layout-horizontal","16":"first","17":"onbackorder","18":"taxable","19":"shipping-taxable","20":"purchasable","21":"product-type-simple"},"acf":[],"yoast_head":"<!-- This site is optimized with the Yoast SEO plugin v26.5 - https:\/\/yoast.com\/wordpress\/plugins\/seo\/ -->\n<title>Haut-parleur de f\u00eate avec Bluetooth\u00ae technologie, USB, batterie et lumi\u00e8res (PARTY MEDIUM) - Caliber Europe B.V.<\/title>\n<meta name=\"robots\" content=\"noindex, follow, max-snippet:-1, max-image-preview:large, max-video-preview:-1\" \/>\n<meta property=\"og:locale\" content=\"fr_FR\" \/>\n<meta property=\"og:type\" content=\"article\" \/>\n<meta property=\"og:title\" content=\"Haut-parleur de f\u00eate avec Bluetooth\u00ae technologie, USB, batterie et lumi\u00e8res (PARTY MEDIUM) - Caliber Europe B.V.\" \/>\n<meta property=\"og:description\" content=\"Caliber PARTY MEDIUM Haut-parleur de f\u00eate Bluetooth\u00ae technologie avec USB, SD et prise de courant\" \/>\n<meta property=\"og:url\" content=\"https:\/\/b2b.calibereurope.com\/product\/party-medium-fr_fr\/\" \/>\n<meta property=\"og:site_name\" content=\"Caliber Europe B.V.\" \/>\n<meta property=\"article:modified_time\" content=\"2025-11-25T11:50:33+00:00\" \/>\n<meta name=\"twitter:card\" content=\"summary_large_image\" \/>\n<meta name=\"twitter:label1\" content=\"Dur\u00e9e de lecture estim\u00e9e\" \/>\n\t<meta name=\"twitter:data1\" content=\"1 minute\" \/>\n<script type=\"application\/ld+json\" class=\"yoast-schema-graph\">{\"@context\":\"https:\/\/schema.org\",\"@graph\":[{\"@type\":\"WebPage\",\"@id\":\"https:\/\/b2b.calibereurope.com\/product\/party-medium-fr_fr\/\",\"url\":\"https:\/\/b2b.calibereurope.com\/product\/party-medium-fr_fr\/\",\"name\":\"Haut-parleur de f\u00eate avec Bluetooth\u00ae technologie, USB, batterie et lumi\u00e8res (PARTY MEDIUM) - Caliber Europe B.V.\",\"isPartOf\":{\"@id\":\"https:\/\/b2b.calibereurope.com\/#website\"},\"primaryImageOfPage\":{\"@id\":\"https:\/\/b2b.calibereurope.com\/product\/party-medium-fr_fr\/#primaryimage\"},\"image\":{\"@id\":\"https:\/\/b2b.calibereurope.com\/product\/party-medium-fr_fr\/#primaryimage\"},\"thumbnailUrl\":\"https:\/\/b2b.calibereurope.com\/wp-content\/uploads\/2023\/10\/7d7d96779a723024e5619bbe715f53d32385f8bf_HPA502BTL-scaled.png\",\"datePublished\":\"2023-10-09T00:00:00+00:00\",\"dateModified\":\"2025-11-25T11:50:33+00:00\",\"breadcrumb\":{\"@id\":\"https:\/\/b2b.calibereurope.com\/product\/party-medium-fr_fr\/#breadcrumb\"},\"inLanguage\":\"fr-FR\",\"potentialAction\":[{\"@type\":\"ReadAction\",\"target\":[\"https:\/\/b2b.calibereurope.com\/product\/party-medium-fr_fr\/\"]}]},{\"@type\":\"ImageObject\",\"inLanguage\":\"fr-FR\",\"@id\":\"https:\/\/b2b.calibereurope.com\/product\/party-medium-fr_fr\/#primaryimage\",\"url\":\"https:\/\/b2b.calibereurope.com\/wp-content\/uploads\/2023\/10\/7d7d96779a723024e5619bbe715f53d32385f8bf_HPA502BTL-scaled.png\",\"contentUrl\":\"https:\/\/b2b.calibereurope.com\/wp-content\/uploads\/2023\/10\/7d7d96779a723024e5619bbe715f53d32385f8bf_HPA502BTL-scaled.png\",\"width\":2560,\"height\":1920},{\"@type\":\"BreadcrumbList\",\"@id\":\"https:\/\/b2b.calibereurope.com\/product\/party-medium-fr_fr\/#breadcrumb\",\"itemListElement\":[{\"@type\":\"ListItem\",\"position\":1,\"name\":\"Home\",\"item\":\"https:\/\/b2b.calibereurope.com\/fr\/home\/\"},{\"@type\":\"ListItem\",\"position\":2,\"name\":\"Boutique\",\"item\":\"https:\/\/b2b.calibereurope.com\/fr\/boutique\/\"},{\"@type\":\"ListItem\",\"position\":3,\"name\":\"Haut-parleur de f\u00eate avec Bluetooth, USB, batterie et lumi\u00e8res (PARTY MEDIUM)\"}]},{\"@type\":\"WebSite\",\"@id\":\"https:\/\/b2b.calibereurope.com\/#website\",\"url\":\"https:\/\/b2b.calibereurope.com\/\",\"name\":\"Caliber Europe B.V.\",\"description\":\"B2B Webshop\",\"publisher\":{\"@id\":\"https:\/\/b2b.calibereurope.com\/#organization\"},\"potentialAction\":[{\"@type\":\"SearchAction\",\"target\":{\"@type\":\"EntryPoint\",\"urlTemplate\":\"https:\/\/b2b.calibereurope.com\/?s={search_term_string}\"},\"query-input\":{\"@type\":\"PropertyValueSpecification\",\"valueRequired\":true,\"valueName\":\"search_term_string\"}}],\"inLanguage\":\"fr-FR\"},{\"@type\":\"Organization\",\"@id\":\"https:\/\/b2b.calibereurope.com\/#organization\",\"name\":\"Caliber Europe B.V.\",\"url\":\"https:\/\/b2b.calibereurope.com\/\",\"logo\":{\"@type\":\"ImageObject\",\"inLanguage\":\"fr-FR\",\"@id\":\"https:\/\/b2b.calibereurope.com\/#\/schema\/logo\/image\/\",\"url\":\"https:\/\/b2b.calibereurope.com\/wp-content\/uploads\/2020\/12\/Caliber_Logo-Black.png\",\"contentUrl\":\"https:\/\/b2b.calibereurope.com\/wp-content\/uploads\/2020\/12\/Caliber_Logo-Black.png\",\"width\":3157,\"height\":356,\"caption\":\"Caliber Europe B.V.\"},\"image\":{\"@id\":\"https:\/\/b2b.calibereurope.com\/#\/schema\/logo\/image\/\"}}]}<\/script>\n<!-- \/ Yoast SEO plugin. -->","yoast_head_json":{"title":"Haut-parleur de f\u00eate avec Bluetooth\u00ae technologie, USB, batterie et lumi\u00e8res (PARTY MEDIUM) - Caliber Europe B.V.","robots":{"index":"noindex","follow":"follow","max-snippet":"max-snippet:-1","max-image-preview":"max-image-preview:large","max-video-preview":"max-video-preview:-1"},"og_locale":"fr_FR","og_type":"article","og_title":"Haut-parleur de f\u00eate avec Bluetooth\u00ae technologie, USB, batterie et lumi\u00e8res (PARTY MEDIUM) - Caliber Europe B.V.","og_description":"Caliber PARTY MEDIUM Haut-parleur de f\u00eate Bluetooth\u00ae technologie avec USB, SD et prise de courant","og_url":"https:\/\/b2b.calibereurope.com\/product\/party-medium-fr_fr\/","og_site_name":"Caliber Europe B.V.","article_modified_time":"2025-11-25T11:50:33+00:00","twitter_card":"summary_large_image","twitter_misc":{"Dur\u00e9e de lecture estim\u00e9e":"1 minute"},"schema":{"@context":"https:\/\/schema.org","@graph":[{"@type":"WebPage","@id":"https:\/\/b2b.calibereurope.com\/product\/party-medium-fr_fr\/","url":"https:\/\/b2b.calibereurope.com\/product\/party-medium-fr_fr\/","name":"Haut-parleur de f\u00eate avec Bluetooth\u00ae technologie, USB, batterie et lumi\u00e8res (PARTY MEDIUM) - Caliber Europe B.V.","isPartOf":{"@id":"https:\/\/b2b.calibereurope.com\/#website"},"primaryImageOfPage":{"@id":"https:\/\/b2b.calibereurope.com\/product\/party-medium-fr_fr\/#primaryimage"},"image":{"@id":"https:\/\/b2b.calibereurope.com\/product\/party-medium-fr_fr\/#primaryimage"},"thumbnailUrl":"https:\/\/b2b.calibereurope.com\/wp-content\/uploads\/2023\/10\/7d7d96779a723024e5619bbe715f53d32385f8bf_HPA502BTL-scaled.png","datePublished":"2023-10-09T00:00:00+00:00","dateModified":"2025-11-25T11:50:33+00:00","breadcrumb":{"@id":"https:\/\/b2b.calibereurope.com\/product\/party-medium-fr_fr\/#breadcrumb"},"inLanguage":"fr-FR","potentialAction":[{"@type":"ReadAction","target":["https:\/\/b2b.calibereurope.com\/product\/party-medium-fr_fr\/"]}]},{"@type":"ImageObject","inLanguage":"fr-FR","@id":"https:\/\/b2b.calibereurope.com\/product\/party-medium-fr_fr\/#primaryimage","url":"https:\/\/b2b.calibereurope.com\/wp-content\/uploads\/2023\/10\/7d7d96779a723024e5619bbe715f53d32385f8bf_HPA502BTL-scaled.png","contentUrl":"https:\/\/b2b.calibereurope.com\/wp-content\/uploads\/2023\/10\/7d7d96779a723024e5619bbe715f53d32385f8bf_HPA502BTL-scaled.png","width":2560,"height":1920},{"@type":"BreadcrumbList","@id":"https:\/\/b2b.calibereurope.com\/product\/party-medium-fr_fr\/#breadcrumb","itemListElement":[{"@type":"ListItem","position":1,"name":"Home","item":"https:\/\/b2b.calibereurope.com\/fr\/home\/"},{"@type":"ListItem","position":2,"name":"Boutique","item":"https:\/\/b2b.calibereurope.com\/fr\/boutique\/"},{"@type":"ListItem","position":3,"name":"Haut-parleur de f\u00eate avec Bluetooth, USB, batterie et lumi\u00e8res (PARTY MEDIUM)"}]},{"@type":"WebSite","@id":"https:\/\/b2b.calibereurope.com\/#website","url":"https:\/\/b2b.calibereurope.com\/","name":"Caliber Europe B.V.","description":"B2B Webshop","publisher":{"@id":"https:\/\/b2b.calibereurope.com\/#organization"},"potentialAction":[{"@type":"SearchAction","target":{"@type":"EntryPoint","urlTemplate":"https:\/\/b2b.calibereurope.com\/?s={search_term_string}"},"query-input":{"@type":"PropertyValueSpecification","valueRequired":true,"valueName":"search_term_string"}}],"inLanguage":"fr-FR"},{"@type":"Organization","@id":"https:\/\/b2b.calibereurope.com\/#organization","name":"Caliber Europe B.V.","url":"https:\/\/b2b.calibereurope.com\/","logo":{"@type":"ImageObject","inLanguage":"fr-FR","@id":"https:\/\/b2b.calibereurope.com\/#\/schema\/logo\/image\/","url":"https:\/\/b2b.calibereurope.com\/wp-content\/uploads\/2020\/12\/Caliber_Logo-Black.png","contentUrl":"https:\/\/b2b.calibereurope.com\/wp-content\/uploads\/2020\/12\/Caliber_Logo-Black.png","width":3157,"height":356,"caption":"Caliber Europe B.V."},"image":{"@id":"https:\/\/b2b.calibereurope.com\/#\/schema\/logo\/image\/"}}]}},"_links":{"self":[{"href":"https:\/\/b2b.calibereurope.com\/fr\/wp-json\/wp\/v2\/product\/604204","targetHints":{"allow":["GET"]}}],"collection":[{"href":"https:\/\/b2b.calibereurope.com\/fr\/wp-json\/wp\/v2\/product"}],"about":[{"href":"https:\/\/b2b.calibereurope.com\/fr\/wp-json\/wp\/v2\/types\/product"}],"version-history":[{"count":0,"href":"https:\/\/b2b.calibereurope.com\/fr\/wp-json\/wp\/v2\/product\/604204\/revisions"}],"wp:featuredmedia":[{"embeddable":true,"href":"https:\/\/b2b.calibereurope.com\/fr\/wp-json\/wp\/v2\/media\/834871"}],"wp:attachment":[{"href":"https:\/\/b2b.calibereurope.com\/fr\/wp-json\/wp\/v2\/media?parent=604204"}],"wp:term":[{"taxonomy":"product_brand","embeddable":true,"href":"https:\/\/b2b.calibereurope.com\/fr\/wp-json\/wp\/v2\/product_brand?post=604204"},{"taxonomy":"product_cat","embeddable":true,"href":"https:\/\/b2b.calibereurope.com\/fr\/wp-json\/wp\/v2\/product_cat?post=604204"},{"taxonomy":"product_tag","embeddable":true,"href":"https:\/\/b2b.calibereurope.com\/fr\/wp-json\/wp\/v2\/product_tag?post=604204"}],"curies":[{"name":"wp","href":"https:\/\/api.w.org\/{rel}","templated":true}]}}