{"id":617514,"date":"2025-10-07T02:00:00","date_gmt":"2025-10-07T00:00:00","guid":{"rendered":""},"modified":"2025-11-06T14:57:22","modified_gmt":"2025-11-06T13:57:22","slug":"RMD053DAB-fr_FR","status":"publish","type":"product","link":"https:\/\/b2b.calibereurope.com\/fr\/produit\/RMD053DAB-fr_FR\/","title":{"rendered":"Autoradio avec Chargeur USB, radio FM et DAB+ &#8211; 4 x 75 Watt \u2013 DIN simple &#8211; Sortie RCA (RMD053DAB)"},"content":{"rendered":"<p> Rendez chaque trajet en voiture un peu plus agr\u00e9able avec l&#39;autoradio Caliber RMD053DAB avec USB. Vous \u00e9coutez de nombreuses <strong> stations de radio DAB+ et FM <\/strong>. Vous pouvez \u00e9galement \u00e9couter votre propre musique via <strong>USB, AUX et SD<\/strong>. De cette mani\u00e8re vous \u00e9coutez donc toujours la radio d&#39;une mani\u00e8re qui vous convient. La radio a une <strong> puissance de 4 x 75 watt<\/strong>. Cela n\u2019est pas suffisant ? Vous pouvez alors connecter un amplificateur gr\u00e2ce \u00e0 la <strong> double sortie RCA <\/strong>. Le <strong> port USB <\/strong> vous permet \u00e9galement de charger votre t\u00e9l\u00e9phone pendant les trajets en voiture. Ainsi, vous n&#39;arriverez jamais avec une batterie \u00e0 plat ! <\/p>\n<p> <strong> Caract\u00e9ristiques :<\/strong> <\/p>\n<ul>\n<li> Puissance : 4 x 75 watts\n<li> \u00c9clairage des touches personnalisable\n<li> USB, AUX et SD (jusqu&#39;\u00e0 32 Go)\n<li> Lecture des fichiers MP3 et WMA\n<li> ID3-Tag\n<li> Port de charge USB 1.1 extra standard\n<li> Tuner radio DAB+\/FM\n<li> Sortie double RCA\n<li> Format 1 DIN\n<li> Profondeur d&#39;installation 110 mm <\/li>\n<\/ul>\n<h3> Avec cet autoradio Bluetooth, vous \u00eates entour\u00e9 de la meilleure musique <\/h3>\n<p> Vous chantez \u00e0 tue-t\u00eate les derni\u00e8res chansons du top 40 ou vous pr\u00e9f\u00e9rez \u00e9couter du rock \u00e0 vous en faire exploser les oreilles ? Cet autoradio Caliber a tout pour plaire. Gr\u00e2ce \u00e0 l&#39;autoradio DAB, vous \u00e9coutez de nombreuses cha\u00eenes DAB+ et FM, qui vous surprennent chaque jour avec de nouvelles chansons. Si vous pr\u00e9f\u00e9rez \u00e9couter vos propres listes de lecture, vous pouvez connecter votre t\u00e9l\u00e9phone via un c\u00e2ble AUX. Vous pouvez \u00e9galement \u00e9couter de la musique via une cl\u00e9 USB ou une carte SD. <\/p>\n<h3> Ne tombez plus jamais en panne de batterie gr\u00e2ce \u00e0 cette autoradio <\/h3>\n<p> Si vous \u00eates r\u00e9guli\u00e8rement sur la route pendant de longues p\u00e9riodes, il devient vite \u00e9vident qu&#39;une station de charge embarqu\u00e9e est indispensable. L&#39;autoradio 1 DIN dispose donc d&#39;un port USB. Vous pouvez l&#39;utiliser pour charger votre t\u00e9l\u00e9phone. Ainsi, vous n&#39;arriverez plus jamais \u00e0 destination avec une batterie vide et vous pourrez simplement utiliser votre t\u00e9l\u00e9phone pour naviguer sur la route. <\/p>\n<h3> Cet autoradio convient \u00e0 de nombreuses voitures <\/h3>\n<p> L&#39;autoradio DAB a une profondeur d&#39;installation de 110 millim\u00e8tres et un format 1 DIN. L&#39;autoradio convient donc \u00e0 de nombreuses voitures diff\u00e9rentes. Vous conduisez un ancien mod\u00e8le de voiture et elle n\u2019est pas \u00e9quip\u00e9e d\u2019un bon amplificateur ? Alors, vous pouvez facilement la connecter vous-m\u00eame \u00e0 la radio gr\u00e2ce \u00e0 la double sortie RCA. Ainsi, vous b\u00e9n\u00e9ficierez toujours d&#39;un volume suffisant<\/p>\n<p> <strong> Inclus : <\/strong> <\/p>\n<ul>\n<li> Autoradio Caliber RMD053DAB\n<li> Antenne DAB+\n<li> T\u00e9l\u00e9commande  <\/li>\n<\/ul>\n","protected":false},"excerpt":{"rendered":"<p>Rendez chaque trajet en voiture un peu plus agr\u00e9able avec l&#39;autoradio Caliber RMD053DAB avec USB. Vous \u00e9coutez de nombreuses stations de radio DAB+ et FM . Vous pouvez \u00e9galement \u00e9couter votre propre musique via USB, AUX et SD. De cette mani\u00e8re vous \u00e9coutez donc toujours la radio d&#39;une mani\u00e8re qui vous convient. La radio a [&hellip;]<\/p>\n","protected":false},"featured_media":858215,"template":"","meta":{"_acf_changed":false,"site-sidebar-layout":"default","site-content-layout":"","ast-site-content-layout":"default","site-content-style":"default","site-sidebar-style":"default","ast-global-header-display":"","ast-banner-title-visibility":"","ast-main-header-display":"","ast-hfb-above-header-display":"","ast-hfb-below-header-display":"","ast-hfb-mobile-header-display":"","site-post-title":"","ast-breadcrumbs-content":"","ast-featured-img":"","footer-sml-layout":"","theme-transparent-header-meta":"","adv-header-id-meta":"","stick-header-meta":"","header-above-stick-meta":"","header-main-stick-meta":"","header-below-stick-meta":"","astra-migrate-meta-layouts":"default","ast-page-background-enabled":"default","ast-page-background-meta":{"desktop":{"background-color":"","background-image":"","background-repeat":"repeat","background-position":"center center","background-size":"auto","background-attachment":"scroll","background-type":"","background-media":"","overlay-type":"","overlay-color":"","overlay-opacity":"","overlay-gradient":""},"tablet":{"background-color":"","background-image":"","background-repeat":"repeat","background-position":"center center","background-size":"auto","background-attachment":"scroll","background-type":"","background-media":"","overlay-type":"","overlay-color":"","overlay-opacity":"","overlay-gradient":""},"mobile":{"background-color":"","background-image":"","background-repeat":"repeat","background-position":"center center","background-size":"auto","background-attachment":"scroll","background-type":"","background-media":"","overlay-type":"","overlay-color":"","overlay-opacity":"","overlay-gradient":""}},"ast-content-background-meta":{"desktop":{"background-color":"var(--ast-global-color-5)","background-image":"","background-repeat":"repeat","background-position":"center center","background-size":"auto","background-attachment":"scroll","background-type":"","background-media":"","overlay-type":"","overlay-color":"","overlay-opacity":"","overlay-gradient":""},"tablet":{"background-color":"var(--ast-global-color-5)","background-image":"","background-repeat":"repeat","background-position":"center center","background-size":"auto","background-attachment":"scroll","background-type":"","background-media":"","overlay-type":"","overlay-color":"","overlay-opacity":"","overlay-gradient":""},"mobile":{"background-color":"var(--ast-global-color-5)","background-image":"","background-repeat":"repeat","background-position":"center center","background-size":"auto","background-attachment":"scroll","background-type":"","background-media":"","overlay-type":"","overlay-color":"","overlay-opacity":"","overlay-gradient":""}}},"product_brand":[],"product_cat":[22955],"product_tag":[],"class_list":{"0":"post-617514","1":"product","2":"type-product","3":"status-publish","4":"has-post-thumbnail","6":"product_cat-pas-de-categorie","7":"desktop-align-center","8":"tablet-align-center","9":"mobile-align-center","10":"ast-product-gallery-layout-horizontal","11":"ast-product-tabs-layout-horizontal","13":"first","14":"outofstock","15":"taxable","16":"shipping-taxable","17":"purchasable","18":"product-type-simple"},"acf":[],"yoast_head":"<!-- This site is optimized with the Yoast SEO plugin v26.5 - https:\/\/yoast.com\/wordpress\/plugins\/seo\/ -->\n<title>Autoradio avec Chargeur USB, radio FM et DAB+ - 4 x 75 Watt \u2013 DIN simple - Sortie RCA (RMD053DAB) - Caliber Europe B.V.<\/title>\n<meta name=\"robots\" content=\"noindex, follow, max-snippet:-1, max-image-preview:large, max-video-preview:-1\" \/>\n<meta property=\"og:locale\" content=\"fr_FR\" \/>\n<meta property=\"og:type\" content=\"article\" \/>\n<meta property=\"og:title\" content=\"Autoradio avec Chargeur USB, radio FM et DAB+ - 4 x 75 Watt \u2013 DIN simple - Sortie RCA (RMD053DAB) - Caliber Europe B.V.\" \/>\n<meta property=\"og:description\" content=\"Rendez chaque trajet en voiture un peu plus agr\u00e9able avec l&#039;autoradio Caliber RMD053DAB avec USB. Vous \u00e9coutez de nombreuses stations de radio DAB+ et FM . Vous pouvez \u00e9galement \u00e9couter votre propre musique via USB, AUX et SD. De cette mani\u00e8re vous \u00e9coutez donc toujours la radio d&#039;une mani\u00e8re qui vous convient. La radio a [&hellip;]\" \/>\n<meta property=\"og:url\" content=\"https:\/\/b2b.calibereurope.com\/product\/rmd053dab-fr_fr\/\" \/>\n<meta property=\"og:site_name\" content=\"Caliber Europe B.V.\" \/>\n<meta property=\"article:modified_time\" content=\"2025-11-06T13:57:22+00:00\" \/>\n<meta name=\"twitter:card\" content=\"summary_large_image\" \/>\n<meta name=\"twitter:label1\" content=\"Dur\u00e9e de lecture estim\u00e9e\" \/>\n\t<meta name=\"twitter:data1\" content=\"2 minutes\" \/>\n<script type=\"application\/ld+json\" class=\"yoast-schema-graph\">{\"@context\":\"https:\/\/schema.org\",\"@graph\":[{\"@type\":\"WebPage\",\"@id\":\"https:\/\/b2b.calibereurope.com\/product\/rmd053dab-fr_fr\/\",\"url\":\"https:\/\/b2b.calibereurope.com\/product\/rmd053dab-fr_fr\/\",\"name\":\"Autoradio avec Chargeur USB, radio FM et DAB+ - 4 x 75 Watt \u2013 DIN simple - Sortie RCA (RMD053DAB) - Caliber Europe B.V.\",\"isPartOf\":{\"@id\":\"https:\/\/b2b.calibereurope.com\/#website\"},\"primaryImageOfPage\":{\"@id\":\"https:\/\/b2b.calibereurope.com\/product\/rmd053dab-fr_fr\/#primaryimage\"},\"image\":{\"@id\":\"https:\/\/b2b.calibereurope.com\/product\/rmd053dab-fr_fr\/#primaryimage\"},\"thumbnailUrl\":\"https:\/\/b2b.calibereurope.com\/wp-content\/uploads\/2025\/10\/d6c2b196bb1a87f4f83f33d8e86827956fb04844_RMD053DAB-scaled.png\",\"datePublished\":\"2025-10-07T00:00:00+00:00\",\"dateModified\":\"2025-11-06T13:57:22+00:00\",\"breadcrumb\":{\"@id\":\"https:\/\/b2b.calibereurope.com\/product\/rmd053dab-fr_fr\/#breadcrumb\"},\"inLanguage\":\"fr-FR\",\"potentialAction\":[{\"@type\":\"ReadAction\",\"target\":[\"https:\/\/b2b.calibereurope.com\/product\/rmd053dab-fr_fr\/\"]}]},{\"@type\":\"ImageObject\",\"inLanguage\":\"fr-FR\",\"@id\":\"https:\/\/b2b.calibereurope.com\/product\/rmd053dab-fr_fr\/#primaryimage\",\"url\":\"https:\/\/b2b.calibereurope.com\/wp-content\/uploads\/2025\/10\/d6c2b196bb1a87f4f83f33d8e86827956fb04844_RMD053DAB-scaled.png\",\"contentUrl\":\"https:\/\/b2b.calibereurope.com\/wp-content\/uploads\/2025\/10\/d6c2b196bb1a87f4f83f33d8e86827956fb04844_RMD053DAB-scaled.png\",\"width\":2560,\"height\":1920},{\"@type\":\"BreadcrumbList\",\"@id\":\"https:\/\/b2b.calibereurope.com\/product\/rmd053dab-fr_fr\/#breadcrumb\",\"itemListElement\":[{\"@type\":\"ListItem\",\"position\":1,\"name\":\"Home\",\"item\":\"https:\/\/b2b.calibereurope.com\/fr\/home\/\"},{\"@type\":\"ListItem\",\"position\":2,\"name\":\"Boutique\",\"item\":\"https:\/\/b2b.calibereurope.com\/fr\/boutique\/\"},{\"@type\":\"ListItem\",\"position\":3,\"name\":\"Autoradio &#8211; DAB+ FM Radio USB SD 4X 75W (RMD053DAB)\"}]},{\"@type\":\"WebSite\",\"@id\":\"https:\/\/b2b.calibereurope.com\/#website\",\"url\":\"https:\/\/b2b.calibereurope.com\/\",\"name\":\"Caliber Europe B.V.\",\"description\":\"B2B Webshop\",\"publisher\":{\"@id\":\"https:\/\/b2b.calibereurope.com\/#organization\"},\"potentialAction\":[{\"@type\":\"SearchAction\",\"target\":{\"@type\":\"EntryPoint\",\"urlTemplate\":\"https:\/\/b2b.calibereurope.com\/?s={search_term_string}\"},\"query-input\":{\"@type\":\"PropertyValueSpecification\",\"valueRequired\":true,\"valueName\":\"search_term_string\"}}],\"inLanguage\":\"fr-FR\"},{\"@type\":\"Organization\",\"@id\":\"https:\/\/b2b.calibereurope.com\/#organization\",\"name\":\"Caliber Europe B.V.\",\"url\":\"https:\/\/b2b.calibereurope.com\/\",\"logo\":{\"@type\":\"ImageObject\",\"inLanguage\":\"fr-FR\",\"@id\":\"https:\/\/b2b.calibereurope.com\/#\/schema\/logo\/image\/\",\"url\":\"https:\/\/b2b.calibereurope.com\/wp-content\/uploads\/2020\/12\/Caliber_Logo-Black.png\",\"contentUrl\":\"https:\/\/b2b.calibereurope.com\/wp-content\/uploads\/2020\/12\/Caliber_Logo-Black.png\",\"width\":3157,\"height\":356,\"caption\":\"Caliber Europe B.V.\"},\"image\":{\"@id\":\"https:\/\/b2b.calibereurope.com\/#\/schema\/logo\/image\/\"}}]}<\/script>\n<!-- \/ Yoast SEO plugin. -->","yoast_head_json":{"title":"Autoradio avec Chargeur USB, radio FM et DAB+ - 4 x 75 Watt \u2013 DIN simple - Sortie RCA (RMD053DAB) - Caliber Europe B.V.","robots":{"index":"noindex","follow":"follow","max-snippet":"max-snippet:-1","max-image-preview":"max-image-preview:large","max-video-preview":"max-video-preview:-1"},"og_locale":"fr_FR","og_type":"article","og_title":"Autoradio avec Chargeur USB, radio FM et DAB+ - 4 x 75 Watt \u2013 DIN simple - Sortie RCA (RMD053DAB) - Caliber Europe B.V.","og_description":"Rendez chaque trajet en voiture un peu plus agr\u00e9able avec l&#39;autoradio Caliber RMD053DAB avec USB. Vous \u00e9coutez de nombreuses stations de radio DAB+ et FM . Vous pouvez \u00e9galement \u00e9couter votre propre musique via USB, AUX et SD. De cette mani\u00e8re vous \u00e9coutez donc toujours la radio d&#39;une mani\u00e8re qui vous convient. La radio a [&hellip;]","og_url":"https:\/\/b2b.calibereurope.com\/product\/rmd053dab-fr_fr\/","og_site_name":"Caliber Europe B.V.","article_modified_time":"2025-11-06T13:57:22+00:00","twitter_card":"summary_large_image","twitter_misc":{"Dur\u00e9e de lecture estim\u00e9e":"2 minutes"},"schema":{"@context":"https:\/\/schema.org","@graph":[{"@type":"WebPage","@id":"https:\/\/b2b.calibereurope.com\/product\/rmd053dab-fr_fr\/","url":"https:\/\/b2b.calibereurope.com\/product\/rmd053dab-fr_fr\/","name":"Autoradio avec Chargeur USB, radio FM et DAB+ - 4 x 75 Watt \u2013 DIN simple - Sortie RCA (RMD053DAB) - Caliber Europe B.V.","isPartOf":{"@id":"https:\/\/b2b.calibereurope.com\/#website"},"primaryImageOfPage":{"@id":"https:\/\/b2b.calibereurope.com\/product\/rmd053dab-fr_fr\/#primaryimage"},"image":{"@id":"https:\/\/b2b.calibereurope.com\/product\/rmd053dab-fr_fr\/#primaryimage"},"thumbnailUrl":"https:\/\/b2b.calibereurope.com\/wp-content\/uploads\/2025\/10\/d6c2b196bb1a87f4f83f33d8e86827956fb04844_RMD053DAB-scaled.png","datePublished":"2025-10-07T00:00:00+00:00","dateModified":"2025-11-06T13:57:22+00:00","breadcrumb":{"@id":"https:\/\/b2b.calibereurope.com\/product\/rmd053dab-fr_fr\/#breadcrumb"},"inLanguage":"fr-FR","potentialAction":[{"@type":"ReadAction","target":["https:\/\/b2b.calibereurope.com\/product\/rmd053dab-fr_fr\/"]}]},{"@type":"ImageObject","inLanguage":"fr-FR","@id":"https:\/\/b2b.calibereurope.com\/product\/rmd053dab-fr_fr\/#primaryimage","url":"https:\/\/b2b.calibereurope.com\/wp-content\/uploads\/2025\/10\/d6c2b196bb1a87f4f83f33d8e86827956fb04844_RMD053DAB-scaled.png","contentUrl":"https:\/\/b2b.calibereurope.com\/wp-content\/uploads\/2025\/10\/d6c2b196bb1a87f4f83f33d8e86827956fb04844_RMD053DAB-scaled.png","width":2560,"height":1920},{"@type":"BreadcrumbList","@id":"https:\/\/b2b.calibereurope.com\/product\/rmd053dab-fr_fr\/#breadcrumb","itemListElement":[{"@type":"ListItem","position":1,"name":"Home","item":"https:\/\/b2b.calibereurope.com\/fr\/home\/"},{"@type":"ListItem","position":2,"name":"Boutique","item":"https:\/\/b2b.calibereurope.com\/fr\/boutique\/"},{"@type":"ListItem","position":3,"name":"Autoradio &#8211; DAB+ FM Radio USB SD 4X 75W (RMD053DAB)"}]},{"@type":"WebSite","@id":"https:\/\/b2b.calibereurope.com\/#website","url":"https:\/\/b2b.calibereurope.com\/","name":"Caliber Europe B.V.","description":"B2B Webshop","publisher":{"@id":"https:\/\/b2b.calibereurope.com\/#organization"},"potentialAction":[{"@type":"SearchAction","target":{"@type":"EntryPoint","urlTemplate":"https:\/\/b2b.calibereurope.com\/?s={search_term_string}"},"query-input":{"@type":"PropertyValueSpecification","valueRequired":true,"valueName":"search_term_string"}}],"inLanguage":"fr-FR"},{"@type":"Organization","@id":"https:\/\/b2b.calibereurope.com\/#organization","name":"Caliber Europe B.V.","url":"https:\/\/b2b.calibereurope.com\/","logo":{"@type":"ImageObject","inLanguage":"fr-FR","@id":"https:\/\/b2b.calibereurope.com\/#\/schema\/logo\/image\/","url":"https:\/\/b2b.calibereurope.com\/wp-content\/uploads\/2020\/12\/Caliber_Logo-Black.png","contentUrl":"https:\/\/b2b.calibereurope.com\/wp-content\/uploads\/2020\/12\/Caliber_Logo-Black.png","width":3157,"height":356,"caption":"Caliber Europe B.V."},"image":{"@id":"https:\/\/b2b.calibereurope.com\/#\/schema\/logo\/image\/"}}]}},"_links":{"self":[{"href":"https:\/\/b2b.calibereurope.com\/fr\/wp-json\/wp\/v2\/product\/617514","targetHints":{"allow":["GET"]}}],"collection":[{"href":"https:\/\/b2b.calibereurope.com\/fr\/wp-json\/wp\/v2\/product"}],"about":[{"href":"https:\/\/b2b.calibereurope.com\/fr\/wp-json\/wp\/v2\/types\/product"}],"version-history":[{"count":0,"href":"https:\/\/b2b.calibereurope.com\/fr\/wp-json\/wp\/v2\/product\/617514\/revisions"}],"wp:featuredmedia":[{"embeddable":true,"href":"https:\/\/b2b.calibereurope.com\/fr\/wp-json\/wp\/v2\/media\/858215"}],"wp:attachment":[{"href":"https:\/\/b2b.calibereurope.com\/fr\/wp-json\/wp\/v2\/media?parent=617514"}],"wp:term":[{"taxonomy":"product_brand","embeddable":true,"href":"https:\/\/b2b.calibereurope.com\/fr\/wp-json\/wp\/v2\/product_brand?post=617514"},{"taxonomy":"product_cat","embeddable":true,"href":"https:\/\/b2b.calibereurope.com\/fr\/wp-json\/wp\/v2\/product_cat?post=617514"},{"taxonomy":"product_tag","embeddable":true,"href":"https:\/\/b2b.calibereurope.com\/fr\/wp-json\/wp\/v2\/product_tag?post=617514"}],"curies":[{"name":"wp","href":"https:\/\/api.w.org\/{rel}","templated":true}]}}