{"id":618462,"date":"2025-01-15T01:00:00","date_gmt":"2025-01-15T00:00:00","guid":{"rendered":""},"modified":"2025-01-15T08:46:19","modified_gmt":"2025-01-15T07:46:19","slug":"tws100a-fr_fr","status":"publish","type":"product","link":"https:\/\/b2b.calibereurope.com\/fr\/produit\/tws100a-fr_fr\/","title":{"rendered":"\u00c9couteurs Sans Fil Technologie Bluetooth\u00ae &#8211; Suppression Active du Bruit &#8211; Avec Bo\u00eetier de Charge pour 30 Heures de Lecture &#8211;Ecouteurs (TWS100A)"},"content":{"rendered":"<p> \u00c9coutez vos morceaux et podcasts pr\u00e9f\u00e9r\u00e9s \u00e0 tout moment de la journ\u00e9e avec les \u00e9couteurs sans fil TWS100A de Caliber; Ecouteurs TWS100A, \u00e9couteurs sans fil dot\u00e9s de la technologie <span style=\"font-weight: bold;\"> Bluetooth\u00ae<\/span><strong>5.0 <\/strong>. Les \u00e9couteurs <strong> intra-auriculaires <\/strong> sont dot\u00e9s d&#39;une fonction d\u2019 <strong> annulation active du bruit <\/strong>, qui att\u00e9nue le bruit ambiant et vous permet de vous plonger dans vos morceaux pr\u00e9f\u00e9r\u00e9s. L&#39;<strong> \u00e9tui de chargement de la batterie inclus <\/strong> vous permet d&#39;\u00e9couter jusqu&#39;\u00e0 <strong>30 heures<\/strong>. Les <strong> embouts inclus <\/strong> sont disponibles en <strong> trois tailles <\/strong>, ce qui permet aux \u00e9couteurs de convenir \u00e0 toutes les oreilles. Vous contr\u00f4lez les \u00e9couteurs via des <strong> commandes tactiles <\/strong>, ou utilisez des <strong> commandes vocales <\/strong> comme Siri ou Google. <\/p>\n<p> <strong> Caract\u00e9ristiques <\/strong> <\/p>\n<ul>\n<li> \u00c9couteurs intra-auriculaires sans fil <\/li>\n<li> Annulation active du bruit <\/li>\n<li> Appels mains libres gr\u00e2ce aux micros<\/li>\n<li>:   8 heures d&#39;\u00e9coute non-stop (30 min de charge) <\/li>\n<li>30 heures d&#39;\u00e9coute avec l&#39;\u00e9tui de charge <\/li>\n<li> Prend en charge Siri et Google <\/li>\n<li> Appairage Bluetooth\u00ae automatique <\/li>\n<li> IPX6 R\u00e9sistant \u00e0 l&#39;eau (\u00e9couteurs uniquement) <\/li>\n<\/ul>\n<h3> Ces \u00e9couteurs sans fil vous offrent une libert\u00e9 totale <\/h3>\n<p> Le plus grand avantage des \u00e9couteurs Bluetooth\u00ae est la libert\u00e9 totale de mouvement. Par exemple, vous pouvez courir, faire de la boxe ou vous entra\u00eener \u00e0 la salle de sport sans craindre de perdre vos \u00e9couteurs. Les embouts fournis sont disponibles en trois tailles, de sorte que vous trouverez toujours une taille adapt\u00e9e. Avec une port\u00e9e Bluetooth\u00ae de 10 m\u00e8tres, vous pouvez \u00e9galement vous \u00e9loigner de votre t\u00e9l\u00e9phone sans perdre imm\u00e9diatement la connexion. <\/p>\n<h3> Longue dur\u00e9e d&#39;\u00e9coute avec ces \u00e9couteurs sans fil<\/h3>\n<p> Les oreillettes sans fil offrent 6 heures de plaisir d&#39;\u00e9coute en utilisant l&#39;annulation active du bruit. Sans annulation active du bruit, vous pouvez \u00e9couter jusqu&#39;\u00e0 8 heures. Avec l&#39;\u00e9tui de charge inclus, vous pouvez recharger compl\u00e8tement les \u00e9couteurs en une demi-heure. Cela vous donne jusqu&#39;\u00e0 30 heures de plaisir d&#39;\u00e9coute avant de devoir recharger l&#39;\u00e9tui. <\/p>\n<h3> \u00c9couteurs sans fil faciles \u00e0 utiliser <\/h3>\n<p> R\u00e9glez facilement le son \u00e9mis par vos \u00e9couteurs \u00e0 l&#39;aide des commandes tactiles. Cela signifie que vous pouvez toucher d\u00e9licatement les \u00e9couteurs pour passer rapidement \u00e0 la chanson suivante, r\u00e9gler le volume ou mettre la musique en pause. Vous utilisez les oreillettes sans fil pendant le sport ? Alors, vous pouvez \u00e9galement utiliser le contr\u00f4le vocal via Siri ou Google Assistant. Gr\u00e2ce au micro, vous passez des appels d&#39;une grande clart\u00e9, o\u00f9 que vous soyez. Les oreillettes Bluetooth\u00ae intelligentes se connectent automatiquement \u00e0 votre appareil et s&#39;allument et s&#39;\u00e9teignent automatiquement. Ainsi, vous serez de nouveau au point en un rien de temps! <\/p>\n<p> <strong><br \/>Inclus :<\/strong> <\/p>\n<ul>\n<li> \u00c9couteurs technologie Bluetooth\u00ae<\/li>\n<li> \u00c9tui de chargement <\/li>\n<li> C\u00e2ble de chargement USB-C<\/li>\n<li> Embouts en trois tailles <\/li>\n<\/ul>\n","protected":false},"excerpt":{"rendered":"<p>\u00c9coutez vos morceaux et podcasts pr\u00e9f\u00e9r\u00e9s \u00e0 tout moment de la journ\u00e9e avec les \u00e9couteurs sans fil TWS100A de Caliber; Ecouteurs TWS100A, \u00e9couteurs sans fil dot\u00e9s de la technologie Bluetooth\u00ae5.0 . Les \u00e9couteurs intra-auriculaires sont dot\u00e9s d&#39;une fonction d\u2019 annulation active du bruit , qui att\u00e9nue le bruit ambiant et vous permet de vous plonger [&hellip;]<\/p>\n","protected":false},"featured_media":854073,"template":"","meta":{"_acf_changed":false,"site-sidebar-layout":"default","site-content-layout":"","ast-site-content-layout":"default","site-content-style":"default","site-sidebar-style":"default","ast-global-header-display":"","ast-banner-title-visibility":"","ast-main-header-display":"","ast-hfb-above-header-display":"","ast-hfb-below-header-display":"","ast-hfb-mobile-header-display":"","site-post-title":"","ast-breadcrumbs-content":"","ast-featured-img":"","footer-sml-layout":"","theme-transparent-header-meta":"","adv-header-id-meta":"","stick-header-meta":"","header-above-stick-meta":"","header-main-stick-meta":"","header-below-stick-meta":"","astra-migrate-meta-layouts":"default","ast-page-background-enabled":"default","ast-page-background-meta":{"desktop":{"background-color":"","background-image":"","background-repeat":"repeat","background-position":"center center","background-size":"auto","background-attachment":"scroll","background-type":"","background-media":"","overlay-type":"","overlay-color":"","overlay-opacity":"","overlay-gradient":""},"tablet":{"background-color":"","background-image":"","background-repeat":"repeat","background-position":"center center","background-size":"auto","background-attachment":"scroll","background-type":"","background-media":"","overlay-type":"","overlay-color":"","overlay-opacity":"","overlay-gradient":""},"mobile":{"background-color":"","background-image":"","background-repeat":"repeat","background-position":"center center","background-size":"auto","background-attachment":"scroll","background-type":"","background-media":"","overlay-type":"","overlay-color":"","overlay-opacity":"","overlay-gradient":""}},"ast-content-background-meta":{"desktop":{"background-color":"var(--ast-global-color-5)","background-image":"","background-repeat":"repeat","background-position":"center center","background-size":"auto","background-attachment":"scroll","background-type":"","background-media":"","overlay-type":"","overlay-color":"","overlay-opacity":"","overlay-gradient":""},"tablet":{"background-color":"var(--ast-global-color-5)","background-image":"","background-repeat":"repeat","background-position":"center center","background-size":"auto","background-attachment":"scroll","background-type":"","background-media":"","overlay-type":"","overlay-color":"","overlay-opacity":"","overlay-gradient":""},"mobile":{"background-color":"var(--ast-global-color-5)","background-image":"","background-repeat":"repeat","background-position":"center center","background-size":"auto","background-attachment":"scroll","background-type":"","background-media":"","overlay-type":"","overlay-color":"","overlay-opacity":"","overlay-gradient":""}}},"product_brand":[],"product_cat":[22955],"product_tag":[],"class_list":{"0":"post-618462","1":"product","2":"type-product","3":"status-publish","4":"has-post-thumbnail","6":"product_cat-pas-de-categorie","7":"desktop-align-center","8":"tablet-align-center","9":"mobile-align-center","10":"ast-product-gallery-layout-horizontal","11":"ast-product-tabs-layout-horizontal","13":"first","14":"onbackorder","15":"taxable","16":"shipping-taxable","17":"purchasable","18":"product-type-simple"},"acf":[],"yoast_head":"<!-- This site is optimized with the Yoast SEO plugin v26.5 - https:\/\/yoast.com\/wordpress\/plugins\/seo\/ -->\n<title>\u00c9couteurs Sans Fil Technologie Bluetooth\u00ae - Suppression Active du Bruit - Avec Bo\u00eetier de Charge pour 30 Heures de Lecture -Ecouteurs (TWS100A) - Caliber Europe B.V.<\/title>\n<meta name=\"robots\" content=\"noindex, follow, max-snippet:-1, max-image-preview:large, max-video-preview:-1\" \/>\n<meta property=\"og:locale\" content=\"fr_FR\" \/>\n<meta property=\"og:type\" content=\"article\" \/>\n<meta property=\"og:title\" content=\"\u00c9couteurs Sans Fil Technologie Bluetooth\u00ae - Suppression Active du Bruit - Avec Bo\u00eetier de Charge pour 30 Heures de Lecture -Ecouteurs (TWS100A) - Caliber Europe B.V.\" \/>\n<meta property=\"og:description\" content=\"\u00c9coutez vos morceaux et podcasts pr\u00e9f\u00e9r\u00e9s \u00e0 tout moment de la journ\u00e9e avec les \u00e9couteurs sans fil TWS100A de Caliber; Ecouteurs TWS100A, \u00e9couteurs sans fil dot\u00e9s de la technologie Bluetooth\u00ae5.0 . Les \u00e9couteurs intra-auriculaires sont dot\u00e9s d&#039;une fonction d\u2019 annulation active du bruit , qui att\u00e9nue le bruit ambiant et vous permet de vous plonger [&hellip;]\" \/>\n<meta property=\"og:url\" content=\"https:\/\/b2b.calibereurope.com\/product\/tws100a-fr_fr\/\" \/>\n<meta property=\"og:site_name\" content=\"Caliber Europe B.V.\" \/>\n<meta property=\"article:modified_time\" content=\"2025-01-15T07:46:19+00:00\" \/>\n<meta name=\"twitter:card\" content=\"summary_large_image\" \/>\n<meta name=\"twitter:label1\" content=\"Dur\u00e9e de lecture estim\u00e9e\" \/>\n\t<meta name=\"twitter:data1\" content=\"2 minutes\" \/>\n<script type=\"application\/ld+json\" class=\"yoast-schema-graph\">{\"@context\":\"https:\/\/schema.org\",\"@graph\":[{\"@type\":\"WebPage\",\"@id\":\"https:\/\/b2b.calibereurope.com\/product\/tws100a-fr_fr\/\",\"url\":\"https:\/\/b2b.calibereurope.com\/product\/tws100a-fr_fr\/\",\"name\":\"\u00c9couteurs Sans Fil Technologie Bluetooth\u00ae - Suppression Active du Bruit - Avec Bo\u00eetier de Charge pour 30 Heures de Lecture -Ecouteurs (TWS100A) - Caliber Europe B.V.\",\"isPartOf\":{\"@id\":\"https:\/\/b2b.calibereurope.com\/#website\"},\"primaryImageOfPage\":{\"@id\":\"https:\/\/b2b.calibereurope.com\/product\/tws100a-fr_fr\/#primaryimage\"},\"image\":{\"@id\":\"https:\/\/b2b.calibereurope.com\/product\/tws100a-fr_fr\/#primaryimage\"},\"thumbnailUrl\":\"https:\/\/b2b.calibereurope.com\/wp-content\/uploads\/2025\/01\/add0b3f6ae09f47c8b7b8ce6c0c3718d8e2afa8b_TWS100A_schuin.jpg\",\"datePublished\":\"2025-01-15T00:00:00+00:00\",\"dateModified\":\"2025-01-15T07:46:19+00:00\",\"breadcrumb\":{\"@id\":\"https:\/\/b2b.calibereurope.com\/product\/tws100a-fr_fr\/#breadcrumb\"},\"inLanguage\":\"fr-FR\",\"potentialAction\":[{\"@type\":\"ReadAction\",\"target\":[\"https:\/\/b2b.calibereurope.com\/product\/tws100a-fr_fr\/\"]}]},{\"@type\":\"ImageObject\",\"inLanguage\":\"fr-FR\",\"@id\":\"https:\/\/b2b.calibereurope.com\/product\/tws100a-fr_fr\/#primaryimage\",\"url\":\"https:\/\/b2b.calibereurope.com\/wp-content\/uploads\/2025\/01\/add0b3f6ae09f47c8b7b8ce6c0c3718d8e2afa8b_TWS100A_schuin.jpg\",\"contentUrl\":\"https:\/\/b2b.calibereurope.com\/wp-content\/uploads\/2025\/01\/add0b3f6ae09f47c8b7b8ce6c0c3718d8e2afa8b_TWS100A_schuin.jpg\",\"width\":1024,\"height\":768},{\"@type\":\"BreadcrumbList\",\"@id\":\"https:\/\/b2b.calibereurope.com\/product\/tws100a-fr_fr\/#breadcrumb\",\"itemListElement\":[{\"@type\":\"ListItem\",\"position\":1,\"name\":\"Home\",\"item\":\"https:\/\/b2b.calibereurope.com\/fr\/home\/\"},{\"@type\":\"ListItem\",\"position\":2,\"name\":\"Boutique\",\"item\":\"https:\/\/b2b.calibereurope.com\/fr\/boutique\/\"},{\"@type\":\"ListItem\",\"position\":3,\"name\":\"Bluetooth \u00c9couteurs intra-auriculaires sans fil &#8211; Noise cancelling &#8211; Noir (TWS100A)\"}]},{\"@type\":\"WebSite\",\"@id\":\"https:\/\/b2b.calibereurope.com\/#website\",\"url\":\"https:\/\/b2b.calibereurope.com\/\",\"name\":\"Caliber Europe B.V.\",\"description\":\"B2B Webshop\",\"publisher\":{\"@id\":\"https:\/\/b2b.calibereurope.com\/#organization\"},\"potentialAction\":[{\"@type\":\"SearchAction\",\"target\":{\"@type\":\"EntryPoint\",\"urlTemplate\":\"https:\/\/b2b.calibereurope.com\/?s={search_term_string}\"},\"query-input\":{\"@type\":\"PropertyValueSpecification\",\"valueRequired\":true,\"valueName\":\"search_term_string\"}}],\"inLanguage\":\"fr-FR\"},{\"@type\":\"Organization\",\"@id\":\"https:\/\/b2b.calibereurope.com\/#organization\",\"name\":\"Caliber Europe B.V.\",\"url\":\"https:\/\/b2b.calibereurope.com\/\",\"logo\":{\"@type\":\"ImageObject\",\"inLanguage\":\"fr-FR\",\"@id\":\"https:\/\/b2b.calibereurope.com\/#\/schema\/logo\/image\/\",\"url\":\"https:\/\/b2b.calibereurope.com\/wp-content\/uploads\/2020\/12\/Caliber_Logo-Black.png\",\"contentUrl\":\"https:\/\/b2b.calibereurope.com\/wp-content\/uploads\/2020\/12\/Caliber_Logo-Black.png\",\"width\":3157,\"height\":356,\"caption\":\"Caliber Europe B.V.\"},\"image\":{\"@id\":\"https:\/\/b2b.calibereurope.com\/#\/schema\/logo\/image\/\"}}]}<\/script>\n<!-- \/ Yoast SEO plugin. -->","yoast_head_json":{"title":"\u00c9couteurs Sans Fil Technologie Bluetooth\u00ae - Suppression Active du Bruit - Avec Bo\u00eetier de Charge pour 30 Heures de Lecture -Ecouteurs (TWS100A) - Caliber Europe B.V.","robots":{"index":"noindex","follow":"follow","max-snippet":"max-snippet:-1","max-image-preview":"max-image-preview:large","max-video-preview":"max-video-preview:-1"},"og_locale":"fr_FR","og_type":"article","og_title":"\u00c9couteurs Sans Fil Technologie Bluetooth\u00ae - Suppression Active du Bruit - Avec Bo\u00eetier de Charge pour 30 Heures de Lecture -Ecouteurs (TWS100A) - Caliber Europe B.V.","og_description":"\u00c9coutez vos morceaux et podcasts pr\u00e9f\u00e9r\u00e9s \u00e0 tout moment de la journ\u00e9e avec les \u00e9couteurs sans fil TWS100A de Caliber; Ecouteurs TWS100A, \u00e9couteurs sans fil dot\u00e9s de la technologie Bluetooth\u00ae5.0 . Les \u00e9couteurs intra-auriculaires sont dot\u00e9s d&#39;une fonction d\u2019 annulation active du bruit , qui att\u00e9nue le bruit ambiant et vous permet de vous plonger [&hellip;]","og_url":"https:\/\/b2b.calibereurope.com\/product\/tws100a-fr_fr\/","og_site_name":"Caliber Europe B.V.","article_modified_time":"2025-01-15T07:46:19+00:00","twitter_card":"summary_large_image","twitter_misc":{"Dur\u00e9e de lecture estim\u00e9e":"2 minutes"},"schema":{"@context":"https:\/\/schema.org","@graph":[{"@type":"WebPage","@id":"https:\/\/b2b.calibereurope.com\/product\/tws100a-fr_fr\/","url":"https:\/\/b2b.calibereurope.com\/product\/tws100a-fr_fr\/","name":"\u00c9couteurs Sans Fil Technologie Bluetooth\u00ae - Suppression Active du Bruit - Avec Bo\u00eetier de Charge pour 30 Heures de Lecture -Ecouteurs (TWS100A) - Caliber Europe B.V.","isPartOf":{"@id":"https:\/\/b2b.calibereurope.com\/#website"},"primaryImageOfPage":{"@id":"https:\/\/b2b.calibereurope.com\/product\/tws100a-fr_fr\/#primaryimage"},"image":{"@id":"https:\/\/b2b.calibereurope.com\/product\/tws100a-fr_fr\/#primaryimage"},"thumbnailUrl":"https:\/\/b2b.calibereurope.com\/wp-content\/uploads\/2025\/01\/add0b3f6ae09f47c8b7b8ce6c0c3718d8e2afa8b_TWS100A_schuin.jpg","datePublished":"2025-01-15T00:00:00+00:00","dateModified":"2025-01-15T07:46:19+00:00","breadcrumb":{"@id":"https:\/\/b2b.calibereurope.com\/product\/tws100a-fr_fr\/#breadcrumb"},"inLanguage":"fr-FR","potentialAction":[{"@type":"ReadAction","target":["https:\/\/b2b.calibereurope.com\/product\/tws100a-fr_fr\/"]}]},{"@type":"ImageObject","inLanguage":"fr-FR","@id":"https:\/\/b2b.calibereurope.com\/product\/tws100a-fr_fr\/#primaryimage","url":"https:\/\/b2b.calibereurope.com\/wp-content\/uploads\/2025\/01\/add0b3f6ae09f47c8b7b8ce6c0c3718d8e2afa8b_TWS100A_schuin.jpg","contentUrl":"https:\/\/b2b.calibereurope.com\/wp-content\/uploads\/2025\/01\/add0b3f6ae09f47c8b7b8ce6c0c3718d8e2afa8b_TWS100A_schuin.jpg","width":1024,"height":768},{"@type":"BreadcrumbList","@id":"https:\/\/b2b.calibereurope.com\/product\/tws100a-fr_fr\/#breadcrumb","itemListElement":[{"@type":"ListItem","position":1,"name":"Home","item":"https:\/\/b2b.calibereurope.com\/fr\/home\/"},{"@type":"ListItem","position":2,"name":"Boutique","item":"https:\/\/b2b.calibereurope.com\/fr\/boutique\/"},{"@type":"ListItem","position":3,"name":"Bluetooth \u00c9couteurs intra-auriculaires sans fil &#8211; Noise cancelling &#8211; Noir (TWS100A)"}]},{"@type":"WebSite","@id":"https:\/\/b2b.calibereurope.com\/#website","url":"https:\/\/b2b.calibereurope.com\/","name":"Caliber Europe B.V.","description":"B2B Webshop","publisher":{"@id":"https:\/\/b2b.calibereurope.com\/#organization"},"potentialAction":[{"@type":"SearchAction","target":{"@type":"EntryPoint","urlTemplate":"https:\/\/b2b.calibereurope.com\/?s={search_term_string}"},"query-input":{"@type":"PropertyValueSpecification","valueRequired":true,"valueName":"search_term_string"}}],"inLanguage":"fr-FR"},{"@type":"Organization","@id":"https:\/\/b2b.calibereurope.com\/#organization","name":"Caliber Europe B.V.","url":"https:\/\/b2b.calibereurope.com\/","logo":{"@type":"ImageObject","inLanguage":"fr-FR","@id":"https:\/\/b2b.calibereurope.com\/#\/schema\/logo\/image\/","url":"https:\/\/b2b.calibereurope.com\/wp-content\/uploads\/2020\/12\/Caliber_Logo-Black.png","contentUrl":"https:\/\/b2b.calibereurope.com\/wp-content\/uploads\/2020\/12\/Caliber_Logo-Black.png","width":3157,"height":356,"caption":"Caliber Europe B.V."},"image":{"@id":"https:\/\/b2b.calibereurope.com\/#\/schema\/logo\/image\/"}}]}},"_links":{"self":[{"href":"https:\/\/b2b.calibereurope.com\/fr\/wp-json\/wp\/v2\/product\/618462","targetHints":{"allow":["GET"]}}],"collection":[{"href":"https:\/\/b2b.calibereurope.com\/fr\/wp-json\/wp\/v2\/product"}],"about":[{"href":"https:\/\/b2b.calibereurope.com\/fr\/wp-json\/wp\/v2\/types\/product"}],"version-history":[{"count":0,"href":"https:\/\/b2b.calibereurope.com\/fr\/wp-json\/wp\/v2\/product\/618462\/revisions"}],"wp:featuredmedia":[{"embeddable":true,"href":"https:\/\/b2b.calibereurope.com\/fr\/wp-json\/wp\/v2\/media\/854073"}],"wp:attachment":[{"href":"https:\/\/b2b.calibereurope.com\/fr\/wp-json\/wp\/v2\/media?parent=618462"}],"wp:term":[{"taxonomy":"product_brand","embeddable":true,"href":"https:\/\/b2b.calibereurope.com\/fr\/wp-json\/wp\/v2\/product_brand?post=618462"},{"taxonomy":"product_cat","embeddable":true,"href":"https:\/\/b2b.calibereurope.com\/fr\/wp-json\/wp\/v2\/product_cat?post=618462"},{"taxonomy":"product_tag","embeddable":true,"href":"https:\/\/b2b.calibereurope.com\/fr\/wp-json\/wp\/v2\/product_tag?post=618462"}],"curies":[{"name":"wp","href":"https:\/\/api.w.org\/{rel}","templated":true}]}}