{"id":663805,"date":"2024-09-04T02:00:00","date_gmt":"2024-09-04T00:00:00","guid":{"rendered":""},"modified":"2025-10-01T10:16:31","modified_gmt":"2025-10-01T08:16:31","slug":"HPG440BT-fr_FR","status":"publish","type":"product","link":"https:\/\/b2b.calibereurope.com\/fr\/produit\/HPG440BT-fr_FR\/","title":{"rendered":"Enceinte Bluetooth Sans Fil Elegance &#8211; USB et AUX &#8211; Avec Effets Lumineux &#8211; Portable (HPG440BT)"},"content":{"rendered":"<p>B\u00e9n\u00e9ficiez d&#39;une enceinte puissante dans un format compact avec cette enceinte bluetooth Caliber HPG440BT Elegance. Avec une <strong> puissance de 100 watts <\/strong> L\u2019enceinte peut produire un volume plus que suffisant pour organiser une grande f\u00eate. Gr\u00e2ce \u00e0 la<strong> fonction de couplage TWS<\/strong> vous pouvez jumeler jusqu&#39;\u00e0 2 enceintes Bluetooth \u00ab Elegance \u00bb pour amplifier le son. Que vous pr\u00e9f\u00e9riez \u00e9couter de la musique via <strong> Bluetooth, USB ou AUX <\/strong>, tout est possible. La <strong> batterie int\u00e9gr\u00e9e <\/strong> offre jusqu&#39;\u00e0 <strong>9 heures d&#39;autonomie <\/strong>, ce qui vous permet d&#39;\u00e9couter vos morceaux pr\u00e9f\u00e9r\u00e9s pendant des heures .<\/p>\n<p> <strong> Caract\u00e9ristiques :<\/strong> <\/p>\n<ul>\n<li>100 watts de puissance<\/li>\n<li> Technologie Bluetooth 5.0<\/li>\n<li> Port USB pour sticks<\/li>\n<li> Connexion AUX (3,5 mm)<\/li>\n<li> Batterie int\u00e9gr\u00e9e<\/li>\n<li> Jusqu&#39;\u00e0 9 heures d&#39;autonomie<\/li>\n<li> Couplez 2 enceintes Elegance<\/li>\n<li> R\u00e9sistant aux \u00e9claboussures (IPX5)<\/li>\n<li> Inclut un c\u00e2ble de charge USB-C et un adaptateur <\/li>\n<\/ul>\n<h3> Enceinte portable Bluetooth : Compact et puissant <\/h3>\n<p> Cette enceinte sans fil a une puissance de 100 watts, ce qui vous permet d&#39;\u00e9couter de la musique \u00e0 un volume \u00e9lev\u00e9. Vous pouvez donc profiter de vos hits m\u00eame lorsque vous \u00eates \u00e0 l&#39;ext\u00e9rieur. Son design \u00e9l\u00e9gant avec poign\u00e9e en fait une enceinte portable agr\u00e9able, qui est \u00e9galement facile \u00e0 d\u00e9placer gr\u00e2ce \u00e0 sa taille compacte. Un bon son et un bon format : le meilleur des 2 mondes !   <\/p>\n<h3> Id\u00e9al pour une f\u00eate <\/h3>\n<p> Utilisez l&#39;enceinte bluetooth avec lumi\u00e8re pour organiser une chouette f\u00eate. L&#39;\u00e9clairage de f\u00eate int\u00e9gr\u00e9 sous forme de LED RVB cr\u00e9e instantan\u00e9ment une ambiance suppl\u00e9mentaire. La fonction d&#39;appairage TWS vous permet \u00e9galement d&#39;appairer deux enceintes bluetooth Caliber \u00ab Elegance \u00bb pour produire encore plus de son sous diff\u00e9rents angles. La norme IPX5 en fait un haut-parleur r\u00e9sistant aux \u00e9claboussures, ce qui fait de ce bo\u00eetier bluetooth votre partenaire id\u00e9al lors d&#39;une soir\u00e9e piscine, plage ou au jardin. Ainsi, m\u00eame pendant l&#39;\u00e9t\u00e9 hollandais, o\u00f9 une chute de pluie occasionnelle peut se produire, cette enceinte  sera parfaite.<\/p>\n<h3> Connectez la enceinte Bluetooth puissante comme vous le souhaitez <\/h3>\n<p> Il suffit d&#39;associer votre smartphone \u00e0 l&#39;enceinte sans fil via bluetooth et c\u2019est parti ! Le bo\u00eetier a une port\u00e9e bluetooth de 10 m\u00e8tres. Le bluetooth n&#39;est pas adapt\u00e9 parce que vous voulez vous \u00e9loigner de votre t\u00e9l\u00e9phone ou \u00e9conomiser la batterie ? Vous pouvez alors utiliser la connexion USB ou AUX pour \u00e9couter de la musique !   <\/p>\n<p> <strong><br \/>Inclus :<\/strong> <\/p>\n<ul>\n<li>Enceinte bluetooth Caliber<\/li>\n<li> C\u00e2ble de charge et adaptateur USB-C<\/li>\n<\/ul>\n<p>\u2003<\/p>\n","protected":false},"excerpt":{"rendered":"<p>B\u00e9n\u00e9ficiez d&#39;une enceinte puissante dans un format compact avec cette enceinte bluetooth Caliber HPG440BT Elegance. Avec une puissance de 100 watts L\u2019enceinte peut produire un volume plus que suffisant pour organiser une grande f\u00eate. Gr\u00e2ce \u00e0 la fonction de couplage TWS vous pouvez jumeler jusqu&#39;\u00e0 2 enceintes Bluetooth \u00ab Elegance \u00bb pour amplifier le son. [&hellip;]<\/p>\n","protected":false},"featured_media":852008,"template":"","meta":{"_acf_changed":false,"site-sidebar-layout":"default","site-content-layout":"default","ast-site-content-layout":"default","site-content-style":"default","site-sidebar-style":"default","ast-global-header-display":"","ast-banner-title-visibility":"","ast-main-header-display":"","ast-hfb-above-header-display":"","ast-hfb-below-header-display":"","ast-hfb-mobile-header-display":"","site-post-title":"","ast-breadcrumbs-content":"","ast-featured-img":"","footer-sml-layout":"","theme-transparent-header-meta":"default","adv-header-id-meta":"","stick-header-meta":"default","header-above-stick-meta":"","header-main-stick-meta":"","header-below-stick-meta":"","astra-migrate-meta-layouts":"default","ast-page-background-enabled":"default","ast-page-background-meta":{"desktop":{"background-color":"","background-image":"","background-repeat":"repeat","background-position":"center center","background-size":"auto","background-attachment":"scroll","background-type":"","background-media":"","overlay-type":"","overlay-color":"","overlay-opacity":"","overlay-gradient":""},"tablet":{"background-color":"","background-image":"","background-repeat":"repeat","background-position":"center center","background-size":"auto","background-attachment":"scroll","background-type":"","background-media":"","overlay-type":"","overlay-color":"","overlay-opacity":"","overlay-gradient":""},"mobile":{"background-color":"","background-image":"","background-repeat":"repeat","background-position":"center center","background-size":"auto","background-attachment":"scroll","background-type":"","background-media":"","overlay-type":"","overlay-color":"","overlay-opacity":"","overlay-gradient":""}},"ast-content-background-meta":{"desktop":{"background-color":"var(--ast-global-color-5)","background-image":"","background-repeat":"repeat","background-position":"center center","background-size":"auto","background-attachment":"scroll","background-type":"","background-media":"","overlay-type":"","overlay-color":"","overlay-opacity":"","overlay-gradient":""},"tablet":{"background-color":"var(--ast-global-color-5)","background-image":"","background-repeat":"repeat","background-position":"center center","background-size":"auto","background-attachment":"scroll","background-type":"","background-media":"","overlay-type":"","overlay-color":"","overlay-opacity":"","overlay-gradient":""},"mobile":{"background-color":"var(--ast-global-color-5)","background-image":"","background-repeat":"repeat","background-position":"center center","background-size":"auto","background-attachment":"scroll","background-type":"","background-media":"","overlay-type":"","overlay-color":"","overlay-opacity":"","overlay-gradient":""}}},"product_brand":[],"product_cat":[22955],"product_tag":[],"class_list":{"0":"post-663805","1":"product","2":"type-product","3":"status-publish","4":"has-post-thumbnail","6":"product_cat-pas-de-categorie","7":"desktop-align-center","8":"tablet-align-center","9":"mobile-align-center","10":"ast-product-gallery-layout-horizontal","11":"ast-product-tabs-layout-horizontal","13":"first","14":"instock","15":"taxable","16":"shipping-taxable","17":"purchasable","18":"product-type-simple"},"acf":[],"yoast_head":"<!-- This site is optimized with the Yoast SEO plugin v26.5 - https:\/\/yoast.com\/wordpress\/plugins\/seo\/ -->\n<title>Enceinte Bluetooth Sans Fil Elegance - USB et AUX - Avec Effets Lumineux - Portable (HPG440BT) - Caliber Europe B.V.<\/title>\n<meta name=\"robots\" content=\"noindex, follow, max-snippet:-1, max-image-preview:large, max-video-preview:-1\" \/>\n<meta property=\"og:locale\" content=\"fr_FR\" \/>\n<meta property=\"og:type\" content=\"article\" \/>\n<meta property=\"og:title\" content=\"Enceinte Bluetooth Sans Fil Elegance - USB et AUX - Avec Effets Lumineux - Portable (HPG440BT) - Caliber Europe B.V.\" \/>\n<meta property=\"og:description\" content=\"B\u00e9n\u00e9ficiez d&#039;une enceinte puissante dans un format compact avec cette enceinte bluetooth Caliber HPG440BT Elegance. Avec une puissance de 100 watts L\u2019enceinte peut produire un volume plus que suffisant pour organiser une grande f\u00eate. Gr\u00e2ce \u00e0 la fonction de couplage TWS vous pouvez jumeler jusqu&#039;\u00e0 2 enceintes Bluetooth \u00ab Elegance \u00bb pour amplifier le son. [&hellip;]\" \/>\n<meta property=\"og:url\" content=\"https:\/\/b2b.calibereurope.com\/?post_type=product&amp;p=663805\" \/>\n<meta property=\"og:site_name\" content=\"Caliber Europe B.V.\" \/>\n<meta property=\"article:modified_time\" content=\"2025-10-01T08:16:31+00:00\" \/>\n<meta name=\"twitter:card\" content=\"summary_large_image\" \/>\n<meta name=\"twitter:label1\" content=\"Dur\u00e9e de lecture estim\u00e9e\" \/>\n\t<meta name=\"twitter:data1\" content=\"2 minutes\" \/>\n<script type=\"application\/ld+json\" class=\"yoast-schema-graph\">{\"@context\":\"https:\/\/schema.org\",\"@graph\":[{\"@type\":\"WebPage\",\"@id\":\"https:\/\/b2b.calibereurope.com\/?post_type=product&p=663805\",\"url\":\"https:\/\/b2b.calibereurope.com\/?post_type=product&p=663805\",\"name\":\"Enceinte Bluetooth Sans Fil Elegance - USB et AUX - Avec Effets Lumineux - Portable (HPG440BT) - Caliber Europe B.V.\",\"isPartOf\":{\"@id\":\"https:\/\/b2b.calibereurope.com\/#website\"},\"primaryImageOfPage\":{\"@id\":\"https:\/\/b2b.calibereurope.com\/?post_type=product&p=663805#primaryimage\"},\"image\":{\"@id\":\"https:\/\/b2b.calibereurope.com\/?post_type=product&p=663805#primaryimage\"},\"thumbnailUrl\":\"https:\/\/b2b.calibereurope.com\/wp-content\/uploads\/2024\/09\/99968c6f5741dd9b70492130fc879f7d29b00cda_HPG440BT_Schuin_Links.jpg\",\"datePublished\":\"2024-09-04T00:00:00+00:00\",\"dateModified\":\"2025-10-01T08:16:31+00:00\",\"breadcrumb\":{\"@id\":\"https:\/\/b2b.calibereurope.com\/?post_type=product&p=663805#breadcrumb\"},\"inLanguage\":\"fr-FR\",\"potentialAction\":[{\"@type\":\"ReadAction\",\"target\":[\"https:\/\/b2b.calibereurope.com\/?post_type=product&p=663805\"]}]},{\"@type\":\"ImageObject\",\"inLanguage\":\"fr-FR\",\"@id\":\"https:\/\/b2b.calibereurope.com\/?post_type=product&p=663805#primaryimage\",\"url\":\"https:\/\/b2b.calibereurope.com\/wp-content\/uploads\/2024\/09\/99968c6f5741dd9b70492130fc879f7d29b00cda_HPG440BT_Schuin_Links.jpg\",\"contentUrl\":\"https:\/\/b2b.calibereurope.com\/wp-content\/uploads\/2024\/09\/99968c6f5741dd9b70492130fc879f7d29b00cda_HPG440BT_Schuin_Links.jpg\",\"width\":1024,\"height\":768},{\"@type\":\"BreadcrumbList\",\"@id\":\"https:\/\/b2b.calibereurope.com\/?post_type=product&p=663805#breadcrumb\",\"itemListElement\":[{\"@type\":\"ListItem\",\"position\":1,\"name\":\"Home\",\"item\":\"https:\/\/b2b.calibereurope.com\/fr\/home\/\"},{\"@type\":\"ListItem\",\"position\":2,\"name\":\"Boutique\",\"item\":\"https:\/\/b2b.calibereurope.com\/fr\/boutique\/\"},{\"@type\":\"ListItem\",\"position\":3,\"name\":\"HPG440BT\"}]},{\"@type\":\"WebSite\",\"@id\":\"https:\/\/b2b.calibereurope.com\/#website\",\"url\":\"https:\/\/b2b.calibereurope.com\/\",\"name\":\"Caliber Europe B.V.\",\"description\":\"B2B Webshop\",\"publisher\":{\"@id\":\"https:\/\/b2b.calibereurope.com\/#organization\"},\"potentialAction\":[{\"@type\":\"SearchAction\",\"target\":{\"@type\":\"EntryPoint\",\"urlTemplate\":\"https:\/\/b2b.calibereurope.com\/?s={search_term_string}\"},\"query-input\":{\"@type\":\"PropertyValueSpecification\",\"valueRequired\":true,\"valueName\":\"search_term_string\"}}],\"inLanguage\":\"fr-FR\"},{\"@type\":\"Organization\",\"@id\":\"https:\/\/b2b.calibereurope.com\/#organization\",\"name\":\"Caliber Europe B.V.\",\"url\":\"https:\/\/b2b.calibereurope.com\/\",\"logo\":{\"@type\":\"ImageObject\",\"inLanguage\":\"fr-FR\",\"@id\":\"https:\/\/b2b.calibereurope.com\/#\/schema\/logo\/image\/\",\"url\":\"https:\/\/b2b.calibereurope.com\/wp-content\/uploads\/2020\/12\/Caliber_Logo-Black.png\",\"contentUrl\":\"https:\/\/b2b.calibereurope.com\/wp-content\/uploads\/2020\/12\/Caliber_Logo-Black.png\",\"width\":3157,\"height\":356,\"caption\":\"Caliber Europe B.V.\"},\"image\":{\"@id\":\"https:\/\/b2b.calibereurope.com\/#\/schema\/logo\/image\/\"}}]}<\/script>\n<!-- \/ Yoast SEO plugin. -->","yoast_head_json":{"title":"Enceinte Bluetooth Sans Fil Elegance - USB et AUX - Avec Effets Lumineux - Portable (HPG440BT) - Caliber Europe B.V.","robots":{"index":"noindex","follow":"follow","max-snippet":"max-snippet:-1","max-image-preview":"max-image-preview:large","max-video-preview":"max-video-preview:-1"},"og_locale":"fr_FR","og_type":"article","og_title":"Enceinte Bluetooth Sans Fil Elegance - USB et AUX - Avec Effets Lumineux - Portable (HPG440BT) - Caliber Europe B.V.","og_description":"B\u00e9n\u00e9ficiez d&#39;une enceinte puissante dans un format compact avec cette enceinte bluetooth Caliber HPG440BT Elegance. Avec une puissance de 100 watts L\u2019enceinte peut produire un volume plus que suffisant pour organiser une grande f\u00eate. Gr\u00e2ce \u00e0 la fonction de couplage TWS vous pouvez jumeler jusqu&#39;\u00e0 2 enceintes Bluetooth \u00ab Elegance \u00bb pour amplifier le son. [&hellip;]","og_url":"https:\/\/b2b.calibereurope.com\/?post_type=product&p=663805","og_site_name":"Caliber Europe B.V.","article_modified_time":"2025-10-01T08:16:31+00:00","twitter_card":"summary_large_image","twitter_misc":{"Dur\u00e9e de lecture estim\u00e9e":"2 minutes"},"schema":{"@context":"https:\/\/schema.org","@graph":[{"@type":"WebPage","@id":"https:\/\/b2b.calibereurope.com\/?post_type=product&p=663805","url":"https:\/\/b2b.calibereurope.com\/?post_type=product&p=663805","name":"Enceinte Bluetooth Sans Fil Elegance - USB et AUX - Avec Effets Lumineux - Portable (HPG440BT) - Caliber Europe B.V.","isPartOf":{"@id":"https:\/\/b2b.calibereurope.com\/#website"},"primaryImageOfPage":{"@id":"https:\/\/b2b.calibereurope.com\/?post_type=product&p=663805#primaryimage"},"image":{"@id":"https:\/\/b2b.calibereurope.com\/?post_type=product&p=663805#primaryimage"},"thumbnailUrl":"https:\/\/b2b.calibereurope.com\/wp-content\/uploads\/2024\/09\/99968c6f5741dd9b70492130fc879f7d29b00cda_HPG440BT_Schuin_Links.jpg","datePublished":"2024-09-04T00:00:00+00:00","dateModified":"2025-10-01T08:16:31+00:00","breadcrumb":{"@id":"https:\/\/b2b.calibereurope.com\/?post_type=product&p=663805#breadcrumb"},"inLanguage":"fr-FR","potentialAction":[{"@type":"ReadAction","target":["https:\/\/b2b.calibereurope.com\/?post_type=product&p=663805"]}]},{"@type":"ImageObject","inLanguage":"fr-FR","@id":"https:\/\/b2b.calibereurope.com\/?post_type=product&p=663805#primaryimage","url":"https:\/\/b2b.calibereurope.com\/wp-content\/uploads\/2024\/09\/99968c6f5741dd9b70492130fc879f7d29b00cda_HPG440BT_Schuin_Links.jpg","contentUrl":"https:\/\/b2b.calibereurope.com\/wp-content\/uploads\/2024\/09\/99968c6f5741dd9b70492130fc879f7d29b00cda_HPG440BT_Schuin_Links.jpg","width":1024,"height":768},{"@type":"BreadcrumbList","@id":"https:\/\/b2b.calibereurope.com\/?post_type=product&p=663805#breadcrumb","itemListElement":[{"@type":"ListItem","position":1,"name":"Home","item":"https:\/\/b2b.calibereurope.com\/fr\/home\/"},{"@type":"ListItem","position":2,"name":"Boutique","item":"https:\/\/b2b.calibereurope.com\/fr\/boutique\/"},{"@type":"ListItem","position":3,"name":"HPG440BT"}]},{"@type":"WebSite","@id":"https:\/\/b2b.calibereurope.com\/#website","url":"https:\/\/b2b.calibereurope.com\/","name":"Caliber Europe B.V.","description":"B2B Webshop","publisher":{"@id":"https:\/\/b2b.calibereurope.com\/#organization"},"potentialAction":[{"@type":"SearchAction","target":{"@type":"EntryPoint","urlTemplate":"https:\/\/b2b.calibereurope.com\/?s={search_term_string}"},"query-input":{"@type":"PropertyValueSpecification","valueRequired":true,"valueName":"search_term_string"}}],"inLanguage":"fr-FR"},{"@type":"Organization","@id":"https:\/\/b2b.calibereurope.com\/#organization","name":"Caliber Europe B.V.","url":"https:\/\/b2b.calibereurope.com\/","logo":{"@type":"ImageObject","inLanguage":"fr-FR","@id":"https:\/\/b2b.calibereurope.com\/#\/schema\/logo\/image\/","url":"https:\/\/b2b.calibereurope.com\/wp-content\/uploads\/2020\/12\/Caliber_Logo-Black.png","contentUrl":"https:\/\/b2b.calibereurope.com\/wp-content\/uploads\/2020\/12\/Caliber_Logo-Black.png","width":3157,"height":356,"caption":"Caliber Europe B.V."},"image":{"@id":"https:\/\/b2b.calibereurope.com\/#\/schema\/logo\/image\/"}}]}},"_links":{"self":[{"href":"https:\/\/b2b.calibereurope.com\/fr\/wp-json\/wp\/v2\/product\/663805","targetHints":{"allow":["GET"]}}],"collection":[{"href":"https:\/\/b2b.calibereurope.com\/fr\/wp-json\/wp\/v2\/product"}],"about":[{"href":"https:\/\/b2b.calibereurope.com\/fr\/wp-json\/wp\/v2\/types\/product"}],"version-history":[{"count":0,"href":"https:\/\/b2b.calibereurope.com\/fr\/wp-json\/wp\/v2\/product\/663805\/revisions"}],"wp:featuredmedia":[{"embeddable":true,"href":"https:\/\/b2b.calibereurope.com\/fr\/wp-json\/wp\/v2\/media\/852008"}],"wp:attachment":[{"href":"https:\/\/b2b.calibereurope.com\/fr\/wp-json\/wp\/v2\/media?parent=663805"}],"wp:term":[{"taxonomy":"product_brand","embeddable":true,"href":"https:\/\/b2b.calibereurope.com\/fr\/wp-json\/wp\/v2\/product_brand?post=663805"},{"taxonomy":"product_cat","embeddable":true,"href":"https:\/\/b2b.calibereurope.com\/fr\/wp-json\/wp\/v2\/product_cat?post=663805"},{"taxonomy":"product_tag","embeddable":true,"href":"https:\/\/b2b.calibereurope.com\/fr\/wp-json\/wp\/v2\/product_tag?post=663805"}],"curies":[{"name":"wp","href":"https:\/\/api.w.org\/{rel}","templated":true}]}}