{"id":696151,"date":"2024-06-19T02:00:00","date_gmt":"2024-06-19T00:00:00","guid":{"rendered":""},"modified":"2025-10-03T11:55:23","modified_gmt":"2025-10-03T09:55:23","slug":"RMD805BT-fr_FR","status":"publish","type":"product","link":"https:\/\/b2b.calibereurope.com\/fr\/produit\/RMD805BT-fr_FR\/","title":{"rendered":"Autoradio Bluetooth &#8211; USB &#8211; AUX &#8211; 4 x 75 Watt &#8211; Radio AM \/ FM &#8211; Mirrorlink &#8211; 2 Din avec \u00e9cran tactile (RMD805BT)"},"content":{"rendered":"<p> \u00c9coutez de nombreuses stations de radio et listes de lecture lors de chaque trajet en voiture avec l&#39;autoradio Caliber RMD805BT avec Bluetooth. Via <strong>bluetooth<\/strong>, vous pouvez facilement diffuser des listes de lecture, des podcasts ou d&#39;autres musiques. Vous pouvez \u00e9galement utiliser la <strong>radio FM\/AM<\/strong> pour \u00e9couter diff\u00e9rentes stations de radio. Besoin de plus d&#39;options d&#39;\u00e9coute ? \u00e9coutez de la musique via <strong>AUX, micro SD ou USB<\/strong>. L&#39;autoradio a une puissance de <strong>4 x 75 watts<\/strong>. Vous pouvez facilement contr\u00f4ler la radio via <strong>l\u2019\u00e9cran tactile TFT-LCD de 6,2 pouces<\/strong> ou la <strong>t\u00e9l\u00e9commande<\/strong>.<\/p>\n<p><\/p>\n<\/p>\n<p> <strong>Caract\u00e9ristiques :<\/strong> <\/p>\n<ul>\n<li>Avec t\u00e9l\u00e9commande <\/li>\n<li>Puissance maximale de 4 x 75 watts <\/li>\n<li>\u00c9cran tactile TFT-LCD 6,2&Prime; <\/li>\n<li>USB, micro SD, AUX <\/li>\n<li>MP3, MPEG4, DivX, WMA et JPEG <\/li>\n<li>Technologie Bluetooth <\/li>\n<li>Mirrorlink iOS \/ Android <\/li>\n<li>Radio AM\/FM <\/li>\n<li>RCA <\/li>\n<li>Taille standard 2 DIN<\/li>\n<\/ul>\n<h3>Facile \u00e0 utiliser<\/h3>\n<p> L&#39;autoradio avec Bluetooth est \u00e9quip\u00e9 d&#39;un \u00e9cran tactile TFT-LCD de 6,2&Prime;. Via l&#39;\u00e9cran, vous pouvez facilement r\u00e9gler le volume, choisir une autre station de radio ou changer de chanson. L&#39;autoradio est livr\u00e9 avec une t\u00e9l\u00e9commande, de sorte que les passagers \u00e0 l&#39;arri\u00e8re peuvent \u00e9galement contr\u00f4ler facilement la musique. <\/p>\n<h3>Possibilit\u00e9s d&#39;\u00e9coute infinies<\/h3>\n<p> Que vous pr\u00e9f\u00e9riez \u00e9couter vos propres chansons via Bluetooth ou profiter des diff\u00e9rents canaux de radio : vous pouvez le faire avec cet autoradio Bluetooth. Par exemple, \u00e9coutez des listes de lecture Spotify ou mettez un podcast int\u00e9ressant. Outre la possibilit\u00e9 d&#39;\u00e9couter diff\u00e9rentes cha\u00eenes AM et FM, vous pouvez \u00e9galement \u00e9couter via USB, micro SD et AUX. L&#39;autoradio lit les formats de fichiers suivants : MP3, MPEG4, DivX, WMA et JPEG. <\/p>\n<h3>Pour de nombreuses voitures<\/h3>\n<p> L&#39;autoradio avec \u00e9cran a une taille standard de 2 DIN. Cela signifie que l&#39;autoradio avec USB et Bluetooth convient \u00e0 de nombreux mod\u00e8les de voiture. De plus, l&#39;autoradio double DIN est \u00e9galement \u00e9quip\u00e9 de RCA, vous pouvez donc connecter un amplificateur si vous voulez encore plus de volume. L&#39;autoradio avec USB et Bluetooth fournit 4 x 75 watts de puissance.<\/p>\n<p><\/p>\n<\/p>\n<p> <strong>Inclus :<\/strong> <\/p>\n<ul>\n<li>Autoradio Caliber RMD805BT avec Bluetooth <\/li>\n<li>T\u00e9l\u00e9commande <\/li>\n<\/ul>\n","protected":false},"excerpt":{"rendered":"<ul>\n<li>Avec t\u00e9l\u00e9commande<\/li>\n<li>Puissance maximale de 4 x 75 watts<\/li>\n<li>\u00c9cran tactile TFT-LCD 6,2&Prime;<\/li>\n<li>USB, micro SD, AUX<\/li>\n<li>MP3, MPEG4, DivX, WMA et JPEG<\/li>\n<li>Technologie Bluetooth<\/li>\n<li>Mirrorlink iOS \/ Android<\/li>\n<li>Radio AM\/FM<\/li>\n<li>RCA<\/li>\n<li>Taille standard 2 DIN<\/li>\n<\/ul>\n","protected":false},"featured_media":845678,"template":"","meta":{"_acf_changed":false,"site-sidebar-layout":"default","site-content-layout":"","ast-site-content-layout":"default","site-content-style":"default","site-sidebar-style":"default","ast-global-header-display":"","ast-banner-title-visibility":"","ast-main-header-display":"","ast-hfb-above-header-display":"","ast-hfb-below-header-display":"","ast-hfb-mobile-header-display":"","site-post-title":"","ast-breadcrumbs-content":"","ast-featured-img":"","footer-sml-layout":"","theme-transparent-header-meta":"","adv-header-id-meta":"","stick-header-meta":"","header-above-stick-meta":"","header-main-stick-meta":"","header-below-stick-meta":"","astra-migrate-meta-layouts":"default","ast-page-background-enabled":"default","ast-page-background-meta":{"desktop":{"background-color":"","background-image":"","background-repeat":"repeat","background-position":"center center","background-size":"auto","background-attachment":"scroll","background-type":"","background-media":"","overlay-type":"","overlay-color":"","overlay-opacity":"","overlay-gradient":""},"tablet":{"background-color":"","background-image":"","background-repeat":"repeat","background-position":"center center","background-size":"auto","background-attachment":"scroll","background-type":"","background-media":"","overlay-type":"","overlay-color":"","overlay-opacity":"","overlay-gradient":""},"mobile":{"background-color":"","background-image":"","background-repeat":"repeat","background-position":"center center","background-size":"auto","background-attachment":"scroll","background-type":"","background-media":"","overlay-type":"","overlay-color":"","overlay-opacity":"","overlay-gradient":""}},"ast-content-background-meta":{"desktop":{"background-color":"var(--ast-global-color-5)","background-image":"","background-repeat":"repeat","background-position":"center center","background-size":"auto","background-attachment":"scroll","background-type":"","background-media":"","overlay-type":"","overlay-color":"","overlay-opacity":"","overlay-gradient":""},"tablet":{"background-color":"var(--ast-global-color-5)","background-image":"","background-repeat":"repeat","background-position":"center center","background-size":"auto","background-attachment":"scroll","background-type":"","background-media":"","overlay-type":"","overlay-color":"","overlay-opacity":"","overlay-gradient":""},"mobile":{"background-color":"var(--ast-global-color-5)","background-image":"","background-repeat":"repeat","background-position":"center center","background-size":"auto","background-attachment":"scroll","background-type":"","background-media":"","overlay-type":"","overlay-color":"","overlay-opacity":"","overlay-gradient":""}}},"product_brand":[],"product_cat":[22955],"product_tag":[],"class_list":{"0":"post-696151","1":"product","2":"type-product","3":"status-publish","4":"has-post-thumbnail","6":"product_cat-pas-de-categorie","7":"desktop-align-center","8":"tablet-align-center","9":"mobile-align-center","10":"ast-product-gallery-layout-horizontal","11":"ast-product-tabs-layout-horizontal","13":"first","14":"instock","15":"taxable","16":"shipping-taxable","17":"purchasable","18":"product-type-simple"},"acf":[],"yoast_head":"<!-- This site is optimized with the Yoast SEO plugin v26.5 - https:\/\/yoast.com\/wordpress\/plugins\/seo\/ -->\n<title>Autoradio Bluetooth - USB - AUX - 4 x 75 Watt - Radio AM \/ FM - Mirrorlink - 2 Din avec \u00e9cran tactile (RMD805BT) - Caliber Europe B.V.<\/title>\n<meta name=\"robots\" content=\"noindex, follow, max-snippet:-1, max-image-preview:large, max-video-preview:-1\" \/>\n<meta property=\"og:locale\" content=\"fr_FR\" \/>\n<meta property=\"og:type\" content=\"article\" \/>\n<meta property=\"og:title\" content=\"Autoradio Bluetooth - USB - AUX - 4 x 75 Watt - Radio AM \/ FM - Mirrorlink - 2 Din avec \u00e9cran tactile (RMD805BT) - Caliber Europe B.V.\" \/>\n<meta property=\"og:description\" content=\"Avec t\u00e9l\u00e9commandePuissance maximale de 4 x 75 watts\u00c9cran tactile TFT-LCD 6,2&quot;USB, micro SD, AUXMP3, MPEG4, DivX, WMA et JPEGTechnologie BluetoothMirrorlink iOS \/ AndroidRadio AM\/FMRCATaille standard 2 DIN\" \/>\n<meta property=\"og:url\" content=\"https:\/\/b2b.calibereurope.com\/product\/rmd805bt-fr_fr\/\" \/>\n<meta property=\"og:site_name\" content=\"Caliber Europe B.V.\" \/>\n<meta property=\"article:modified_time\" content=\"2025-10-03T09:55:23+00:00\" \/>\n<meta name=\"twitter:card\" content=\"summary_large_image\" \/>\n<meta name=\"twitter:label1\" content=\"Dur\u00e9e de lecture estim\u00e9e\" \/>\n\t<meta name=\"twitter:data1\" content=\"2 minutes\" \/>\n<script type=\"application\/ld+json\" class=\"yoast-schema-graph\">{\"@context\":\"https:\/\/schema.org\",\"@graph\":[{\"@type\":\"WebPage\",\"@id\":\"https:\/\/b2b.calibereurope.com\/product\/rmd805bt-fr_fr\/\",\"url\":\"https:\/\/b2b.calibereurope.com\/product\/rmd805bt-fr_fr\/\",\"name\":\"Autoradio Bluetooth - USB - AUX - 4 x 75 Watt - Radio AM \/ FM - Mirrorlink - 2 Din avec \u00e9cran tactile (RMD805BT) - Caliber Europe B.V.\",\"isPartOf\":{\"@id\":\"https:\/\/b2b.calibereurope.com\/#website\"},\"primaryImageOfPage\":{\"@id\":\"https:\/\/b2b.calibereurope.com\/product\/rmd805bt-fr_fr\/#primaryimage\"},\"image\":{\"@id\":\"https:\/\/b2b.calibereurope.com\/product\/rmd805bt-fr_fr\/#primaryimage\"},\"thumbnailUrl\":\"https:\/\/b2b.calibereurope.com\/wp-content\/uploads\/2024\/06\/a066ca9a9b0a0e877f2951356d711f7ee7bee5b9_RMD805BT_Front_dvd.jpg\",\"datePublished\":\"2024-06-19T00:00:00+00:00\",\"dateModified\":\"2025-10-03T09:55:23+00:00\",\"breadcrumb\":{\"@id\":\"https:\/\/b2b.calibereurope.com\/product\/rmd805bt-fr_fr\/#breadcrumb\"},\"inLanguage\":\"fr-FR\",\"potentialAction\":[{\"@type\":\"ReadAction\",\"target\":[\"https:\/\/b2b.calibereurope.com\/product\/rmd805bt-fr_fr\/\"]}]},{\"@type\":\"ImageObject\",\"inLanguage\":\"fr-FR\",\"@id\":\"https:\/\/b2b.calibereurope.com\/product\/rmd805bt-fr_fr\/#primaryimage\",\"url\":\"https:\/\/b2b.calibereurope.com\/wp-content\/uploads\/2024\/06\/a066ca9a9b0a0e877f2951356d711f7ee7bee5b9_RMD805BT_Front_dvd.jpg\",\"contentUrl\":\"https:\/\/b2b.calibereurope.com\/wp-content\/uploads\/2024\/06\/a066ca9a9b0a0e877f2951356d711f7ee7bee5b9_RMD805BT_Front_dvd.jpg\",\"width\":1024,\"height\":768},{\"@type\":\"BreadcrumbList\",\"@id\":\"https:\/\/b2b.calibereurope.com\/product\/rmd805bt-fr_fr\/#breadcrumb\",\"itemListElement\":[{\"@type\":\"ListItem\",\"position\":1,\"name\":\"Home\",\"item\":\"https:\/\/b2b.calibereurope.com\/fr\/home\/\"},{\"@type\":\"ListItem\",\"position\":2,\"name\":\"Boutique\",\"item\":\"https:\/\/b2b.calibereurope.com\/fr\/boutique\/\"},{\"@type\":\"ListItem\",\"position\":3,\"name\":\"RMD805BT\"}]},{\"@type\":\"WebSite\",\"@id\":\"https:\/\/b2b.calibereurope.com\/#website\",\"url\":\"https:\/\/b2b.calibereurope.com\/\",\"name\":\"Caliber Europe B.V.\",\"description\":\"B2B Webshop\",\"publisher\":{\"@id\":\"https:\/\/b2b.calibereurope.com\/#organization\"},\"potentialAction\":[{\"@type\":\"SearchAction\",\"target\":{\"@type\":\"EntryPoint\",\"urlTemplate\":\"https:\/\/b2b.calibereurope.com\/?s={search_term_string}\"},\"query-input\":{\"@type\":\"PropertyValueSpecification\",\"valueRequired\":true,\"valueName\":\"search_term_string\"}}],\"inLanguage\":\"fr-FR\"},{\"@type\":\"Organization\",\"@id\":\"https:\/\/b2b.calibereurope.com\/#organization\",\"name\":\"Caliber Europe B.V.\",\"url\":\"https:\/\/b2b.calibereurope.com\/\",\"logo\":{\"@type\":\"ImageObject\",\"inLanguage\":\"fr-FR\",\"@id\":\"https:\/\/b2b.calibereurope.com\/#\/schema\/logo\/image\/\",\"url\":\"https:\/\/b2b.calibereurope.com\/wp-content\/uploads\/2020\/12\/Caliber_Logo-Black.png\",\"contentUrl\":\"https:\/\/b2b.calibereurope.com\/wp-content\/uploads\/2020\/12\/Caliber_Logo-Black.png\",\"width\":3157,\"height\":356,\"caption\":\"Caliber Europe B.V.\"},\"image\":{\"@id\":\"https:\/\/b2b.calibereurope.com\/#\/schema\/logo\/image\/\"}}]}<\/script>\n<!-- \/ Yoast SEO plugin. -->","yoast_head_json":{"title":"Autoradio Bluetooth - USB - AUX - 4 x 75 Watt - Radio AM \/ FM - Mirrorlink - 2 Din avec \u00e9cran tactile (RMD805BT) - Caliber Europe B.V.","robots":{"index":"noindex","follow":"follow","max-snippet":"max-snippet:-1","max-image-preview":"max-image-preview:large","max-video-preview":"max-video-preview:-1"},"og_locale":"fr_FR","og_type":"article","og_title":"Autoradio Bluetooth - USB - AUX - 4 x 75 Watt - Radio AM \/ FM - Mirrorlink - 2 Din avec \u00e9cran tactile (RMD805BT) - Caliber Europe B.V.","og_description":"Avec t\u00e9l\u00e9commandePuissance maximale de 4 x 75 watts\u00c9cran tactile TFT-LCD 6,2\"USB, micro SD, AUXMP3, MPEG4, DivX, WMA et JPEGTechnologie BluetoothMirrorlink iOS \/ AndroidRadio AM\/FMRCATaille standard 2 DIN","og_url":"https:\/\/b2b.calibereurope.com\/product\/rmd805bt-fr_fr\/","og_site_name":"Caliber Europe B.V.","article_modified_time":"2025-10-03T09:55:23+00:00","twitter_card":"summary_large_image","twitter_misc":{"Dur\u00e9e de lecture estim\u00e9e":"2 minutes"},"schema":{"@context":"https:\/\/schema.org","@graph":[{"@type":"WebPage","@id":"https:\/\/b2b.calibereurope.com\/product\/rmd805bt-fr_fr\/","url":"https:\/\/b2b.calibereurope.com\/product\/rmd805bt-fr_fr\/","name":"Autoradio Bluetooth - USB - AUX - 4 x 75 Watt - Radio AM \/ FM - Mirrorlink - 2 Din avec \u00e9cran tactile (RMD805BT) - Caliber Europe B.V.","isPartOf":{"@id":"https:\/\/b2b.calibereurope.com\/#website"},"primaryImageOfPage":{"@id":"https:\/\/b2b.calibereurope.com\/product\/rmd805bt-fr_fr\/#primaryimage"},"image":{"@id":"https:\/\/b2b.calibereurope.com\/product\/rmd805bt-fr_fr\/#primaryimage"},"thumbnailUrl":"https:\/\/b2b.calibereurope.com\/wp-content\/uploads\/2024\/06\/a066ca9a9b0a0e877f2951356d711f7ee7bee5b9_RMD805BT_Front_dvd.jpg","datePublished":"2024-06-19T00:00:00+00:00","dateModified":"2025-10-03T09:55:23+00:00","breadcrumb":{"@id":"https:\/\/b2b.calibereurope.com\/product\/rmd805bt-fr_fr\/#breadcrumb"},"inLanguage":"fr-FR","potentialAction":[{"@type":"ReadAction","target":["https:\/\/b2b.calibereurope.com\/product\/rmd805bt-fr_fr\/"]}]},{"@type":"ImageObject","inLanguage":"fr-FR","@id":"https:\/\/b2b.calibereurope.com\/product\/rmd805bt-fr_fr\/#primaryimage","url":"https:\/\/b2b.calibereurope.com\/wp-content\/uploads\/2024\/06\/a066ca9a9b0a0e877f2951356d711f7ee7bee5b9_RMD805BT_Front_dvd.jpg","contentUrl":"https:\/\/b2b.calibereurope.com\/wp-content\/uploads\/2024\/06\/a066ca9a9b0a0e877f2951356d711f7ee7bee5b9_RMD805BT_Front_dvd.jpg","width":1024,"height":768},{"@type":"BreadcrumbList","@id":"https:\/\/b2b.calibereurope.com\/product\/rmd805bt-fr_fr\/#breadcrumb","itemListElement":[{"@type":"ListItem","position":1,"name":"Home","item":"https:\/\/b2b.calibereurope.com\/fr\/home\/"},{"@type":"ListItem","position":2,"name":"Boutique","item":"https:\/\/b2b.calibereurope.com\/fr\/boutique\/"},{"@type":"ListItem","position":3,"name":"RMD805BT"}]},{"@type":"WebSite","@id":"https:\/\/b2b.calibereurope.com\/#website","url":"https:\/\/b2b.calibereurope.com\/","name":"Caliber Europe B.V.","description":"B2B Webshop","publisher":{"@id":"https:\/\/b2b.calibereurope.com\/#organization"},"potentialAction":[{"@type":"SearchAction","target":{"@type":"EntryPoint","urlTemplate":"https:\/\/b2b.calibereurope.com\/?s={search_term_string}"},"query-input":{"@type":"PropertyValueSpecification","valueRequired":true,"valueName":"search_term_string"}}],"inLanguage":"fr-FR"},{"@type":"Organization","@id":"https:\/\/b2b.calibereurope.com\/#organization","name":"Caliber Europe B.V.","url":"https:\/\/b2b.calibereurope.com\/","logo":{"@type":"ImageObject","inLanguage":"fr-FR","@id":"https:\/\/b2b.calibereurope.com\/#\/schema\/logo\/image\/","url":"https:\/\/b2b.calibereurope.com\/wp-content\/uploads\/2020\/12\/Caliber_Logo-Black.png","contentUrl":"https:\/\/b2b.calibereurope.com\/wp-content\/uploads\/2020\/12\/Caliber_Logo-Black.png","width":3157,"height":356,"caption":"Caliber Europe B.V."},"image":{"@id":"https:\/\/b2b.calibereurope.com\/#\/schema\/logo\/image\/"}}]}},"_links":{"self":[{"href":"https:\/\/b2b.calibereurope.com\/fr\/wp-json\/wp\/v2\/product\/696151","targetHints":{"allow":["GET"]}}],"collection":[{"href":"https:\/\/b2b.calibereurope.com\/fr\/wp-json\/wp\/v2\/product"}],"about":[{"href":"https:\/\/b2b.calibereurope.com\/fr\/wp-json\/wp\/v2\/types\/product"}],"version-history":[{"count":0,"href":"https:\/\/b2b.calibereurope.com\/fr\/wp-json\/wp\/v2\/product\/696151\/revisions"}],"wp:featuredmedia":[{"embeddable":true,"href":"https:\/\/b2b.calibereurope.com\/fr\/wp-json\/wp\/v2\/media\/845678"}],"wp:attachment":[{"href":"https:\/\/b2b.calibereurope.com\/fr\/wp-json\/wp\/v2\/media?parent=696151"}],"wp:term":[{"taxonomy":"product_brand","embeddable":true,"href":"https:\/\/b2b.calibereurope.com\/fr\/wp-json\/wp\/v2\/product_brand?post=696151"},{"taxonomy":"product_cat","embeddable":true,"href":"https:\/\/b2b.calibereurope.com\/fr\/wp-json\/wp\/v2\/product_cat?post=696151"},{"taxonomy":"product_tag","embeddable":true,"href":"https:\/\/b2b.calibereurope.com\/fr\/wp-json\/wp\/v2\/product_tag?post=696151"}],"curies":[{"name":"wp","href":"https:\/\/api.w.org\/{rel}","templated":true}]}}