{"id":696155,"date":"2024-06-19T02:00:00","date_gmt":"2024-06-19T00:00:00","guid":{"rendered":""},"modified":"2025-10-03T11:55:23","modified_gmt":"2025-10-03T09:55:23","slug":"RMD806BT-fr_FR","status":"publish","type":"product","link":"https:\/\/b2b.calibereurope.com\/fr\/produit\/RMD806BT-fr_FR\/","title":{"rendered":"Autoradio Bluetooth &#8211; AUX &#8211; 4 x 75 Watt &#8211; USB &#8211; Radio AM \/ FM &#8211; Mirrorlink &#8211; 2 Din avec \u00e9cran tactile (RMD806BT)"},"content":{"rendered":"<p> Rendez chaque voyage en voiture un peu plus amusant avec l&#39;autoradio Caliber RMD806BT Bluetooth. Gr\u00e2ce \u00e0 la <strong>technologie Bluetooth<\/strong>, vous pouvez facilement \u00e9couter vos chansons pr\u00e9f\u00e9r\u00e9es depuis votre t\u00e9l\u00e9phone via les haut-parleurs de l&#39;autoradio. Vous profitez de <strong>4 x 75 watts<\/strong> de puissance, ce qui signifie que vous avez un bon son partout dans la voiture. L&#39;autoradio peut \u00eatre command\u00e9 avec les boutons de la radio ou la <strong>t\u00e9l\u00e9commande fournie<\/strong>. \u00c9coutez de nombreuses <strong>cha\u00eenes AM et FM<\/strong> ou utilisez <strong>USB, micro SD ou AUX<\/strong>. L&#39;autoradio Bluetooth dispose d&#39;un <strong>\u00e9cran tactile TFT-LCD de 6,2 pouces<\/strong>.<\/p>\n<p><\/p>\n<\/p>\n<p> <strong>Caract\u00e9ristiques :<\/strong> <\/p>\n<ul>\n<li>Puissance maximale 4 x 75 watts <\/li>\n<li>\u00c9cran tactile TFT-LCD 6,2&Prime; <\/li>\n<li>MP3, MPEG4, DivX , WMA, USB, micro SD <\/li>\n<li>AUX et Bluetooth <\/li>\n<li>Diffusion audio A2DP + AVRCP <\/li>\n<li>Mirrorlink iOS\/Android <\/li>\n<li>AM\/FM <\/li>\n<li>Entr\u00e9e et sortie RCA <\/li>\n<li>T\u00e9l\u00e9commande <\/li>\n<li> Construit avec un Connecteur ISO <\/li>\n<li>Taille standard 2 DIN<\/li>\n<\/ul>\n<h3>Conduire avec les meilleurs rythmes<\/h3>\n<p> Vous conduisez r\u00e9guli\u00e8rement de longues distances et avez besoin d&#39;une distraction en cours de route ? Alors vous \u00eates au bon endroit avec cet autoradio Bluetooth. La technologie Bluetooth facilite la connexion sans fil de votre t\u00e9l\u00e9phone. Ainsi, vous pouvez imm\u00e9diatement jouer vos morceaux pr\u00e9f\u00e9r\u00e9s. Par exemple, cr\u00e9ez une playlist via Spotify et YouTube ou \u00e9coutez de nombreux podcasts. De cette fa\u00e7on, chaque voyage en voiture passe beaucoup plus vite. <\/p>\n<h3>Possibilit\u00e9s infinies<\/h3>\n<p>Pr\u00e9f\u00e9rez-vous \u00e9couter de la musique via votre t\u00e9l\u00e9phone ou \u00e9couter via Bluetooth n&#39;est pas une option ? Vous pouvez \u00e9galement vous connecter via AUX. Vous avez \u00e9galement de nombreuses autres options d&#39;\u00e9coute \u00e0 votre disposition. \u00c9coutez le top 40 ou des talk-shows via la radio AM\/FM. Vous pouvez \u00e9galement \u00e9couter de la musique via USB et micro SD. De cette fa\u00e7on, vous pouvez toujours \u00e9couter de la mani\u00e8re qui vous convient le mieux. <\/p>\n<h3>Facile \u00e0 utiliser<\/h3>\n<p> L&#39;autoradio avec USB et Bluetooth dispose d&#39;un \u00e9cran tactile TFT-LCD de 6,2&Prime;. Cela garantit que l&#39;autoradio est facile \u00e0 utiliser. Vous pouvez \u00e9galement utiliser la t\u00e9l\u00e9commande pour faire fonctionner la radio.<\/p>\n<p><\/p>\n<\/p>\n<p> <strong>Inclus :<\/strong> <\/p>\n<ul>\n<li>Autoradio Caliber RMD806BT avec Bluetooth <\/li>\n<li>T\u00e9l\u00e9commande <\/li>\n<\/ul>\n","protected":false},"excerpt":{"rendered":"<ul>\n<li>Puissance maximale 4 x 75 watts<\/li>\n<li>\u00c9cran tactile TFT-LCD 6,2&Prime;<\/li>\n<li>MP3, MPEG4, DivX , WMA, USB, micro SD<\/li>\n<li>AUX et Bluetooth<\/li>\n<li>Diffusion audio A2DP + AVRCP<\/li>\n<li>Mirrorlink iOS\/Android<\/li>\n<li>AM\/FM<\/li>\n<li>Entr\u00e9e et sortie RCA<\/li>\n<li>T\u00e9l\u00e9commande<\/li>\n<li>Construit avec un Connecteur ISO<\/li>\n<li>Taille standard 2 DIN<\/li>\n<\/ul>\n","protected":false},"featured_media":845710,"template":"","meta":{"_acf_changed":false,"site-sidebar-layout":"default","site-content-layout":"","ast-site-content-layout":"default","site-content-style":"default","site-sidebar-style":"default","ast-global-header-display":"","ast-banner-title-visibility":"","ast-main-header-display":"","ast-hfb-above-header-display":"","ast-hfb-below-header-display":"","ast-hfb-mobile-header-display":"","site-post-title":"","ast-breadcrumbs-content":"","ast-featured-img":"","footer-sml-layout":"","theme-transparent-header-meta":"","adv-header-id-meta":"","stick-header-meta":"","header-above-stick-meta":"","header-main-stick-meta":"","header-below-stick-meta":"","astra-migrate-meta-layouts":"default","ast-page-background-enabled":"default","ast-page-background-meta":{"desktop":{"background-color":"","background-image":"","background-repeat":"repeat","background-position":"center center","background-size":"auto","background-attachment":"scroll","background-type":"","background-media":"","overlay-type":"","overlay-color":"","overlay-opacity":"","overlay-gradient":""},"tablet":{"background-color":"","background-image":"","background-repeat":"repeat","background-position":"center center","background-size":"auto","background-attachment":"scroll","background-type":"","background-media":"","overlay-type":"","overlay-color":"","overlay-opacity":"","overlay-gradient":""},"mobile":{"background-color":"","background-image":"","background-repeat":"repeat","background-position":"center center","background-size":"auto","background-attachment":"scroll","background-type":"","background-media":"","overlay-type":"","overlay-color":"","overlay-opacity":"","overlay-gradient":""}},"ast-content-background-meta":{"desktop":{"background-color":"var(--ast-global-color-5)","background-image":"","background-repeat":"repeat","background-position":"center center","background-size":"auto","background-attachment":"scroll","background-type":"","background-media":"","overlay-type":"","overlay-color":"","overlay-opacity":"","overlay-gradient":""},"tablet":{"background-color":"var(--ast-global-color-5)","background-image":"","background-repeat":"repeat","background-position":"center center","background-size":"auto","background-attachment":"scroll","background-type":"","background-media":"","overlay-type":"","overlay-color":"","overlay-opacity":"","overlay-gradient":""},"mobile":{"background-color":"var(--ast-global-color-5)","background-image":"","background-repeat":"repeat","background-position":"center center","background-size":"auto","background-attachment":"scroll","background-type":"","background-media":"","overlay-type":"","overlay-color":"","overlay-opacity":"","overlay-gradient":""}}},"product_brand":[],"product_cat":[22955],"product_tag":[],"class_list":{"0":"post-696155","1":"product","2":"type-product","3":"status-publish","4":"has-post-thumbnail","6":"product_cat-pas-de-categorie","7":"desktop-align-center","8":"tablet-align-center","9":"mobile-align-center","10":"ast-product-gallery-layout-horizontal","11":"ast-product-tabs-layout-horizontal","13":"first","14":"instock","15":"taxable","16":"shipping-taxable","17":"purchasable","18":"product-type-simple"},"acf":[],"yoast_head":"<!-- This site is optimized with the Yoast SEO plugin v26.5 - https:\/\/yoast.com\/wordpress\/plugins\/seo\/ -->\n<title>Autoradio Bluetooth - AUX - 4 x 75 Watt - USB - Radio AM \/ FM - Mirrorlink - 2 Din avec \u00e9cran tactile (RMD806BT) - Caliber Europe B.V.<\/title>\n<meta name=\"robots\" content=\"noindex, follow, max-snippet:-1, max-image-preview:large, max-video-preview:-1\" \/>\n<meta property=\"og:locale\" content=\"fr_FR\" \/>\n<meta property=\"og:type\" content=\"article\" \/>\n<meta property=\"og:title\" content=\"Autoradio Bluetooth - AUX - 4 x 75 Watt - USB - Radio AM \/ FM - Mirrorlink - 2 Din avec \u00e9cran tactile (RMD806BT) - Caliber Europe B.V.\" \/>\n<meta property=\"og:description\" content=\"Puissance maximale 4 x 75 watts\u00c9cran tactile TFT-LCD 6,2&quot;MP3, MPEG4, DivX , WMA, USB, micro SDAUX et BluetoothDiffusion audio A2DP + AVRCPMirrorlink iOS\/AndroidAM\/FMEntr\u00e9e et sortie RCAT\u00e9l\u00e9commandeConstruit avec un Connecteur ISOTaille standard 2 DIN\" \/>\n<meta property=\"og:url\" content=\"https:\/\/b2b.calibereurope.com\/product\/rmd806bt-fr_fr\/\" \/>\n<meta property=\"og:site_name\" content=\"Caliber Europe B.V.\" \/>\n<meta property=\"article:modified_time\" content=\"2025-10-03T09:55:23+00:00\" \/>\n<meta name=\"twitter:card\" content=\"summary_large_image\" \/>\n<meta name=\"twitter:label1\" content=\"Dur\u00e9e de lecture estim\u00e9e\" \/>\n\t<meta name=\"twitter:data1\" content=\"2 minutes\" \/>\n<script type=\"application\/ld+json\" class=\"yoast-schema-graph\">{\"@context\":\"https:\/\/schema.org\",\"@graph\":[{\"@type\":\"WebPage\",\"@id\":\"https:\/\/b2b.calibereurope.com\/product\/rmd806bt-fr_fr\/\",\"url\":\"https:\/\/b2b.calibereurope.com\/product\/rmd806bt-fr_fr\/\",\"name\":\"Autoradio Bluetooth - AUX - 4 x 75 Watt - USB - Radio AM \/ FM - Mirrorlink - 2 Din avec \u00e9cran tactile (RMD806BT) - Caliber Europe B.V.\",\"isPartOf\":{\"@id\":\"https:\/\/b2b.calibereurope.com\/#website\"},\"primaryImageOfPage\":{\"@id\":\"https:\/\/b2b.calibereurope.com\/product\/rmd806bt-fr_fr\/#primaryimage\"},\"image\":{\"@id\":\"https:\/\/b2b.calibereurope.com\/product\/rmd806bt-fr_fr\/#primaryimage\"},\"thumbnailUrl\":\"https:\/\/b2b.calibereurope.com\/wp-content\/uploads\/2024\/06\/97d75bc64990ddd809a72967f182152f993e66ba_RMD806BT_Front_dvd.jpg\",\"datePublished\":\"2024-06-19T00:00:00+00:00\",\"dateModified\":\"2025-10-03T09:55:23+00:00\",\"breadcrumb\":{\"@id\":\"https:\/\/b2b.calibereurope.com\/product\/rmd806bt-fr_fr\/#breadcrumb\"},\"inLanguage\":\"fr-FR\",\"potentialAction\":[{\"@type\":\"ReadAction\",\"target\":[\"https:\/\/b2b.calibereurope.com\/product\/rmd806bt-fr_fr\/\"]}]},{\"@type\":\"ImageObject\",\"inLanguage\":\"fr-FR\",\"@id\":\"https:\/\/b2b.calibereurope.com\/product\/rmd806bt-fr_fr\/#primaryimage\",\"url\":\"https:\/\/b2b.calibereurope.com\/wp-content\/uploads\/2024\/06\/97d75bc64990ddd809a72967f182152f993e66ba_RMD806BT_Front_dvd.jpg\",\"contentUrl\":\"https:\/\/b2b.calibereurope.com\/wp-content\/uploads\/2024\/06\/97d75bc64990ddd809a72967f182152f993e66ba_RMD806BT_Front_dvd.jpg\",\"width\":1024,\"height\":768},{\"@type\":\"BreadcrumbList\",\"@id\":\"https:\/\/b2b.calibereurope.com\/product\/rmd806bt-fr_fr\/#breadcrumb\",\"itemListElement\":[{\"@type\":\"ListItem\",\"position\":1,\"name\":\"Home\",\"item\":\"https:\/\/b2b.calibereurope.com\/fr\/home\/\"},{\"@type\":\"ListItem\",\"position\":2,\"name\":\"Boutique\",\"item\":\"https:\/\/b2b.calibereurope.com\/fr\/boutique\/\"},{\"@type\":\"ListItem\",\"position\":3,\"name\":\"RMD806BT\"}]},{\"@type\":\"WebSite\",\"@id\":\"https:\/\/b2b.calibereurope.com\/#website\",\"url\":\"https:\/\/b2b.calibereurope.com\/\",\"name\":\"Caliber Europe B.V.\",\"description\":\"B2B Webshop\",\"publisher\":{\"@id\":\"https:\/\/b2b.calibereurope.com\/#organization\"},\"potentialAction\":[{\"@type\":\"SearchAction\",\"target\":{\"@type\":\"EntryPoint\",\"urlTemplate\":\"https:\/\/b2b.calibereurope.com\/?s={search_term_string}\"},\"query-input\":{\"@type\":\"PropertyValueSpecification\",\"valueRequired\":true,\"valueName\":\"search_term_string\"}}],\"inLanguage\":\"fr-FR\"},{\"@type\":\"Organization\",\"@id\":\"https:\/\/b2b.calibereurope.com\/#organization\",\"name\":\"Caliber Europe B.V.\",\"url\":\"https:\/\/b2b.calibereurope.com\/\",\"logo\":{\"@type\":\"ImageObject\",\"inLanguage\":\"fr-FR\",\"@id\":\"https:\/\/b2b.calibereurope.com\/#\/schema\/logo\/image\/\",\"url\":\"https:\/\/b2b.calibereurope.com\/wp-content\/uploads\/2020\/12\/Caliber_Logo-Black.png\",\"contentUrl\":\"https:\/\/b2b.calibereurope.com\/wp-content\/uploads\/2020\/12\/Caliber_Logo-Black.png\",\"width\":3157,\"height\":356,\"caption\":\"Caliber Europe B.V.\"},\"image\":{\"@id\":\"https:\/\/b2b.calibereurope.com\/#\/schema\/logo\/image\/\"}}]}<\/script>\n<!-- \/ Yoast SEO plugin. -->","yoast_head_json":{"title":"Autoradio Bluetooth - AUX - 4 x 75 Watt - USB - Radio AM \/ FM - Mirrorlink - 2 Din avec \u00e9cran tactile (RMD806BT) - Caliber Europe B.V.","robots":{"index":"noindex","follow":"follow","max-snippet":"max-snippet:-1","max-image-preview":"max-image-preview:large","max-video-preview":"max-video-preview:-1"},"og_locale":"fr_FR","og_type":"article","og_title":"Autoradio Bluetooth - AUX - 4 x 75 Watt - USB - Radio AM \/ FM - Mirrorlink - 2 Din avec \u00e9cran tactile (RMD806BT) - Caliber Europe B.V.","og_description":"Puissance maximale 4 x 75 watts\u00c9cran tactile TFT-LCD 6,2\"MP3, MPEG4, DivX , WMA, USB, micro SDAUX et BluetoothDiffusion audio A2DP + AVRCPMirrorlink iOS\/AndroidAM\/FMEntr\u00e9e et sortie RCAT\u00e9l\u00e9commandeConstruit avec un Connecteur ISOTaille standard 2 DIN","og_url":"https:\/\/b2b.calibereurope.com\/product\/rmd806bt-fr_fr\/","og_site_name":"Caliber Europe B.V.","article_modified_time":"2025-10-03T09:55:23+00:00","twitter_card":"summary_large_image","twitter_misc":{"Dur\u00e9e de lecture estim\u00e9e":"2 minutes"},"schema":{"@context":"https:\/\/schema.org","@graph":[{"@type":"WebPage","@id":"https:\/\/b2b.calibereurope.com\/product\/rmd806bt-fr_fr\/","url":"https:\/\/b2b.calibereurope.com\/product\/rmd806bt-fr_fr\/","name":"Autoradio Bluetooth - AUX - 4 x 75 Watt - USB - Radio AM \/ FM - Mirrorlink - 2 Din avec \u00e9cran tactile (RMD806BT) - Caliber Europe B.V.","isPartOf":{"@id":"https:\/\/b2b.calibereurope.com\/#website"},"primaryImageOfPage":{"@id":"https:\/\/b2b.calibereurope.com\/product\/rmd806bt-fr_fr\/#primaryimage"},"image":{"@id":"https:\/\/b2b.calibereurope.com\/product\/rmd806bt-fr_fr\/#primaryimage"},"thumbnailUrl":"https:\/\/b2b.calibereurope.com\/wp-content\/uploads\/2024\/06\/97d75bc64990ddd809a72967f182152f993e66ba_RMD806BT_Front_dvd.jpg","datePublished":"2024-06-19T00:00:00+00:00","dateModified":"2025-10-03T09:55:23+00:00","breadcrumb":{"@id":"https:\/\/b2b.calibereurope.com\/product\/rmd806bt-fr_fr\/#breadcrumb"},"inLanguage":"fr-FR","potentialAction":[{"@type":"ReadAction","target":["https:\/\/b2b.calibereurope.com\/product\/rmd806bt-fr_fr\/"]}]},{"@type":"ImageObject","inLanguage":"fr-FR","@id":"https:\/\/b2b.calibereurope.com\/product\/rmd806bt-fr_fr\/#primaryimage","url":"https:\/\/b2b.calibereurope.com\/wp-content\/uploads\/2024\/06\/97d75bc64990ddd809a72967f182152f993e66ba_RMD806BT_Front_dvd.jpg","contentUrl":"https:\/\/b2b.calibereurope.com\/wp-content\/uploads\/2024\/06\/97d75bc64990ddd809a72967f182152f993e66ba_RMD806BT_Front_dvd.jpg","width":1024,"height":768},{"@type":"BreadcrumbList","@id":"https:\/\/b2b.calibereurope.com\/product\/rmd806bt-fr_fr\/#breadcrumb","itemListElement":[{"@type":"ListItem","position":1,"name":"Home","item":"https:\/\/b2b.calibereurope.com\/fr\/home\/"},{"@type":"ListItem","position":2,"name":"Boutique","item":"https:\/\/b2b.calibereurope.com\/fr\/boutique\/"},{"@type":"ListItem","position":3,"name":"RMD806BT"}]},{"@type":"WebSite","@id":"https:\/\/b2b.calibereurope.com\/#website","url":"https:\/\/b2b.calibereurope.com\/","name":"Caliber Europe B.V.","description":"B2B Webshop","publisher":{"@id":"https:\/\/b2b.calibereurope.com\/#organization"},"potentialAction":[{"@type":"SearchAction","target":{"@type":"EntryPoint","urlTemplate":"https:\/\/b2b.calibereurope.com\/?s={search_term_string}"},"query-input":{"@type":"PropertyValueSpecification","valueRequired":true,"valueName":"search_term_string"}}],"inLanguage":"fr-FR"},{"@type":"Organization","@id":"https:\/\/b2b.calibereurope.com\/#organization","name":"Caliber Europe B.V.","url":"https:\/\/b2b.calibereurope.com\/","logo":{"@type":"ImageObject","inLanguage":"fr-FR","@id":"https:\/\/b2b.calibereurope.com\/#\/schema\/logo\/image\/","url":"https:\/\/b2b.calibereurope.com\/wp-content\/uploads\/2020\/12\/Caliber_Logo-Black.png","contentUrl":"https:\/\/b2b.calibereurope.com\/wp-content\/uploads\/2020\/12\/Caliber_Logo-Black.png","width":3157,"height":356,"caption":"Caliber Europe B.V."},"image":{"@id":"https:\/\/b2b.calibereurope.com\/#\/schema\/logo\/image\/"}}]}},"_links":{"self":[{"href":"https:\/\/b2b.calibereurope.com\/fr\/wp-json\/wp\/v2\/product\/696155","targetHints":{"allow":["GET"]}}],"collection":[{"href":"https:\/\/b2b.calibereurope.com\/fr\/wp-json\/wp\/v2\/product"}],"about":[{"href":"https:\/\/b2b.calibereurope.com\/fr\/wp-json\/wp\/v2\/types\/product"}],"version-history":[{"count":0,"href":"https:\/\/b2b.calibereurope.com\/fr\/wp-json\/wp\/v2\/product\/696155\/revisions"}],"wp:featuredmedia":[{"embeddable":true,"href":"https:\/\/b2b.calibereurope.com\/fr\/wp-json\/wp\/v2\/media\/845710"}],"wp:attachment":[{"href":"https:\/\/b2b.calibereurope.com\/fr\/wp-json\/wp\/v2\/media?parent=696155"}],"wp:term":[{"taxonomy":"product_brand","embeddable":true,"href":"https:\/\/b2b.calibereurope.com\/fr\/wp-json\/wp\/v2\/product_brand?post=696155"},{"taxonomy":"product_cat","embeddable":true,"href":"https:\/\/b2b.calibereurope.com\/fr\/wp-json\/wp\/v2\/product_cat?post=696155"},{"taxonomy":"product_tag","embeddable":true,"href":"https:\/\/b2b.calibereurope.com\/fr\/wp-json\/wp\/v2\/product_tag?post=696155"}],"curies":[{"name":"wp","href":"https:\/\/api.w.org\/{rel}","templated":true}]}}