{"id":756783,"date":"2025-01-15T01:00:00","date_gmt":"2025-01-15T00:00:00","guid":{"rendered":""},"modified":"2025-08-16T14:26:14","modified_gmt":"2025-08-16T12:26:14","slug":"BC120US-fr_FR","status":"publish","type":"product","link":"https:\/\/b2b.calibereurope.com\/fr\/produit\/BC120US-fr_FR\/","title":{"rendered":"Subwoofer sous le si\u00e8ge pour auto avec amplificateur &#8211; RMS 100 Watt &#8211; puissance maximale 500 Watt &#8211; RCA &#8211; Woofer 8 pouces (BC120US)"},"content":{"rendered":"<p> Tirez le meilleur parti de votre musique avec le subwoofer Caliber BC120US <strong>sous le si\u00e8ge<\/strong> avec amplificateur. Ce subwoofer garantit que les basses de votre musique sortent encore mieux, de sorte que vous vivez la musique plus intens\u00e9ment. Vous pouvez facilement placer le subwoofer de voiture avec le <strong>mat\u00e9riel de connexion fourni<\/strong> sous les si\u00e8ges de votre voiture. Le subwoofer avec amplificateur peut \u00eatre command\u00e9 avec une <strong>t\u00e9l\u00e9commande<\/strong>, de sorte que tout le monde dans la voiture puisse prendre le contr\u00f4le. Le subwoofer de voiture a une <strong>puissance RMS de 100 watts<\/strong> et une <strong>gamme de 50 Hz \u00e0 150 Hz<\/strong>.<\/p>\n<p><\/p>\n<\/p>\n<p> <strong>Caract\u00e9ristiques :<\/strong> <\/p>\n<ul>\n<li> subwoofer actif sous le si\u00e8ge <\/li>\n<li>Avec amplificateur int\u00e9gr\u00e9 <\/li>\n<li>500 watts max \/ 100 watts RMS <\/li>\n<li> Tr\u00e8s compact : 29 x 21 x 7,2 cm <\/li>\n<li>Avec t\u00e9l\u00e9commande filaire (5 m) <\/li>\n<li>Mat\u00e9riel de connexion fusible inclus <\/li>\n<li>Entr\u00e9e RCA : 130 mV &#8211; 2 V <\/li>\n<li>Gamme compl\u00e8te : 50 Hz &#8211; 150 Hz &lt; li&gt; Commutateur de phase 0\/180 degr\u00e9s <\/li>\n<li>Bass boost 0-12 DB, 45 Hz <\/li>\n<\/ul>\n<h3>L&#39;exp\u00e9rience sonore optimale<\/h3>\n<p> \u00c9coutez-vous la radio tous les matins sur le chemin du travail ? Am\u00e9liorez votre son avec ce subwoofer de voiture avec amplificateur. Le subwoofer a une puissance RMS de 100 watts et une puissance maximale de 500 watts. De cette fa\u00e7on, vous profitez toujours d&#39;un volume suffisant. Le subwoofer sous le si\u00e8ge garantit que les basses de la musique sortent encore mieux. Les effets sp\u00e9ciaux prennent \u00e9galement une nouvelle dimension. <\/p>\n<h3>Facile \u00e0 installer<\/h3>\n<p> Vous pouvez facilement installer ce subwoofer de voiture m\u00eame sans connaissance technique. Vous utilisez simplement le mat\u00e9riel de connexion s\u00e9curis\u00e9, qui est dot\u00e9 d&#39;une protection thermique. Le subwoofer est petit et compact, vous pouvez donc facilement le placer sous les si\u00e8ges ou dans le coffre. Parce que le subwoofer prend peu de place, il reste suffisamment d&#39;espace pour transporter des personnes et des choses. <\/p>\n<h3>Possibilit\u00e9 de le contr\u00f4ler depuis n&#39;importe o\u00f9<\/h3>\n<p> Le subwoofer est livr\u00e9 avec une t\u00e9l\u00e9commande. Le fil de cette t\u00e9l\u00e9commande mesure 5 m\u00e8tres de long. Gr\u00e2ce \u00e0 cette longueur g\u00e9n\u00e9reuse, n&#39;importe qui dans la voiture peut faire fonctionner le subwoofer. Le subwoofer est \u00e9galement \u00e9quip\u00e9 d&#39;une sortie RCA, de sorte que des haut-parleurs ou des amplificateurs externes peuvent \u00e9galement \u00eatre connect\u00e9s. Parfait pour les longs trajets en voiture !<\/p>\n<p><\/p>\n<\/p>\n<p> <strong>Inclus :<\/strong> <\/p>\n<ul>\n<li> subwoofer pour voiture Caliber BC120US avec amplificateur <\/li>\n<li>T\u00e9l\u00e9commande <\/li>\n<li>Mat\u00e9riel de connexion <\/li>\n<\/ul>\n","protected":false},"excerpt":{"rendered":"<ul>\n<li>subwoofer actif sous le si\u00e8ge<\/li>\n<li>Avec amplificateur int\u00e9gr\u00e9<\/li>\n<li>500 watts max \/ 100 watts RMS<\/li>\n<li>Tr\u00e8s compact : 29 x 21 x 7,2 cm<\/li>\n<li>Avec t\u00e9l\u00e9commande filaire (5 m)<\/li>\n<li>Mat\u00e9riel de connexion fusible inclus<\/li>\n<li>Entr\u00e9e RCA : 130 mV &#8211; 2 V<\/li>\n<li>Gamme compl\u00e8te : 50 Hz &#8211; 150 Hz &lt; li&gt; Commutateur de phase 0\/180 degr\u00e9s<\/li>\n<li>Bass boost 0-12 DB, 45 Hz<\/li>\n<\/ul>\n","protected":false},"featured_media":807682,"template":"","meta":{"_acf_changed":false,"site-sidebar-layout":"default","site-content-layout":"default","ast-site-content-layout":"default","site-content-style":"default","site-sidebar-style":"default","ast-global-header-display":"","ast-banner-title-visibility":"","ast-main-header-display":"","ast-hfb-above-header-display":"","ast-hfb-below-header-display":"","ast-hfb-mobile-header-display":"","site-post-title":"","ast-breadcrumbs-content":"","ast-featured-img":"","footer-sml-layout":"","theme-transparent-header-meta":"default","adv-header-id-meta":"","stick-header-meta":"default","header-above-stick-meta":"","header-main-stick-meta":"","header-below-stick-meta":"","astra-migrate-meta-layouts":"default","ast-page-background-enabled":"default","ast-page-background-meta":{"desktop":{"background-color":"","background-image":"","background-repeat":"repeat","background-position":"center center","background-size":"auto","background-attachment":"scroll","background-type":"","background-media":"","overlay-type":"","overlay-color":"","overlay-opacity":"","overlay-gradient":""},"tablet":{"background-color":"","background-image":"","background-repeat":"repeat","background-position":"center center","background-size":"auto","background-attachment":"scroll","background-type":"","background-media":"","overlay-type":"","overlay-color":"","overlay-opacity":"","overlay-gradient":""},"mobile":{"background-color":"","background-image":"","background-repeat":"repeat","background-position":"center center","background-size":"auto","background-attachment":"scroll","background-type":"","background-media":"","overlay-type":"","overlay-color":"","overlay-opacity":"","overlay-gradient":""}},"ast-content-background-meta":{"desktop":{"background-color":"var(--ast-global-color-5)","background-image":"","background-repeat":"repeat","background-position":"center center","background-size":"auto","background-attachment":"scroll","background-type":"","background-media":"","overlay-type":"","overlay-color":"","overlay-opacity":"","overlay-gradient":""},"tablet":{"background-color":"var(--ast-global-color-5)","background-image":"","background-repeat":"repeat","background-position":"center center","background-size":"auto","background-attachment":"scroll","background-type":"","background-media":"","overlay-type":"","overlay-color":"","overlay-opacity":"","overlay-gradient":""},"mobile":{"background-color":"var(--ast-global-color-5)","background-image":"","background-repeat":"repeat","background-position":"center center","background-size":"auto","background-attachment":"scroll","background-type":"","background-media":"","overlay-type":"","overlay-color":"","overlay-opacity":"","overlay-gradient":""}}},"product_brand":[],"product_cat":[22955],"product_tag":[],"class_list":{"0":"post-756783","1":"product","2":"type-product","3":"status-publish","4":"has-post-thumbnail","6":"product_cat-pas-de-categorie","7":"desktop-align-center","8":"tablet-align-center","9":"mobile-align-center","10":"ast-product-gallery-layout-horizontal","11":"ast-product-tabs-layout-horizontal","13":"first","14":"instock","15":"taxable","16":"shipping-taxable","17":"purchasable","18":"product-type-simple"},"acf":[],"yoast_head":"<!-- This site is optimized with the Yoast SEO plugin v26.5 - https:\/\/yoast.com\/wordpress\/plugins\/seo\/ -->\n<title>Subwoofer sous le si\u00e8ge pour auto avec amplificateur - RMS 100 Watt - puissance maximale 500 Watt - RCA - Woofer 8 pouces (BC120US) - Caliber Europe B.V.<\/title>\n<meta name=\"robots\" content=\"noindex, follow, max-snippet:-1, max-image-preview:large, max-video-preview:-1\" \/>\n<meta property=\"og:locale\" content=\"fr_FR\" \/>\n<meta property=\"og:type\" content=\"article\" \/>\n<meta property=\"og:title\" content=\"Subwoofer sous le si\u00e8ge pour auto avec amplificateur - RMS 100 Watt - puissance maximale 500 Watt - RCA - Woofer 8 pouces (BC120US) - Caliber Europe B.V.\" \/>\n<meta property=\"og:description\" content=\"subwoofer actif sous le si\u00e8geAvec amplificateur int\u00e9gr\u00e9500 watts max \/ 100 watts RMSTr\u00e8s compact : 29 x 21 x 7,2 cmAvec t\u00e9l\u00e9commande filaire (5 m)Mat\u00e9riel de connexion fusible inclusEntr\u00e9e RCA : 130 mV - 2 VGamme compl\u00e8te : 50 Hz - 150 Hz &lt; li&gt; Commutateur de phase 0\/180 degr\u00e9sBass boost 0-12 DB, 45 Hz\" \/>\n<meta property=\"og:url\" content=\"https:\/\/b2b.calibereurope.com\/?post_type=product&amp;p=756783\" \/>\n<meta property=\"og:site_name\" content=\"Caliber Europe B.V.\" \/>\n<meta property=\"article:modified_time\" content=\"2025-08-16T12:26:14+00:00\" \/>\n<meta name=\"twitter:card\" content=\"summary_large_image\" \/>\n<meta name=\"twitter:label1\" content=\"Dur\u00e9e de lecture estim\u00e9e\" \/>\n\t<meta name=\"twitter:data1\" content=\"2 minutes\" \/>\n<script type=\"application\/ld+json\" class=\"yoast-schema-graph\">{\"@context\":\"https:\/\/schema.org\",\"@graph\":[{\"@type\":\"WebPage\",\"@id\":\"https:\/\/b2b.calibereurope.com\/?post_type=product&p=756783\",\"url\":\"https:\/\/b2b.calibereurope.com\/?post_type=product&p=756783\",\"name\":\"Subwoofer sous le si\u00e8ge pour auto avec amplificateur - RMS 100 Watt - puissance maximale 500 Watt - RCA - Woofer 8 pouces (BC120US) - Caliber Europe B.V.\",\"isPartOf\":{\"@id\":\"https:\/\/b2b.calibereurope.com\/#website\"},\"primaryImageOfPage\":{\"@id\":\"https:\/\/b2b.calibereurope.com\/?post_type=product&p=756783#primaryimage\"},\"image\":{\"@id\":\"https:\/\/b2b.calibereurope.com\/?post_type=product&p=756783#primaryimage\"},\"thumbnailUrl\":\"https:\/\/b2b.calibereurope.com\/wp-content\/uploads\/2023\/02\/3fc6837260c435d133817de64c1d8e59a5ec4e36_BC120US_Top.jpg\",\"datePublished\":\"2025-01-15T00:00:00+00:00\",\"dateModified\":\"2025-08-16T12:26:14+00:00\",\"breadcrumb\":{\"@id\":\"https:\/\/b2b.calibereurope.com\/?post_type=product&p=756783#breadcrumb\"},\"inLanguage\":\"fr-FR\",\"potentialAction\":[{\"@type\":\"ReadAction\",\"target\":[\"https:\/\/b2b.calibereurope.com\/?post_type=product&p=756783\"]}]},{\"@type\":\"ImageObject\",\"inLanguage\":\"fr-FR\",\"@id\":\"https:\/\/b2b.calibereurope.com\/?post_type=product&p=756783#primaryimage\",\"url\":\"https:\/\/b2b.calibereurope.com\/wp-content\/uploads\/2023\/02\/3fc6837260c435d133817de64c1d8e59a5ec4e36_BC120US_Top.jpg\",\"contentUrl\":\"https:\/\/b2b.calibereurope.com\/wp-content\/uploads\/2023\/02\/3fc6837260c435d133817de64c1d8e59a5ec4e36_BC120US_Top.jpg\",\"width\":1024,\"height\":768},{\"@type\":\"BreadcrumbList\",\"@id\":\"https:\/\/b2b.calibereurope.com\/?post_type=product&p=756783#breadcrumb\",\"itemListElement\":[{\"@type\":\"ListItem\",\"position\":1,\"name\":\"Home\",\"item\":\"https:\/\/b2b.calibereurope.com\/fr\/home\/\"},{\"@type\":\"ListItem\",\"position\":2,\"name\":\"Boutique\",\"item\":\"https:\/\/b2b.calibereurope.com\/fr\/boutique\/\"},{\"@type\":\"ListItem\",\"position\":3,\"name\":\"Subwoofer actif voiture &#8211; Underseat &#8211; 500 Watt &#8211; 8 Inch &#8211; Black (BC120US)\"}]},{\"@type\":\"WebSite\",\"@id\":\"https:\/\/b2b.calibereurope.com\/#website\",\"url\":\"https:\/\/b2b.calibereurope.com\/\",\"name\":\"Caliber Europe B.V.\",\"description\":\"B2B Webshop\",\"publisher\":{\"@id\":\"https:\/\/b2b.calibereurope.com\/#organization\"},\"potentialAction\":[{\"@type\":\"SearchAction\",\"target\":{\"@type\":\"EntryPoint\",\"urlTemplate\":\"https:\/\/b2b.calibereurope.com\/?s={search_term_string}\"},\"query-input\":{\"@type\":\"PropertyValueSpecification\",\"valueRequired\":true,\"valueName\":\"search_term_string\"}}],\"inLanguage\":\"fr-FR\"},{\"@type\":\"Organization\",\"@id\":\"https:\/\/b2b.calibereurope.com\/#organization\",\"name\":\"Caliber Europe B.V.\",\"url\":\"https:\/\/b2b.calibereurope.com\/\",\"logo\":{\"@type\":\"ImageObject\",\"inLanguage\":\"fr-FR\",\"@id\":\"https:\/\/b2b.calibereurope.com\/#\/schema\/logo\/image\/\",\"url\":\"https:\/\/b2b.calibereurope.com\/wp-content\/uploads\/2020\/12\/Caliber_Logo-Black.png\",\"contentUrl\":\"https:\/\/b2b.calibereurope.com\/wp-content\/uploads\/2020\/12\/Caliber_Logo-Black.png\",\"width\":3157,\"height\":356,\"caption\":\"Caliber Europe B.V.\"},\"image\":{\"@id\":\"https:\/\/b2b.calibereurope.com\/#\/schema\/logo\/image\/\"}}]}<\/script>\n<!-- \/ Yoast SEO plugin. -->","yoast_head_json":{"title":"Subwoofer sous le si\u00e8ge pour auto avec amplificateur - RMS 100 Watt - puissance maximale 500 Watt - RCA - Woofer 8 pouces (BC120US) - Caliber Europe B.V.","robots":{"index":"noindex","follow":"follow","max-snippet":"max-snippet:-1","max-image-preview":"max-image-preview:large","max-video-preview":"max-video-preview:-1"},"og_locale":"fr_FR","og_type":"article","og_title":"Subwoofer sous le si\u00e8ge pour auto avec amplificateur - RMS 100 Watt - puissance maximale 500 Watt - RCA - Woofer 8 pouces (BC120US) - Caliber Europe B.V.","og_description":"subwoofer actif sous le si\u00e8geAvec amplificateur int\u00e9gr\u00e9500 watts max \/ 100 watts RMSTr\u00e8s compact : 29 x 21 x 7,2 cmAvec t\u00e9l\u00e9commande filaire (5 m)Mat\u00e9riel de connexion fusible inclusEntr\u00e9e RCA : 130 mV - 2 VGamme compl\u00e8te : 50 Hz - 150 Hz &lt; li&gt; Commutateur de phase 0\/180 degr\u00e9sBass boost 0-12 DB, 45 Hz","og_url":"https:\/\/b2b.calibereurope.com\/?post_type=product&p=756783","og_site_name":"Caliber Europe B.V.","article_modified_time":"2025-08-16T12:26:14+00:00","twitter_card":"summary_large_image","twitter_misc":{"Dur\u00e9e de lecture estim\u00e9e":"2 minutes"},"schema":{"@context":"https:\/\/schema.org","@graph":[{"@type":"WebPage","@id":"https:\/\/b2b.calibereurope.com\/?post_type=product&p=756783","url":"https:\/\/b2b.calibereurope.com\/?post_type=product&p=756783","name":"Subwoofer sous le si\u00e8ge pour auto avec amplificateur - RMS 100 Watt - puissance maximale 500 Watt - RCA - Woofer 8 pouces (BC120US) - Caliber Europe B.V.","isPartOf":{"@id":"https:\/\/b2b.calibereurope.com\/#website"},"primaryImageOfPage":{"@id":"https:\/\/b2b.calibereurope.com\/?post_type=product&p=756783#primaryimage"},"image":{"@id":"https:\/\/b2b.calibereurope.com\/?post_type=product&p=756783#primaryimage"},"thumbnailUrl":"https:\/\/b2b.calibereurope.com\/wp-content\/uploads\/2023\/02\/3fc6837260c435d133817de64c1d8e59a5ec4e36_BC120US_Top.jpg","datePublished":"2025-01-15T00:00:00+00:00","dateModified":"2025-08-16T12:26:14+00:00","breadcrumb":{"@id":"https:\/\/b2b.calibereurope.com\/?post_type=product&p=756783#breadcrumb"},"inLanguage":"fr-FR","potentialAction":[{"@type":"ReadAction","target":["https:\/\/b2b.calibereurope.com\/?post_type=product&p=756783"]}]},{"@type":"ImageObject","inLanguage":"fr-FR","@id":"https:\/\/b2b.calibereurope.com\/?post_type=product&p=756783#primaryimage","url":"https:\/\/b2b.calibereurope.com\/wp-content\/uploads\/2023\/02\/3fc6837260c435d133817de64c1d8e59a5ec4e36_BC120US_Top.jpg","contentUrl":"https:\/\/b2b.calibereurope.com\/wp-content\/uploads\/2023\/02\/3fc6837260c435d133817de64c1d8e59a5ec4e36_BC120US_Top.jpg","width":1024,"height":768},{"@type":"BreadcrumbList","@id":"https:\/\/b2b.calibereurope.com\/?post_type=product&p=756783#breadcrumb","itemListElement":[{"@type":"ListItem","position":1,"name":"Home","item":"https:\/\/b2b.calibereurope.com\/fr\/home\/"},{"@type":"ListItem","position":2,"name":"Boutique","item":"https:\/\/b2b.calibereurope.com\/fr\/boutique\/"},{"@type":"ListItem","position":3,"name":"Subwoofer actif voiture &#8211; Underseat &#8211; 500 Watt &#8211; 8 Inch &#8211; Black (BC120US)"}]},{"@type":"WebSite","@id":"https:\/\/b2b.calibereurope.com\/#website","url":"https:\/\/b2b.calibereurope.com\/","name":"Caliber Europe B.V.","description":"B2B Webshop","publisher":{"@id":"https:\/\/b2b.calibereurope.com\/#organization"},"potentialAction":[{"@type":"SearchAction","target":{"@type":"EntryPoint","urlTemplate":"https:\/\/b2b.calibereurope.com\/?s={search_term_string}"},"query-input":{"@type":"PropertyValueSpecification","valueRequired":true,"valueName":"search_term_string"}}],"inLanguage":"fr-FR"},{"@type":"Organization","@id":"https:\/\/b2b.calibereurope.com\/#organization","name":"Caliber Europe B.V.","url":"https:\/\/b2b.calibereurope.com\/","logo":{"@type":"ImageObject","inLanguage":"fr-FR","@id":"https:\/\/b2b.calibereurope.com\/#\/schema\/logo\/image\/","url":"https:\/\/b2b.calibereurope.com\/wp-content\/uploads\/2020\/12\/Caliber_Logo-Black.png","contentUrl":"https:\/\/b2b.calibereurope.com\/wp-content\/uploads\/2020\/12\/Caliber_Logo-Black.png","width":3157,"height":356,"caption":"Caliber Europe B.V."},"image":{"@id":"https:\/\/b2b.calibereurope.com\/#\/schema\/logo\/image\/"}}]}},"_links":{"self":[{"href":"https:\/\/b2b.calibereurope.com\/fr\/wp-json\/wp\/v2\/product\/756783","targetHints":{"allow":["GET"]}}],"collection":[{"href":"https:\/\/b2b.calibereurope.com\/fr\/wp-json\/wp\/v2\/product"}],"about":[{"href":"https:\/\/b2b.calibereurope.com\/fr\/wp-json\/wp\/v2\/types\/product"}],"version-history":[{"count":0,"href":"https:\/\/b2b.calibereurope.com\/fr\/wp-json\/wp\/v2\/product\/756783\/revisions"}],"wp:featuredmedia":[{"embeddable":true,"href":"https:\/\/b2b.calibereurope.com\/fr\/wp-json\/wp\/v2\/media\/807682"}],"wp:attachment":[{"href":"https:\/\/b2b.calibereurope.com\/fr\/wp-json\/wp\/v2\/media?parent=756783"}],"wp:term":[{"taxonomy":"product_brand","embeddable":true,"href":"https:\/\/b2b.calibereurope.com\/fr\/wp-json\/wp\/v2\/product_brand?post=756783"},{"taxonomy":"product_cat","embeddable":true,"href":"https:\/\/b2b.calibereurope.com\/fr\/wp-json\/wp\/v2\/product_cat?post=756783"},{"taxonomy":"product_tag","embeddable":true,"href":"https:\/\/b2b.calibereurope.com\/fr\/wp-json\/wp\/v2\/product_tag?post=756783"}],"curies":[{"name":"wp","href":"https:\/\/api.w.org\/{rel}","templated":true}]}}