{"id":762977,"date":"2025-10-07T02:00:00","date_gmt":"2025-10-07T00:00:00","guid":{"rendered":""},"modified":"2025-10-07T12:06:24","modified_gmt":"2025-10-07T10:06:24","slug":"RMD577BT-fr_FR","status":"publish","type":"product","link":"https:\/\/b2b.calibereurope.com\/fr\/produit\/RMD577BT-fr_FR\/","title":{"rendered":"Autoradio avec \u00e9cran souple Bluetooth et 1 Din &#8211; \u00e9cran tactile de 7 pouces avec entr\u00e9e pour cam\u00e9ra de recul &#8211; 4 x 75 Watt (RMD577BT)"},"content":{"rendered":"<p> Pas beaucoup d&#39;espace, mais vous aimeriez avoir un \u00e9cran dans votre voiture ? L&#39;autoradio Caliber RMD577BT avec \u00e9cran rabattable est exactement ce que vous cherchez ! Regardez des films et des s\u00e9ries via <strong>l\u2019\u00e9cran tactile de 7 pouces avec moteur de r\u00e9traction\/extension automatique<\/strong>. L&#39;autoradio dispose \u00e9galement de <strong>Bluetooth<\/strong> pour la diffusion de musique sans fil et les appels mains libres. L&#39;autoradio avec \u00e9cran contient une <strong>entr\u00e9e cam\u00e9ra<\/strong>, une <strong>sortie subwoofer<\/strong> et de nombreux autres ports utiles. Avec un <strong>amplificateur 4x 75 watts<\/strong> et un <strong>contr\u00f4le de tonalit\u00e9 d&#39;\u00e9galisation<\/strong> int\u00e9gr\u00e9s, le RMD577BT est non seulement amusant \u00e0 regarder, mais aussi amusant \u00e0 \u00e9couter.<\/p>\n<p><\/p>\n<\/p>\n<p> <strong>Caract\u00e9ristiques :<\/strong> <\/p>\n<ul>\n<li>Autoradio avec \u00e9cran <\/li>\n<li>Ecran tactile 7 pouces motoris\u00e9 <\/li>\n<li>Puissance maximale 4x 75 Watt <\/li>\n<li>Bluetooth pour le streaming et les appels mains libres <\/li>\n<li>Entr\u00e9e RCA et AUX 3,5 mm <\/li>\n<li>Radio FM avec 18 pr\u00e9r\u00e9glages <\/li>\n<li>Entr\u00e9e cam\u00e9ra avec inverseur <\/li>\n<li>Microphone externe inclus <\/li>\n<li>Taille standard 1 DIN <\/li>\n<li> connecteur ISO universelle<\/li>\n<li>Contr\u00f4le de tonalit\u00e9 EQ \u00e0 3 bandes <\/li>\n<li> Sortie RCA du subwoofer<\/li>\n<\/ul>\n<p> <strong>Remarque : <\/strong>Port USB et micro SD jusqu&#39;\u00e0 32 Go <\/p>\n<h3> \u00c9coutez, regardez et profitez<\/h3>\n<p> Le Caliber RMD577 est une radio polyvalente avec toutes les fonctions que vous recherchez en tant que passionn\u00e9 de voiture. Avec des entr\u00e9es RCA pour le signal vid\u00e9o, le signal audio et une cam\u00e9ra (de recul), vous pouvez facilement connecter des appareils externes. L&#39;autoradio dispose \u00e9galement de suffisamment de sorties, comme une double sortie RCA pour l&#39;audio, une connexion subwoofer et une sortie vid\u00e9o pour un \u00e9cran suppl\u00e9mentaire. En plus du Bluetooth, vous pouvez \u00e9galement connecter un t\u00e9l\u00e9phone filaire via l&#39;entr\u00e9e AUX ou le port USB \u00e0 l&#39;avant du panneau amovible. <\/p>\n<h3>Un petit g\u00e9ant<\/h3>\n<p> Gr\u00e2ce \u00e0 la taille d&#39;installation universelle 1 DIN, cet autoradio peut \u00eatre install\u00e9 dans presque toutes les voitures. L&#39;\u00e9cran rabattable motoris\u00e9 de l&#39;autoradio augmente le confort d&#39;utilisation et vous donne la possibilit\u00e9 de regarder des clips vid\u00e9o, des films ou vos s\u00e9ries pr\u00e9f\u00e9r\u00e9es depuis votre voiture. L&#39;\u00e9cran tactile TFT LCD de 7 pouces peut lire des fichiers vid\u00e9o et audio jusqu&#39;\u00e0 32 Go aux formats MPEG4, DivX, WMA, MP3 et JPEG. <\/p>\n<h3>S\u00e9curit\u00e9 et confort<\/h3>\n<p> Les appels mains libres sont non seulement s\u00fbrs, mais aussi beaucoup plus faciles pendant un trajet en voiture. Avec le microphone externe inclus, vous pouvez passer des appels d&#39;une clart\u00e9 cristalline avec vos coll\u00e8gues, vos amis et votre famille. Connectez votre smartphone via Bluetooth et diffusez sans fil vos tubes pr\u00e9f\u00e9r\u00e9s ou \u00e9coutez des programmes radio via le tuner FM\/AM avec 18 pr\u00e9r\u00e9glages FM et 12 AM.<\/p>\n<p><\/p>\n<\/p>\n<p> <strong>Inclus :<\/strong> <\/p>\n<ul>\n<li>Autoradio Caliber RMD577 <\/li>\n<li>Fa\u00e7ade amovible <\/li>\n<li>Micro externe <\/li>\n<li>T\u00e9l\u00e9commande <\/li>\n<\/ul>\n","protected":false},"excerpt":{"rendered":"<ul>\n<li>Autoradio avec \u00e9cran<\/li>\n<li>Ecran tactile 7 pouces motoris\u00e9<\/li>\n<li>Puissance maximale 4x 75 Watt<\/li>\n<li>Bluetooth pour le streaming et les appels mains libres<\/li>\n<li>Entr\u00e9e RCA et AUX 3,5 mm<\/li>\n<li>Radio FM avec 18 pr\u00e9r\u00e9glages<\/li>\n<li>Entr\u00e9e cam\u00e9ra avec inverseur<\/li>\n<li>Microphone externe inclus<\/li>\n<li>Taille standard 1 DIN<\/li>\n<li>connecteur ISO universelle<\/li>\n<li>Contr\u00f4le de tonalit\u00e9 EQ \u00e0 3 bandes<\/li>\n<li>Sortie RCA du subwoofer<\/li>\n<\/ul>\n","protected":false},"featured_media":858271,"template":"","meta":{"_acf_changed":false,"site-sidebar-layout":"default","site-content-layout":"default","ast-site-content-layout":"default","site-content-style":"default","site-sidebar-style":"default","ast-global-header-display":"","ast-banner-title-visibility":"","ast-main-header-display":"","ast-hfb-above-header-display":"","ast-hfb-below-header-display":"","ast-hfb-mobile-header-display":"","site-post-title":"","ast-breadcrumbs-content":"","ast-featured-img":"","footer-sml-layout":"","theme-transparent-header-meta":"default","adv-header-id-meta":"","stick-header-meta":"default","header-above-stick-meta":"","header-main-stick-meta":"","header-below-stick-meta":"","astra-migrate-meta-layouts":"default","ast-page-background-enabled":"default","ast-page-background-meta":{"desktop":{"background-color":"","background-image":"","background-repeat":"repeat","background-position":"center center","background-size":"auto","background-attachment":"scroll","background-type":"","background-media":"","overlay-type":"","overlay-color":"","overlay-opacity":"","overlay-gradient":""},"tablet":{"background-color":"","background-image":"","background-repeat":"repeat","background-position":"center center","background-size":"auto","background-attachment":"scroll","background-type":"","background-media":"","overlay-type":"","overlay-color":"","overlay-opacity":"","overlay-gradient":""},"mobile":{"background-color":"","background-image":"","background-repeat":"repeat","background-position":"center center","background-size":"auto","background-attachment":"scroll","background-type":"","background-media":"","overlay-type":"","overlay-color":"","overlay-opacity":"","overlay-gradient":""}},"ast-content-background-meta":{"desktop":{"background-color":"var(--ast-global-color-5)","background-image":"","background-repeat":"repeat","background-position":"center center","background-size":"auto","background-attachment":"scroll","background-type":"","background-media":"","overlay-type":"","overlay-color":"","overlay-opacity":"","overlay-gradient":""},"tablet":{"background-color":"var(--ast-global-color-5)","background-image":"","background-repeat":"repeat","background-position":"center center","background-size":"auto","background-attachment":"scroll","background-type":"","background-media":"","overlay-type":"","overlay-color":"","overlay-opacity":"","overlay-gradient":""},"mobile":{"background-color":"var(--ast-global-color-5)","background-image":"","background-repeat":"repeat","background-position":"center center","background-size":"auto","background-attachment":"scroll","background-type":"","background-media":"","overlay-type":"","overlay-color":"","overlay-opacity":"","overlay-gradient":""}}},"product_brand":[],"product_cat":[22955],"product_tag":[],"class_list":{"0":"post-762977","1":"product","2":"type-product","3":"status-publish","4":"has-post-thumbnail","6":"product_cat-pas-de-categorie","7":"desktop-align-center","8":"tablet-align-center","9":"mobile-align-center","10":"ast-product-gallery-layout-horizontal","11":"ast-product-tabs-layout-horizontal","13":"first","14":"outofstock","15":"taxable","16":"shipping-taxable","17":"purchasable","18":"product-type-simple"},"acf":[],"yoast_head":"<!-- This site is optimized with the Yoast SEO plugin v26.5 - https:\/\/yoast.com\/wordpress\/plugins\/seo\/ -->\n<title>Autoradio avec \u00e9cran souple Bluetooth et 1 Din - \u00e9cran tactile de 7 pouces avec entr\u00e9e pour cam\u00e9ra de recul - 4 x 75 Watt (RMD577BT) - Caliber Europe B.V.<\/title>\n<meta name=\"robots\" content=\"noindex, follow, max-snippet:-1, max-image-preview:large, max-video-preview:-1\" \/>\n<meta property=\"og:locale\" content=\"fr_FR\" \/>\n<meta property=\"og:type\" content=\"article\" \/>\n<meta property=\"og:title\" content=\"Autoradio avec \u00e9cran souple Bluetooth et 1 Din - \u00e9cran tactile de 7 pouces avec entr\u00e9e pour cam\u00e9ra de recul - 4 x 75 Watt (RMD577BT) - Caliber Europe B.V.\" \/>\n<meta property=\"og:description\" content=\"Autoradio avec \u00e9cranEcran tactile 7 pouces motoris\u00e9Puissance maximale 4x 75 WattBluetooth pour le streaming et les appels mains libresEntr\u00e9e RCA et AUX 3,5 mmRadio FM avec 18 pr\u00e9r\u00e9glagesEntr\u00e9e cam\u00e9ra avec inverseurMicrophone externe inclusTaille standard 1 DINconnecteur ISO universelleContr\u00f4le de tonalit\u00e9 EQ \u00e0 3 bandesSortie RCA du subwoofer\" \/>\n<meta property=\"og:url\" content=\"https:\/\/b2b.calibereurope.com\/product\/rmd577bt-fr_fr\/\" \/>\n<meta property=\"og:site_name\" content=\"Caliber Europe B.V.\" \/>\n<meta property=\"article:modified_time\" content=\"2025-10-07T10:06:24+00:00\" \/>\n<meta name=\"twitter:card\" content=\"summary_large_image\" \/>\n<meta name=\"twitter:label1\" content=\"Dur\u00e9e de lecture estim\u00e9e\" \/>\n\t<meta name=\"twitter:data1\" content=\"2 minutes\" \/>\n<script type=\"application\/ld+json\" class=\"yoast-schema-graph\">{\"@context\":\"https:\/\/schema.org\",\"@graph\":[{\"@type\":\"WebPage\",\"@id\":\"https:\/\/b2b.calibereurope.com\/product\/rmd577bt-fr_fr\/\",\"url\":\"https:\/\/b2b.calibereurope.com\/product\/rmd577bt-fr_fr\/\",\"name\":\"Autoradio avec \u00e9cran souple Bluetooth et 1 Din - \u00e9cran tactile de 7 pouces avec entr\u00e9e pour cam\u00e9ra de recul - 4 x 75 Watt (RMD577BT) - Caliber Europe B.V.\",\"isPartOf\":{\"@id\":\"https:\/\/b2b.calibereurope.com\/#website\"},\"primaryImageOfPage\":{\"@id\":\"https:\/\/b2b.calibereurope.com\/product\/rmd577bt-fr_fr\/#primaryimage\"},\"image\":{\"@id\":\"https:\/\/b2b.calibereurope.com\/product\/rmd577bt-fr_fr\/#primaryimage\"},\"thumbnailUrl\":\"https:\/\/b2b.calibereurope.com\/wp-content\/uploads\/2025\/10\/2bf221d512cf3360da085ea09b5a5452b8ad715b_RMD577_BT_open.jpg\",\"datePublished\":\"2025-10-07T00:00:00+00:00\",\"dateModified\":\"2025-10-07T10:06:24+00:00\",\"breadcrumb\":{\"@id\":\"https:\/\/b2b.calibereurope.com\/product\/rmd577bt-fr_fr\/#breadcrumb\"},\"inLanguage\":\"fr-FR\",\"potentialAction\":[{\"@type\":\"ReadAction\",\"target\":[\"https:\/\/b2b.calibereurope.com\/product\/rmd577bt-fr_fr\/\"]}]},{\"@type\":\"ImageObject\",\"inLanguage\":\"fr-FR\",\"@id\":\"https:\/\/b2b.calibereurope.com\/product\/rmd577bt-fr_fr\/#primaryimage\",\"url\":\"https:\/\/b2b.calibereurope.com\/wp-content\/uploads\/2025\/10\/2bf221d512cf3360da085ea09b5a5452b8ad715b_RMD577_BT_open.jpg\",\"contentUrl\":\"https:\/\/b2b.calibereurope.com\/wp-content\/uploads\/2025\/10\/2bf221d512cf3360da085ea09b5a5452b8ad715b_RMD577_BT_open.jpg\",\"width\":1024,\"height\":768},{\"@type\":\"BreadcrumbList\",\"@id\":\"https:\/\/b2b.calibereurope.com\/product\/rmd577bt-fr_fr\/#breadcrumb\",\"itemListElement\":[{\"@type\":\"ListItem\",\"position\":1,\"name\":\"Home\",\"item\":\"https:\/\/b2b.calibereurope.com\/fr\/home\/\"},{\"@type\":\"ListItem\",\"position\":2,\"name\":\"Boutique\",\"item\":\"https:\/\/b2b.calibereurope.com\/fr\/boutique\/\"},{\"@type\":\"ListItem\",\"position\":3,\"name\":\"RMD577BT\"}]},{\"@type\":\"WebSite\",\"@id\":\"https:\/\/b2b.calibereurope.com\/#website\",\"url\":\"https:\/\/b2b.calibereurope.com\/\",\"name\":\"Caliber Europe B.V.\",\"description\":\"B2B Webshop\",\"publisher\":{\"@id\":\"https:\/\/b2b.calibereurope.com\/#organization\"},\"potentialAction\":[{\"@type\":\"SearchAction\",\"target\":{\"@type\":\"EntryPoint\",\"urlTemplate\":\"https:\/\/b2b.calibereurope.com\/?s={search_term_string}\"},\"query-input\":{\"@type\":\"PropertyValueSpecification\",\"valueRequired\":true,\"valueName\":\"search_term_string\"}}],\"inLanguage\":\"fr-FR\"},{\"@type\":\"Organization\",\"@id\":\"https:\/\/b2b.calibereurope.com\/#organization\",\"name\":\"Caliber Europe B.V.\",\"url\":\"https:\/\/b2b.calibereurope.com\/\",\"logo\":{\"@type\":\"ImageObject\",\"inLanguage\":\"fr-FR\",\"@id\":\"https:\/\/b2b.calibereurope.com\/#\/schema\/logo\/image\/\",\"url\":\"https:\/\/b2b.calibereurope.com\/wp-content\/uploads\/2020\/12\/Caliber_Logo-Black.png\",\"contentUrl\":\"https:\/\/b2b.calibereurope.com\/wp-content\/uploads\/2020\/12\/Caliber_Logo-Black.png\",\"width\":3157,\"height\":356,\"caption\":\"Caliber Europe B.V.\"},\"image\":{\"@id\":\"https:\/\/b2b.calibereurope.com\/#\/schema\/logo\/image\/\"}}]}<\/script>\n<!-- \/ Yoast SEO plugin. -->","yoast_head_json":{"title":"Autoradio avec \u00e9cran souple Bluetooth et 1 Din - \u00e9cran tactile de 7 pouces avec entr\u00e9e pour cam\u00e9ra de recul - 4 x 75 Watt (RMD577BT) - Caliber Europe B.V.","robots":{"index":"noindex","follow":"follow","max-snippet":"max-snippet:-1","max-image-preview":"max-image-preview:large","max-video-preview":"max-video-preview:-1"},"og_locale":"fr_FR","og_type":"article","og_title":"Autoradio avec \u00e9cran souple Bluetooth et 1 Din - \u00e9cran tactile de 7 pouces avec entr\u00e9e pour cam\u00e9ra de recul - 4 x 75 Watt (RMD577BT) - Caliber Europe B.V.","og_description":"Autoradio avec \u00e9cranEcran tactile 7 pouces motoris\u00e9Puissance maximale 4x 75 WattBluetooth pour le streaming et les appels mains libresEntr\u00e9e RCA et AUX 3,5 mmRadio FM avec 18 pr\u00e9r\u00e9glagesEntr\u00e9e cam\u00e9ra avec inverseurMicrophone externe inclusTaille standard 1 DINconnecteur ISO universelleContr\u00f4le de tonalit\u00e9 EQ \u00e0 3 bandesSortie RCA du subwoofer","og_url":"https:\/\/b2b.calibereurope.com\/product\/rmd577bt-fr_fr\/","og_site_name":"Caliber Europe B.V.","article_modified_time":"2025-10-07T10:06:24+00:00","twitter_card":"summary_large_image","twitter_misc":{"Dur\u00e9e de lecture estim\u00e9e":"2 minutes"},"schema":{"@context":"https:\/\/schema.org","@graph":[{"@type":"WebPage","@id":"https:\/\/b2b.calibereurope.com\/product\/rmd577bt-fr_fr\/","url":"https:\/\/b2b.calibereurope.com\/product\/rmd577bt-fr_fr\/","name":"Autoradio avec \u00e9cran souple Bluetooth et 1 Din - \u00e9cran tactile de 7 pouces avec entr\u00e9e pour cam\u00e9ra de recul - 4 x 75 Watt (RMD577BT) - Caliber Europe B.V.","isPartOf":{"@id":"https:\/\/b2b.calibereurope.com\/#website"},"primaryImageOfPage":{"@id":"https:\/\/b2b.calibereurope.com\/product\/rmd577bt-fr_fr\/#primaryimage"},"image":{"@id":"https:\/\/b2b.calibereurope.com\/product\/rmd577bt-fr_fr\/#primaryimage"},"thumbnailUrl":"https:\/\/b2b.calibereurope.com\/wp-content\/uploads\/2025\/10\/2bf221d512cf3360da085ea09b5a5452b8ad715b_RMD577_BT_open.jpg","datePublished":"2025-10-07T00:00:00+00:00","dateModified":"2025-10-07T10:06:24+00:00","breadcrumb":{"@id":"https:\/\/b2b.calibereurope.com\/product\/rmd577bt-fr_fr\/#breadcrumb"},"inLanguage":"fr-FR","potentialAction":[{"@type":"ReadAction","target":["https:\/\/b2b.calibereurope.com\/product\/rmd577bt-fr_fr\/"]}]},{"@type":"ImageObject","inLanguage":"fr-FR","@id":"https:\/\/b2b.calibereurope.com\/product\/rmd577bt-fr_fr\/#primaryimage","url":"https:\/\/b2b.calibereurope.com\/wp-content\/uploads\/2025\/10\/2bf221d512cf3360da085ea09b5a5452b8ad715b_RMD577_BT_open.jpg","contentUrl":"https:\/\/b2b.calibereurope.com\/wp-content\/uploads\/2025\/10\/2bf221d512cf3360da085ea09b5a5452b8ad715b_RMD577_BT_open.jpg","width":1024,"height":768},{"@type":"BreadcrumbList","@id":"https:\/\/b2b.calibereurope.com\/product\/rmd577bt-fr_fr\/#breadcrumb","itemListElement":[{"@type":"ListItem","position":1,"name":"Home","item":"https:\/\/b2b.calibereurope.com\/fr\/home\/"},{"@type":"ListItem","position":2,"name":"Boutique","item":"https:\/\/b2b.calibereurope.com\/fr\/boutique\/"},{"@type":"ListItem","position":3,"name":"RMD577BT"}]},{"@type":"WebSite","@id":"https:\/\/b2b.calibereurope.com\/#website","url":"https:\/\/b2b.calibereurope.com\/","name":"Caliber Europe B.V.","description":"B2B Webshop","publisher":{"@id":"https:\/\/b2b.calibereurope.com\/#organization"},"potentialAction":[{"@type":"SearchAction","target":{"@type":"EntryPoint","urlTemplate":"https:\/\/b2b.calibereurope.com\/?s={search_term_string}"},"query-input":{"@type":"PropertyValueSpecification","valueRequired":true,"valueName":"search_term_string"}}],"inLanguage":"fr-FR"},{"@type":"Organization","@id":"https:\/\/b2b.calibereurope.com\/#organization","name":"Caliber Europe B.V.","url":"https:\/\/b2b.calibereurope.com\/","logo":{"@type":"ImageObject","inLanguage":"fr-FR","@id":"https:\/\/b2b.calibereurope.com\/#\/schema\/logo\/image\/","url":"https:\/\/b2b.calibereurope.com\/wp-content\/uploads\/2020\/12\/Caliber_Logo-Black.png","contentUrl":"https:\/\/b2b.calibereurope.com\/wp-content\/uploads\/2020\/12\/Caliber_Logo-Black.png","width":3157,"height":356,"caption":"Caliber Europe B.V."},"image":{"@id":"https:\/\/b2b.calibereurope.com\/#\/schema\/logo\/image\/"}}]}},"_links":{"self":[{"href":"https:\/\/b2b.calibereurope.com\/fr\/wp-json\/wp\/v2\/product\/762977","targetHints":{"allow":["GET"]}}],"collection":[{"href":"https:\/\/b2b.calibereurope.com\/fr\/wp-json\/wp\/v2\/product"}],"about":[{"href":"https:\/\/b2b.calibereurope.com\/fr\/wp-json\/wp\/v2\/types\/product"}],"version-history":[{"count":0,"href":"https:\/\/b2b.calibereurope.com\/fr\/wp-json\/wp\/v2\/product\/762977\/revisions"}],"wp:featuredmedia":[{"embeddable":true,"href":"https:\/\/b2b.calibereurope.com\/fr\/wp-json\/wp\/v2\/media\/858271"}],"wp:attachment":[{"href":"https:\/\/b2b.calibereurope.com\/fr\/wp-json\/wp\/v2\/media?parent=762977"}],"wp:term":[{"taxonomy":"product_brand","embeddable":true,"href":"https:\/\/b2b.calibereurope.com\/fr\/wp-json\/wp\/v2\/product_brand?post=762977"},{"taxonomy":"product_cat","embeddable":true,"href":"https:\/\/b2b.calibereurope.com\/fr\/wp-json\/wp\/v2\/product_cat?post=762977"},{"taxonomy":"product_tag","embeddable":true,"href":"https:\/\/b2b.calibereurope.com\/fr\/wp-json\/wp\/v2\/product_tag?post=762977"}],"curies":[{"name":"wp","href":"https:\/\/api.w.org\/{rel}","templated":true}]}}