{"id":763361,"date":"2025-12-04T01:00:00","date_gmt":"2025-12-04T00:00:00","guid":{"rendered":"0"},"modified":"2026-04-10T14:17:45","modified_gmt":"2026-04-10T12:17:45","slug":"CDS5G-fr_FR","status":"publish","type":"product","link":"https:\/\/b2b.calibereurope.com\/fr\/produit\/CDS5G-fr_FR\/","title":{"rendered":"Haut-parleurs de voiture &#8211; 2 haut-parleurs coaxiaux routiers &#8211; Ensemble de haut-parleurs 13 cm &#8211; tweeters de 30 mm &#8211; 100 W max (CDS5G)"},"content":{"rendered":"<p> Les haut-parleurs de voiture CDS5G de calibre se compose d&#39;un ensemble <strong> de deux haut-parleurs avec grill. <\/strong> Les haut-parleurs de <strong> 13 cm <\/strong> ont <strong> 2 haut-parleurs coaxiaux de la route <\/strong> et <strong> tweeters de n\u00e9odyme de 30 mm <\/strong>. Cela vous permet de profiter de mani\u00e8re optimale de tous les tons hauts de la musique. <\/p>\n<p> <\/p>\n<\/p>\n<p> Cet ensemble de haut-parleurs a une capacit\u00e9 puissante d&#39;un maximum de < Strong> 100 watts et une puissance minimale de 40 watts RMS <\/strong>. De cette fa\u00e7on, vous entendez tous les sons de la musique. Les haut-parleurs ont une profondeur de montage <strong> de 47 mm <\/strong> et un diam\u00e8tre <strong> construit de 120 mm <\/strong>. Gr\u00e2ce aux documents fournis, vous pouvez facilement installer les haut-parleurs de voiture. <\/p>\n<p> <\/p>\n<\/p>\n<p> <strong> Propri\u00e9t\u00e9s: <\/strong> <\/p>\n<ul>\n<li> haut-parleurs de voiture de 13 cm <\/li>\n<li> 2 Syst\u00e8me routier <\/li>\n<li> Tweeters de n\u00e9odyme de 30 mm <\/li>\n<li> 40 watt RMS <\/li>\n<li> Power: 100 watt <\/li>\n<li> Sensibilit\u00e9: 92db \/ w \/ m <\/li>\n<li> D\u00e9fense de montage: 47 mm <\/li>\n<li> Installez le diam\u00e8tre: 120 mm <\/li>\n<li> avec IMPP-Kegel dans Kevlar Look <\/li>\n<li> y compris le grill <\/li>\n<\/ul>\n<h3> Excellente qualit\u00e9 <\/h3>\n<p> Les haut-parleurs de la voiture ont une coquille solide et sont fournis, y compris le grill. Le gril garantit que les haut-parleurs de voiture sont bien prot\u00e9g\u00e9s. Ceci est important pour \u00e9viter d&#39;endommager, par exemple, les tweeters. Cela peut survenir pendant le transport ou par l&#39;inattention des passagers. De cette fa\u00e7on, vous appr\u00e9cierez cet ensemble de haut-parleurs pendant longtemps! <\/p>\n<h3> Qualit\u00e9 sonore optimale <\/h3>\n<p> Avec cet ensemble de haut-parleurs, vous pouvez maintenant profiter de votre musique pr\u00e9f\u00e9r\u00e9e pendant des heures pendant un trajet. Gr\u00e2ce aux haut-parleurs coaxiaux de 2 routes et aux tweeters de n\u00e9odyme construits \u00e0 30 mm, les tons hauts se distinguent bien des tons bas. Cela vous permet de profiter de mani\u00e8re optimale de la meilleure qualit\u00e9 sonore. Les haut-parleurs de voiture ont une puissance puissante. Avec une puissance minimale de 40 watt RMS et une puissance maximale de 100 watts, vous pouvez entendre tous les sons de la musique excellents. <\/p>\n<h3> Install\u00e9 rapide <\/h3>\n<p> Les haut-parleurs de la voiture sont fournis, y compris le gril, les vis et les clips. Les haut-parleurs de voiture ont un diam\u00e8tre construit de 120 mm et une profondeur de 47 mm. Si vous utilisez les mat\u00e9riaux fournis, vous pouvez facilement attacher des haut-parleurs dans votre voiture. <\/p>\n<p> <\/p>\n<\/p>\n<p> <strong> fourni: <\/strong> <\/ P> <\/p>\n<ul>\n<li> Conf\u00e9renciers de voiture CDS5G CDS5G <\/li>\n<li> MATAGE MAT\u00c9RICE: Vis et clips <\/li>\n<li> Grill <\/li>\n<\/ul>\n","protected":false},"excerpt":{"rendered":"<p>Les haut-parleurs de voiture CDS5G de calibre se compose d&#39;un ensemble de deux haut-parleurs avec grill. Les haut-parleurs de 13 cm ont 2 haut-parleurs coaxiaux de la route et tweeters de n\u00e9odyme de 30 mm . Cela vous permet de profiter de mani\u00e8re optimale de tous les tons hauts de la musique. Cet ensemble de [&hellip;]<\/p>\n","protected":false},"featured_media":866609,"template":"","meta":{"_acf_changed":false,"site-sidebar-layout":"default","site-content-layout":"","ast-site-content-layout":"default","site-content-style":"default","site-sidebar-style":"default","ast-global-header-display":"","ast-banner-title-visibility":"","ast-main-header-display":"","ast-hfb-above-header-display":"","ast-hfb-below-header-display":"","ast-hfb-mobile-header-display":"","site-post-title":"","ast-breadcrumbs-content":"","ast-featured-img":"","footer-sml-layout":"","theme-transparent-header-meta":"","adv-header-id-meta":"","stick-header-meta":"","header-above-stick-meta":"","header-main-stick-meta":"","header-below-stick-meta":"","astra-migrate-meta-layouts":"default","ast-page-background-enabled":"default","ast-page-background-meta":{"desktop":{"background-color":"","background-image":"","background-repeat":"repeat","background-position":"center center","background-size":"auto","background-attachment":"scroll","background-type":"","background-media":"","overlay-type":"","overlay-color":"","overlay-opacity":"","overlay-gradient":""},"tablet":{"background-color":"","background-image":"","background-repeat":"repeat","background-position":"center center","background-size":"auto","background-attachment":"scroll","background-type":"","background-media":"","overlay-type":"","overlay-color":"","overlay-opacity":"","overlay-gradient":""},"mobile":{"background-color":"","background-image":"","background-repeat":"repeat","background-position":"center center","background-size":"auto","background-attachment":"scroll","background-type":"","background-media":"","overlay-type":"","overlay-color":"","overlay-opacity":"","overlay-gradient":""}},"ast-content-background-meta":{"desktop":{"background-color":"var(--ast-global-color-5)","background-image":"","background-repeat":"repeat","background-position":"center center","background-size":"auto","background-attachment":"scroll","background-type":"","background-media":"","overlay-type":"","overlay-color":"","overlay-opacity":"","overlay-gradient":""},"tablet":{"background-color":"var(--ast-global-color-5)","background-image":"","background-repeat":"repeat","background-position":"center center","background-size":"auto","background-attachment":"scroll","background-type":"","background-media":"","overlay-type":"","overlay-color":"","overlay-opacity":"","overlay-gradient":""},"mobile":{"background-color":"var(--ast-global-color-5)","background-image":"","background-repeat":"repeat","background-position":"center center","background-size":"auto","background-attachment":"scroll","background-type":"","background-media":"","overlay-type":"","overlay-color":"","overlay-opacity":"","overlay-gradient":""}}},"product_brand":[],"product_cat":[22955],"product_tag":[],"class_list":{"0":"post-763361","1":"product","2":"type-product","3":"status-publish","4":"has-post-thumbnail","6":"product_cat-pas-de-categorie","7":"desktop-align-center","8":"tablet-align-center","9":"mobile-align-center","10":"ast-product-gallery-layout-horizontal","11":"ast-product-tabs-layout-horizontal","13":"first","14":"instock","15":"taxable","16":"shipping-taxable","17":"purchasable","18":"product-type-simple"},"acf":[],"yoast_head":"<!-- This site is optimized with the Yoast SEO plugin v26.5 - https:\/\/yoast.com\/wordpress\/plugins\/seo\/ -->\n<title>Haut-parleurs de voiture - 2 haut-parleurs coaxiaux routiers - Ensemble de haut-parleurs 13 cm - tweeters de 30 mm - 100 W max (CDS5G) - Caliber Europe B.V.<\/title>\n<meta name=\"robots\" content=\"noindex, follow, max-snippet:-1, max-image-preview:large, max-video-preview:-1\" \/>\n<meta property=\"og:locale\" content=\"fr_FR\" \/>\n<meta property=\"og:type\" content=\"article\" \/>\n<meta property=\"og:title\" content=\"Haut-parleurs de voiture - 2 haut-parleurs coaxiaux routiers - Ensemble de haut-parleurs 13 cm - tweeters de 30 mm - 100 W max (CDS5G) - Caliber Europe B.V.\" \/>\n<meta property=\"og:description\" content=\"Les haut-parleurs de voiture CDS5G de calibre se compose d&#039;un ensemble de deux haut-parleurs avec grill. Les haut-parleurs de 13 cm ont 2 haut-parleurs coaxiaux de la route et tweeters de n\u00e9odyme de 30 mm . Cela vous permet de profiter de mani\u00e8re optimale de tous les tons hauts de la musique. Cet ensemble de [&hellip;]\" \/>\n<meta property=\"og:url\" content=\"https:\/\/b2b.calibereurope.com\/product\/cds5g-fr_fr\/\" \/>\n<meta property=\"og:site_name\" content=\"Caliber Europe B.V.\" \/>\n<meta property=\"article:modified_time\" content=\"2026-04-10T12:17:45+00:00\" \/>\n<meta name=\"twitter:card\" content=\"summary_large_image\" \/>\n<meta name=\"twitter:label1\" content=\"Dur\u00e9e de lecture estim\u00e9e\" \/>\n\t<meta name=\"twitter:data1\" content=\"2 minutes\" \/>\n<script type=\"application\/ld+json\" class=\"yoast-schema-graph\">{\"@context\":\"https:\/\/schema.org\",\"@graph\":[{\"@type\":\"WebPage\",\"@id\":\"https:\/\/b2b.calibereurope.com\/product\/cds5g-fr_fr\/\",\"url\":\"https:\/\/b2b.calibereurope.com\/product\/cds5g-fr_fr\/\",\"name\":\"Haut-parleurs de voiture - 2 haut-parleurs coaxiaux routiers - Ensemble de haut-parleurs 13 cm - tweeters de 30 mm - 100 W max (CDS5G) - Caliber Europe B.V.\",\"isPartOf\":{\"@id\":\"https:\/\/b2b.calibereurope.com\/#website\"},\"primaryImageOfPage\":{\"@id\":\"https:\/\/b2b.calibereurope.com\/product\/cds5g-fr_fr\/#primaryimage\"},\"image\":{\"@id\":\"https:\/\/b2b.calibereurope.com\/product\/cds5g-fr_fr\/#primaryimage\"},\"thumbnailUrl\":\"https:\/\/b2b.calibereurope.com\/wp-content\/uploads\/2025\/12\/bdec4db549ddde35042f331c4b8a4ea84437321c_CDS5G_top-4.jpg\",\"datePublished\":\"2025-12-04T00:00:00+00:00\",\"dateModified\":\"2026-04-10T12:17:45+00:00\",\"breadcrumb\":{\"@id\":\"https:\/\/b2b.calibereurope.com\/product\/cds5g-fr_fr\/#breadcrumb\"},\"inLanguage\":\"fr-FR\",\"potentialAction\":[{\"@type\":\"ReadAction\",\"target\":[\"https:\/\/b2b.calibereurope.com\/product\/cds5g-fr_fr\/\"]}]},{\"@type\":\"ImageObject\",\"inLanguage\":\"fr-FR\",\"@id\":\"https:\/\/b2b.calibereurope.com\/product\/cds5g-fr_fr\/#primaryimage\",\"url\":\"https:\/\/b2b.calibereurope.com\/wp-content\/uploads\/2025\/12\/bdec4db549ddde35042f331c4b8a4ea84437321c_CDS5G_top-4.jpg\",\"contentUrl\":\"https:\/\/b2b.calibereurope.com\/wp-content\/uploads\/2025\/12\/bdec4db549ddde35042f331c4b8a4ea84437321c_CDS5G_top-4.jpg\",\"width\":1024,\"height\":768},{\"@type\":\"BreadcrumbList\",\"@id\":\"https:\/\/b2b.calibereurope.com\/product\/cds5g-fr_fr\/#breadcrumb\",\"itemListElement\":[{\"@type\":\"ListItem\",\"position\":1,\"name\":\"Home\",\"item\":\"https:\/\/b2b.calibereurope.com\/fr\/home\/\"},{\"@type\":\"ListItem\",\"position\":2,\"name\":\"Boutique\",\"item\":\"https:\/\/b2b.calibereurope.com\/fr\/boutique\/\"},{\"@type\":\"ListItem\",\"position\":3,\"name\":\"CDS5G\"}]},{\"@type\":\"WebSite\",\"@id\":\"https:\/\/b2b.calibereurope.com\/#website\",\"url\":\"https:\/\/b2b.calibereurope.com\/\",\"name\":\"Caliber Europe B.V.\",\"description\":\"B2B Webshop\",\"publisher\":{\"@id\":\"https:\/\/b2b.calibereurope.com\/#organization\"},\"potentialAction\":[{\"@type\":\"SearchAction\",\"target\":{\"@type\":\"EntryPoint\",\"urlTemplate\":\"https:\/\/b2b.calibereurope.com\/?s={search_term_string}\"},\"query-input\":{\"@type\":\"PropertyValueSpecification\",\"valueRequired\":true,\"valueName\":\"search_term_string\"}}],\"inLanguage\":\"fr-FR\"},{\"@type\":\"Organization\",\"@id\":\"https:\/\/b2b.calibereurope.com\/#organization\",\"name\":\"Caliber Europe B.V.\",\"url\":\"https:\/\/b2b.calibereurope.com\/\",\"logo\":{\"@type\":\"ImageObject\",\"inLanguage\":\"fr-FR\",\"@id\":\"https:\/\/b2b.calibereurope.com\/#\/schema\/logo\/image\/\",\"url\":\"https:\/\/b2b.calibereurope.com\/wp-content\/uploads\/2020\/12\/Caliber_Logo-Black.png\",\"contentUrl\":\"https:\/\/b2b.calibereurope.com\/wp-content\/uploads\/2020\/12\/Caliber_Logo-Black.png\",\"width\":3157,\"height\":356,\"caption\":\"Caliber Europe B.V.\"},\"image\":{\"@id\":\"https:\/\/b2b.calibereurope.com\/#\/schema\/logo\/image\/\"}}]}<\/script>\n<!-- \/ Yoast SEO plugin. -->","yoast_head_json":{"title":"Haut-parleurs de voiture - 2 haut-parleurs coaxiaux routiers - Ensemble de haut-parleurs 13 cm - tweeters de 30 mm - 100 W max (CDS5G) - Caliber Europe B.V.","robots":{"index":"noindex","follow":"follow","max-snippet":"max-snippet:-1","max-image-preview":"max-image-preview:large","max-video-preview":"max-video-preview:-1"},"og_locale":"fr_FR","og_type":"article","og_title":"Haut-parleurs de voiture - 2 haut-parleurs coaxiaux routiers - Ensemble de haut-parleurs 13 cm - tweeters de 30 mm - 100 W max (CDS5G) - Caliber Europe B.V.","og_description":"Les haut-parleurs de voiture CDS5G de calibre se compose d&#39;un ensemble de deux haut-parleurs avec grill. Les haut-parleurs de 13 cm ont 2 haut-parleurs coaxiaux de la route et tweeters de n\u00e9odyme de 30 mm . Cela vous permet de profiter de mani\u00e8re optimale de tous les tons hauts de la musique. Cet ensemble de [&hellip;]","og_url":"https:\/\/b2b.calibereurope.com\/product\/cds5g-fr_fr\/","og_site_name":"Caliber Europe B.V.","article_modified_time":"2026-04-10T12:17:45+00:00","twitter_card":"summary_large_image","twitter_misc":{"Dur\u00e9e de lecture estim\u00e9e":"2 minutes"},"schema":{"@context":"https:\/\/schema.org","@graph":[{"@type":"WebPage","@id":"https:\/\/b2b.calibereurope.com\/product\/cds5g-fr_fr\/","url":"https:\/\/b2b.calibereurope.com\/product\/cds5g-fr_fr\/","name":"Haut-parleurs de voiture - 2 haut-parleurs coaxiaux routiers - Ensemble de haut-parleurs 13 cm - tweeters de 30 mm - 100 W max (CDS5G) - Caliber Europe B.V.","isPartOf":{"@id":"https:\/\/b2b.calibereurope.com\/#website"},"primaryImageOfPage":{"@id":"https:\/\/b2b.calibereurope.com\/product\/cds5g-fr_fr\/#primaryimage"},"image":{"@id":"https:\/\/b2b.calibereurope.com\/product\/cds5g-fr_fr\/#primaryimage"},"thumbnailUrl":"https:\/\/b2b.calibereurope.com\/wp-content\/uploads\/2025\/12\/bdec4db549ddde35042f331c4b8a4ea84437321c_CDS5G_top-4.jpg","datePublished":"2025-12-04T00:00:00+00:00","dateModified":"2026-04-10T12:17:45+00:00","breadcrumb":{"@id":"https:\/\/b2b.calibereurope.com\/product\/cds5g-fr_fr\/#breadcrumb"},"inLanguage":"fr-FR","potentialAction":[{"@type":"ReadAction","target":["https:\/\/b2b.calibereurope.com\/product\/cds5g-fr_fr\/"]}]},{"@type":"ImageObject","inLanguage":"fr-FR","@id":"https:\/\/b2b.calibereurope.com\/product\/cds5g-fr_fr\/#primaryimage","url":"https:\/\/b2b.calibereurope.com\/wp-content\/uploads\/2025\/12\/bdec4db549ddde35042f331c4b8a4ea84437321c_CDS5G_top-4.jpg","contentUrl":"https:\/\/b2b.calibereurope.com\/wp-content\/uploads\/2025\/12\/bdec4db549ddde35042f331c4b8a4ea84437321c_CDS5G_top-4.jpg","width":1024,"height":768},{"@type":"BreadcrumbList","@id":"https:\/\/b2b.calibereurope.com\/product\/cds5g-fr_fr\/#breadcrumb","itemListElement":[{"@type":"ListItem","position":1,"name":"Home","item":"https:\/\/b2b.calibereurope.com\/fr\/home\/"},{"@type":"ListItem","position":2,"name":"Boutique","item":"https:\/\/b2b.calibereurope.com\/fr\/boutique\/"},{"@type":"ListItem","position":3,"name":"CDS5G"}]},{"@type":"WebSite","@id":"https:\/\/b2b.calibereurope.com\/#website","url":"https:\/\/b2b.calibereurope.com\/","name":"Caliber Europe B.V.","description":"B2B Webshop","publisher":{"@id":"https:\/\/b2b.calibereurope.com\/#organization"},"potentialAction":[{"@type":"SearchAction","target":{"@type":"EntryPoint","urlTemplate":"https:\/\/b2b.calibereurope.com\/?s={search_term_string}"},"query-input":{"@type":"PropertyValueSpecification","valueRequired":true,"valueName":"search_term_string"}}],"inLanguage":"fr-FR"},{"@type":"Organization","@id":"https:\/\/b2b.calibereurope.com\/#organization","name":"Caliber Europe B.V.","url":"https:\/\/b2b.calibereurope.com\/","logo":{"@type":"ImageObject","inLanguage":"fr-FR","@id":"https:\/\/b2b.calibereurope.com\/#\/schema\/logo\/image\/","url":"https:\/\/b2b.calibereurope.com\/wp-content\/uploads\/2020\/12\/Caliber_Logo-Black.png","contentUrl":"https:\/\/b2b.calibereurope.com\/wp-content\/uploads\/2020\/12\/Caliber_Logo-Black.png","width":3157,"height":356,"caption":"Caliber Europe B.V."},"image":{"@id":"https:\/\/b2b.calibereurope.com\/#\/schema\/logo\/image\/"}}]}},"_links":{"self":[{"href":"https:\/\/b2b.calibereurope.com\/fr\/wp-json\/wp\/v2\/product\/763361","targetHints":{"allow":["GET"]}}],"collection":[{"href":"https:\/\/b2b.calibereurope.com\/fr\/wp-json\/wp\/v2\/product"}],"about":[{"href":"https:\/\/b2b.calibereurope.com\/fr\/wp-json\/wp\/v2\/types\/product"}],"version-history":[{"count":0,"href":"https:\/\/b2b.calibereurope.com\/fr\/wp-json\/wp\/v2\/product\/763361\/revisions"}],"wp:featuredmedia":[{"embeddable":true,"href":"https:\/\/b2b.calibereurope.com\/fr\/wp-json\/wp\/v2\/media\/866609"}],"wp:attachment":[{"href":"https:\/\/b2b.calibereurope.com\/fr\/wp-json\/wp\/v2\/media?parent=763361"}],"wp:term":[{"taxonomy":"product_brand","embeddable":true,"href":"https:\/\/b2b.calibereurope.com\/fr\/wp-json\/wp\/v2\/product_brand?post=763361"},{"taxonomy":"product_cat","embeddable":true,"href":"https:\/\/b2b.calibereurope.com\/fr\/wp-json\/wp\/v2\/product_cat?post=763361"},{"taxonomy":"product_tag","embeddable":true,"href":"https:\/\/b2b.calibereurope.com\/fr\/wp-json\/wp\/v2\/product_tag?post=763361"}],"curies":[{"name":"wp","href":"https:\/\/api.w.org\/{rel}","templated":true}]}}