{"id":763369,"date":"2025-12-04T01:00:00","date_gmt":"2025-12-04T00:00:00","guid":{"rendered":"0"},"modified":"2026-03-20T11:06:38","modified_gmt":"2026-03-20T10:06:38","slug":"CDS6G-fr_FR","status":"publish","type":"product","link":"https:\/\/b2b.calibereurope.com\/fr\/produit\/CDS6G-fr_FR\/","title":{"rendered":"Haut-parleurs de voiture &#8211; Ensemble d&rsquo;enceintes de 16,5 cm &#8211; Tweeters de Dome Mylar de 30 mm &#8211; 120 W &#8211; haut-parleurs coaxiaux (CDS6G)"},"content":{"rendered":"<p> Les haut-parleurs de voiture CDS6G de calibre sont un ensemble de haut-parleurs compos\u00e9 de deux haut-parleurs de <strong> 16,5 cm <\/strong>. Les haut-parleurs sont \u00e9quip\u00e9s de haut-parleurs coaxiaux de la route <strong> 2 <\/strong> et <strong> tweeters du d\u00f4me mylar de 30 mm. <\/strong> Cela signifie <strong> <\/strong> Les tons hauts se distinguent des tons bas et cela garantit que tous les sons peuvent \u00eatre entendus. Les haut-parleurs de voiture ont un son minimal de <strong> 50 watts RMS <\/strong> et une puissance maximale <strong> de 120 watts <\/strong>. Cela permet \u00e0 ces haut-parleurs de voiture de produire un son tr\u00e8s puissant. Gr\u00e2ce aux documents fournis, vous pouvez installer les haut-parleurs vous-m\u00eame. <\/p>\n<p> <\/p>\n<\/p>\n<p> <strong> Propri\u00e9t\u00e9s: <\/strong> <\/p>\n<ul >\n<li> Les haut-parleurs de voiture de 16,5 cm <\/li>\n<li> 30 mm Tweeters de Dome Mylar <\/li>\n<li> 50 watt RMS <\/li>\n<li> Pouvoir maximum: 120 watt <\/li>\n<li> Sensibilit\u00e9: 92db \/ w \/ m + 3db <\/li>\n<li> Avec IMPP-conve dans Kevlar Look <\/li>\n<li> Profondeur de l&#39;assemblage: 56 mm <\/li>\n<li> Installation du diam\u00e8tre: 143 mm <\/li >\n<li> Incluant Grill <\/li>\n<\/ul>\n<h3> Profitez du meilleur son <\/h3>\n<p> avec cet ensemble de haut-parleurs, vous pouvez \u00e9couter votre musique pr\u00e9f\u00e9r\u00e9e dans la voiture pendant des heures! Gr\u00e2ce aux 2 routes coaxiales et aux tweeters de 30 mm Mylar Dome, les tons hauts se distinguent de la basse. Cela garantit que vous pouvez entendre tous les sons et bien montrer et profiter de la qualit\u00e9 sonore optimale. <\/p>\n<h3> puissance tr\u00e8s puissante <\/h3>\n<p> Les haut-parleurs de voiture ont une puissance de 50 watts RMS et une puissance maximale de 120 watts. De cette fa\u00e7on, vous pouvez bien entendre la basse dure et les sons fins pendant que vous conduisez de A \u00e0 B. Avec une sensibilit\u00e9 de 92 dB, vous devez vous assurer que vos oreilles ne sont pas expos\u00e9es \u00e0 la musique forte pendant trop longtemps. <\/p>\n<h3> Facile \u00e0 installer <\/h3>\n<p> Gr\u00e2ce aux mat\u00e9riaux fournis, les haut-parleurs peuvent facilement \u00eatre mont\u00e9s dans votre voiture. La profondeur d&#39;assemblage est de 56 mm et le diam\u00e8tre construit est de 143 mm. Vous pouvez fixer le r\u00e9glage \u00e0 travers les vis et les clips. De plus, l&#39;ensemble de haut-parleurs est fourni, y compris le grill. Cela garantit une bonne protection des tweeters et des haut-parleurs de voiture. En un rien de temps, vous avez install\u00e9 l&#39;ensemble de haut-parleurs et vous pouvez imm\u00e9diatement profiter de vos chansons pr\u00e9f\u00e9r\u00e9es! <\/p>\n<p> <\/p>\n<\/p>\n<p> <strong> Inclus: <\/strong > <\/p>\n<ul>\n<li> En haut-parleurs de voiture CDS6G CDS6G <\/li>\n<li> MAT\u00c9RIAUX DE FIXATION: Vis et clips <\/li>\n<li> Grill <\/li>\n<\/ul>\n","protected":false},"excerpt":{"rendered":"<p>Les haut-parleurs de voiture CDS6G de calibre sont un ensemble de haut-parleurs compos\u00e9 de deux haut-parleurs de 16,5 cm . Les haut-parleurs sont \u00e9quip\u00e9s de haut-parleurs coaxiaux de la route 2 et tweeters du d\u00f4me mylar de 30 mm. Cela signifie Les tons hauts se distinguent des tons bas et cela garantit que tous les [&hellip;]<\/p>\n","protected":false},"featured_media":866833,"template":"","meta":{"_acf_changed":false,"site-sidebar-layout":"default","site-content-layout":"","ast-site-content-layout":"default","site-content-style":"default","site-sidebar-style":"default","ast-global-header-display":"","ast-banner-title-visibility":"","ast-main-header-display":"","ast-hfb-above-header-display":"","ast-hfb-below-header-display":"","ast-hfb-mobile-header-display":"","site-post-title":"","ast-breadcrumbs-content":"","ast-featured-img":"","footer-sml-layout":"","theme-transparent-header-meta":"","adv-header-id-meta":"","stick-header-meta":"","header-above-stick-meta":"","header-main-stick-meta":"","header-below-stick-meta":"","astra-migrate-meta-layouts":"default","ast-page-background-enabled":"default","ast-page-background-meta":{"desktop":{"background-color":"","background-image":"","background-repeat":"repeat","background-position":"center center","background-size":"auto","background-attachment":"scroll","background-type":"","background-media":"","overlay-type":"","overlay-color":"","overlay-opacity":"","overlay-gradient":""},"tablet":{"background-color":"","background-image":"","background-repeat":"repeat","background-position":"center center","background-size":"auto","background-attachment":"scroll","background-type":"","background-media":"","overlay-type":"","overlay-color":"","overlay-opacity":"","overlay-gradient":""},"mobile":{"background-color":"","background-image":"","background-repeat":"repeat","background-position":"center center","background-size":"auto","background-attachment":"scroll","background-type":"","background-media":"","overlay-type":"","overlay-color":"","overlay-opacity":"","overlay-gradient":""}},"ast-content-background-meta":{"desktop":{"background-color":"var(--ast-global-color-5)","background-image":"","background-repeat":"repeat","background-position":"center center","background-size":"auto","background-attachment":"scroll","background-type":"","background-media":"","overlay-type":"","overlay-color":"","overlay-opacity":"","overlay-gradient":""},"tablet":{"background-color":"var(--ast-global-color-5)","background-image":"","background-repeat":"repeat","background-position":"center center","background-size":"auto","background-attachment":"scroll","background-type":"","background-media":"","overlay-type":"","overlay-color":"","overlay-opacity":"","overlay-gradient":""},"mobile":{"background-color":"var(--ast-global-color-5)","background-image":"","background-repeat":"repeat","background-position":"center center","background-size":"auto","background-attachment":"scroll","background-type":"","background-media":"","overlay-type":"","overlay-color":"","overlay-opacity":"","overlay-gradient":""}}},"product_brand":[],"product_cat":[22955],"product_tag":[],"class_list":{"0":"post-763369","1":"product","2":"type-product","3":"status-publish","4":"has-post-thumbnail","6":"product_cat-pas-de-categorie","7":"desktop-align-center","8":"tablet-align-center","9":"mobile-align-center","10":"ast-product-gallery-layout-horizontal","11":"ast-product-tabs-layout-horizontal","13":"first","14":"instock","15":"taxable","16":"shipping-taxable","17":"purchasable","18":"product-type-simple"},"acf":[],"yoast_head":"<!-- This site is optimized with the Yoast SEO plugin v26.5 - https:\/\/yoast.com\/wordpress\/plugins\/seo\/ -->\n<title>Haut-parleurs de voiture - Ensemble d&#039;enceintes de 16,5 cm - Tweeters de Dome Mylar de 30 mm - 120 W - haut-parleurs coaxiaux (CDS6G) - Caliber Europe B.V.<\/title>\n<meta name=\"robots\" content=\"noindex, follow, max-snippet:-1, max-image-preview:large, max-video-preview:-1\" \/>\n<meta property=\"og:locale\" content=\"fr_FR\" \/>\n<meta property=\"og:type\" content=\"article\" \/>\n<meta property=\"og:title\" content=\"Haut-parleurs de voiture - Ensemble d&#039;enceintes de 16,5 cm - Tweeters de Dome Mylar de 30 mm - 120 W - haut-parleurs coaxiaux (CDS6G) - Caliber Europe B.V.\" \/>\n<meta property=\"og:description\" content=\"Les haut-parleurs de voiture CDS6G de calibre sont un ensemble de haut-parleurs compos\u00e9 de deux haut-parleurs de 16,5 cm . Les haut-parleurs sont \u00e9quip\u00e9s de haut-parleurs coaxiaux de la route 2 et tweeters du d\u00f4me mylar de 30 mm. Cela signifie Les tons hauts se distinguent des tons bas et cela garantit que tous les [&hellip;]\" \/>\n<meta property=\"og:url\" content=\"https:\/\/b2b.calibereurope.com\/product\/cds6g-fr_fr\/\" \/>\n<meta property=\"og:site_name\" content=\"Caliber Europe B.V.\" \/>\n<meta property=\"article:modified_time\" content=\"2026-03-20T10:06:38+00:00\" \/>\n<meta name=\"twitter:card\" content=\"summary_large_image\" \/>\n<meta name=\"twitter:label1\" content=\"Dur\u00e9e de lecture estim\u00e9e\" \/>\n\t<meta name=\"twitter:data1\" content=\"2 minutes\" \/>\n<script type=\"application\/ld+json\" class=\"yoast-schema-graph\">{\"@context\":\"https:\/\/schema.org\",\"@graph\":[{\"@type\":\"WebPage\",\"@id\":\"https:\/\/b2b.calibereurope.com\/product\/cds6g-fr_fr\/\",\"url\":\"https:\/\/b2b.calibereurope.com\/product\/cds6g-fr_fr\/\",\"name\":\"Haut-parleurs de voiture - Ensemble d'enceintes de 16,5 cm - Tweeters de Dome Mylar de 30 mm - 120 W - haut-parleurs coaxiaux (CDS6G) - Caliber Europe B.V.\",\"isPartOf\":{\"@id\":\"https:\/\/b2b.calibereurope.com\/#website\"},\"primaryImageOfPage\":{\"@id\":\"https:\/\/b2b.calibereurope.com\/product\/cds6g-fr_fr\/#primaryimage\"},\"image\":{\"@id\":\"https:\/\/b2b.calibereurope.com\/product\/cds6g-fr_fr\/#primaryimage\"},\"thumbnailUrl\":\"https:\/\/b2b.calibereurope.com\/wp-content\/uploads\/2025\/12\/8fae2d6acf224574b0c59524d07b31a298b0171b_CDS6G_top-4.jpg\",\"datePublished\":\"2025-12-04T00:00:00+00:00\",\"dateModified\":\"2026-03-20T10:06:38+00:00\",\"breadcrumb\":{\"@id\":\"https:\/\/b2b.calibereurope.com\/product\/cds6g-fr_fr\/#breadcrumb\"},\"inLanguage\":\"fr-FR\",\"potentialAction\":[{\"@type\":\"ReadAction\",\"target\":[\"https:\/\/b2b.calibereurope.com\/product\/cds6g-fr_fr\/\"]}]},{\"@type\":\"ImageObject\",\"inLanguage\":\"fr-FR\",\"@id\":\"https:\/\/b2b.calibereurope.com\/product\/cds6g-fr_fr\/#primaryimage\",\"url\":\"https:\/\/b2b.calibereurope.com\/wp-content\/uploads\/2025\/12\/8fae2d6acf224574b0c59524d07b31a298b0171b_CDS6G_top-4.jpg\",\"contentUrl\":\"https:\/\/b2b.calibereurope.com\/wp-content\/uploads\/2025\/12\/8fae2d6acf224574b0c59524d07b31a298b0171b_CDS6G_top-4.jpg\",\"width\":1024,\"height\":768},{\"@type\":\"BreadcrumbList\",\"@id\":\"https:\/\/b2b.calibereurope.com\/product\/cds6g-fr_fr\/#breadcrumb\",\"itemListElement\":[{\"@type\":\"ListItem\",\"position\":1,\"name\":\"Home\",\"item\":\"https:\/\/b2b.calibereurope.com\/fr\/home\/\"},{\"@type\":\"ListItem\",\"position\":2,\"name\":\"Boutique\",\"item\":\"https:\/\/b2b.calibereurope.com\/fr\/boutique\/\"},{\"@type\":\"ListItem\",\"position\":3,\"name\":\"CDS6G\"}]},{\"@type\":\"WebSite\",\"@id\":\"https:\/\/b2b.calibereurope.com\/#website\",\"url\":\"https:\/\/b2b.calibereurope.com\/\",\"name\":\"Caliber Europe B.V.\",\"description\":\"B2B Webshop\",\"publisher\":{\"@id\":\"https:\/\/b2b.calibereurope.com\/#organization\"},\"potentialAction\":[{\"@type\":\"SearchAction\",\"target\":{\"@type\":\"EntryPoint\",\"urlTemplate\":\"https:\/\/b2b.calibereurope.com\/?s={search_term_string}\"},\"query-input\":{\"@type\":\"PropertyValueSpecification\",\"valueRequired\":true,\"valueName\":\"search_term_string\"}}],\"inLanguage\":\"fr-FR\"},{\"@type\":\"Organization\",\"@id\":\"https:\/\/b2b.calibereurope.com\/#organization\",\"name\":\"Caliber Europe B.V.\",\"url\":\"https:\/\/b2b.calibereurope.com\/\",\"logo\":{\"@type\":\"ImageObject\",\"inLanguage\":\"fr-FR\",\"@id\":\"https:\/\/b2b.calibereurope.com\/#\/schema\/logo\/image\/\",\"url\":\"https:\/\/b2b.calibereurope.com\/wp-content\/uploads\/2020\/12\/Caliber_Logo-Black.png\",\"contentUrl\":\"https:\/\/b2b.calibereurope.com\/wp-content\/uploads\/2020\/12\/Caliber_Logo-Black.png\",\"width\":3157,\"height\":356,\"caption\":\"Caliber Europe B.V.\"},\"image\":{\"@id\":\"https:\/\/b2b.calibereurope.com\/#\/schema\/logo\/image\/\"}}]}<\/script>\n<!-- \/ Yoast SEO plugin. -->","yoast_head_json":{"title":"Haut-parleurs de voiture - Ensemble d'enceintes de 16,5 cm - Tweeters de Dome Mylar de 30 mm - 120 W - haut-parleurs coaxiaux (CDS6G) - Caliber Europe B.V.","robots":{"index":"noindex","follow":"follow","max-snippet":"max-snippet:-1","max-image-preview":"max-image-preview:large","max-video-preview":"max-video-preview:-1"},"og_locale":"fr_FR","og_type":"article","og_title":"Haut-parleurs de voiture - Ensemble d'enceintes de 16,5 cm - Tweeters de Dome Mylar de 30 mm - 120 W - haut-parleurs coaxiaux (CDS6G) - Caliber Europe B.V.","og_description":"Les haut-parleurs de voiture CDS6G de calibre sont un ensemble de haut-parleurs compos\u00e9 de deux haut-parleurs de 16,5 cm . Les haut-parleurs sont \u00e9quip\u00e9s de haut-parleurs coaxiaux de la route 2 et tweeters du d\u00f4me mylar de 30 mm. Cela signifie Les tons hauts se distinguent des tons bas et cela garantit que tous les [&hellip;]","og_url":"https:\/\/b2b.calibereurope.com\/product\/cds6g-fr_fr\/","og_site_name":"Caliber Europe B.V.","article_modified_time":"2026-03-20T10:06:38+00:00","twitter_card":"summary_large_image","twitter_misc":{"Dur\u00e9e de lecture estim\u00e9e":"2 minutes"},"schema":{"@context":"https:\/\/schema.org","@graph":[{"@type":"WebPage","@id":"https:\/\/b2b.calibereurope.com\/product\/cds6g-fr_fr\/","url":"https:\/\/b2b.calibereurope.com\/product\/cds6g-fr_fr\/","name":"Haut-parleurs de voiture - Ensemble d'enceintes de 16,5 cm - Tweeters de Dome Mylar de 30 mm - 120 W - haut-parleurs coaxiaux (CDS6G) - Caliber Europe B.V.","isPartOf":{"@id":"https:\/\/b2b.calibereurope.com\/#website"},"primaryImageOfPage":{"@id":"https:\/\/b2b.calibereurope.com\/product\/cds6g-fr_fr\/#primaryimage"},"image":{"@id":"https:\/\/b2b.calibereurope.com\/product\/cds6g-fr_fr\/#primaryimage"},"thumbnailUrl":"https:\/\/b2b.calibereurope.com\/wp-content\/uploads\/2025\/12\/8fae2d6acf224574b0c59524d07b31a298b0171b_CDS6G_top-4.jpg","datePublished":"2025-12-04T00:00:00+00:00","dateModified":"2026-03-20T10:06:38+00:00","breadcrumb":{"@id":"https:\/\/b2b.calibereurope.com\/product\/cds6g-fr_fr\/#breadcrumb"},"inLanguage":"fr-FR","potentialAction":[{"@type":"ReadAction","target":["https:\/\/b2b.calibereurope.com\/product\/cds6g-fr_fr\/"]}]},{"@type":"ImageObject","inLanguage":"fr-FR","@id":"https:\/\/b2b.calibereurope.com\/product\/cds6g-fr_fr\/#primaryimage","url":"https:\/\/b2b.calibereurope.com\/wp-content\/uploads\/2025\/12\/8fae2d6acf224574b0c59524d07b31a298b0171b_CDS6G_top-4.jpg","contentUrl":"https:\/\/b2b.calibereurope.com\/wp-content\/uploads\/2025\/12\/8fae2d6acf224574b0c59524d07b31a298b0171b_CDS6G_top-4.jpg","width":1024,"height":768},{"@type":"BreadcrumbList","@id":"https:\/\/b2b.calibereurope.com\/product\/cds6g-fr_fr\/#breadcrumb","itemListElement":[{"@type":"ListItem","position":1,"name":"Home","item":"https:\/\/b2b.calibereurope.com\/fr\/home\/"},{"@type":"ListItem","position":2,"name":"Boutique","item":"https:\/\/b2b.calibereurope.com\/fr\/boutique\/"},{"@type":"ListItem","position":3,"name":"CDS6G"}]},{"@type":"WebSite","@id":"https:\/\/b2b.calibereurope.com\/#website","url":"https:\/\/b2b.calibereurope.com\/","name":"Caliber Europe B.V.","description":"B2B Webshop","publisher":{"@id":"https:\/\/b2b.calibereurope.com\/#organization"},"potentialAction":[{"@type":"SearchAction","target":{"@type":"EntryPoint","urlTemplate":"https:\/\/b2b.calibereurope.com\/?s={search_term_string}"},"query-input":{"@type":"PropertyValueSpecification","valueRequired":true,"valueName":"search_term_string"}}],"inLanguage":"fr-FR"},{"@type":"Organization","@id":"https:\/\/b2b.calibereurope.com\/#organization","name":"Caliber Europe B.V.","url":"https:\/\/b2b.calibereurope.com\/","logo":{"@type":"ImageObject","inLanguage":"fr-FR","@id":"https:\/\/b2b.calibereurope.com\/#\/schema\/logo\/image\/","url":"https:\/\/b2b.calibereurope.com\/wp-content\/uploads\/2020\/12\/Caliber_Logo-Black.png","contentUrl":"https:\/\/b2b.calibereurope.com\/wp-content\/uploads\/2020\/12\/Caliber_Logo-Black.png","width":3157,"height":356,"caption":"Caliber Europe B.V."},"image":{"@id":"https:\/\/b2b.calibereurope.com\/#\/schema\/logo\/image\/"}}]}},"_links":{"self":[{"href":"https:\/\/b2b.calibereurope.com\/fr\/wp-json\/wp\/v2\/product\/763369","targetHints":{"allow":["GET"]}}],"collection":[{"href":"https:\/\/b2b.calibereurope.com\/fr\/wp-json\/wp\/v2\/product"}],"about":[{"href":"https:\/\/b2b.calibereurope.com\/fr\/wp-json\/wp\/v2\/types\/product"}],"version-history":[{"count":0,"href":"https:\/\/b2b.calibereurope.com\/fr\/wp-json\/wp\/v2\/product\/763369\/revisions"}],"wp:featuredmedia":[{"embeddable":true,"href":"https:\/\/b2b.calibereurope.com\/fr\/wp-json\/wp\/v2\/media\/866833"}],"wp:attachment":[{"href":"https:\/\/b2b.calibereurope.com\/fr\/wp-json\/wp\/v2\/media?parent=763369"}],"wp:term":[{"taxonomy":"product_brand","embeddable":true,"href":"https:\/\/b2b.calibereurope.com\/fr\/wp-json\/wp\/v2\/product_brand?post=763369"},{"taxonomy":"product_cat","embeddable":true,"href":"https:\/\/b2b.calibereurope.com\/fr\/wp-json\/wp\/v2\/product_cat?post=763369"},{"taxonomy":"product_tag","embeddable":true,"href":"https:\/\/b2b.calibereurope.com\/fr\/wp-json\/wp\/v2\/product_tag?post=763369"}],"curies":[{"name":"wp","href":"https:\/\/api.w.org\/{rel}","templated":true}]}}