{"id":763373,"date":"2026-04-07T02:00:00","date_gmt":"2026-04-07T00:00:00","guid":{"rendered":"0"},"modified":"2026-04-10T10:58:57","modified_gmt":"2026-04-10T08:58:57","slug":"CDS6-fr_FR","status":"publish","type":"product","link":"https:\/\/b2b.calibereurope.com\/fr\/produit\/CDS6-fr_FR\/","title":{"rendered":"Haut-parleurs de voiture &#8211; Tweeters de d\u00f4me Mylar 30 mm &#8211; 120W Max &#8211; haut-parleurs coaxiaux &#8211; Ensemble de haut-parleurs 16,5 cm (CDS6)"},"content":{"rendered":"<p> Calibre CDS6 Autospeakers est un ensemble de haut-parleurs compos\u00e9 de deux locuteurs de <strong> 16,5 cm <\/strong>. Les haut-parleurs sont \u00e9quip\u00e9s de haut-parleurs coaxiaux de la route <strong> 2 <\/strong> qui s\u00e9parent les diff\u00e9rentes fr\u00e9quences du son. Les Tweeters <strong> Mylar Dome de 30 mm <\/strong> distinguent les tons hauts des tons bas et cela garantit que tous les sons peuvent \u00eatre entendus. Les haut-parleurs de voiture ont un son minimal de <strong> 50 watts RMS <\/strong> et une puissance maximale <strong> de 120 watts <\/strong>. Cela permet \u00e0 ces haut-parleurs de voiture de produire un son tr\u00e8s puissant. <\/p>\n<p> <\/p>\n<\/p>\n<p> <strong> Propri\u00e9t\u00e9s: <\/strong> <\/p>\n<p> < Ul> <\/p>\n<li> haut-parleurs de voiture de 16,5 cm <\/li>\n<li> 30 mm Tweeters Mylar Dome <\/li>\n<li> 50 watt rms <\/li>\n<li> Pouvoir maximum 120 watt <\/li>\n<li> Sensibilit\u00e9: 92db \/ w \/ m + 3db <\/li>\n<li> Avec IMPP-conve dans Kevlar Look <\/li>\n<li> Profondeur de l&#39;assemblage: 56 mm <\/li>\n<li> Installation du diam\u00e8tre: 143 mm <\/li > <\/ul>\n<h3> Mettez \u00e0 niveau votre exp\u00e9rience musicale <\/h3>\n<p> Avec cet ensemble de haut-parleurs, vous pouvez \u00e9couter votre musique pr\u00e9f\u00e9r\u00e9e dans la voiture pendant des heures! Gr\u00e2ce aux tweeters de 30 mm Mylar Dome, les tons de musique hauts et bas se distinguent. Cela garantit que vous pouvez bien entendre tous les sons et bien montrer. Cela vous permet de profiter de la qualit\u00e9 sonore optimale. <\/p>\n<h3> Sound tr\u00e8s puissant <\/h3>\n<p> Les haut-parleurs de voiture ont une puissance maximale de 120 watts et une puissance RMS de 50 watt pour tirer le meilleur parti de la musique. Profitez d&#39;une basse dure et des sons fins pendant que vous conduisez de A \u00e0 B .. <\/p>\n<h3> Facile \u00e0 installer <\/h3>\n<p> Gr\u00e2ce aux mat\u00e9riaux fournis, les haut-parleurs peuvent facilement \u00eatre mont\u00e9s dans votre voiture. La profondeur d&#39;assemblage est de 56 mm et le diam\u00e8tre construit est de 143 mm. Vous pouvez fixer le r\u00e9glage \u00e0 travers les vis et les clips. De plus, l&#39;ensemble est fourni, y compris le grill, qui doit \u00eatre plac\u00e9 en haut pour prot\u00e9ger le haut-parleur. Confirmez l&#39;ensemble de haut-parleurs et profitez imm\u00e9diatement de vos chansons pr\u00e9f\u00e9r\u00e9es! <\/p>\n<p> <\/p>\n<\/p>\n<p> <strong> Inclus: <\/strong> <\/p>\n<ul >\n<li> haut-parleurs de voiture CDS6 CDS6 <\/li>\n<li> Fixations: vis et clips <\/li>\n<li> Grill <\/li>\n<\/ul>\n","protected":false},"excerpt":{"rendered":"<p>Calibre CDS6 Autospeakers est un ensemble de haut-parleurs compos\u00e9 de deux locuteurs de 16,5 cm . Les haut-parleurs sont \u00e9quip\u00e9s de haut-parleurs coaxiaux de la route 2 qui s\u00e9parent les diff\u00e9rentes fr\u00e9quences du son. Les Tweeters Mylar Dome de 30 mm distinguent les tons hauts des tons bas et cela garantit que tous les sons [&hellip;]<\/p>\n","protected":false},"featured_media":872732,"template":"","meta":{"_acf_changed":false,"site-sidebar-layout":"default","site-content-layout":"default","ast-site-content-layout":"default","site-content-style":"default","site-sidebar-style":"default","ast-global-header-display":"","ast-banner-title-visibility":"","ast-main-header-display":"","ast-hfb-above-header-display":"","ast-hfb-below-header-display":"","ast-hfb-mobile-header-display":"","site-post-title":"","ast-breadcrumbs-content":"","ast-featured-img":"","footer-sml-layout":"","theme-transparent-header-meta":"default","adv-header-id-meta":"","stick-header-meta":"default","header-above-stick-meta":"","header-main-stick-meta":"","header-below-stick-meta":"","astra-migrate-meta-layouts":"default","ast-page-background-enabled":"default","ast-page-background-meta":{"desktop":{"background-color":"","background-image":"","background-repeat":"repeat","background-position":"center center","background-size":"auto","background-attachment":"scroll","background-type":"","background-media":"","overlay-type":"","overlay-color":"","overlay-opacity":"","overlay-gradient":""},"tablet":{"background-color":"","background-image":"","background-repeat":"repeat","background-position":"center center","background-size":"auto","background-attachment":"scroll","background-type":"","background-media":"","overlay-type":"","overlay-color":"","overlay-opacity":"","overlay-gradient":""},"mobile":{"background-color":"","background-image":"","background-repeat":"repeat","background-position":"center center","background-size":"auto","background-attachment":"scroll","background-type":"","background-media":"","overlay-type":"","overlay-color":"","overlay-opacity":"","overlay-gradient":""}},"ast-content-background-meta":{"desktop":{"background-color":"var(--ast-global-color-5)","background-image":"","background-repeat":"repeat","background-position":"center center","background-size":"auto","background-attachment":"scroll","background-type":"","background-media":"","overlay-type":"","overlay-color":"","overlay-opacity":"","overlay-gradient":""},"tablet":{"background-color":"var(--ast-global-color-5)","background-image":"","background-repeat":"repeat","background-position":"center center","background-size":"auto","background-attachment":"scroll","background-type":"","background-media":"","overlay-type":"","overlay-color":"","overlay-opacity":"","overlay-gradient":""},"mobile":{"background-color":"var(--ast-global-color-5)","background-image":"","background-repeat":"repeat","background-position":"center center","background-size":"auto","background-attachment":"scroll","background-type":"","background-media":"","overlay-type":"","overlay-color":"","overlay-opacity":"","overlay-gradient":""}}},"product_brand":[],"product_cat":[12166],"product_tag":[],"class_list":{"0":"post-763373","1":"product","2":"type-product","3":"status-publish","4":"has-post-thumbnail","6":"product_cat-luidsprekers_auto_fr_fr","7":"desktop-align-center","8":"tablet-align-center","9":"mobile-align-center","10":"ast-product-gallery-layout-horizontal","11":"ast-product-tabs-layout-horizontal","13":"first","14":"onbackorder","15":"taxable","16":"shipping-taxable","17":"purchasable","18":"product-type-simple"},"acf":[],"yoast_head":"<!-- This site is optimized with the Yoast SEO plugin v26.5 - https:\/\/yoast.com\/wordpress\/plugins\/seo\/ -->\n<title>Haut-parleurs de voiture - Tweeters de d\u00f4me Mylar 30 mm - 120W Max - haut-parleurs coaxiaux - Ensemble de haut-parleurs 16,5 cm (CDS6) - Caliber Europe B.V.<\/title>\n<meta name=\"robots\" content=\"noindex, follow, max-snippet:-1, max-image-preview:large, max-video-preview:-1\" \/>\n<meta property=\"og:locale\" content=\"fr_FR\" \/>\n<meta property=\"og:type\" content=\"article\" \/>\n<meta property=\"og:title\" content=\"Haut-parleurs de voiture - Tweeters de d\u00f4me Mylar 30 mm - 120W Max - haut-parleurs coaxiaux - Ensemble de haut-parleurs 16,5 cm (CDS6) - Caliber Europe B.V.\" \/>\n<meta property=\"og:description\" content=\"Calibre CDS6 Autospeakers est un ensemble de haut-parleurs compos\u00e9 de deux locuteurs de 16,5 cm . Les haut-parleurs sont \u00e9quip\u00e9s de haut-parleurs coaxiaux de la route 2 qui s\u00e9parent les diff\u00e9rentes fr\u00e9quences du son. Les Tweeters Mylar Dome de 30 mm distinguent les tons hauts des tons bas et cela garantit que tous les sons [&hellip;]\" \/>\n<meta property=\"og:url\" content=\"https:\/\/b2b.calibereurope.com\/product\/cds6-fr_fr\/\" \/>\n<meta property=\"og:site_name\" content=\"Caliber Europe B.V.\" \/>\n<meta property=\"article:modified_time\" content=\"2026-04-10T08:58:57+00:00\" \/>\n<meta name=\"twitter:card\" content=\"summary_large_image\" \/>\n<meta name=\"twitter:label1\" content=\"Dur\u00e9e de lecture estim\u00e9e\" \/>\n\t<meta name=\"twitter:data1\" content=\"2 minutes\" \/>\n<script type=\"application\/ld+json\" class=\"yoast-schema-graph\">{\"@context\":\"https:\/\/schema.org\",\"@graph\":[{\"@type\":\"WebPage\",\"@id\":\"https:\/\/b2b.calibereurope.com\/product\/cds6-fr_fr\/\",\"url\":\"https:\/\/b2b.calibereurope.com\/product\/cds6-fr_fr\/\",\"name\":\"Haut-parleurs de voiture - Tweeters de d\u00f4me Mylar 30 mm - 120W Max - haut-parleurs coaxiaux - Ensemble de haut-parleurs 16,5 cm (CDS6) - Caliber Europe B.V.\",\"isPartOf\":{\"@id\":\"https:\/\/b2b.calibereurope.com\/#website\"},\"primaryImageOfPage\":{\"@id\":\"https:\/\/b2b.calibereurope.com\/product\/cds6-fr_fr\/#primaryimage\"},\"image\":{\"@id\":\"https:\/\/b2b.calibereurope.com\/product\/cds6-fr_fr\/#primaryimage\"},\"thumbnailUrl\":\"https:\/\/b2b.calibereurope.com\/wp-content\/uploads\/2026\/04\/bd859dfddd759da485c98f91272e6f72e6137622_CDS6_top.jpg\",\"datePublished\":\"2026-04-07T00:00:00+00:00\",\"dateModified\":\"2026-04-10T08:58:57+00:00\",\"breadcrumb\":{\"@id\":\"https:\/\/b2b.calibereurope.com\/product\/cds6-fr_fr\/#breadcrumb\"},\"inLanguage\":\"fr-FR\",\"potentialAction\":[{\"@type\":\"ReadAction\",\"target\":[\"https:\/\/b2b.calibereurope.com\/product\/cds6-fr_fr\/\"]}]},{\"@type\":\"ImageObject\",\"inLanguage\":\"fr-FR\",\"@id\":\"https:\/\/b2b.calibereurope.com\/product\/cds6-fr_fr\/#primaryimage\",\"url\":\"https:\/\/b2b.calibereurope.com\/wp-content\/uploads\/2026\/04\/bd859dfddd759da485c98f91272e6f72e6137622_CDS6_top.jpg\",\"contentUrl\":\"https:\/\/b2b.calibereurope.com\/wp-content\/uploads\/2026\/04\/bd859dfddd759da485c98f91272e6f72e6137622_CDS6_top.jpg\",\"width\":1024,\"height\":768},{\"@type\":\"BreadcrumbList\",\"@id\":\"https:\/\/b2b.calibereurope.com\/product\/cds6-fr_fr\/#breadcrumb\",\"itemListElement\":[{\"@type\":\"ListItem\",\"position\":1,\"name\":\"Home\",\"item\":\"https:\/\/b2b.calibereurope.com\/fr\/home\/\"},{\"@type\":\"ListItem\",\"position\":2,\"name\":\"Boutique\",\"item\":\"https:\/\/b2b.calibereurope.com\/fr\/boutique\/\"},{\"@type\":\"ListItem\",\"position\":3,\"name\":\"CDS6\"}]},{\"@type\":\"WebSite\",\"@id\":\"https:\/\/b2b.calibereurope.com\/#website\",\"url\":\"https:\/\/b2b.calibereurope.com\/\",\"name\":\"Caliber Europe B.V.\",\"description\":\"B2B Webshop\",\"publisher\":{\"@id\":\"https:\/\/b2b.calibereurope.com\/#organization\"},\"potentialAction\":[{\"@type\":\"SearchAction\",\"target\":{\"@type\":\"EntryPoint\",\"urlTemplate\":\"https:\/\/b2b.calibereurope.com\/?s={search_term_string}\"},\"query-input\":{\"@type\":\"PropertyValueSpecification\",\"valueRequired\":true,\"valueName\":\"search_term_string\"}}],\"inLanguage\":\"fr-FR\"},{\"@type\":\"Organization\",\"@id\":\"https:\/\/b2b.calibereurope.com\/#organization\",\"name\":\"Caliber Europe B.V.\",\"url\":\"https:\/\/b2b.calibereurope.com\/\",\"logo\":{\"@type\":\"ImageObject\",\"inLanguage\":\"fr-FR\",\"@id\":\"https:\/\/b2b.calibereurope.com\/#\/schema\/logo\/image\/\",\"url\":\"https:\/\/b2b.calibereurope.com\/wp-content\/uploads\/2020\/12\/Caliber_Logo-Black.png\",\"contentUrl\":\"https:\/\/b2b.calibereurope.com\/wp-content\/uploads\/2020\/12\/Caliber_Logo-Black.png\",\"width\":3157,\"height\":356,\"caption\":\"Caliber Europe B.V.\"},\"image\":{\"@id\":\"https:\/\/b2b.calibereurope.com\/#\/schema\/logo\/image\/\"}}]}<\/script>\n<!-- \/ Yoast SEO plugin. -->","yoast_head_json":{"title":"Haut-parleurs de voiture - Tweeters de d\u00f4me Mylar 30 mm - 120W Max - haut-parleurs coaxiaux - Ensemble de haut-parleurs 16,5 cm (CDS6) - Caliber Europe B.V.","robots":{"index":"noindex","follow":"follow","max-snippet":"max-snippet:-1","max-image-preview":"max-image-preview:large","max-video-preview":"max-video-preview:-1"},"og_locale":"fr_FR","og_type":"article","og_title":"Haut-parleurs de voiture - Tweeters de d\u00f4me Mylar 30 mm - 120W Max - haut-parleurs coaxiaux - Ensemble de haut-parleurs 16,5 cm (CDS6) - Caliber Europe B.V.","og_description":"Calibre CDS6 Autospeakers est un ensemble de haut-parleurs compos\u00e9 de deux locuteurs de 16,5 cm . Les haut-parleurs sont \u00e9quip\u00e9s de haut-parleurs coaxiaux de la route 2 qui s\u00e9parent les diff\u00e9rentes fr\u00e9quences du son. Les Tweeters Mylar Dome de 30 mm distinguent les tons hauts des tons bas et cela garantit que tous les sons [&hellip;]","og_url":"https:\/\/b2b.calibereurope.com\/product\/cds6-fr_fr\/","og_site_name":"Caliber Europe B.V.","article_modified_time":"2026-04-10T08:58:57+00:00","twitter_card":"summary_large_image","twitter_misc":{"Dur\u00e9e de lecture estim\u00e9e":"2 minutes"},"schema":{"@context":"https:\/\/schema.org","@graph":[{"@type":"WebPage","@id":"https:\/\/b2b.calibereurope.com\/product\/cds6-fr_fr\/","url":"https:\/\/b2b.calibereurope.com\/product\/cds6-fr_fr\/","name":"Haut-parleurs de voiture - Tweeters de d\u00f4me Mylar 30 mm - 120W Max - haut-parleurs coaxiaux - Ensemble de haut-parleurs 16,5 cm (CDS6) - Caliber Europe B.V.","isPartOf":{"@id":"https:\/\/b2b.calibereurope.com\/#website"},"primaryImageOfPage":{"@id":"https:\/\/b2b.calibereurope.com\/product\/cds6-fr_fr\/#primaryimage"},"image":{"@id":"https:\/\/b2b.calibereurope.com\/product\/cds6-fr_fr\/#primaryimage"},"thumbnailUrl":"https:\/\/b2b.calibereurope.com\/wp-content\/uploads\/2026\/04\/bd859dfddd759da485c98f91272e6f72e6137622_CDS6_top.jpg","datePublished":"2026-04-07T00:00:00+00:00","dateModified":"2026-04-10T08:58:57+00:00","breadcrumb":{"@id":"https:\/\/b2b.calibereurope.com\/product\/cds6-fr_fr\/#breadcrumb"},"inLanguage":"fr-FR","potentialAction":[{"@type":"ReadAction","target":["https:\/\/b2b.calibereurope.com\/product\/cds6-fr_fr\/"]}]},{"@type":"ImageObject","inLanguage":"fr-FR","@id":"https:\/\/b2b.calibereurope.com\/product\/cds6-fr_fr\/#primaryimage","url":"https:\/\/b2b.calibereurope.com\/wp-content\/uploads\/2026\/04\/bd859dfddd759da485c98f91272e6f72e6137622_CDS6_top.jpg","contentUrl":"https:\/\/b2b.calibereurope.com\/wp-content\/uploads\/2026\/04\/bd859dfddd759da485c98f91272e6f72e6137622_CDS6_top.jpg","width":1024,"height":768},{"@type":"BreadcrumbList","@id":"https:\/\/b2b.calibereurope.com\/product\/cds6-fr_fr\/#breadcrumb","itemListElement":[{"@type":"ListItem","position":1,"name":"Home","item":"https:\/\/b2b.calibereurope.com\/fr\/home\/"},{"@type":"ListItem","position":2,"name":"Boutique","item":"https:\/\/b2b.calibereurope.com\/fr\/boutique\/"},{"@type":"ListItem","position":3,"name":"CDS6"}]},{"@type":"WebSite","@id":"https:\/\/b2b.calibereurope.com\/#website","url":"https:\/\/b2b.calibereurope.com\/","name":"Caliber Europe B.V.","description":"B2B Webshop","publisher":{"@id":"https:\/\/b2b.calibereurope.com\/#organization"},"potentialAction":[{"@type":"SearchAction","target":{"@type":"EntryPoint","urlTemplate":"https:\/\/b2b.calibereurope.com\/?s={search_term_string}"},"query-input":{"@type":"PropertyValueSpecification","valueRequired":true,"valueName":"search_term_string"}}],"inLanguage":"fr-FR"},{"@type":"Organization","@id":"https:\/\/b2b.calibereurope.com\/#organization","name":"Caliber Europe B.V.","url":"https:\/\/b2b.calibereurope.com\/","logo":{"@type":"ImageObject","inLanguage":"fr-FR","@id":"https:\/\/b2b.calibereurope.com\/#\/schema\/logo\/image\/","url":"https:\/\/b2b.calibereurope.com\/wp-content\/uploads\/2020\/12\/Caliber_Logo-Black.png","contentUrl":"https:\/\/b2b.calibereurope.com\/wp-content\/uploads\/2020\/12\/Caliber_Logo-Black.png","width":3157,"height":356,"caption":"Caliber Europe B.V."},"image":{"@id":"https:\/\/b2b.calibereurope.com\/#\/schema\/logo\/image\/"}}]}},"_links":{"self":[{"href":"https:\/\/b2b.calibereurope.com\/fr\/wp-json\/wp\/v2\/product\/763373","targetHints":{"allow":["GET"]}}],"collection":[{"href":"https:\/\/b2b.calibereurope.com\/fr\/wp-json\/wp\/v2\/product"}],"about":[{"href":"https:\/\/b2b.calibereurope.com\/fr\/wp-json\/wp\/v2\/types\/product"}],"version-history":[{"count":0,"href":"https:\/\/b2b.calibereurope.com\/fr\/wp-json\/wp\/v2\/product\/763373\/revisions"}],"wp:featuredmedia":[{"embeddable":true,"href":"https:\/\/b2b.calibereurope.com\/fr\/wp-json\/wp\/v2\/media\/872732"}],"wp:attachment":[{"href":"https:\/\/b2b.calibereurope.com\/fr\/wp-json\/wp\/v2\/media?parent=763373"}],"wp:term":[{"taxonomy":"product_brand","embeddable":true,"href":"https:\/\/b2b.calibereurope.com\/fr\/wp-json\/wp\/v2\/product_brand?post=763373"},{"taxonomy":"product_cat","embeddable":true,"href":"https:\/\/b2b.calibereurope.com\/fr\/wp-json\/wp\/v2\/product_cat?post=763373"},{"taxonomy":"product_tag","embeddable":true,"href":"https:\/\/b2b.calibereurope.com\/fr\/wp-json\/wp\/v2\/product_tag?post=763373"}],"curies":[{"name":"wp","href":"https:\/\/api.w.org\/{rel}","templated":true}]}}