{"id":807808,"date":"2024-02-05T01:00:00","date_gmt":"2024-02-05T00:00:00","guid":{"rendered":"https:\/\/b2b.calibereurope.com\/product\/mpd125-fr_fr\/"},"modified":"2025-09-30T10:52:34","modified_gmt":"2025-09-30T08:52:34","slug":"mpd125-fr_fr","status":"publish","type":"product","link":"https:\/\/b2b.calibereurope.com\/fr\/produit\/mpd125-fr_fr\/","title":{"rendered":"Lecteur DVD portable pour voiture &#8211; \u00c9cran 10 pouces avec port USB et batterie &#8211; Sortie pour casque d&rsquo;\u00e9coute &#8211; Noir (MPD125)"},"content":{"rendered":"<p>\u00cates-vous aussi un fan des voyages en voiture et des longs trajets en voiture ? Alors ne <strong> manquez pas ce lecteur DVD portable<\/strong> Calibre MPD125 pour voiture! Avec ce lecteur DVD pratique, toute la banquette arri\u00e8re peut profiter de films et s\u00e9ries pendant les longs trajets. Le lecteur DVD est compact et <strong>l\u00e9ger<\/strong>, ce qui le rend facile \u00e0 emporter avec vous. Avec l&#039;\u00e9cran clair et les <strong>haut-parleurs int\u00e9gr\u00e9s<\/strong> &gt; profitez d&#039;une qualit\u00e9 d&#039;image et de son parfaite, vous \u00eates donc assur\u00e9 d&#039;arriver d\u00e9tendu \u00e0 destination ! Le lecteur DVD est facile \u00e0 fixer \u00e0 un appui-t\u00eate gr\u00e2ce au <strong>syst\u00e8me de montage fourni<\/strong>.<\/p>\n<p><\/p>\n<p><strong> Caract\u00e9ristiques :<\/strong><\/p>\n<ul>\n<li>Lecteur DVD avec \u00e9cran de 10 pouces<\/li>\n<li>Batterie pour 2 heures d&#039;utilisation sans fil<\/li>\n<li>Haut-parleurs int\u00e9gr\u00e9s<\/li>\n<li>Sortie pour casque 3,5 mm<\/li>\n<li>R\u00e9solution : 1 024 x 600<\/li>\n<li>Y compris le syst\u00e8me de montage de l&#039;appuie-t\u00eate<\/li>\n<li>Sortie AV<\/li>\n<li> Chargeur de voiture 12 V\/24 V inclus<\/li>\n<li>Adaptateur 230V inclus<\/li>\n<li>Lit \u00e9galement les cl\u00e9s USB<\/li>\n<\/ul>\n<h3>Lis diverses vid\u00e9os<\/h3>\n<p>Avec le lecteur DVD portable, vous pouvez profiter de tous vos formats multim\u00e9dia pr\u00e9f\u00e9r\u00e9s n&#039;importe o\u00f9 ! Que vous soyez sur la route, en vacances ou simplement assis sur le canap\u00e9 \u00e0 la maison, ce lecteur DVD lit USB, DVD, CD, MPD3 et MPEG4 sans aucun probl\u00e8me. <\/p>\n<h3>Possibilit\u00e9 de regarder n&#039;importe quand, n&#039;importe o\u00f9<\/h3>\n<p>\u00cates-vous un campeur passionn\u00e9 et vos enfants veulent-ils aussi regarder un film le soir ? Alors ce lecteur DVD portable est votre compagnon de voyage id\u00e9al ! Gr\u00e2ce \u00e0 l&#039;impressionnante autonomie de la batterie de 2 heures, vous pouvez profiter de votre film ou s\u00e9rie pr\u00e9f\u00e9r\u00e9 en entier sans aucun probl\u00e8me, m\u00eame s&#039;il n&#039;y a pas de prise de courant \u00e0 proximit\u00e9.<\/p>\n<h3>Facile \u00e0 fixer<\/h3>\n<p>Gr\u00e2ce \u00e0 la conception intelligente, vous pouvez facilement fixer le lecteur DVD \u00e0 l&#039;appui-t\u00eate du si\u00e8ge auto, afin que tout le monde assis \u00e0 l&#039;arri\u00e8re puisse profiter confortablement des meilleurs films et s\u00e9ries.<\/p>\n<p> <\/p>\n<p><strong>Inclus :<\/strong><\/p>\n<ul>\n<li>Lecteur DVD portable Calibre<\/li>\n<li>Sac d&#039;appui-t\u00eate pour le montage<\/li>\n<li>C\u00e2bles de connexion<\/li>\n<li>\u00c9couteurs<\/li>\n<li>Prise allume-cigare 12\/24V<\/li>\n<li>Adaptateur 230 V<\/li>\n<li>T\u00e9l\u00e9commande<\/li>\n<\/ul>\n","protected":false},"excerpt":{"rendered":"<p>\u00cates-vous aussi un fan des voyages en voiture et des longs trajets en voiture ? Alors ne manquez pas ce lecteur DVD portable Calibre MPD125 pour voiture! Avec ce lecteur DVD pratique, toute la banquette arri\u00e8re peut profiter de films et s\u00e9ries pendant les longs trajets. Le lecteur DVD est compact et l\u00e9ger, ce qui [&hellip;]<\/p>\n","protected":false},"featured_media":841727,"template":"","meta":{"_acf_changed":false,"site-sidebar-layout":"default","site-content-layout":"","ast-site-content-layout":"default","site-content-style":"default","site-sidebar-style":"default","ast-global-header-display":"","ast-banner-title-visibility":"","ast-main-header-display":"","ast-hfb-above-header-display":"","ast-hfb-below-header-display":"","ast-hfb-mobile-header-display":"","site-post-title":"","ast-breadcrumbs-content":"","ast-featured-img":"","footer-sml-layout":"","theme-transparent-header-meta":"","adv-header-id-meta":"","stick-header-meta":"","header-above-stick-meta":"","header-main-stick-meta":"","header-below-stick-meta":"","astra-migrate-meta-layouts":"default","ast-page-background-enabled":"default","ast-page-background-meta":{"desktop":{"background-color":"","background-image":"","background-repeat":"repeat","background-position":"center center","background-size":"auto","background-attachment":"scroll","background-type":"","background-media":"","overlay-type":"","overlay-color":"","overlay-opacity":"","overlay-gradient":""},"tablet":{"background-color":"","background-image":"","background-repeat":"repeat","background-position":"center center","background-size":"auto","background-attachment":"scroll","background-type":"","background-media":"","overlay-type":"","overlay-color":"","overlay-opacity":"","overlay-gradient":""},"mobile":{"background-color":"","background-image":"","background-repeat":"repeat","background-position":"center center","background-size":"auto","background-attachment":"scroll","background-type":"","background-media":"","overlay-type":"","overlay-color":"","overlay-opacity":"","overlay-gradient":""}},"ast-content-background-meta":{"desktop":{"background-color":"var(--ast-global-color-5)","background-image":"","background-repeat":"repeat","background-position":"center center","background-size":"auto","background-attachment":"scroll","background-type":"","background-media":"","overlay-type":"","overlay-color":"","overlay-opacity":"","overlay-gradient":""},"tablet":{"background-color":"var(--ast-global-color-5)","background-image":"","background-repeat":"repeat","background-position":"center center","background-size":"auto","background-attachment":"scroll","background-type":"","background-media":"","overlay-type":"","overlay-color":"","overlay-opacity":"","overlay-gradient":""},"mobile":{"background-color":"var(--ast-global-color-5)","background-image":"","background-repeat":"repeat","background-position":"center center","background-size":"auto","background-attachment":"scroll","background-type":"","background-media":"","overlay-type":"","overlay-color":"","overlay-opacity":"","overlay-gradient":""}}},"product_brand":[],"product_cat":[22955],"product_tag":[],"class_list":{"0":"post-807808","1":"product","2":"type-product","3":"status-publish","4":"has-post-thumbnail","6":"product_cat-pas-de-categorie","7":"desktop-align-center","8":"tablet-align-center","9":"mobile-align-center","10":"ast-product-gallery-layout-horizontal","11":"ast-product-tabs-layout-horizontal","13":"first","14":"onbackorder","15":"taxable","16":"shipping-taxable","17":"purchasable","18":"product-type-simple"},"acf":[],"yoast_head":"<!-- This site is optimized with the Yoast SEO plugin v26.5 - https:\/\/yoast.com\/wordpress\/plugins\/seo\/ -->\n<title>Lecteur DVD portable pour voiture - \u00c9cran 10 pouces avec port USB et batterie - Sortie pour casque d&#039;\u00e9coute - Noir (MPD125) - Caliber Europe B.V.<\/title>\n<meta name=\"robots\" content=\"noindex, follow, max-snippet:-1, max-image-preview:large, max-video-preview:-1\" \/>\n<meta property=\"og:locale\" content=\"fr_FR\" \/>\n<meta property=\"og:type\" content=\"article\" \/>\n<meta property=\"og:title\" content=\"Lecteur DVD portable pour voiture - \u00c9cran 10 pouces avec port USB et batterie - Sortie pour casque d&#039;\u00e9coute - Noir (MPD125) - Caliber Europe B.V.\" \/>\n<meta property=\"og:description\" content=\"\u00cates-vous aussi un fan des voyages en voiture et des longs trajets en voiture ? Alors ne manquez pas ce lecteur DVD portable Calibre MPD125 pour voiture! Avec ce lecteur DVD pratique, toute la banquette arri\u00e8re peut profiter de films et s\u00e9ries pendant les longs trajets. Le lecteur DVD est compact et l\u00e9ger, ce qui [&hellip;]\" \/>\n<meta property=\"og:url\" content=\"https:\/\/b2b.calibereurope.com\/product\/mpd125-fr_fr\/\" \/>\n<meta property=\"og:site_name\" content=\"Caliber Europe B.V.\" \/>\n<meta property=\"article:modified_time\" content=\"2025-09-30T08:52:34+00:00\" \/>\n<meta name=\"twitter:card\" content=\"summary_large_image\" \/>\n<meta name=\"twitter:label1\" content=\"Dur\u00e9e de lecture estim\u00e9e\" \/>\n\t<meta name=\"twitter:data1\" content=\"2 minutes\" \/>\n<script type=\"application\/ld+json\" class=\"yoast-schema-graph\">{\"@context\":\"https:\/\/schema.org\",\"@graph\":[{\"@type\":\"WebPage\",\"@id\":\"https:\/\/b2b.calibereurope.com\/product\/mpd125-fr_fr\/\",\"url\":\"https:\/\/b2b.calibereurope.com\/product\/mpd125-fr_fr\/\",\"name\":\"Lecteur DVD portable pour voiture - \u00c9cran 10 pouces avec port USB et batterie - Sortie pour casque d'\u00e9coute - Noir (MPD125) - Caliber Europe B.V.\",\"isPartOf\":{\"@id\":\"https:\/\/b2b.calibereurope.com\/#website\"},\"primaryImageOfPage\":{\"@id\":\"https:\/\/b2b.calibereurope.com\/product\/mpd125-fr_fr\/#primaryimage\"},\"image\":{\"@id\":\"https:\/\/b2b.calibereurope.com\/product\/mpd125-fr_fr\/#primaryimage\"},\"thumbnailUrl\":\"https:\/\/b2b.calibereurope.com\/wp-content\/uploads\/2024\/02\/7644bd0e85b39a9a2193ae057274a4d9aacb826b_MPD125_open.jpg\",\"datePublished\":\"2024-02-05T00:00:00+00:00\",\"dateModified\":\"2025-09-30T08:52:34+00:00\",\"breadcrumb\":{\"@id\":\"https:\/\/b2b.calibereurope.com\/product\/mpd125-fr_fr\/#breadcrumb\"},\"inLanguage\":\"fr-FR\",\"potentialAction\":[{\"@type\":\"ReadAction\",\"target\":[\"https:\/\/b2b.calibereurope.com\/product\/mpd125-fr_fr\/\"]}]},{\"@type\":\"ImageObject\",\"inLanguage\":\"fr-FR\",\"@id\":\"https:\/\/b2b.calibereurope.com\/product\/mpd125-fr_fr\/#primaryimage\",\"url\":\"https:\/\/b2b.calibereurope.com\/wp-content\/uploads\/2024\/02\/7644bd0e85b39a9a2193ae057274a4d9aacb826b_MPD125_open.jpg\",\"contentUrl\":\"https:\/\/b2b.calibereurope.com\/wp-content\/uploads\/2024\/02\/7644bd0e85b39a9a2193ae057274a4d9aacb826b_MPD125_open.jpg\",\"width\":1024,\"height\":872},{\"@type\":\"BreadcrumbList\",\"@id\":\"https:\/\/b2b.calibereurope.com\/product\/mpd125-fr_fr\/#breadcrumb\",\"itemListElement\":[{\"@type\":\"ListItem\",\"position\":1,\"name\":\"Home\",\"item\":\"https:\/\/b2b.calibereurope.com\/fr\/home\/\"},{\"@type\":\"ListItem\",\"position\":2,\"name\":\"Boutique\",\"item\":\"https:\/\/b2b.calibereurope.com\/fr\/boutique\/\"},{\"@type\":\"ListItem\",\"position\":3,\"name\":\"Lecteur DVD portable pour voiture &#8211; \u00c9cran 10 pouces avec port USB et batterie &#8211; Sortie pour casque d&#8217;\u00e9coute &#8211; Noir (MPD125)\"}]},{\"@type\":\"WebSite\",\"@id\":\"https:\/\/b2b.calibereurope.com\/#website\",\"url\":\"https:\/\/b2b.calibereurope.com\/\",\"name\":\"Caliber Europe B.V.\",\"description\":\"B2B Webshop\",\"publisher\":{\"@id\":\"https:\/\/b2b.calibereurope.com\/#organization\"},\"potentialAction\":[{\"@type\":\"SearchAction\",\"target\":{\"@type\":\"EntryPoint\",\"urlTemplate\":\"https:\/\/b2b.calibereurope.com\/?s={search_term_string}\"},\"query-input\":{\"@type\":\"PropertyValueSpecification\",\"valueRequired\":true,\"valueName\":\"search_term_string\"}}],\"inLanguage\":\"fr-FR\"},{\"@type\":\"Organization\",\"@id\":\"https:\/\/b2b.calibereurope.com\/#organization\",\"name\":\"Caliber Europe B.V.\",\"url\":\"https:\/\/b2b.calibereurope.com\/\",\"logo\":{\"@type\":\"ImageObject\",\"inLanguage\":\"fr-FR\",\"@id\":\"https:\/\/b2b.calibereurope.com\/#\/schema\/logo\/image\/\",\"url\":\"https:\/\/b2b.calibereurope.com\/wp-content\/uploads\/2020\/12\/Caliber_Logo-Black.png\",\"contentUrl\":\"https:\/\/b2b.calibereurope.com\/wp-content\/uploads\/2020\/12\/Caliber_Logo-Black.png\",\"width\":3157,\"height\":356,\"caption\":\"Caliber Europe B.V.\"},\"image\":{\"@id\":\"https:\/\/b2b.calibereurope.com\/#\/schema\/logo\/image\/\"}}]}<\/script>\n<!-- \/ Yoast SEO plugin. -->","yoast_head_json":{"title":"Lecteur DVD portable pour voiture - \u00c9cran 10 pouces avec port USB et batterie - Sortie pour casque d'\u00e9coute - Noir (MPD125) - Caliber Europe B.V.","robots":{"index":"noindex","follow":"follow","max-snippet":"max-snippet:-1","max-image-preview":"max-image-preview:large","max-video-preview":"max-video-preview:-1"},"og_locale":"fr_FR","og_type":"article","og_title":"Lecteur DVD portable pour voiture - \u00c9cran 10 pouces avec port USB et batterie - Sortie pour casque d'\u00e9coute - Noir (MPD125) - Caliber Europe B.V.","og_description":"\u00cates-vous aussi un fan des voyages en voiture et des longs trajets en voiture ? Alors ne manquez pas ce lecteur DVD portable Calibre MPD125 pour voiture! Avec ce lecteur DVD pratique, toute la banquette arri\u00e8re peut profiter de films et s\u00e9ries pendant les longs trajets. Le lecteur DVD est compact et l\u00e9ger, ce qui [&hellip;]","og_url":"https:\/\/b2b.calibereurope.com\/product\/mpd125-fr_fr\/","og_site_name":"Caliber Europe B.V.","article_modified_time":"2025-09-30T08:52:34+00:00","twitter_card":"summary_large_image","twitter_misc":{"Dur\u00e9e de lecture estim\u00e9e":"2 minutes"},"schema":{"@context":"https:\/\/schema.org","@graph":[{"@type":"WebPage","@id":"https:\/\/b2b.calibereurope.com\/product\/mpd125-fr_fr\/","url":"https:\/\/b2b.calibereurope.com\/product\/mpd125-fr_fr\/","name":"Lecteur DVD portable pour voiture - \u00c9cran 10 pouces avec port USB et batterie - Sortie pour casque d'\u00e9coute - Noir (MPD125) - Caliber Europe B.V.","isPartOf":{"@id":"https:\/\/b2b.calibereurope.com\/#website"},"primaryImageOfPage":{"@id":"https:\/\/b2b.calibereurope.com\/product\/mpd125-fr_fr\/#primaryimage"},"image":{"@id":"https:\/\/b2b.calibereurope.com\/product\/mpd125-fr_fr\/#primaryimage"},"thumbnailUrl":"https:\/\/b2b.calibereurope.com\/wp-content\/uploads\/2024\/02\/7644bd0e85b39a9a2193ae057274a4d9aacb826b_MPD125_open.jpg","datePublished":"2024-02-05T00:00:00+00:00","dateModified":"2025-09-30T08:52:34+00:00","breadcrumb":{"@id":"https:\/\/b2b.calibereurope.com\/product\/mpd125-fr_fr\/#breadcrumb"},"inLanguage":"fr-FR","potentialAction":[{"@type":"ReadAction","target":["https:\/\/b2b.calibereurope.com\/product\/mpd125-fr_fr\/"]}]},{"@type":"ImageObject","inLanguage":"fr-FR","@id":"https:\/\/b2b.calibereurope.com\/product\/mpd125-fr_fr\/#primaryimage","url":"https:\/\/b2b.calibereurope.com\/wp-content\/uploads\/2024\/02\/7644bd0e85b39a9a2193ae057274a4d9aacb826b_MPD125_open.jpg","contentUrl":"https:\/\/b2b.calibereurope.com\/wp-content\/uploads\/2024\/02\/7644bd0e85b39a9a2193ae057274a4d9aacb826b_MPD125_open.jpg","width":1024,"height":872},{"@type":"BreadcrumbList","@id":"https:\/\/b2b.calibereurope.com\/product\/mpd125-fr_fr\/#breadcrumb","itemListElement":[{"@type":"ListItem","position":1,"name":"Home","item":"https:\/\/b2b.calibereurope.com\/fr\/home\/"},{"@type":"ListItem","position":2,"name":"Boutique","item":"https:\/\/b2b.calibereurope.com\/fr\/boutique\/"},{"@type":"ListItem","position":3,"name":"Lecteur DVD portable pour voiture &#8211; \u00c9cran 10 pouces avec port USB et batterie &#8211; Sortie pour casque d&#8217;\u00e9coute &#8211; Noir (MPD125)"}]},{"@type":"WebSite","@id":"https:\/\/b2b.calibereurope.com\/#website","url":"https:\/\/b2b.calibereurope.com\/","name":"Caliber Europe B.V.","description":"B2B Webshop","publisher":{"@id":"https:\/\/b2b.calibereurope.com\/#organization"},"potentialAction":[{"@type":"SearchAction","target":{"@type":"EntryPoint","urlTemplate":"https:\/\/b2b.calibereurope.com\/?s={search_term_string}"},"query-input":{"@type":"PropertyValueSpecification","valueRequired":true,"valueName":"search_term_string"}}],"inLanguage":"fr-FR"},{"@type":"Organization","@id":"https:\/\/b2b.calibereurope.com\/#organization","name":"Caliber Europe B.V.","url":"https:\/\/b2b.calibereurope.com\/","logo":{"@type":"ImageObject","inLanguage":"fr-FR","@id":"https:\/\/b2b.calibereurope.com\/#\/schema\/logo\/image\/","url":"https:\/\/b2b.calibereurope.com\/wp-content\/uploads\/2020\/12\/Caliber_Logo-Black.png","contentUrl":"https:\/\/b2b.calibereurope.com\/wp-content\/uploads\/2020\/12\/Caliber_Logo-Black.png","width":3157,"height":356,"caption":"Caliber Europe B.V."},"image":{"@id":"https:\/\/b2b.calibereurope.com\/#\/schema\/logo\/image\/"}}]}},"_links":{"self":[{"href":"https:\/\/b2b.calibereurope.com\/fr\/wp-json\/wp\/v2\/product\/807808","targetHints":{"allow":["GET"]}}],"collection":[{"href":"https:\/\/b2b.calibereurope.com\/fr\/wp-json\/wp\/v2\/product"}],"about":[{"href":"https:\/\/b2b.calibereurope.com\/fr\/wp-json\/wp\/v2\/types\/product"}],"version-history":[{"count":0,"href":"https:\/\/b2b.calibereurope.com\/fr\/wp-json\/wp\/v2\/product\/807808\/revisions"}],"wp:featuredmedia":[{"embeddable":true,"href":"https:\/\/b2b.calibereurope.com\/fr\/wp-json\/wp\/v2\/media\/841727"}],"wp:attachment":[{"href":"https:\/\/b2b.calibereurope.com\/fr\/wp-json\/wp\/v2\/media?parent=807808"}],"wp:term":[{"taxonomy":"product_brand","embeddable":true,"href":"https:\/\/b2b.calibereurope.com\/fr\/wp-json\/wp\/v2\/product_brand?post=807808"},{"taxonomy":"product_cat","embeddable":true,"href":"https:\/\/b2b.calibereurope.com\/fr\/wp-json\/wp\/v2\/product_cat?post=807808"},{"taxonomy":"product_tag","embeddable":true,"href":"https:\/\/b2b.calibereurope.com\/fr\/wp-json\/wp\/v2\/product_tag?post=807808"}],"curies":[{"name":"wp","href":"https:\/\/api.w.org\/{rel}","templated":true}]}}