{"id":808076,"date":"2025-12-04T01:00:00","date_gmt":"2025-12-04T00:00:00","guid":{"rendered":"0"},"modified":"2026-03-10T13:28:43","modified_gmt":"2026-03-10T12:28:43","slug":"CDS4G-fr_FR","status":"publish","type":"product","link":"https:\/\/b2b.calibereurope.com\/fr\/produit\/CDS4G-fr_FR\/","title":{"rendered":"Haut-parleurs de voiture &#8211; Ensemble de haut-parleurs 10 cm &#8211; 2 haut-parleurs coaxiaux routiers &#8211; tweeters de 30 mm &#8211; 80 W max (CDS4G)"},"content":{"rendered":"<p> Les haut-parleurs de voiture CDS4G de calibre se compose d&#39;un ensemble <strong> de deux haut-parleurs avec grill. <\/strong> Cela vous permet de toujours profiter de la meilleure qualit\u00e9 sonore. Les haut-parleurs de voiture de <strong> 10 cm <\/strong> ont <strong> 2 routes en haut-parleurs coaxiaux <\/strong> et <strong> tweeters de 30 mm <\/strong>. Cela garantit un son optimal. Avec une puissance maximale de <strong> 80 watts et 40 watt RMS <\/strong>, vous pouvez entendre tous les sons de la musique. L&#39;ensemble d&#39;enceintes a une profondeur d&#39;assemblage <strong> de 44 mm <\/strong> et un diam\u00e8tre <strong> construit de 100 mm <\/strong>. Gr\u00e2ce aux documents fournis, vous pouvez facilement les installer dans votre voiture! <\/p>\n<p> <\/p>\n<\/p>\n<p> <strong> Propri\u00e9t\u00e9s: <\/strong> <\/p >\n<ul>\n<li> haut-parleurs de voiture de 10 cm <\/li>\n<li> 2 syst\u00e8mes routiers <\/li>\n<li> Tweeters de 30 mm <\/li>\n<li> 40 watt RMS <\/li>\n<li> Power: 80 watt <\/li>\n<li> Sensibilit\u00e9: 92db \/ w \/ m <\/li>\n<li> D\u00e9fense de montage: 44 mm <\/li>\n<li> Installez le diam\u00e8tre: 100 mm <\/li>\n<li> avec IMPP-Kegel dans Kevlar Look <\/li>\n<li> y compris grill <\/li>\n<\/ul>\n<h3> Excellente qualit\u00e9 sonore <\/h3>\n<p> Avec cet ensemble d&#39;enceintes, vous pouvez maintenant profiter de la meilleure qualit\u00e9 sonore dans votre auto. Gr\u00e2ce \u00e0 ces 2 conf\u00e9renciers coaxiaux avec des tweeters de 30 mm construits, les tons hauts se distinguent bien des tons bas. Cela vous permet de profiter de votre musique pr\u00e9f\u00e9r\u00e9e. La puissance des haut-parleurs de voiture est excellente. Avec une puissance minimale de 40 watts RMS et une puissance maximale de 80 watts, vous pouvez \u00e9couter de la musique pendant des heures pendant un trajet en voiture. <\/p>\n<h3> bonne protection <\/h3>\n<p> Les haut-parleurs de la voiture sont fournis, y compris le grill. Le gril garantit que les haut-parleurs de voiture sont bien prot\u00e9g\u00e9s. De cette fa\u00e7on, les tweeters restent bons et vous emp\u00eachez des dommages qui peuvent survenir pendant le transport ou en raison de l&#39;inattention des passagers. <\/p>\n<h3> Facile \u00e0 installer <\/h3>\n<p> Les haut-parleurs de la voiture sont fournis, y compris les vis et les clips afin que vous puissiez bien les fixer. Les haut-parleurs de voiture ont un diam\u00e8tre construit de 100 mm et une profondeur d&#39;installation de 44 mm. Si vous utilisez les documents fournis, vous pouvez facilement attacher les haut-parleurs vous-m\u00eame dans votre voiture. <\/p>\n<p> <\/p>\n<\/p>\n<p> <strong> inclus: <\/strong> < \/ p> <\/p>\n<ul>\n<li> haut-parleurs de voiture CDS4G CDS4G <\/li>\n<li> Mat\u00e9riau de montage: vis et clips <\/li>\n<li> Grill <\/li>\n<\/ul>\n","protected":false},"excerpt":{"rendered":"<p>Les haut-parleurs de voiture CDS4G de calibre se compose d&#39;un ensemble de deux haut-parleurs avec grill. Cela vous permet de toujours profiter de la meilleure qualit\u00e9 sonore. Les haut-parleurs de voiture de 10 cm ont 2 routes en haut-parleurs coaxiaux et tweeters de 30 mm . Cela garantit un son optimal. Avec une puissance maximale [&hellip;]<\/p>\n","protected":false},"featured_media":866401,"template":"","meta":{"_acf_changed":false,"site-sidebar-layout":"default","site-content-layout":"","ast-site-content-layout":"default","site-content-style":"default","site-sidebar-style":"default","ast-global-header-display":"","ast-banner-title-visibility":"","ast-main-header-display":"","ast-hfb-above-header-display":"","ast-hfb-below-header-display":"","ast-hfb-mobile-header-display":"","site-post-title":"","ast-breadcrumbs-content":"","ast-featured-img":"","footer-sml-layout":"","theme-transparent-header-meta":"","adv-header-id-meta":"","stick-header-meta":"","header-above-stick-meta":"","header-main-stick-meta":"","header-below-stick-meta":"","astra-migrate-meta-layouts":"default","ast-page-background-enabled":"default","ast-page-background-meta":{"desktop":{"background-color":"","background-image":"","background-repeat":"repeat","background-position":"center center","background-size":"auto","background-attachment":"scroll","background-type":"","background-media":"","overlay-type":"","overlay-color":"","overlay-opacity":"","overlay-gradient":""},"tablet":{"background-color":"","background-image":"","background-repeat":"repeat","background-position":"center center","background-size":"auto","background-attachment":"scroll","background-type":"","background-media":"","overlay-type":"","overlay-color":"","overlay-opacity":"","overlay-gradient":""},"mobile":{"background-color":"","background-image":"","background-repeat":"repeat","background-position":"center center","background-size":"auto","background-attachment":"scroll","background-type":"","background-media":"","overlay-type":"","overlay-color":"","overlay-opacity":"","overlay-gradient":""}},"ast-content-background-meta":{"desktop":{"background-color":"var(--ast-global-color-5)","background-image":"","background-repeat":"repeat","background-position":"center center","background-size":"auto","background-attachment":"scroll","background-type":"","background-media":"","overlay-type":"","overlay-color":"","overlay-opacity":"","overlay-gradient":""},"tablet":{"background-color":"var(--ast-global-color-5)","background-image":"","background-repeat":"repeat","background-position":"center center","background-size":"auto","background-attachment":"scroll","background-type":"","background-media":"","overlay-type":"","overlay-color":"","overlay-opacity":"","overlay-gradient":""},"mobile":{"background-color":"var(--ast-global-color-5)","background-image":"","background-repeat":"repeat","background-position":"center center","background-size":"auto","background-attachment":"scroll","background-type":"","background-media":"","overlay-type":"","overlay-color":"","overlay-opacity":"","overlay-gradient":""}}},"product_brand":[],"product_cat":[22955],"product_tag":[],"class_list":{"0":"post-808076","1":"product","2":"type-product","3":"status-publish","4":"has-post-thumbnail","6":"product_cat-pas-de-categorie","7":"desktop-align-center","8":"tablet-align-center","9":"mobile-align-center","10":"ast-product-gallery-layout-horizontal","11":"ast-product-tabs-layout-horizontal","13":"first","14":"onbackorder","15":"taxable","16":"shipping-taxable","17":"purchasable","18":"product-type-simple"},"acf":[],"yoast_head":"<!-- This site is optimized with the Yoast SEO plugin v26.5 - https:\/\/yoast.com\/wordpress\/plugins\/seo\/ -->\n<title>Haut-parleurs de voiture - Ensemble de haut-parleurs 10 cm - 2 haut-parleurs coaxiaux routiers - tweeters de 30 mm - 80 W max (CDS4G) - Caliber Europe B.V.<\/title>\n<meta name=\"robots\" content=\"noindex, follow, max-snippet:-1, max-image-preview:large, max-video-preview:-1\" \/>\n<meta property=\"og:locale\" content=\"fr_FR\" \/>\n<meta property=\"og:type\" content=\"article\" \/>\n<meta property=\"og:title\" content=\"Haut-parleurs de voiture - Ensemble de haut-parleurs 10 cm - 2 haut-parleurs coaxiaux routiers - tweeters de 30 mm - 80 W max (CDS4G) - Caliber Europe B.V.\" \/>\n<meta property=\"og:description\" content=\"Les haut-parleurs de voiture CDS4G de calibre se compose d&#039;un ensemble de deux haut-parleurs avec grill. Cela vous permet de toujours profiter de la meilleure qualit\u00e9 sonore. Les haut-parleurs de voiture de 10 cm ont 2 routes en haut-parleurs coaxiaux et tweeters de 30 mm . Cela garantit un son optimal. Avec une puissance maximale [&hellip;]\" \/>\n<meta property=\"og:url\" content=\"https:\/\/b2b.calibereurope.com\/product\/cds4g-fr_fr\/\" \/>\n<meta property=\"og:site_name\" content=\"Caliber Europe B.V.\" \/>\n<meta property=\"article:modified_time\" content=\"2026-03-10T12:28:43+00:00\" \/>\n<meta name=\"twitter:card\" content=\"summary_large_image\" \/>\n<meta name=\"twitter:label1\" content=\"Dur\u00e9e de lecture estim\u00e9e\" \/>\n\t<meta name=\"twitter:data1\" content=\"2 minutes\" \/>\n<script type=\"application\/ld+json\" class=\"yoast-schema-graph\">{\"@context\":\"https:\/\/schema.org\",\"@graph\":[{\"@type\":\"WebPage\",\"@id\":\"https:\/\/b2b.calibereurope.com\/product\/cds4g-fr_fr\/\",\"url\":\"https:\/\/b2b.calibereurope.com\/product\/cds4g-fr_fr\/\",\"name\":\"Haut-parleurs de voiture - Ensemble de haut-parleurs 10 cm - 2 haut-parleurs coaxiaux routiers - tweeters de 30 mm - 80 W max (CDS4G) - Caliber Europe B.V.\",\"isPartOf\":{\"@id\":\"https:\/\/b2b.calibereurope.com\/#website\"},\"primaryImageOfPage\":{\"@id\":\"https:\/\/b2b.calibereurope.com\/product\/cds4g-fr_fr\/#primaryimage\"},\"image\":{\"@id\":\"https:\/\/b2b.calibereurope.com\/product\/cds4g-fr_fr\/#primaryimage\"},\"thumbnailUrl\":\"https:\/\/b2b.calibereurope.com\/wp-content\/uploads\/2025\/12\/10f10cdaeb48ed1e627b116662cf053c4b7ccc52_CDS4G_top-4.jpg\",\"datePublished\":\"2025-12-04T00:00:00+00:00\",\"dateModified\":\"2026-03-10T12:28:43+00:00\",\"breadcrumb\":{\"@id\":\"https:\/\/b2b.calibereurope.com\/product\/cds4g-fr_fr\/#breadcrumb\"},\"inLanguage\":\"fr-FR\",\"potentialAction\":[{\"@type\":\"ReadAction\",\"target\":[\"https:\/\/b2b.calibereurope.com\/product\/cds4g-fr_fr\/\"]}]},{\"@type\":\"ImageObject\",\"inLanguage\":\"fr-FR\",\"@id\":\"https:\/\/b2b.calibereurope.com\/product\/cds4g-fr_fr\/#primaryimage\",\"url\":\"https:\/\/b2b.calibereurope.com\/wp-content\/uploads\/2025\/12\/10f10cdaeb48ed1e627b116662cf053c4b7ccc52_CDS4G_top-4.jpg\",\"contentUrl\":\"https:\/\/b2b.calibereurope.com\/wp-content\/uploads\/2025\/12\/10f10cdaeb48ed1e627b116662cf053c4b7ccc52_CDS4G_top-4.jpg\",\"width\":1024,\"height\":768},{\"@type\":\"BreadcrumbList\",\"@id\":\"https:\/\/b2b.calibereurope.com\/product\/cds4g-fr_fr\/#breadcrumb\",\"itemListElement\":[{\"@type\":\"ListItem\",\"position\":1,\"name\":\"Home\",\"item\":\"https:\/\/b2b.calibereurope.com\/fr\/home\/\"},{\"@type\":\"ListItem\",\"position\":2,\"name\":\"Boutique\",\"item\":\"https:\/\/b2b.calibereurope.com\/fr\/boutique\/\"},{\"@type\":\"ListItem\",\"position\":3,\"name\":\"Haut-parleurs de voiture &#8211; Ensemble de haut-parleurs 10 cm &#8211; 2 haut-parleurs coaxiaux routiers &#8211; tweeters de 30 mm &#8211; 80 W max (CDS4G)\"}]},{\"@type\":\"WebSite\",\"@id\":\"https:\/\/b2b.calibereurope.com\/#website\",\"url\":\"https:\/\/b2b.calibereurope.com\/\",\"name\":\"Caliber Europe B.V.\",\"description\":\"B2B Webshop\",\"publisher\":{\"@id\":\"https:\/\/b2b.calibereurope.com\/#organization\"},\"potentialAction\":[{\"@type\":\"SearchAction\",\"target\":{\"@type\":\"EntryPoint\",\"urlTemplate\":\"https:\/\/b2b.calibereurope.com\/?s={search_term_string}\"},\"query-input\":{\"@type\":\"PropertyValueSpecification\",\"valueRequired\":true,\"valueName\":\"search_term_string\"}}],\"inLanguage\":\"fr-FR\"},{\"@type\":\"Organization\",\"@id\":\"https:\/\/b2b.calibereurope.com\/#organization\",\"name\":\"Caliber Europe B.V.\",\"url\":\"https:\/\/b2b.calibereurope.com\/\",\"logo\":{\"@type\":\"ImageObject\",\"inLanguage\":\"fr-FR\",\"@id\":\"https:\/\/b2b.calibereurope.com\/#\/schema\/logo\/image\/\",\"url\":\"https:\/\/b2b.calibereurope.com\/wp-content\/uploads\/2020\/12\/Caliber_Logo-Black.png\",\"contentUrl\":\"https:\/\/b2b.calibereurope.com\/wp-content\/uploads\/2020\/12\/Caliber_Logo-Black.png\",\"width\":3157,\"height\":356,\"caption\":\"Caliber Europe B.V.\"},\"image\":{\"@id\":\"https:\/\/b2b.calibereurope.com\/#\/schema\/logo\/image\/\"}}]}<\/script>\n<!-- \/ Yoast SEO plugin. -->","yoast_head_json":{"title":"Haut-parleurs de voiture - Ensemble de haut-parleurs 10 cm - 2 haut-parleurs coaxiaux routiers - tweeters de 30 mm - 80 W max (CDS4G) - Caliber Europe B.V.","robots":{"index":"noindex","follow":"follow","max-snippet":"max-snippet:-1","max-image-preview":"max-image-preview:large","max-video-preview":"max-video-preview:-1"},"og_locale":"fr_FR","og_type":"article","og_title":"Haut-parleurs de voiture - Ensemble de haut-parleurs 10 cm - 2 haut-parleurs coaxiaux routiers - tweeters de 30 mm - 80 W max (CDS4G) - Caliber Europe B.V.","og_description":"Les haut-parleurs de voiture CDS4G de calibre se compose d&#39;un ensemble de deux haut-parleurs avec grill. Cela vous permet de toujours profiter de la meilleure qualit\u00e9 sonore. Les haut-parleurs de voiture de 10 cm ont 2 routes en haut-parleurs coaxiaux et tweeters de 30 mm . Cela garantit un son optimal. Avec une puissance maximale [&hellip;]","og_url":"https:\/\/b2b.calibereurope.com\/product\/cds4g-fr_fr\/","og_site_name":"Caliber Europe B.V.","article_modified_time":"2026-03-10T12:28:43+00:00","twitter_card":"summary_large_image","twitter_misc":{"Dur\u00e9e de lecture estim\u00e9e":"2 minutes"},"schema":{"@context":"https:\/\/schema.org","@graph":[{"@type":"WebPage","@id":"https:\/\/b2b.calibereurope.com\/product\/cds4g-fr_fr\/","url":"https:\/\/b2b.calibereurope.com\/product\/cds4g-fr_fr\/","name":"Haut-parleurs de voiture - Ensemble de haut-parleurs 10 cm - 2 haut-parleurs coaxiaux routiers - tweeters de 30 mm - 80 W max (CDS4G) - Caliber Europe B.V.","isPartOf":{"@id":"https:\/\/b2b.calibereurope.com\/#website"},"primaryImageOfPage":{"@id":"https:\/\/b2b.calibereurope.com\/product\/cds4g-fr_fr\/#primaryimage"},"image":{"@id":"https:\/\/b2b.calibereurope.com\/product\/cds4g-fr_fr\/#primaryimage"},"thumbnailUrl":"https:\/\/b2b.calibereurope.com\/wp-content\/uploads\/2025\/12\/10f10cdaeb48ed1e627b116662cf053c4b7ccc52_CDS4G_top-4.jpg","datePublished":"2025-12-04T00:00:00+00:00","dateModified":"2026-03-10T12:28:43+00:00","breadcrumb":{"@id":"https:\/\/b2b.calibereurope.com\/product\/cds4g-fr_fr\/#breadcrumb"},"inLanguage":"fr-FR","potentialAction":[{"@type":"ReadAction","target":["https:\/\/b2b.calibereurope.com\/product\/cds4g-fr_fr\/"]}]},{"@type":"ImageObject","inLanguage":"fr-FR","@id":"https:\/\/b2b.calibereurope.com\/product\/cds4g-fr_fr\/#primaryimage","url":"https:\/\/b2b.calibereurope.com\/wp-content\/uploads\/2025\/12\/10f10cdaeb48ed1e627b116662cf053c4b7ccc52_CDS4G_top-4.jpg","contentUrl":"https:\/\/b2b.calibereurope.com\/wp-content\/uploads\/2025\/12\/10f10cdaeb48ed1e627b116662cf053c4b7ccc52_CDS4G_top-4.jpg","width":1024,"height":768},{"@type":"BreadcrumbList","@id":"https:\/\/b2b.calibereurope.com\/product\/cds4g-fr_fr\/#breadcrumb","itemListElement":[{"@type":"ListItem","position":1,"name":"Home","item":"https:\/\/b2b.calibereurope.com\/fr\/home\/"},{"@type":"ListItem","position":2,"name":"Boutique","item":"https:\/\/b2b.calibereurope.com\/fr\/boutique\/"},{"@type":"ListItem","position":3,"name":"Haut-parleurs de voiture &#8211; Ensemble de haut-parleurs 10 cm &#8211; 2 haut-parleurs coaxiaux routiers &#8211; tweeters de 30 mm &#8211; 80 W max (CDS4G)"}]},{"@type":"WebSite","@id":"https:\/\/b2b.calibereurope.com\/#website","url":"https:\/\/b2b.calibereurope.com\/","name":"Caliber Europe B.V.","description":"B2B Webshop","publisher":{"@id":"https:\/\/b2b.calibereurope.com\/#organization"},"potentialAction":[{"@type":"SearchAction","target":{"@type":"EntryPoint","urlTemplate":"https:\/\/b2b.calibereurope.com\/?s={search_term_string}"},"query-input":{"@type":"PropertyValueSpecification","valueRequired":true,"valueName":"search_term_string"}}],"inLanguage":"fr-FR"},{"@type":"Organization","@id":"https:\/\/b2b.calibereurope.com\/#organization","name":"Caliber Europe B.V.","url":"https:\/\/b2b.calibereurope.com\/","logo":{"@type":"ImageObject","inLanguage":"fr-FR","@id":"https:\/\/b2b.calibereurope.com\/#\/schema\/logo\/image\/","url":"https:\/\/b2b.calibereurope.com\/wp-content\/uploads\/2020\/12\/Caliber_Logo-Black.png","contentUrl":"https:\/\/b2b.calibereurope.com\/wp-content\/uploads\/2020\/12\/Caliber_Logo-Black.png","width":3157,"height":356,"caption":"Caliber Europe B.V."},"image":{"@id":"https:\/\/b2b.calibereurope.com\/#\/schema\/logo\/image\/"}}]}},"_links":{"self":[{"href":"https:\/\/b2b.calibereurope.com\/fr\/wp-json\/wp\/v2\/product\/808076","targetHints":{"allow":["GET"]}}],"collection":[{"href":"https:\/\/b2b.calibereurope.com\/fr\/wp-json\/wp\/v2\/product"}],"about":[{"href":"https:\/\/b2b.calibereurope.com\/fr\/wp-json\/wp\/v2\/types\/product"}],"version-history":[{"count":0,"href":"https:\/\/b2b.calibereurope.com\/fr\/wp-json\/wp\/v2\/product\/808076\/revisions"}],"wp:featuredmedia":[{"embeddable":true,"href":"https:\/\/b2b.calibereurope.com\/fr\/wp-json\/wp\/v2\/media\/866401"}],"wp:attachment":[{"href":"https:\/\/b2b.calibereurope.com\/fr\/wp-json\/wp\/v2\/media?parent=808076"}],"wp:term":[{"taxonomy":"product_brand","embeddable":true,"href":"https:\/\/b2b.calibereurope.com\/fr\/wp-json\/wp\/v2\/product_brand?post=808076"},{"taxonomy":"product_cat","embeddable":true,"href":"https:\/\/b2b.calibereurope.com\/fr\/wp-json\/wp\/v2\/product_cat?post=808076"},{"taxonomy":"product_tag","embeddable":true,"href":"https:\/\/b2b.calibereurope.com\/fr\/wp-json\/wp\/v2\/product_tag?post=808076"}],"curies":[{"name":"wp","href":"https:\/\/api.w.org\/{rel}","templated":true}]}}