{"id":808192,"date":"2025-12-04T01:00:00","date_gmt":"2025-12-04T00:00:00","guid":{"rendered":"0"},"modified":"2026-04-07T16:00:30","modified_gmt":"2026-04-07T14:00:30","slug":"CDS4-fr_FR","status":"publish","type":"product","link":"https:\/\/b2b.calibereurope.com\/fr\/produit\/CDS4-fr_FR\/","title":{"rendered":"Haut-parleurs de voiture &#8211; Ensemble de haut-parleurs 10 cm &#8211; 80W Max &#8211; 2 haut-parleurs coaxiaux de la route &#8211; Tweeters de 30 mm (CDS4)"},"content":{"rendered":"<p> Profitez de votre musique pr\u00e9f\u00e9r\u00e9e avec les haut-parleurs de la voiture CDS4 de calibre. Gr\u00e2ce \u00e0 l&#39;ensemble <strong> de deux haut-parleurs <\/strong>, vous pouvez toujours profiter du son de la meilleure qualit\u00e9. Les <strong> haut-parleurs coaxiaux de 10 cm 2 avec tweeters de 30 mm <\/strong> assurent un son optimal avec un basse fin. Avec un son de 40 watts RMS et une puissance maximale de <strong> 80 watts <\/strong>, vous pouvez entendre tous les sons de la musique, m\u00eame les sons fins sont audibles. L&#39;ensemble d&#39;enceintes a une profondeur d&#39;assemblage <strong> de 44 mm <\/strong> et un diam\u00e8tre <strong> construit de 94 mm <\/strong>. Cela signifie que les haut-parleurs s&#39;int\u00e8grent bien dans votre voiture. <\/p>\n<p> <\/p>\n<\/p>\n<p> <strong> Propri\u00e9t\u00e9s: <\/strong> <\/p>\n<ul >\n<li> les haut-parleurs de voiture de 10 cm <\/li>\n<li> 2 syst\u00e8mes routiers <\/li>\n<li> Tweeters de 30 mm <\/li>\n<li> 40 watt RMS <\/li>\n<li> Capital total de 80 Watt <\/li>\n<li> Sensibilit\u00e9: 92db \/ w \/ m <\/li>\n<li> Profondeur de montage: 44 mm <\/li>\n<li> Installer le diam\u00e8tre: 94 mm <\/li>\n<li> Avec IMPP-Kegegel Dans Kevlar -wook <\/li>\n<\/ul>\n<h3>, sentez la musique <\/h3>\n<p> avec ces haut-parleurs de voiture, vous pouvez entendre la musique de mani\u00e8re optimale, ce qui rend meilleur \u00e9couter votre musique pr\u00e9f\u00e9r\u00e9e. Gr\u00e2ce \u00e0 ces 2 haut-parleurs coaxiaux routiers avec des tweeters de 30 mm construits, les tons hauts se distinguent bien des tons bas. Cela vous permet de profiter de mani\u00e8re optimale et vous pouvez entendre tous les sons et les sons en d\u00e9tail. <\/p>\n<h3> Grande puissance <\/h3>\n<p> La puissance de l&#39;ensemble de haut-parleurs est tr\u00e8s grande. Avec une puissance minimale de 40 watts RMS et une puissance maximale de 80 watts, vous pouvez \u00e9couter de la musique pendant des heures pendant votre trajet. <\/p>\n<h3> Facile \u00e0 placer <\/h3>\n<p> Les haut-parleurs de la voiture sont fournis, y compris des vis et des clips pour fixer les haut-parleurs de voiture. Gr\u00e2ce au diam\u00e8tre de l&#39;installation de 94 mm et \u00e0 une profondeur de 44 mm construite, vous pouvez la fixer vous-m\u00eame dans la voiture. Tout ce que vous avez \u00e0 faire est d&#39;utiliser les mat\u00e9riaux fournis. <\/p>\n<p> <\/p>\n<\/p>\n<p> <strong> inclus: <\/strong> <\/p>\n<ul >\n<li> Calibre CDS4 Autospeakers <\/li>\n<li> Mat\u00e9riau de montage: vis et clips <\/li>\n<\/ul>\n","protected":false},"excerpt":{"rendered":"<p>Profitez de votre musique pr\u00e9f\u00e9r\u00e9e avec les haut-parleurs de la voiture CDS4 de calibre. Gr\u00e2ce \u00e0 l&#39;ensemble de deux haut-parleurs , vous pouvez toujours profiter du son de la meilleure qualit\u00e9. Les haut-parleurs coaxiaux de 10 cm 2 avec tweeters de 30 mm assurent un son optimal avec un basse fin. Avec un son de [&hellip;]<\/p>\n","protected":false},"featured_media":866513,"template":"","meta":{"_acf_changed":false,"site-sidebar-layout":"default","site-content-layout":"default","ast-site-content-layout":"default","site-content-style":"default","site-sidebar-style":"default","ast-global-header-display":"","ast-banner-title-visibility":"","ast-main-header-display":"","ast-hfb-above-header-display":"","ast-hfb-below-header-display":"","ast-hfb-mobile-header-display":"","site-post-title":"","ast-breadcrumbs-content":"","ast-featured-img":"","footer-sml-layout":"","theme-transparent-header-meta":"default","adv-header-id-meta":"","stick-header-meta":"default","header-above-stick-meta":"","header-main-stick-meta":"","header-below-stick-meta":"","astra-migrate-meta-layouts":"default","ast-page-background-enabled":"default","ast-page-background-meta":{"desktop":{"background-color":"","background-image":"","background-repeat":"repeat","background-position":"center center","background-size":"auto","background-attachment":"scroll","background-type":"","background-media":"","overlay-type":"","overlay-color":"","overlay-opacity":"","overlay-gradient":""},"tablet":{"background-color":"","background-image":"","background-repeat":"repeat","background-position":"center center","background-size":"auto","background-attachment":"scroll","background-type":"","background-media":"","overlay-type":"","overlay-color":"","overlay-opacity":"","overlay-gradient":""},"mobile":{"background-color":"","background-image":"","background-repeat":"repeat","background-position":"center center","background-size":"auto","background-attachment":"scroll","background-type":"","background-media":"","overlay-type":"","overlay-color":"","overlay-opacity":"","overlay-gradient":""}},"ast-content-background-meta":{"desktop":{"background-color":"var(--ast-global-color-5)","background-image":"","background-repeat":"repeat","background-position":"center center","background-size":"auto","background-attachment":"scroll","background-type":"","background-media":"","overlay-type":"","overlay-color":"","overlay-opacity":"","overlay-gradient":""},"tablet":{"background-color":"var(--ast-global-color-5)","background-image":"","background-repeat":"repeat","background-position":"center center","background-size":"auto","background-attachment":"scroll","background-type":"","background-media":"","overlay-type":"","overlay-color":"","overlay-opacity":"","overlay-gradient":""},"mobile":{"background-color":"var(--ast-global-color-5)","background-image":"","background-repeat":"repeat","background-position":"center center","background-size":"auto","background-attachment":"scroll","background-type":"","background-media":"","overlay-type":"","overlay-color":"","overlay-opacity":"","overlay-gradient":""}}},"product_brand":[],"product_cat":[22955],"product_tag":[],"class_list":{"0":"post-808192","1":"product","2":"type-product","3":"status-publish","4":"has-post-thumbnail","6":"product_cat-pas-de-categorie","7":"desktop-align-center","8":"tablet-align-center","9":"mobile-align-center","10":"ast-product-gallery-layout-horizontal","11":"ast-product-tabs-layout-horizontal","13":"first","14":"onbackorder","15":"taxable","16":"shipping-taxable","17":"purchasable","18":"product-type-simple"},"acf":[],"yoast_head":"<!-- This site is optimized with the Yoast SEO plugin v26.5 - https:\/\/yoast.com\/wordpress\/plugins\/seo\/ -->\n<title>Haut-parleurs de voiture - Ensemble de haut-parleurs 10 cm - 80W Max - 2 haut-parleurs coaxiaux de la route - Tweeters de 30 mm (CDS4) - Caliber Europe B.V.<\/title>\n<meta name=\"robots\" content=\"noindex, follow, max-snippet:-1, max-image-preview:large, max-video-preview:-1\" \/>\n<meta property=\"og:locale\" content=\"fr_FR\" \/>\n<meta property=\"og:type\" content=\"article\" \/>\n<meta property=\"og:title\" content=\"Haut-parleurs de voiture - Ensemble de haut-parleurs 10 cm - 80W Max - 2 haut-parleurs coaxiaux de la route - Tweeters de 30 mm (CDS4) - Caliber Europe B.V.\" \/>\n<meta property=\"og:description\" content=\"Profitez de votre musique pr\u00e9f\u00e9r\u00e9e avec les haut-parleurs de la voiture CDS4 de calibre. Gr\u00e2ce \u00e0 l&#039;ensemble de deux haut-parleurs , vous pouvez toujours profiter du son de la meilleure qualit\u00e9. Les haut-parleurs coaxiaux de 10 cm 2 avec tweeters de 30 mm assurent un son optimal avec un basse fin. Avec un son de [&hellip;]\" \/>\n<meta property=\"og:url\" content=\"https:\/\/b2b.calibereurope.com\/product\/cds4-fr_fr\/\" \/>\n<meta property=\"og:site_name\" content=\"Caliber Europe B.V.\" \/>\n<meta property=\"article:modified_time\" content=\"2026-04-07T14:00:30+00:00\" \/>\n<meta name=\"twitter:card\" content=\"summary_large_image\" \/>\n<meta name=\"twitter:label1\" content=\"Dur\u00e9e de lecture estim\u00e9e\" \/>\n\t<meta name=\"twitter:data1\" content=\"2 minutes\" \/>\n<script type=\"application\/ld+json\" class=\"yoast-schema-graph\">{\"@context\":\"https:\/\/schema.org\",\"@graph\":[{\"@type\":\"WebPage\",\"@id\":\"https:\/\/b2b.calibereurope.com\/product\/cds4-fr_fr\/\",\"url\":\"https:\/\/b2b.calibereurope.com\/product\/cds4-fr_fr\/\",\"name\":\"Haut-parleurs de voiture - Ensemble de haut-parleurs 10 cm - 80W Max - 2 haut-parleurs coaxiaux de la route - Tweeters de 30 mm (CDS4) - Caliber Europe B.V.\",\"isPartOf\":{\"@id\":\"https:\/\/b2b.calibereurope.com\/#website\"},\"primaryImageOfPage\":{\"@id\":\"https:\/\/b2b.calibereurope.com\/product\/cds4-fr_fr\/#primaryimage\"},\"image\":{\"@id\":\"https:\/\/b2b.calibereurope.com\/product\/cds4-fr_fr\/#primaryimage\"},\"thumbnailUrl\":\"https:\/\/b2b.calibereurope.com\/wp-content\/uploads\/2025\/12\/055a772b2a9610586f250dbe800ec60e215a55e4_CDS4_top-4.jpg\",\"datePublished\":\"2025-12-04T00:00:00+00:00\",\"dateModified\":\"2026-04-07T14:00:30+00:00\",\"breadcrumb\":{\"@id\":\"https:\/\/b2b.calibereurope.com\/product\/cds4-fr_fr\/#breadcrumb\"},\"inLanguage\":\"fr-FR\",\"potentialAction\":[{\"@type\":\"ReadAction\",\"target\":[\"https:\/\/b2b.calibereurope.com\/product\/cds4-fr_fr\/\"]}]},{\"@type\":\"ImageObject\",\"inLanguage\":\"fr-FR\",\"@id\":\"https:\/\/b2b.calibereurope.com\/product\/cds4-fr_fr\/#primaryimage\",\"url\":\"https:\/\/b2b.calibereurope.com\/wp-content\/uploads\/2025\/12\/055a772b2a9610586f250dbe800ec60e215a55e4_CDS4_top-4.jpg\",\"contentUrl\":\"https:\/\/b2b.calibereurope.com\/wp-content\/uploads\/2025\/12\/055a772b2a9610586f250dbe800ec60e215a55e4_CDS4_top-4.jpg\",\"width\":1024,\"height\":768},{\"@type\":\"BreadcrumbList\",\"@id\":\"https:\/\/b2b.calibereurope.com\/product\/cds4-fr_fr\/#breadcrumb\",\"itemListElement\":[{\"@type\":\"ListItem\",\"position\":1,\"name\":\"Home\",\"item\":\"https:\/\/b2b.calibereurope.com\/fr\/home\/\"},{\"@type\":\"ListItem\",\"position\":2,\"name\":\"Boutique\",\"item\":\"https:\/\/b2b.calibereurope.com\/fr\/boutique\/\"},{\"@type\":\"ListItem\",\"position\":3,\"name\":\"Haut-parleurs de voiture &#8211; Ensemble de haut-parleurs 10 cm &#8211; 80W Max &#8211; 2 haut-parleurs coaxiaux de la route &#8211; Tweeters de 30 mm (CDS4)\"}]},{\"@type\":\"WebSite\",\"@id\":\"https:\/\/b2b.calibereurope.com\/#website\",\"url\":\"https:\/\/b2b.calibereurope.com\/\",\"name\":\"Caliber Europe B.V.\",\"description\":\"B2B Webshop\",\"publisher\":{\"@id\":\"https:\/\/b2b.calibereurope.com\/#organization\"},\"potentialAction\":[{\"@type\":\"SearchAction\",\"target\":{\"@type\":\"EntryPoint\",\"urlTemplate\":\"https:\/\/b2b.calibereurope.com\/?s={search_term_string}\"},\"query-input\":{\"@type\":\"PropertyValueSpecification\",\"valueRequired\":true,\"valueName\":\"search_term_string\"}}],\"inLanguage\":\"fr-FR\"},{\"@type\":\"Organization\",\"@id\":\"https:\/\/b2b.calibereurope.com\/#organization\",\"name\":\"Caliber Europe B.V.\",\"url\":\"https:\/\/b2b.calibereurope.com\/\",\"logo\":{\"@type\":\"ImageObject\",\"inLanguage\":\"fr-FR\",\"@id\":\"https:\/\/b2b.calibereurope.com\/#\/schema\/logo\/image\/\",\"url\":\"https:\/\/b2b.calibereurope.com\/wp-content\/uploads\/2020\/12\/Caliber_Logo-Black.png\",\"contentUrl\":\"https:\/\/b2b.calibereurope.com\/wp-content\/uploads\/2020\/12\/Caliber_Logo-Black.png\",\"width\":3157,\"height\":356,\"caption\":\"Caliber Europe B.V.\"},\"image\":{\"@id\":\"https:\/\/b2b.calibereurope.com\/#\/schema\/logo\/image\/\"}}]}<\/script>\n<!-- \/ Yoast SEO plugin. -->","yoast_head_json":{"title":"Haut-parleurs de voiture - Ensemble de haut-parleurs 10 cm - 80W Max - 2 haut-parleurs coaxiaux de la route - Tweeters de 30 mm (CDS4) - Caliber Europe B.V.","robots":{"index":"noindex","follow":"follow","max-snippet":"max-snippet:-1","max-image-preview":"max-image-preview:large","max-video-preview":"max-video-preview:-1"},"og_locale":"fr_FR","og_type":"article","og_title":"Haut-parleurs de voiture - Ensemble de haut-parleurs 10 cm - 80W Max - 2 haut-parleurs coaxiaux de la route - Tweeters de 30 mm (CDS4) - Caliber Europe B.V.","og_description":"Profitez de votre musique pr\u00e9f\u00e9r\u00e9e avec les haut-parleurs de la voiture CDS4 de calibre. Gr\u00e2ce \u00e0 l&#39;ensemble de deux haut-parleurs , vous pouvez toujours profiter du son de la meilleure qualit\u00e9. Les haut-parleurs coaxiaux de 10 cm 2 avec tweeters de 30 mm assurent un son optimal avec un basse fin. Avec un son de [&hellip;]","og_url":"https:\/\/b2b.calibereurope.com\/product\/cds4-fr_fr\/","og_site_name":"Caliber Europe B.V.","article_modified_time":"2026-04-07T14:00:30+00:00","twitter_card":"summary_large_image","twitter_misc":{"Dur\u00e9e de lecture estim\u00e9e":"2 minutes"},"schema":{"@context":"https:\/\/schema.org","@graph":[{"@type":"WebPage","@id":"https:\/\/b2b.calibereurope.com\/product\/cds4-fr_fr\/","url":"https:\/\/b2b.calibereurope.com\/product\/cds4-fr_fr\/","name":"Haut-parleurs de voiture - Ensemble de haut-parleurs 10 cm - 80W Max - 2 haut-parleurs coaxiaux de la route - Tweeters de 30 mm (CDS4) - Caliber Europe B.V.","isPartOf":{"@id":"https:\/\/b2b.calibereurope.com\/#website"},"primaryImageOfPage":{"@id":"https:\/\/b2b.calibereurope.com\/product\/cds4-fr_fr\/#primaryimage"},"image":{"@id":"https:\/\/b2b.calibereurope.com\/product\/cds4-fr_fr\/#primaryimage"},"thumbnailUrl":"https:\/\/b2b.calibereurope.com\/wp-content\/uploads\/2025\/12\/055a772b2a9610586f250dbe800ec60e215a55e4_CDS4_top-4.jpg","datePublished":"2025-12-04T00:00:00+00:00","dateModified":"2026-04-07T14:00:30+00:00","breadcrumb":{"@id":"https:\/\/b2b.calibereurope.com\/product\/cds4-fr_fr\/#breadcrumb"},"inLanguage":"fr-FR","potentialAction":[{"@type":"ReadAction","target":["https:\/\/b2b.calibereurope.com\/product\/cds4-fr_fr\/"]}]},{"@type":"ImageObject","inLanguage":"fr-FR","@id":"https:\/\/b2b.calibereurope.com\/product\/cds4-fr_fr\/#primaryimage","url":"https:\/\/b2b.calibereurope.com\/wp-content\/uploads\/2025\/12\/055a772b2a9610586f250dbe800ec60e215a55e4_CDS4_top-4.jpg","contentUrl":"https:\/\/b2b.calibereurope.com\/wp-content\/uploads\/2025\/12\/055a772b2a9610586f250dbe800ec60e215a55e4_CDS4_top-4.jpg","width":1024,"height":768},{"@type":"BreadcrumbList","@id":"https:\/\/b2b.calibereurope.com\/product\/cds4-fr_fr\/#breadcrumb","itemListElement":[{"@type":"ListItem","position":1,"name":"Home","item":"https:\/\/b2b.calibereurope.com\/fr\/home\/"},{"@type":"ListItem","position":2,"name":"Boutique","item":"https:\/\/b2b.calibereurope.com\/fr\/boutique\/"},{"@type":"ListItem","position":3,"name":"Haut-parleurs de voiture &#8211; Ensemble de haut-parleurs 10 cm &#8211; 80W Max &#8211; 2 haut-parleurs coaxiaux de la route &#8211; Tweeters de 30 mm (CDS4)"}]},{"@type":"WebSite","@id":"https:\/\/b2b.calibereurope.com\/#website","url":"https:\/\/b2b.calibereurope.com\/","name":"Caliber Europe B.V.","description":"B2B Webshop","publisher":{"@id":"https:\/\/b2b.calibereurope.com\/#organization"},"potentialAction":[{"@type":"SearchAction","target":{"@type":"EntryPoint","urlTemplate":"https:\/\/b2b.calibereurope.com\/?s={search_term_string}"},"query-input":{"@type":"PropertyValueSpecification","valueRequired":true,"valueName":"search_term_string"}}],"inLanguage":"fr-FR"},{"@type":"Organization","@id":"https:\/\/b2b.calibereurope.com\/#organization","name":"Caliber Europe B.V.","url":"https:\/\/b2b.calibereurope.com\/","logo":{"@type":"ImageObject","inLanguage":"fr-FR","@id":"https:\/\/b2b.calibereurope.com\/#\/schema\/logo\/image\/","url":"https:\/\/b2b.calibereurope.com\/wp-content\/uploads\/2020\/12\/Caliber_Logo-Black.png","contentUrl":"https:\/\/b2b.calibereurope.com\/wp-content\/uploads\/2020\/12\/Caliber_Logo-Black.png","width":3157,"height":356,"caption":"Caliber Europe B.V."},"image":{"@id":"https:\/\/b2b.calibereurope.com\/#\/schema\/logo\/image\/"}}]}},"_links":{"self":[{"href":"https:\/\/b2b.calibereurope.com\/fr\/wp-json\/wp\/v2\/product\/808192","targetHints":{"allow":["GET"]}}],"collection":[{"href":"https:\/\/b2b.calibereurope.com\/fr\/wp-json\/wp\/v2\/product"}],"about":[{"href":"https:\/\/b2b.calibereurope.com\/fr\/wp-json\/wp\/v2\/types\/product"}],"version-history":[{"count":0,"href":"https:\/\/b2b.calibereurope.com\/fr\/wp-json\/wp\/v2\/product\/808192\/revisions"}],"wp:featuredmedia":[{"embeddable":true,"href":"https:\/\/b2b.calibereurope.com\/fr\/wp-json\/wp\/v2\/media\/866513"}],"wp:attachment":[{"href":"https:\/\/b2b.calibereurope.com\/fr\/wp-json\/wp\/v2\/media?parent=808192"}],"wp:term":[{"taxonomy":"product_brand","embeddable":true,"href":"https:\/\/b2b.calibereurope.com\/fr\/wp-json\/wp\/v2\/product_brand?post=808192"},{"taxonomy":"product_cat","embeddable":true,"href":"https:\/\/b2b.calibereurope.com\/fr\/wp-json\/wp\/v2\/product_cat?post=808192"},{"taxonomy":"product_tag","embeddable":true,"href":"https:\/\/b2b.calibereurope.com\/fr\/wp-json\/wp\/v2\/product_tag?post=808192"}],"curies":[{"name":"wp","href":"https:\/\/api.w.org\/{rel}","templated":true}]}}