{"id":808852,"date":"2025-12-04T01:00:00","date_gmt":"2025-12-04T00:00:00","guid":{"rendered":"0"},"modified":"2026-03-25T14:04:10","modified_gmt":"2026-03-25T13:04:10","slug":"HPG317R-B-fr_FR","status":"publish","type":"product","link":"https:\/\/b2b.calibereurope.com\/fr\/produit\/HPG317R-B-fr_FR\/","title":{"rendered":"Radio portable &#8211; Piles ou cordon d&rsquo;alimentation &#8211; Radio AM\/FM avec poign\u00e9e et sortie pour casque d&rsquo;\u00e9coute &#8211; Noir (HPG317R-B)"},"content":{"rendered":"<p> Le Caliber HPG317R-B est une radio portable avec un <strong>design r\u00e9tro<\/strong> unique. Avec le Caliber HPG317R-B, vous pouvez choisir entre la radio <strong>AM et FM<\/strong>, de sorte que vous puissiez toujours trouver la station que vous voulez \u00e9couter. L&#39;utilisation de <strong>4 piles CLR14<\/strong> et la <strong>poign\u00e9e de transport<\/strong> vous permettent d&#39;emporter facilement la radio partout o\u00f9 vous allez, ou vous pouvez brancher le <strong>cordon d&#39;alimentation<\/strong> si vous souhaitez l&#39;utiliser dans un endroit fixe.<\/p>\n<p><\/p>\n<p> <strong>Caract\u00e9ristiques :<\/strong> <\/p>\n<ul>\n<li>Radio FM\/AM<\/li>\n<li>R\u00e9troconception<\/li>\n<li>Indicateur d&#39;alimentation LED <\/li>\n<li>Fonctionne sur 230 V ou 4 piles C<\/li>\n<li>Antenne t\u00e9lescopique en m\u00e9tal<\/li>\n<li>Avec poign\u00e9e<\/li>\n<li>Prise casque 3,5 mm<\/li>\n<li>Son mono 3 W<\/li>\n<\/ul>\n<h3>\u00c9coutez de la musique n&#39;importe o\u00f9<\/h3>\n<p>Gr\u00e2ce \u00e0 la radio FM portable, vous ne serez plus jamais sans votre musique et vos programmes pr\u00e9f\u00e9r\u00e9s. Que vous soyez en voyage, dans le jardin ou simplement sur le canap\u00e9, vous pouvez toujours \u00e9couter vos stations pr\u00e9f\u00e9r\u00e9es. Avec une taille compacte et un design l\u00e9ger, cette radio est facile \u00e0 emporter partout o\u00f9 vous allez.<\/p>\n<h3>Facile \u00e0 transporter<\/h3>\n<p> La radio est \u00e9quip\u00e9e d&#39;une poign\u00e9e pratique sur le dessus. Cette poign\u00e9e solide vous permet d&#39;emporter facilement la radio partout o\u00f9 vous allez. Parce que la radio ne p\u00e8se que 810 grammes, l&#39;emporter avec vous ne pose aucun probl\u00e8me. Vous pr\u00e9f\u00e9rez \u00e9couter la radio en toute tranquillit\u00e9 ? Utilisez ensuite la sortie du casque pour \u00e9couter via un casque ou des \u00e9couteurs. <\/p>\n<h3>Design r\u00e9tro<\/h3>\n<p> La radio a un design r\u00e9tro unique. C&#39;est donc un v\u00e9ritable accroche-regard dans chaque salon ou chambre \u00e0 coucher. Vous pouvez \u00e9galement impressionner lors d&#39;une soir\u00e9e \u00e0 th\u00e8me avec cette radio FM portable avec antenne. Entrez dans l&#39;ambiance des ann\u00e9es 80 ou 90 et amenez la musique avec vous ! <\/p>\n","protected":false},"excerpt":{"rendered":"<p>Le Caliber HPG317R-B est une radio portable avec un design r\u00e9tro unique. Avec le Caliber HPG317R-B, vous pouvez choisir entre la radio AM et FM, de sorte que vous puissiez toujours trouver la station que vous voulez \u00e9couter. L&#39;utilisation de 4 piles CLR14 et la poign\u00e9e de transport vous permettent d&#39;emporter facilement la radio partout [&hellip;]<\/p>\n","protected":false},"featured_media":867041,"template":"","meta":{"_acf_changed":false,"site-sidebar-layout":"default","site-content-layout":"","ast-site-content-layout":"default","site-content-style":"default","site-sidebar-style":"default","ast-global-header-display":"","ast-banner-title-visibility":"","ast-main-header-display":"","ast-hfb-above-header-display":"","ast-hfb-below-header-display":"","ast-hfb-mobile-header-display":"","site-post-title":"","ast-breadcrumbs-content":"","ast-featured-img":"","footer-sml-layout":"","theme-transparent-header-meta":"","adv-header-id-meta":"","stick-header-meta":"","header-above-stick-meta":"","header-main-stick-meta":"","header-below-stick-meta":"","astra-migrate-meta-layouts":"default","ast-page-background-enabled":"default","ast-page-background-meta":{"desktop":{"background-color":"","background-image":"","background-repeat":"repeat","background-position":"center center","background-size":"auto","background-attachment":"scroll","background-type":"","background-media":"","overlay-type":"","overlay-color":"","overlay-opacity":"","overlay-gradient":""},"tablet":{"background-color":"","background-image":"","background-repeat":"repeat","background-position":"center center","background-size":"auto","background-attachment":"scroll","background-type":"","background-media":"","overlay-type":"","overlay-color":"","overlay-opacity":"","overlay-gradient":""},"mobile":{"background-color":"","background-image":"","background-repeat":"repeat","background-position":"center center","background-size":"auto","background-attachment":"scroll","background-type":"","background-media":"","overlay-type":"","overlay-color":"","overlay-opacity":"","overlay-gradient":""}},"ast-content-background-meta":{"desktop":{"background-color":"var(--ast-global-color-5)","background-image":"","background-repeat":"repeat","background-position":"center center","background-size":"auto","background-attachment":"scroll","background-type":"","background-media":"","overlay-type":"","overlay-color":"","overlay-opacity":"","overlay-gradient":""},"tablet":{"background-color":"var(--ast-global-color-5)","background-image":"","background-repeat":"repeat","background-position":"center center","background-size":"auto","background-attachment":"scroll","background-type":"","background-media":"","overlay-type":"","overlay-color":"","overlay-opacity":"","overlay-gradient":""},"mobile":{"background-color":"var(--ast-global-color-5)","background-image":"","background-repeat":"repeat","background-position":"center center","background-size":"auto","background-attachment":"scroll","background-type":"","background-media":"","overlay-type":"","overlay-color":"","overlay-opacity":"","overlay-gradient":""}}},"product_brand":[],"product_cat":[22955],"product_tag":[],"class_list":{"0":"post-808852","1":"product","2":"type-product","3":"status-publish","4":"has-post-thumbnail","6":"product_cat-pas-de-categorie","7":"desktop-align-center","8":"tablet-align-center","9":"mobile-align-center","10":"ast-product-gallery-layout-horizontal","11":"ast-product-gallery-with-no-image","12":"ast-product-tabs-layout-horizontal","14":"first","15":"instock","16":"taxable","17":"shipping-taxable","18":"purchasable","19":"product-type-simple"},"acf":[],"yoast_head":"<!-- This site is optimized with the Yoast SEO plugin v26.5 - https:\/\/yoast.com\/wordpress\/plugins\/seo\/ -->\n<title>Radio portable - Piles ou cordon d&#039;alimentation - Radio AM\/FM avec poign\u00e9e et sortie pour casque d&#039;\u00e9coute - Noir (HPG317R-B) - Caliber Europe B.V.<\/title>\n<meta name=\"robots\" content=\"noindex, follow, max-snippet:-1, max-image-preview:large, max-video-preview:-1\" \/>\n<meta property=\"og:locale\" content=\"fr_FR\" \/>\n<meta property=\"og:type\" content=\"article\" \/>\n<meta property=\"og:title\" content=\"Radio portable - Piles ou cordon d&#039;alimentation - Radio AM\/FM avec poign\u00e9e et sortie pour casque d&#039;\u00e9coute - Noir (HPG317R-B) - Caliber Europe B.V.\" \/>\n<meta property=\"og:description\" content=\"Le Caliber HPG317R-B est une radio portable avec un design r\u00e9tro unique. Avec le Caliber HPG317R-B, vous pouvez choisir entre la radio AM et FM, de sorte que vous puissiez toujours trouver la station que vous voulez \u00e9couter. L&#039;utilisation de 4 piles CLR14 et la poign\u00e9e de transport vous permettent d&#039;emporter facilement la radio partout [&hellip;]\" \/>\n<meta property=\"og:url\" content=\"https:\/\/b2b.calibereurope.com\/product\/hpg317r-b-fr_fr\/\" \/>\n<meta property=\"og:site_name\" content=\"Caliber Europe B.V.\" \/>\n<meta property=\"article:modified_time\" content=\"2026-03-25T13:04:10+00:00\" \/>\n<meta name=\"twitter:card\" content=\"summary_large_image\" \/>\n<meta name=\"twitter:label1\" content=\"Dur\u00e9e de lecture estim\u00e9e\" \/>\n\t<meta name=\"twitter:data1\" content=\"2 minutes\" \/>\n<script type=\"application\/ld+json\" class=\"yoast-schema-graph\">{\"@context\":\"https:\/\/schema.org\",\"@graph\":[{\"@type\":\"WebPage\",\"@id\":\"https:\/\/b2b.calibereurope.com\/product\/hpg317r-b-fr_fr\/\",\"url\":\"https:\/\/b2b.calibereurope.com\/product\/hpg317r-b-fr_fr\/\",\"name\":\"Radio portable - Piles ou cordon d'alimentation - Radio AM\/FM avec poign\u00e9e et sortie pour casque d'\u00e9coute - Noir (HPG317R-B) - Caliber Europe B.V.\",\"isPartOf\":{\"@id\":\"https:\/\/b2b.calibereurope.com\/#website\"},\"primaryImageOfPage\":{\"@id\":\"https:\/\/b2b.calibereurope.com\/product\/hpg317r-b-fr_fr\/#primaryimage\"},\"image\":{\"@id\":\"https:\/\/b2b.calibereurope.com\/product\/hpg317r-b-fr_fr\/#primaryimage\"},\"thumbnailUrl\":\"https:\/\/b2b.calibereurope.com\/wp-content\/uploads\/2025\/12\/5ef97e5782244f81b96cc2649227ae0bdb97b969_HPG317R_B-4.jpg\",\"datePublished\":\"2025-12-04T00:00:00+00:00\",\"dateModified\":\"2026-03-25T13:04:10+00:00\",\"breadcrumb\":{\"@id\":\"https:\/\/b2b.calibereurope.com\/product\/hpg317r-b-fr_fr\/#breadcrumb\"},\"inLanguage\":\"fr-FR\",\"potentialAction\":[{\"@type\":\"ReadAction\",\"target\":[\"https:\/\/b2b.calibereurope.com\/product\/hpg317r-b-fr_fr\/\"]}]},{\"@type\":\"ImageObject\",\"inLanguage\":\"fr-FR\",\"@id\":\"https:\/\/b2b.calibereurope.com\/product\/hpg317r-b-fr_fr\/#primaryimage\",\"url\":\"https:\/\/b2b.calibereurope.com\/wp-content\/uploads\/2025\/12\/5ef97e5782244f81b96cc2649227ae0bdb97b969_HPG317R_B-4.jpg\",\"contentUrl\":\"https:\/\/b2b.calibereurope.com\/wp-content\/uploads\/2025\/12\/5ef97e5782244f81b96cc2649227ae0bdb97b969_HPG317R_B-4.jpg\",\"width\":1999,\"height\":2000},{\"@type\":\"BreadcrumbList\",\"@id\":\"https:\/\/b2b.calibereurope.com\/product\/hpg317r-b-fr_fr\/#breadcrumb\",\"itemListElement\":[{\"@type\":\"ListItem\",\"position\":1,\"name\":\"Home\",\"item\":\"https:\/\/b2b.calibereurope.com\/fr\/home\/\"},{\"@type\":\"ListItem\",\"position\":2,\"name\":\"Boutique\",\"item\":\"https:\/\/b2b.calibereurope.com\/fr\/boutique\/\"},{\"@type\":\"ListItem\",\"position\":3,\"name\":\"Radio portable &#8211; Piles ou cordon d&#8217;alimentation &#8211; Radio AM\/FM avec poign\u00e9e et sortie pour casque d&#8217;\u00e9coute &#8211; Noir (HPG317R-B)\"}]},{\"@type\":\"WebSite\",\"@id\":\"https:\/\/b2b.calibereurope.com\/#website\",\"url\":\"https:\/\/b2b.calibereurope.com\/\",\"name\":\"Caliber Europe B.V.\",\"description\":\"B2B Webshop\",\"publisher\":{\"@id\":\"https:\/\/b2b.calibereurope.com\/#organization\"},\"potentialAction\":[{\"@type\":\"SearchAction\",\"target\":{\"@type\":\"EntryPoint\",\"urlTemplate\":\"https:\/\/b2b.calibereurope.com\/?s={search_term_string}\"},\"query-input\":{\"@type\":\"PropertyValueSpecification\",\"valueRequired\":true,\"valueName\":\"search_term_string\"}}],\"inLanguage\":\"fr-FR\"},{\"@type\":\"Organization\",\"@id\":\"https:\/\/b2b.calibereurope.com\/#organization\",\"name\":\"Caliber Europe B.V.\",\"url\":\"https:\/\/b2b.calibereurope.com\/\",\"logo\":{\"@type\":\"ImageObject\",\"inLanguage\":\"fr-FR\",\"@id\":\"https:\/\/b2b.calibereurope.com\/#\/schema\/logo\/image\/\",\"url\":\"https:\/\/b2b.calibereurope.com\/wp-content\/uploads\/2020\/12\/Caliber_Logo-Black.png\",\"contentUrl\":\"https:\/\/b2b.calibereurope.com\/wp-content\/uploads\/2020\/12\/Caliber_Logo-Black.png\",\"width\":3157,\"height\":356,\"caption\":\"Caliber Europe B.V.\"},\"image\":{\"@id\":\"https:\/\/b2b.calibereurope.com\/#\/schema\/logo\/image\/\"}}]}<\/script>\n<!-- \/ Yoast SEO plugin. -->","yoast_head_json":{"title":"Radio portable - Piles ou cordon d'alimentation - Radio AM\/FM avec poign\u00e9e et sortie pour casque d'\u00e9coute - Noir (HPG317R-B) - Caliber Europe B.V.","robots":{"index":"noindex","follow":"follow","max-snippet":"max-snippet:-1","max-image-preview":"max-image-preview:large","max-video-preview":"max-video-preview:-1"},"og_locale":"fr_FR","og_type":"article","og_title":"Radio portable - Piles ou cordon d'alimentation - Radio AM\/FM avec poign\u00e9e et sortie pour casque d'\u00e9coute - Noir (HPG317R-B) - Caliber Europe B.V.","og_description":"Le Caliber HPG317R-B est une radio portable avec un design r\u00e9tro unique. Avec le Caliber HPG317R-B, vous pouvez choisir entre la radio AM et FM, de sorte que vous puissiez toujours trouver la station que vous voulez \u00e9couter. L&#39;utilisation de 4 piles CLR14 et la poign\u00e9e de transport vous permettent d&#39;emporter facilement la radio partout [&hellip;]","og_url":"https:\/\/b2b.calibereurope.com\/product\/hpg317r-b-fr_fr\/","og_site_name":"Caliber Europe B.V.","article_modified_time":"2026-03-25T13:04:10+00:00","twitter_card":"summary_large_image","twitter_misc":{"Dur\u00e9e de lecture estim\u00e9e":"2 minutes"},"schema":{"@context":"https:\/\/schema.org","@graph":[{"@type":"WebPage","@id":"https:\/\/b2b.calibereurope.com\/product\/hpg317r-b-fr_fr\/","url":"https:\/\/b2b.calibereurope.com\/product\/hpg317r-b-fr_fr\/","name":"Radio portable - Piles ou cordon d'alimentation - Radio AM\/FM avec poign\u00e9e et sortie pour casque d'\u00e9coute - Noir (HPG317R-B) - Caliber Europe B.V.","isPartOf":{"@id":"https:\/\/b2b.calibereurope.com\/#website"},"primaryImageOfPage":{"@id":"https:\/\/b2b.calibereurope.com\/product\/hpg317r-b-fr_fr\/#primaryimage"},"image":{"@id":"https:\/\/b2b.calibereurope.com\/product\/hpg317r-b-fr_fr\/#primaryimage"},"thumbnailUrl":"https:\/\/b2b.calibereurope.com\/wp-content\/uploads\/2025\/12\/5ef97e5782244f81b96cc2649227ae0bdb97b969_HPG317R_B-4.jpg","datePublished":"2025-12-04T00:00:00+00:00","dateModified":"2026-03-25T13:04:10+00:00","breadcrumb":{"@id":"https:\/\/b2b.calibereurope.com\/product\/hpg317r-b-fr_fr\/#breadcrumb"},"inLanguage":"fr-FR","potentialAction":[{"@type":"ReadAction","target":["https:\/\/b2b.calibereurope.com\/product\/hpg317r-b-fr_fr\/"]}]},{"@type":"ImageObject","inLanguage":"fr-FR","@id":"https:\/\/b2b.calibereurope.com\/product\/hpg317r-b-fr_fr\/#primaryimage","url":"https:\/\/b2b.calibereurope.com\/wp-content\/uploads\/2025\/12\/5ef97e5782244f81b96cc2649227ae0bdb97b969_HPG317R_B-4.jpg","contentUrl":"https:\/\/b2b.calibereurope.com\/wp-content\/uploads\/2025\/12\/5ef97e5782244f81b96cc2649227ae0bdb97b969_HPG317R_B-4.jpg","width":1999,"height":2000},{"@type":"BreadcrumbList","@id":"https:\/\/b2b.calibereurope.com\/product\/hpg317r-b-fr_fr\/#breadcrumb","itemListElement":[{"@type":"ListItem","position":1,"name":"Home","item":"https:\/\/b2b.calibereurope.com\/fr\/home\/"},{"@type":"ListItem","position":2,"name":"Boutique","item":"https:\/\/b2b.calibereurope.com\/fr\/boutique\/"},{"@type":"ListItem","position":3,"name":"Radio portable &#8211; Piles ou cordon d&#8217;alimentation &#8211; Radio AM\/FM avec poign\u00e9e et sortie pour casque d&#8217;\u00e9coute &#8211; Noir (HPG317R-B)"}]},{"@type":"WebSite","@id":"https:\/\/b2b.calibereurope.com\/#website","url":"https:\/\/b2b.calibereurope.com\/","name":"Caliber Europe B.V.","description":"B2B Webshop","publisher":{"@id":"https:\/\/b2b.calibereurope.com\/#organization"},"potentialAction":[{"@type":"SearchAction","target":{"@type":"EntryPoint","urlTemplate":"https:\/\/b2b.calibereurope.com\/?s={search_term_string}"},"query-input":{"@type":"PropertyValueSpecification","valueRequired":true,"valueName":"search_term_string"}}],"inLanguage":"fr-FR"},{"@type":"Organization","@id":"https:\/\/b2b.calibereurope.com\/#organization","name":"Caliber Europe B.V.","url":"https:\/\/b2b.calibereurope.com\/","logo":{"@type":"ImageObject","inLanguage":"fr-FR","@id":"https:\/\/b2b.calibereurope.com\/#\/schema\/logo\/image\/","url":"https:\/\/b2b.calibereurope.com\/wp-content\/uploads\/2020\/12\/Caliber_Logo-Black.png","contentUrl":"https:\/\/b2b.calibereurope.com\/wp-content\/uploads\/2020\/12\/Caliber_Logo-Black.png","width":3157,"height":356,"caption":"Caliber Europe B.V."},"image":{"@id":"https:\/\/b2b.calibereurope.com\/#\/schema\/logo\/image\/"}}]}},"_links":{"self":[{"href":"https:\/\/b2b.calibereurope.com\/fr\/wp-json\/wp\/v2\/product\/808852","targetHints":{"allow":["GET"]}}],"collection":[{"href":"https:\/\/b2b.calibereurope.com\/fr\/wp-json\/wp\/v2\/product"}],"about":[{"href":"https:\/\/b2b.calibereurope.com\/fr\/wp-json\/wp\/v2\/types\/product"}],"version-history":[{"count":0,"href":"https:\/\/b2b.calibereurope.com\/fr\/wp-json\/wp\/v2\/product\/808852\/revisions"}],"wp:featuredmedia":[{"embeddable":true,"href":"https:\/\/b2b.calibereurope.com\/fr\/wp-json\/wp\/v2\/media\/867041"}],"wp:attachment":[{"href":"https:\/\/b2b.calibereurope.com\/fr\/wp-json\/wp\/v2\/media?parent=808852"}],"wp:term":[{"taxonomy":"product_brand","embeddable":true,"href":"https:\/\/b2b.calibereurope.com\/fr\/wp-json\/wp\/v2\/product_brand?post=808852"},{"taxonomy":"product_cat","embeddable":true,"href":"https:\/\/b2b.calibereurope.com\/fr\/wp-json\/wp\/v2\/product_cat?post=808852"},{"taxonomy":"product_tag","embeddable":true,"href":"https:\/\/b2b.calibereurope.com\/fr\/wp-json\/wp\/v2\/product_tag?post=808852"}],"curies":[{"name":"wp","href":"https:\/\/api.w.org\/{rel}","templated":true}]}}