{"id":830250,"date":"2023-07-31T02:00:00","date_gmt":"2023-07-31T00:00:00","guid":{"rendered":"https:\/\/b2b.calibereurope.com\/product\/ir-em-cl-fr_fr\/"},"modified":"2023-09-10T17:39:17","modified_gmt":"2023-09-10T15:39:17","slug":"ir-em-cl-fr_fr","status":"publish","type":"product","link":"https:\/\/b2b.calibereurope.com\/fr\/produit\/ir-em-cl-fr_fr\/","title":{"rendered":"iRing Easy Lock Mount &#8211; Clip standard &#8211; Convient pour le bras de montage iRing Easy Mount &#8211; Fixation de table ou de bureau"},"content":{"rendered":"<p>Le support de clip iRing EasyMount est le compl\u00e9ment id\u00e9al pour votre bras de montage iRing Easy Lock et votre support universel pour t\u00e9l\u00e9phone ou tablette. Avec ce clip pratique, vous pouvez fixer solidement votre smartphone ou tablette sur le bord de votre table, bureau ou \u00e9tag\u00e8re. Ainsi, vous avez toujours votre appareil \u00e0 port\u00e9e de vue et \u00e0 port\u00e9e de main, ce qui le rend id\u00e9al pour une utilisation au bureau, \u00e0 la maison ou pendant vos \u00e9tudes.<\/p>\n<p><strong>Caract\u00e9ristiques :<\/strong><\/p>\n<ul>\n<li>Support de clip pratique<\/li>\n<li>Convient pour la fixation sur le bord des tables, bureaux, \u00e9tag\u00e8res, etc.<\/li>\n<li>Facile \u00e0 fixer et \u00e0 retirer<\/li>\n<li>Compatible avec le bras de montage iRing Easy Lock<\/li>\n<\/ul>\n<h3>Fixation s\u00fbre et stable<\/h3>\n<p>Gr\u00e2ce \u00e0 la conception solide du support de clip iRing EasyMount, vous pouvez fixer votre appareil en toute s\u00e9curit\u00e9 et stabilit\u00e9 sur le bord de votre table ou bureau. Le clip assure une fixation solide de votre t\u00e9l\u00e9phone ou tablette, m\u00eame lors d&#039;une utilisation intensive.<\/p>\n<h3>Compatible avec le bras de montage iRing Easy Lock<\/h3>\n<p>Le support de clip iRing EasyMount est sp\u00e9cialement con\u00e7u pour fonctionner avec le bras de montage iRing Easy Lock. Vous pouvez ainsi facilement passer d&#039;un pied de montage \u00e0 un autre en fonction de vos besoins. Associez le support de clip avec le bras pour une flexibilit\u00e9 optimale.<\/p>\n<h3>Fixation solide<\/h3>\n<p>Le support de clip iRing EasyMount offre une prise solide sur le bord de votre table ou bureau. Votre appareil reste ainsi en place en toute s\u00e9curit\u00e9, m\u00eame lorsque vous utilisez l&#039;\u00e9cran tactile ou que vous tapez. Parfait pour les visioconf\u00e9rences, le visionnage de tutoriels ou la consultation de recettes pendant la cuisine.<\/p>\n<h3>Facile \u00e0 ajuster<\/h3>\n<p>Le support de clip est facile \u00e0 ajuster \u00e0 l&#039;\u00e9paisseur du bord de votre table ou bureau. Vous pouvez ainsi le fixer solidement sans l&#039;endommager. De plus, vous pouvez ajuster l&#039;angle pour une meilleure exp\u00e9rience visuelle.<\/p>\n<p><strong>Inclus :<\/strong><\/p>\n<p>1 x support de clip iRing EasyMount<\/p>\n<p><strong>Important :<\/strong> le bras de montage iRing Easy Lock et le support universel pour t\u00e9l\u00e9phone ou tablette sont vendus s\u00e9par\u00e9ment et ne sont pas inclus avec ce support de clip.<\/p>\n","protected":false},"excerpt":{"rendered":"<p>Le support de clip iRing EasyMount est le compl\u00e9ment id\u00e9al pour votre bras de montage iRing Easy Lock et votre support universel pour t\u00e9l\u00e9phone ou tablette. Avec ce clip pratique, vous pouvez fixer solidement votre smartphone ou tablette sur le bord de votre table, bureau ou \u00e9tag\u00e8re. Ainsi, vous avez toujours votre appareil \u00e0 port\u00e9e [&hellip;]<\/p>\n","protected":false},"featured_media":830254,"template":"","meta":{"_acf_changed":false,"site-sidebar-layout":"default","site-content-layout":"","ast-site-content-layout":"default","site-content-style":"default","site-sidebar-style":"default","ast-global-header-display":"","ast-banner-title-visibility":"","ast-main-header-display":"","ast-hfb-above-header-display":"","ast-hfb-below-header-display":"","ast-hfb-mobile-header-display":"","site-post-title":"","ast-breadcrumbs-content":"","ast-featured-img":"","footer-sml-layout":"","theme-transparent-header-meta":"","adv-header-id-meta":"","stick-header-meta":"","header-above-stick-meta":"","header-main-stick-meta":"","header-below-stick-meta":"","astra-migrate-meta-layouts":"default","ast-page-background-enabled":"default","ast-page-background-meta":{"desktop":{"background-color":"","background-image":"","background-repeat":"repeat","background-position":"center center","background-size":"auto","background-attachment":"scroll","background-type":"","background-media":"","overlay-type":"","overlay-color":"","overlay-opacity":"","overlay-gradient":""},"tablet":{"background-color":"","background-image":"","background-repeat":"repeat","background-position":"center center","background-size":"auto","background-attachment":"scroll","background-type":"","background-media":"","overlay-type":"","overlay-color":"","overlay-opacity":"","overlay-gradient":""},"mobile":{"background-color":"","background-image":"","background-repeat":"repeat","background-position":"center center","background-size":"auto","background-attachment":"scroll","background-type":"","background-media":"","overlay-type":"","overlay-color":"","overlay-opacity":"","overlay-gradient":""}},"ast-content-background-meta":{"desktop":{"background-color":"var(--ast-global-color-5)","background-image":"","background-repeat":"repeat","background-position":"center center","background-size":"auto","background-attachment":"scroll","background-type":"","background-media":"","overlay-type":"","overlay-color":"","overlay-opacity":"","overlay-gradient":""},"tablet":{"background-color":"var(--ast-global-color-5)","background-image":"","background-repeat":"repeat","background-position":"center center","background-size":"auto","background-attachment":"scroll","background-type":"","background-media":"","overlay-type":"","overlay-color":"","overlay-opacity":"","overlay-gradient":""},"mobile":{"background-color":"var(--ast-global-color-5)","background-image":"","background-repeat":"repeat","background-position":"center center","background-size":"auto","background-attachment":"scroll","background-type":"","background-media":"","overlay-type":"","overlay-color":"","overlay-opacity":"","overlay-gradient":""}}},"product_brand":[],"product_cat":[12202,12234,12294,12290,12230],"product_tag":[],"class_list":{"0":"post-830250","1":"product","2":"type-product","3":"status-publish","4":"has-post-thumbnail","6":"product_cat-accessoires_beeld_fr_fr","7":"product_cat-accessoires_fr_fr","8":"product_cat-accessoires_navigatie_telefonie_fr_fr","9":"product_cat-navigatie_telefonie_fr_fr","10":"product_cat-geluid_fr_fr","11":"desktop-align-center","12":"tablet-align-center","13":"mobile-align-center","14":"ast-product-gallery-layout-horizontal","15":"ast-product-gallery-with-no-image","16":"ast-product-tabs-layout-horizontal","18":"first","19":"instock","20":"taxable","21":"shipping-taxable","22":"purchasable","23":"product-type-simple"},"acf":[],"yoast_head":"<!-- This site is optimized with the Yoast SEO plugin v26.5 - https:\/\/yoast.com\/wordpress\/plugins\/seo\/ -->\n<title>iRing Easy Lock Mount - Clip standard - Convient pour le bras de montage iRing Easy Mount - Fixation de table ou de bureau - Caliber Europe B.V.<\/title>\n<meta name=\"robots\" content=\"noindex, follow, max-snippet:-1, max-image-preview:large, max-video-preview:-1\" \/>\n<meta property=\"og:locale\" content=\"fr_FR\" \/>\n<meta property=\"og:type\" content=\"article\" \/>\n<meta property=\"og:title\" content=\"iRing Easy Lock Mount - Clip standard - Convient pour le bras de montage iRing Easy Mount - Fixation de table ou de bureau - Caliber Europe B.V.\" \/>\n<meta property=\"og:description\" content=\"Le support de clip iRing EasyMount est le compl\u00e9ment id\u00e9al pour votre bras de montage iRing Easy Lock et votre support universel pour t\u00e9l\u00e9phone ou tablette. Avec ce clip pratique, vous pouvez fixer solidement votre smartphone ou tablette sur le bord de votre table, bureau ou \u00e9tag\u00e8re. Ainsi, vous avez toujours votre appareil \u00e0 port\u00e9e [&hellip;]\" \/>\n<meta property=\"og:url\" content=\"https:\/\/b2b.calibereurope.com\/product\/ir-em-cl-fr_fr\/\" \/>\n<meta property=\"og:site_name\" content=\"Caliber Europe B.V.\" \/>\n<meta property=\"article:modified_time\" content=\"2023-09-10T15:39:17+00:00\" \/>\n<meta name=\"twitter:card\" content=\"summary_large_image\" \/>\n<meta name=\"twitter:label1\" content=\"Dur\u00e9e de lecture estim\u00e9e\" \/>\n\t<meta name=\"twitter:data1\" content=\"2 minutes\" \/>\n<script type=\"application\/ld+json\" class=\"yoast-schema-graph\">{\"@context\":\"https:\/\/schema.org\",\"@graph\":[{\"@type\":\"WebPage\",\"@id\":\"https:\/\/b2b.calibereurope.com\/product\/ir-em-cl-fr_fr\/\",\"url\":\"https:\/\/b2b.calibereurope.com\/product\/ir-em-cl-fr_fr\/\",\"name\":\"iRing Easy Lock Mount - Clip standard - Convient pour le bras de montage iRing Easy Mount - Fixation de table ou de bureau - Caliber Europe B.V.\",\"isPartOf\":{\"@id\":\"https:\/\/b2b.calibereurope.com\/#website\"},\"primaryImageOfPage\":{\"@id\":\"https:\/\/b2b.calibereurope.com\/product\/ir-em-cl-fr_fr\/#primaryimage\"},\"image\":{\"@id\":\"https:\/\/b2b.calibereurope.com\/product\/ir-em-cl-fr_fr\/#primaryimage\"},\"thumbnailUrl\":\"https:\/\/b2b.calibereurope.com\/wp-content\/uploads\/2023\/07\/8750c8c80329c8cdb25e2e12ff4c275766e1d9b7_EasyMount_Clip_ArmHolder.jpg\",\"datePublished\":\"2023-07-31T00:00:00+00:00\",\"dateModified\":\"2023-09-10T15:39:17+00:00\",\"breadcrumb\":{\"@id\":\"https:\/\/b2b.calibereurope.com\/product\/ir-em-cl-fr_fr\/#breadcrumb\"},\"inLanguage\":\"fr-FR\",\"potentialAction\":[{\"@type\":\"ReadAction\",\"target\":[\"https:\/\/b2b.calibereurope.com\/product\/ir-em-cl-fr_fr\/\"]}]},{\"@type\":\"ImageObject\",\"inLanguage\":\"fr-FR\",\"@id\":\"https:\/\/b2b.calibereurope.com\/product\/ir-em-cl-fr_fr\/#primaryimage\",\"url\":\"https:\/\/b2b.calibereurope.com\/wp-content\/uploads\/2023\/07\/8750c8c80329c8cdb25e2e12ff4c275766e1d9b7_EasyMount_Clip_ArmHolder.jpg\",\"contentUrl\":\"https:\/\/b2b.calibereurope.com\/wp-content\/uploads\/2023\/07\/8750c8c80329c8cdb25e2e12ff4c275766e1d9b7_EasyMount_Clip_ArmHolder.jpg\",\"width\":2500,\"height\":1876},{\"@type\":\"BreadcrumbList\",\"@id\":\"https:\/\/b2b.calibereurope.com\/product\/ir-em-cl-fr_fr\/#breadcrumb\",\"itemListElement\":[{\"@type\":\"ListItem\",\"position\":1,\"name\":\"Home\",\"item\":\"https:\/\/b2b.calibereurope.com\/fr\/home\/\"},{\"@type\":\"ListItem\",\"position\":2,\"name\":\"Boutique\",\"item\":\"https:\/\/b2b.calibereurope.com\/fr\/boutique\/\"},{\"@type\":\"ListItem\",\"position\":3,\"name\":\"iRing Easy Lock Mount &#8211; Clip standard &#8211; Convient pour le bras de montage iRing Easy Mount &#8211; Fixation de table ou de bureau\"}]},{\"@type\":\"WebSite\",\"@id\":\"https:\/\/b2b.calibereurope.com\/#website\",\"url\":\"https:\/\/b2b.calibereurope.com\/\",\"name\":\"Caliber Europe B.V.\",\"description\":\"B2B Webshop\",\"publisher\":{\"@id\":\"https:\/\/b2b.calibereurope.com\/#organization\"},\"potentialAction\":[{\"@type\":\"SearchAction\",\"target\":{\"@type\":\"EntryPoint\",\"urlTemplate\":\"https:\/\/b2b.calibereurope.com\/?s={search_term_string}\"},\"query-input\":{\"@type\":\"PropertyValueSpecification\",\"valueRequired\":true,\"valueName\":\"search_term_string\"}}],\"inLanguage\":\"fr-FR\"},{\"@type\":\"Organization\",\"@id\":\"https:\/\/b2b.calibereurope.com\/#organization\",\"name\":\"Caliber Europe B.V.\",\"url\":\"https:\/\/b2b.calibereurope.com\/\",\"logo\":{\"@type\":\"ImageObject\",\"inLanguage\":\"fr-FR\",\"@id\":\"https:\/\/b2b.calibereurope.com\/#\/schema\/logo\/image\/\",\"url\":\"https:\/\/b2b.calibereurope.com\/wp-content\/uploads\/2020\/12\/Caliber_Logo-Black.png\",\"contentUrl\":\"https:\/\/b2b.calibereurope.com\/wp-content\/uploads\/2020\/12\/Caliber_Logo-Black.png\",\"width\":3157,\"height\":356,\"caption\":\"Caliber Europe B.V.\"},\"image\":{\"@id\":\"https:\/\/b2b.calibereurope.com\/#\/schema\/logo\/image\/\"}}]}<\/script>\n<!-- \/ Yoast SEO plugin. -->","yoast_head_json":{"title":"iRing Easy Lock Mount - Clip standard - Convient pour le bras de montage iRing Easy Mount - Fixation de table ou de bureau - Caliber Europe B.V.","robots":{"index":"noindex","follow":"follow","max-snippet":"max-snippet:-1","max-image-preview":"max-image-preview:large","max-video-preview":"max-video-preview:-1"},"og_locale":"fr_FR","og_type":"article","og_title":"iRing Easy Lock Mount - Clip standard - Convient pour le bras de montage iRing Easy Mount - Fixation de table ou de bureau - Caliber Europe B.V.","og_description":"Le support de clip iRing EasyMount est le compl\u00e9ment id\u00e9al pour votre bras de montage iRing Easy Lock et votre support universel pour t\u00e9l\u00e9phone ou tablette. Avec ce clip pratique, vous pouvez fixer solidement votre smartphone ou tablette sur le bord de votre table, bureau ou \u00e9tag\u00e8re. Ainsi, vous avez toujours votre appareil \u00e0 port\u00e9e [&hellip;]","og_url":"https:\/\/b2b.calibereurope.com\/product\/ir-em-cl-fr_fr\/","og_site_name":"Caliber Europe B.V.","article_modified_time":"2023-09-10T15:39:17+00:00","twitter_card":"summary_large_image","twitter_misc":{"Dur\u00e9e de lecture estim\u00e9e":"2 minutes"},"schema":{"@context":"https:\/\/schema.org","@graph":[{"@type":"WebPage","@id":"https:\/\/b2b.calibereurope.com\/product\/ir-em-cl-fr_fr\/","url":"https:\/\/b2b.calibereurope.com\/product\/ir-em-cl-fr_fr\/","name":"iRing Easy Lock Mount - Clip standard - Convient pour le bras de montage iRing Easy Mount - Fixation de table ou de bureau - Caliber Europe B.V.","isPartOf":{"@id":"https:\/\/b2b.calibereurope.com\/#website"},"primaryImageOfPage":{"@id":"https:\/\/b2b.calibereurope.com\/product\/ir-em-cl-fr_fr\/#primaryimage"},"image":{"@id":"https:\/\/b2b.calibereurope.com\/product\/ir-em-cl-fr_fr\/#primaryimage"},"thumbnailUrl":"https:\/\/b2b.calibereurope.com\/wp-content\/uploads\/2023\/07\/8750c8c80329c8cdb25e2e12ff4c275766e1d9b7_EasyMount_Clip_ArmHolder.jpg","datePublished":"2023-07-31T00:00:00+00:00","dateModified":"2023-09-10T15:39:17+00:00","breadcrumb":{"@id":"https:\/\/b2b.calibereurope.com\/product\/ir-em-cl-fr_fr\/#breadcrumb"},"inLanguage":"fr-FR","potentialAction":[{"@type":"ReadAction","target":["https:\/\/b2b.calibereurope.com\/product\/ir-em-cl-fr_fr\/"]}]},{"@type":"ImageObject","inLanguage":"fr-FR","@id":"https:\/\/b2b.calibereurope.com\/product\/ir-em-cl-fr_fr\/#primaryimage","url":"https:\/\/b2b.calibereurope.com\/wp-content\/uploads\/2023\/07\/8750c8c80329c8cdb25e2e12ff4c275766e1d9b7_EasyMount_Clip_ArmHolder.jpg","contentUrl":"https:\/\/b2b.calibereurope.com\/wp-content\/uploads\/2023\/07\/8750c8c80329c8cdb25e2e12ff4c275766e1d9b7_EasyMount_Clip_ArmHolder.jpg","width":2500,"height":1876},{"@type":"BreadcrumbList","@id":"https:\/\/b2b.calibereurope.com\/product\/ir-em-cl-fr_fr\/#breadcrumb","itemListElement":[{"@type":"ListItem","position":1,"name":"Home","item":"https:\/\/b2b.calibereurope.com\/fr\/home\/"},{"@type":"ListItem","position":2,"name":"Boutique","item":"https:\/\/b2b.calibereurope.com\/fr\/boutique\/"},{"@type":"ListItem","position":3,"name":"iRing Easy Lock Mount &#8211; Clip standard &#8211; Convient pour le bras de montage iRing Easy Mount &#8211; Fixation de table ou de bureau"}]},{"@type":"WebSite","@id":"https:\/\/b2b.calibereurope.com\/#website","url":"https:\/\/b2b.calibereurope.com\/","name":"Caliber Europe B.V.","description":"B2B Webshop","publisher":{"@id":"https:\/\/b2b.calibereurope.com\/#organization"},"potentialAction":[{"@type":"SearchAction","target":{"@type":"EntryPoint","urlTemplate":"https:\/\/b2b.calibereurope.com\/?s={search_term_string}"},"query-input":{"@type":"PropertyValueSpecification","valueRequired":true,"valueName":"search_term_string"}}],"inLanguage":"fr-FR"},{"@type":"Organization","@id":"https:\/\/b2b.calibereurope.com\/#organization","name":"Caliber Europe B.V.","url":"https:\/\/b2b.calibereurope.com\/","logo":{"@type":"ImageObject","inLanguage":"fr-FR","@id":"https:\/\/b2b.calibereurope.com\/#\/schema\/logo\/image\/","url":"https:\/\/b2b.calibereurope.com\/wp-content\/uploads\/2020\/12\/Caliber_Logo-Black.png","contentUrl":"https:\/\/b2b.calibereurope.com\/wp-content\/uploads\/2020\/12\/Caliber_Logo-Black.png","width":3157,"height":356,"caption":"Caliber Europe B.V."},"image":{"@id":"https:\/\/b2b.calibereurope.com\/#\/schema\/logo\/image\/"}}]}},"_links":{"self":[{"href":"https:\/\/b2b.calibereurope.com\/fr\/wp-json\/wp\/v2\/product\/830250","targetHints":{"allow":["GET"]}}],"collection":[{"href":"https:\/\/b2b.calibereurope.com\/fr\/wp-json\/wp\/v2\/product"}],"about":[{"href":"https:\/\/b2b.calibereurope.com\/fr\/wp-json\/wp\/v2\/types\/product"}],"version-history":[{"count":0,"href":"https:\/\/b2b.calibereurope.com\/fr\/wp-json\/wp\/v2\/product\/830250\/revisions"}],"wp:featuredmedia":[{"embeddable":true,"href":"https:\/\/b2b.calibereurope.com\/fr\/wp-json\/wp\/v2\/media\/830254"}],"wp:attachment":[{"href":"https:\/\/b2b.calibereurope.com\/fr\/wp-json\/wp\/v2\/media?parent=830250"}],"wp:term":[{"taxonomy":"product_brand","embeddable":true,"href":"https:\/\/b2b.calibereurope.com\/fr\/wp-json\/wp\/v2\/product_brand?post=830250"},{"taxonomy":"product_cat","embeddable":true,"href":"https:\/\/b2b.calibereurope.com\/fr\/wp-json\/wp\/v2\/product_cat?post=830250"},{"taxonomy":"product_tag","embeddable":true,"href":"https:\/\/b2b.calibereurope.com\/fr\/wp-json\/wp\/v2\/product_tag?post=830250"}],"curies":[{"name":"wp","href":"https:\/\/api.w.org\/{rel}","templated":true}]}}