{"id":830266,"date":"2023-07-31T02:00:00","date_gmt":"2023-07-31T00:00:00","guid":{"rendered":"https:\/\/b2b.calibereurope.com\/product\/ir-em-ah-fr_fr\/"},"modified":"2023-09-10T17:39:17","modified_gmt":"2023-09-10T15:39:17","slug":"ir-em-ah-fr_fr","status":"publish","type":"product","link":"https:\/\/b2b.calibereurope.com\/fr\/produit\/ir-em-ah-fr_fr\/","title":{"rendered":"iRing Easy Lock Mount &#8211; Bras et support de t\u00e9l\u00e9phone universel &#8211; Bras r\u00e9glable &#8211; Pince solide &#8211; Rotatif &#8211; Pour smartphone et tablette"},"content":{"rendered":"<p>Le bras de montage iRing Easy Lock et le support universel pour t\u00e9l\u00e9phone ou tablette sont la solution parfaite pour fixer votre smartphone ou tablette en toute s\u00e9curit\u00e9 et facilit\u00e9. Avec son <strong>bras r\u00e9glable<\/strong> et sa <strong>pince solide<\/strong>, ce support de t\u00e9l\u00e9phone offre une prise ferme et fiable, vous permettant d&#039;avoir toujours votre appareil \u00e0 port\u00e9e de main. Le bras peut pivoter sur <strong>2 points<\/strong> et mesure <strong>38 cm de long<\/strong>. Vous trouverez donc toujours la position id\u00e9ale. La pince fonctionne \u00e9galement magn\u00e9tiquement, id\u00e9ale pour les produits compatibles <strong>MagSafe<\/strong>.<\/p>\n<p><strong>Caract\u00e9ristiques :<\/strong><\/p>\n<ul>\n<li>Bras r\u00e9glable<\/li>\n<li>Pince solide<\/li>\n<li>Pivotement sur 2 points<\/li>\n<li>Bras de 38 cm de long<\/li>\n<li>Compatible avec MagSafe<\/li>\n<li>D\u00e9verrouillage rapide<\/li>\n<li>Divers supports disponibles<\/li>\n<\/ul>\n<h3>D\u00e9verrouillage d&#039;un seul bouton<\/h3>\n<p>Gr\u00e2ce \u00e0 la conception innovante du support iRing Easy Lock, vous pouvez verrouiller votre appareil d&#039;une simple pression sur le bouton. Cela permet une fixation rapide et facile et emp\u00eache votre t\u00e9l\u00e9phone ou tablette de se d\u00e9tacher accidentellement.<\/p>\n<h3>Compatible avec diff\u00e9rents supports de montage iRing<\/h3>\n<p>Le support iRing Easy Lock est compatible avec diff\u00e9rentes bases de montage professionnelles, ce qui vous permet de l&#039;utiliser avec une large gamme d&#039;appareils. Il existe un support standard facile \u00e0 d\u00e9placer. Si vous souhaitez le fixer sur le bord de votre bureau ou de votre table, vous pouvez opter pour le support \u00e0 pince. Pour les surfaces lisses, il existe \u00e9galement le support \u00e0 ventouse.<\/p>\n<h3>Prise ferme<\/h3>\n<p>Le support iRing Easy Lock offre une prise simple et solide sur votre appareil. Gr\u00e2ce \u00e0 sa structure articul\u00e9e, vous pouvez facilement d\u00e9tacher le bras et le d\u00e9placer vers une autre base ou position. Vous pouvez ainsi placer votre t\u00e9l\u00e9phone ou tablette dans la position la plus confortable et pratique.<\/p>\n<h3>Support magn\u00e9tique<\/h3>\n<p>Le support iRing Easy Lock est \u00e9quip\u00e9 d&#039;un support magn\u00e9tique pour les produits MagSafe. Vous pouvez ainsi fixer en toute s\u00e9curit\u00e9 et facilit\u00e9 vos appareils compatibles MagSafe, sans avoir besoin d&#039;accessoires suppl\u00e9mentaires.<\/p>\n<p><strong>Inclus :<\/strong><\/p>\n<p>1 x Bras<br \/>1 x Support<\/p>\n<p><strong>Important :<\/strong> le support n&#039;est pas inclus. La plaque de montage, la ventouse ou la pince peuvent \u00eatre command\u00e9es s\u00e9par\u00e9ment.<\/p>\n<p>&nbsp;<\/p>\n","protected":false},"excerpt":{"rendered":"<p>Le bras de montage iRing Easy Lock et le support universel pour t\u00e9l\u00e9phone ou tablette sont la solution parfaite pour fixer votre smartphone ou tablette en toute s\u00e9curit\u00e9 et facilit\u00e9. Avec son bras r\u00e9glable et sa pince solide, ce support de t\u00e9l\u00e9phone offre une prise ferme et fiable, vous permettant d&#039;avoir toujours votre appareil \u00e0 [&hellip;]<\/p>\n","protected":false},"featured_media":830270,"template":"","meta":{"_acf_changed":false,"site-sidebar-layout":"default","site-content-layout":"","ast-site-content-layout":"default","site-content-style":"default","site-sidebar-style":"default","ast-global-header-display":"","ast-banner-title-visibility":"","ast-main-header-display":"","ast-hfb-above-header-display":"","ast-hfb-below-header-display":"","ast-hfb-mobile-header-display":"","site-post-title":"","ast-breadcrumbs-content":"","ast-featured-img":"","footer-sml-layout":"","theme-transparent-header-meta":"","adv-header-id-meta":"","stick-header-meta":"","header-above-stick-meta":"","header-main-stick-meta":"","header-below-stick-meta":"","astra-migrate-meta-layouts":"default","ast-page-background-enabled":"default","ast-page-background-meta":{"desktop":{"background-color":"","background-image":"","background-repeat":"repeat","background-position":"center center","background-size":"auto","background-attachment":"scroll","background-type":"","background-media":"","overlay-type":"","overlay-color":"","overlay-opacity":"","overlay-gradient":""},"tablet":{"background-color":"","background-image":"","background-repeat":"repeat","background-position":"center center","background-size":"auto","background-attachment":"scroll","background-type":"","background-media":"","overlay-type":"","overlay-color":"","overlay-opacity":"","overlay-gradient":""},"mobile":{"background-color":"","background-image":"","background-repeat":"repeat","background-position":"center center","background-size":"auto","background-attachment":"scroll","background-type":"","background-media":"","overlay-type":"","overlay-color":"","overlay-opacity":"","overlay-gradient":""}},"ast-content-background-meta":{"desktop":{"background-color":"var(--ast-global-color-5)","background-image":"","background-repeat":"repeat","background-position":"center center","background-size":"auto","background-attachment":"scroll","background-type":"","background-media":"","overlay-type":"","overlay-color":"","overlay-opacity":"","overlay-gradient":""},"tablet":{"background-color":"var(--ast-global-color-5)","background-image":"","background-repeat":"repeat","background-position":"center center","background-size":"auto","background-attachment":"scroll","background-type":"","background-media":"","overlay-type":"","overlay-color":"","overlay-opacity":"","overlay-gradient":""},"mobile":{"background-color":"var(--ast-global-color-5)","background-image":"","background-repeat":"repeat","background-position":"center center","background-size":"auto","background-attachment":"scroll","background-type":"","background-media":"","overlay-type":"","overlay-color":"","overlay-opacity":"","overlay-gradient":""}}},"product_brand":[],"product_cat":[12294,12202,12234,12182,12290,12230],"product_tag":[],"class_list":{"0":"post-830266","1":"product","2":"type-product","3":"status-publish","4":"has-post-thumbnail","6":"product_cat-accessoires_navigatie_telefonie_fr_fr","7":"product_cat-accessoires_beeld_fr_fr","8":"product_cat-accessoires_fr_fr","9":"product_cat-beeld_fr_fr","10":"product_cat-navigatie_telefonie_fr_fr","11":"product_cat-geluid_fr_fr","12":"desktop-align-center","13":"tablet-align-center","14":"mobile-align-center","15":"ast-product-gallery-layout-horizontal","16":"ast-product-gallery-with-no-image","17":"ast-product-tabs-layout-horizontal","19":"first","20":"instock","21":"taxable","22":"shipping-taxable","23":"purchasable","24":"product-type-simple"},"acf":[],"yoast_head":"<!-- This site is optimized with the Yoast SEO plugin v26.5 - https:\/\/yoast.com\/wordpress\/plugins\/seo\/ -->\n<title>iRing Easy Lock Mount - Bras et support de t\u00e9l\u00e9phone universel - Bras r\u00e9glable - Pince solide - Rotatif - Pour smartphone et tablette - Caliber Europe B.V.<\/title>\n<meta name=\"robots\" content=\"noindex, follow, max-snippet:-1, max-image-preview:large, max-video-preview:-1\" \/>\n<meta property=\"og:locale\" content=\"fr_FR\" \/>\n<meta property=\"og:type\" content=\"article\" \/>\n<meta property=\"og:title\" content=\"iRing Easy Lock Mount - Bras et support de t\u00e9l\u00e9phone universel - Bras r\u00e9glable - Pince solide - Rotatif - Pour smartphone et tablette - Caliber Europe B.V.\" \/>\n<meta property=\"og:description\" content=\"Le bras de montage iRing Easy Lock et le support universel pour t\u00e9l\u00e9phone ou tablette sont la solution parfaite pour fixer votre smartphone ou tablette en toute s\u00e9curit\u00e9 et facilit\u00e9. Avec son bras r\u00e9glable et sa pince solide, ce support de t\u00e9l\u00e9phone offre une prise ferme et fiable, vous permettant d&#039;avoir toujours votre appareil \u00e0 [&hellip;]\" \/>\n<meta property=\"og:url\" content=\"https:\/\/b2b.calibereurope.com\/product\/ir-em-ah-fr_fr\/\" \/>\n<meta property=\"og:site_name\" content=\"Caliber Europe B.V.\" \/>\n<meta property=\"article:modified_time\" content=\"2023-09-10T15:39:17+00:00\" \/>\n<meta name=\"twitter:card\" content=\"summary_large_image\" \/>\n<meta name=\"twitter:label1\" content=\"Dur\u00e9e de lecture estim\u00e9e\" \/>\n\t<meta name=\"twitter:data1\" content=\"2 minutes\" \/>\n<script type=\"application\/ld+json\" class=\"yoast-schema-graph\">{\"@context\":\"https:\/\/schema.org\",\"@graph\":[{\"@type\":\"WebPage\",\"@id\":\"https:\/\/b2b.calibereurope.com\/product\/ir-em-ah-fr_fr\/\",\"url\":\"https:\/\/b2b.calibereurope.com\/product\/ir-em-ah-fr_fr\/\",\"name\":\"iRing Easy Lock Mount - Bras et support de t\u00e9l\u00e9phone universel - Bras r\u00e9glable - Pince solide - Rotatif - Pour smartphone et tablette - Caliber Europe B.V.\",\"isPartOf\":{\"@id\":\"https:\/\/b2b.calibereurope.com\/#website\"},\"primaryImageOfPage\":{\"@id\":\"https:\/\/b2b.calibereurope.com\/product\/ir-em-ah-fr_fr\/#primaryimage\"},\"image\":{\"@id\":\"https:\/\/b2b.calibereurope.com\/product\/ir-em-ah-fr_fr\/#primaryimage\"},\"thumbnailUrl\":\"https:\/\/b2b.calibereurope.com\/wp-content\/uploads\/2023\/07\/f5a29bdbdfa8f8ec262aebe58911ca39137ba836_EasyMount_ArmHolder_StandBase.jpg\",\"datePublished\":\"2023-07-31T00:00:00+00:00\",\"dateModified\":\"2023-09-10T15:39:17+00:00\",\"breadcrumb\":{\"@id\":\"https:\/\/b2b.calibereurope.com\/product\/ir-em-ah-fr_fr\/#breadcrumb\"},\"inLanguage\":\"fr-FR\",\"potentialAction\":[{\"@type\":\"ReadAction\",\"target\":[\"https:\/\/b2b.calibereurope.com\/product\/ir-em-ah-fr_fr\/\"]}]},{\"@type\":\"ImageObject\",\"inLanguage\":\"fr-FR\",\"@id\":\"https:\/\/b2b.calibereurope.com\/product\/ir-em-ah-fr_fr\/#primaryimage\",\"url\":\"https:\/\/b2b.calibereurope.com\/wp-content\/uploads\/2023\/07\/f5a29bdbdfa8f8ec262aebe58911ca39137ba836_EasyMount_ArmHolder_StandBase.jpg\",\"contentUrl\":\"https:\/\/b2b.calibereurope.com\/wp-content\/uploads\/2023\/07\/f5a29bdbdfa8f8ec262aebe58911ca39137ba836_EasyMount_ArmHolder_StandBase.jpg\",\"width\":2500,\"height\":1876},{\"@type\":\"BreadcrumbList\",\"@id\":\"https:\/\/b2b.calibereurope.com\/product\/ir-em-ah-fr_fr\/#breadcrumb\",\"itemListElement\":[{\"@type\":\"ListItem\",\"position\":1,\"name\":\"Home\",\"item\":\"https:\/\/b2b.calibereurope.com\/fr\/home\/\"},{\"@type\":\"ListItem\",\"position\":2,\"name\":\"Boutique\",\"item\":\"https:\/\/b2b.calibereurope.com\/fr\/boutique\/\"},{\"@type\":\"ListItem\",\"position\":3,\"name\":\"iRing Easy Lock Mount &#8211; Bras et support de t\u00e9l\u00e9phone universel &#8211; Bras r\u00e9glable &#8211; Pince solide &#8211; Rotatif &#8211; Pour smartphone et tablette\"}]},{\"@type\":\"WebSite\",\"@id\":\"https:\/\/b2b.calibereurope.com\/#website\",\"url\":\"https:\/\/b2b.calibereurope.com\/\",\"name\":\"Caliber Europe B.V.\",\"description\":\"B2B Webshop\",\"publisher\":{\"@id\":\"https:\/\/b2b.calibereurope.com\/#organization\"},\"potentialAction\":[{\"@type\":\"SearchAction\",\"target\":{\"@type\":\"EntryPoint\",\"urlTemplate\":\"https:\/\/b2b.calibereurope.com\/?s={search_term_string}\"},\"query-input\":{\"@type\":\"PropertyValueSpecification\",\"valueRequired\":true,\"valueName\":\"search_term_string\"}}],\"inLanguage\":\"fr-FR\"},{\"@type\":\"Organization\",\"@id\":\"https:\/\/b2b.calibereurope.com\/#organization\",\"name\":\"Caliber Europe B.V.\",\"url\":\"https:\/\/b2b.calibereurope.com\/\",\"logo\":{\"@type\":\"ImageObject\",\"inLanguage\":\"fr-FR\",\"@id\":\"https:\/\/b2b.calibereurope.com\/#\/schema\/logo\/image\/\",\"url\":\"https:\/\/b2b.calibereurope.com\/wp-content\/uploads\/2020\/12\/Caliber_Logo-Black.png\",\"contentUrl\":\"https:\/\/b2b.calibereurope.com\/wp-content\/uploads\/2020\/12\/Caliber_Logo-Black.png\",\"width\":3157,\"height\":356,\"caption\":\"Caliber Europe B.V.\"},\"image\":{\"@id\":\"https:\/\/b2b.calibereurope.com\/#\/schema\/logo\/image\/\"}}]}<\/script>\n<!-- \/ Yoast SEO plugin. -->","yoast_head_json":{"title":"iRing Easy Lock Mount - Bras et support de t\u00e9l\u00e9phone universel - Bras r\u00e9glable - Pince solide - Rotatif - Pour smartphone et tablette - Caliber Europe B.V.","robots":{"index":"noindex","follow":"follow","max-snippet":"max-snippet:-1","max-image-preview":"max-image-preview:large","max-video-preview":"max-video-preview:-1"},"og_locale":"fr_FR","og_type":"article","og_title":"iRing Easy Lock Mount - Bras et support de t\u00e9l\u00e9phone universel - Bras r\u00e9glable - Pince solide - Rotatif - Pour smartphone et tablette - Caliber Europe B.V.","og_description":"Le bras de montage iRing Easy Lock et le support universel pour t\u00e9l\u00e9phone ou tablette sont la solution parfaite pour fixer votre smartphone ou tablette en toute s\u00e9curit\u00e9 et facilit\u00e9. Avec son bras r\u00e9glable et sa pince solide, ce support de t\u00e9l\u00e9phone offre une prise ferme et fiable, vous permettant d&#039;avoir toujours votre appareil \u00e0 [&hellip;]","og_url":"https:\/\/b2b.calibereurope.com\/product\/ir-em-ah-fr_fr\/","og_site_name":"Caliber Europe B.V.","article_modified_time":"2023-09-10T15:39:17+00:00","twitter_card":"summary_large_image","twitter_misc":{"Dur\u00e9e de lecture estim\u00e9e":"2 minutes"},"schema":{"@context":"https:\/\/schema.org","@graph":[{"@type":"WebPage","@id":"https:\/\/b2b.calibereurope.com\/product\/ir-em-ah-fr_fr\/","url":"https:\/\/b2b.calibereurope.com\/product\/ir-em-ah-fr_fr\/","name":"iRing Easy Lock Mount - Bras et support de t\u00e9l\u00e9phone universel - Bras r\u00e9glable - Pince solide - Rotatif - Pour smartphone et tablette - Caliber Europe B.V.","isPartOf":{"@id":"https:\/\/b2b.calibereurope.com\/#website"},"primaryImageOfPage":{"@id":"https:\/\/b2b.calibereurope.com\/product\/ir-em-ah-fr_fr\/#primaryimage"},"image":{"@id":"https:\/\/b2b.calibereurope.com\/product\/ir-em-ah-fr_fr\/#primaryimage"},"thumbnailUrl":"https:\/\/b2b.calibereurope.com\/wp-content\/uploads\/2023\/07\/f5a29bdbdfa8f8ec262aebe58911ca39137ba836_EasyMount_ArmHolder_StandBase.jpg","datePublished":"2023-07-31T00:00:00+00:00","dateModified":"2023-09-10T15:39:17+00:00","breadcrumb":{"@id":"https:\/\/b2b.calibereurope.com\/product\/ir-em-ah-fr_fr\/#breadcrumb"},"inLanguage":"fr-FR","potentialAction":[{"@type":"ReadAction","target":["https:\/\/b2b.calibereurope.com\/product\/ir-em-ah-fr_fr\/"]}]},{"@type":"ImageObject","inLanguage":"fr-FR","@id":"https:\/\/b2b.calibereurope.com\/product\/ir-em-ah-fr_fr\/#primaryimage","url":"https:\/\/b2b.calibereurope.com\/wp-content\/uploads\/2023\/07\/f5a29bdbdfa8f8ec262aebe58911ca39137ba836_EasyMount_ArmHolder_StandBase.jpg","contentUrl":"https:\/\/b2b.calibereurope.com\/wp-content\/uploads\/2023\/07\/f5a29bdbdfa8f8ec262aebe58911ca39137ba836_EasyMount_ArmHolder_StandBase.jpg","width":2500,"height":1876},{"@type":"BreadcrumbList","@id":"https:\/\/b2b.calibereurope.com\/product\/ir-em-ah-fr_fr\/#breadcrumb","itemListElement":[{"@type":"ListItem","position":1,"name":"Home","item":"https:\/\/b2b.calibereurope.com\/fr\/home\/"},{"@type":"ListItem","position":2,"name":"Boutique","item":"https:\/\/b2b.calibereurope.com\/fr\/boutique\/"},{"@type":"ListItem","position":3,"name":"iRing Easy Lock Mount &#8211; Bras et support de t\u00e9l\u00e9phone universel &#8211; Bras r\u00e9glable &#8211; Pince solide &#8211; Rotatif &#8211; Pour smartphone et tablette"}]},{"@type":"WebSite","@id":"https:\/\/b2b.calibereurope.com\/#website","url":"https:\/\/b2b.calibereurope.com\/","name":"Caliber Europe B.V.","description":"B2B Webshop","publisher":{"@id":"https:\/\/b2b.calibereurope.com\/#organization"},"potentialAction":[{"@type":"SearchAction","target":{"@type":"EntryPoint","urlTemplate":"https:\/\/b2b.calibereurope.com\/?s={search_term_string}"},"query-input":{"@type":"PropertyValueSpecification","valueRequired":true,"valueName":"search_term_string"}}],"inLanguage":"fr-FR"},{"@type":"Organization","@id":"https:\/\/b2b.calibereurope.com\/#organization","name":"Caliber Europe B.V.","url":"https:\/\/b2b.calibereurope.com\/","logo":{"@type":"ImageObject","inLanguage":"fr-FR","@id":"https:\/\/b2b.calibereurope.com\/#\/schema\/logo\/image\/","url":"https:\/\/b2b.calibereurope.com\/wp-content\/uploads\/2020\/12\/Caliber_Logo-Black.png","contentUrl":"https:\/\/b2b.calibereurope.com\/wp-content\/uploads\/2020\/12\/Caliber_Logo-Black.png","width":3157,"height":356,"caption":"Caliber Europe B.V."},"image":{"@id":"https:\/\/b2b.calibereurope.com\/#\/schema\/logo\/image\/"}}]}},"_links":{"self":[{"href":"https:\/\/b2b.calibereurope.com\/fr\/wp-json\/wp\/v2\/product\/830266","targetHints":{"allow":["GET"]}}],"collection":[{"href":"https:\/\/b2b.calibereurope.com\/fr\/wp-json\/wp\/v2\/product"}],"about":[{"href":"https:\/\/b2b.calibereurope.com\/fr\/wp-json\/wp\/v2\/types\/product"}],"version-history":[{"count":0,"href":"https:\/\/b2b.calibereurope.com\/fr\/wp-json\/wp\/v2\/product\/830266\/revisions"}],"wp:featuredmedia":[{"embeddable":true,"href":"https:\/\/b2b.calibereurope.com\/fr\/wp-json\/wp\/v2\/media\/830270"}],"wp:attachment":[{"href":"https:\/\/b2b.calibereurope.com\/fr\/wp-json\/wp\/v2\/media?parent=830266"}],"wp:term":[{"taxonomy":"product_brand","embeddable":true,"href":"https:\/\/b2b.calibereurope.com\/fr\/wp-json\/wp\/v2\/product_brand?post=830266"},{"taxonomy":"product_cat","embeddable":true,"href":"https:\/\/b2b.calibereurope.com\/fr\/wp-json\/wp\/v2\/product_cat?post=830266"},{"taxonomy":"product_tag","embeddable":true,"href":"https:\/\/b2b.calibereurope.com\/fr\/wp-json\/wp\/v2\/product_tag?post=830266"}],"curies":[{"name":"wp","href":"https:\/\/api.w.org\/{rel}","templated":true}]}}