{"id":841795,"date":"2026-04-16T02:00:00","date_gmt":"2026-04-16T00:00:00","guid":{"rendered":"0"},"modified":"2026-04-30T11:55:14","modified_gmt":"2026-04-30T09:55:14","slug":"RMD058-fr_FR","status":"publish","type":"product","link":"https:\/\/b2b.calibereurope.com\/fr\/produit\/RMD058-fr_FR\/","title":{"rendered":"Autoradio avec Bluetooth &#8211; Autoradio avec USB, SD, AUX, FM &#8211; 1 DIN &#8211; Appels mains libres &#8211; Port de chargement USB &#8211; 4 x 100 Watt (RMD058)"},"content":{"rendered":"<p>L&#39;autoradio <b>Caliber RMD058<\/b> avec <b>Bluetooth<\/b> offre tout ce dont vous avez besoin pour des trajets agr\u00e9ables. Souvent seul dans la voiture ? Pas de probl\u00e8me ! Connectez simplement votre t\u00e9l\u00e9phone via Bluetooth et passez des <b>appels mains libres<\/b> pour discuter avec des amis ou des coll\u00e8gues. Chanter seul ou ensemble avec les hits ? S\u00e9lectionnez votre <b>station de radio FM<\/b> pr\u00e9f\u00e9r\u00e9e et faites travailler vos cordes vocales. Et pour couronner le tout, profitez d&#39;une ambiance personnalisable en r\u00e9glant <b>l&#39;\u00e9clairage en diff\u00e9rentes couleurs<\/b>. <b>La technologie Bluetooth, les ports USB, AUX et SD<\/b> offrent des options suppl\u00e9mentaires pour \u00e9couter vos morceaux pr\u00e9f\u00e9r\u00e9s en d\u00e9placement.<br \/><b><br \/>Caract\u00e9ristiques : <\/b><br \/>\u2022 Technologie Bluetooth <br \/>\u2022 \u00c9clairage des touches personnalisable <br \/>\u2022 FM avec RDS-EON<br \/>\u2022 4 x 100 WATT <br \/>\u2022 Options de lecture AUX, USB et SD (jusqu&#39;\u00e0 32 Go)<br \/>\u2022 Lecture MP3<br \/>\u2022 ID3-Tag<br \/>\u2022 Appels mains libres<br \/>\u2022 Streaming audio A2DP + AVRCP <br \/>\u2022 Panneau fixe <br \/>\u2022 Connecteur ISO <br \/>\u2022 Format standard 1 DIN <br \/>\u2022 Profondeur d&#39;installation de 90 mm<br \/>\u2022 Microphone externe<br \/>\u2022 2 paires de sorties RCA<\/p>\n<h3>Adapt\u00e9 \u00e0 votre style<\/h3>\n<p>Les diff\u00e9rentes fa\u00e7ons de connecter votre musique pr\u00e9f\u00e9r\u00e9e garantissent que chaque trajet en voiture est une f\u00eate. La technologie Bluetooth de cet autoradio permet de connecter facilement votre smartphone. En plus de nombreuses autres options comme FM, USB, SD et AUX, cette radio peut \u00e9galement \u00eatre enti\u00e8rement personnalis\u00e9e selon votre style ! Vous pouvez facilement ajuster la couleur de l&#39;\u00e9clairage.<\/p>\n<h3>Appels mains libres<\/h3>\n<p>En outre, cet autoradio Bluetooth sert \u00e9galement de kit mains libres gr\u00e2ce au microphone int\u00e9gr\u00e9. Cela vous permet de passer des appels mains libres sans effort lorsque vous \u00eates en d\u00e9placement. Avec la connexion Bluetooth stable, vous n&#39;avez plus jamais \u00e0 vous soucier de manquer un appel. Passez des appels t\u00e9l\u00e9phoniques sans fin en toute s\u00e9curit\u00e9 et facilement avec des coll\u00e8gues, des amis ou la famille !<\/p>\n<h3>Profitez de Bluetooth<\/h3>\n<p>La technologie Bluetooth de cet autoradio permet de connecter facilement votre smartphone. Vous \u00eates ainsi toujours connect\u00e9 \u00e0 votre musique et \u00e0 vos podcasts pr\u00e9f\u00e9r\u00e9s. De plus, vous pouvez utiliser l&#39;autoradio Bluetooth comme kit mains libres gr\u00e2ce au microphone int\u00e9gr\u00e9.<\/p>\n","protected":false},"excerpt":{"rendered":"<p>L&#39;autoradio Caliber RMD058 avec Bluetooth offre tout ce dont vous avez besoin pour des trajets agr\u00e9ables. Souvent seul dans la voiture ? Pas de probl\u00e8me ! Connectez simplement votre t\u00e9l\u00e9phone via Bluetooth et passez des appels mains libres pour discuter avec des amis ou des coll\u00e8gues. Chanter seul ou ensemble avec les hits ? S\u00e9lectionnez [&hellip;]<\/p>\n","protected":false},"featured_media":873431,"template":"","meta":{"_acf_changed":false,"site-sidebar-layout":"default","site-content-layout":"","ast-site-content-layout":"default","site-content-style":"default","site-sidebar-style":"default","ast-global-header-display":"","ast-banner-title-visibility":"","ast-main-header-display":"","ast-hfb-above-header-display":"","ast-hfb-below-header-display":"","ast-hfb-mobile-header-display":"","site-post-title":"","ast-breadcrumbs-content":"","ast-featured-img":"","footer-sml-layout":"","theme-transparent-header-meta":"","adv-header-id-meta":"","stick-header-meta":"","header-above-stick-meta":"","header-main-stick-meta":"","header-below-stick-meta":"","astra-migrate-meta-layouts":"default","ast-page-background-enabled":"default","ast-page-background-meta":{"desktop":{"background-color":"","background-image":"","background-repeat":"repeat","background-position":"center center","background-size":"auto","background-attachment":"scroll","background-type":"","background-media":"","overlay-type":"","overlay-color":"","overlay-opacity":"","overlay-gradient":""},"tablet":{"background-color":"","background-image":"","background-repeat":"repeat","background-position":"center center","background-size":"auto","background-attachment":"scroll","background-type":"","background-media":"","overlay-type":"","overlay-color":"","overlay-opacity":"","overlay-gradient":""},"mobile":{"background-color":"","background-image":"","background-repeat":"repeat","background-position":"center center","background-size":"auto","background-attachment":"scroll","background-type":"","background-media":"","overlay-type":"","overlay-color":"","overlay-opacity":"","overlay-gradient":""}},"ast-content-background-meta":{"desktop":{"background-color":"var(--ast-global-color-5)","background-image":"","background-repeat":"repeat","background-position":"center center","background-size":"auto","background-attachment":"scroll","background-type":"","background-media":"","overlay-type":"","overlay-color":"","overlay-opacity":"","overlay-gradient":""},"tablet":{"background-color":"var(--ast-global-color-5)","background-image":"","background-repeat":"repeat","background-position":"center center","background-size":"auto","background-attachment":"scroll","background-type":"","background-media":"","overlay-type":"","overlay-color":"","overlay-opacity":"","overlay-gradient":""},"mobile":{"background-color":"var(--ast-global-color-5)","background-image":"","background-repeat":"repeat","background-position":"center center","background-size":"auto","background-attachment":"scroll","background-type":"","background-media":"","overlay-type":"","overlay-color":"","overlay-opacity":"","overlay-gradient":""}}},"product_brand":[],"product_cat":[12170,12138],"product_tag":[],"class_list":{"0":"post-841795","1":"product","2":"type-product","3":"status-publish","4":"has-post-thumbnail","6":"product_cat-radios_auto_fr_fr","7":"product_cat-auto_fr_fr","8":"desktop-align-center","9":"tablet-align-center","10":"mobile-align-center","11":"ast-product-gallery-layout-horizontal","12":"ast-product-gallery-with-no-image","13":"ast-product-tabs-layout-horizontal","15":"first","16":"instock","17":"taxable","18":"shipping-taxable","19":"purchasable","20":"product-type-simple"},"acf":[],"yoast_head":"<!-- This site is optimized with the Yoast SEO plugin v26.5 - https:\/\/yoast.com\/wordpress\/plugins\/seo\/ -->\n<title>Autoradio avec Bluetooth - Autoradio avec USB, SD, AUX, FM - 1 DIN - Appels mains libres - Port de chargement USB - 4 x 100 Watt (RMD058) - Caliber Europe B.V.<\/title>\n<meta name=\"robots\" content=\"noindex, follow, max-snippet:-1, max-image-preview:large, max-video-preview:-1\" \/>\n<meta property=\"og:locale\" content=\"fr_FR\" \/>\n<meta property=\"og:type\" content=\"article\" \/>\n<meta property=\"og:title\" content=\"Autoradio avec Bluetooth - Autoradio avec USB, SD, AUX, FM - 1 DIN - Appels mains libres - Port de chargement USB - 4 x 100 Watt (RMD058) - Caliber Europe B.V.\" \/>\n<meta property=\"og:description\" content=\"L&#039;autoradio Caliber RMD058 avec Bluetooth offre tout ce dont vous avez besoin pour des trajets agr\u00e9ables. Souvent seul dans la voiture ? Pas de probl\u00e8me ! Connectez simplement votre t\u00e9l\u00e9phone via Bluetooth et passez des appels mains libres pour discuter avec des amis ou des coll\u00e8gues. Chanter seul ou ensemble avec les hits ? S\u00e9lectionnez [&hellip;]\" \/>\n<meta property=\"og:url\" content=\"https:\/\/b2b.calibereurope.com\/?post_type=product&amp;p=841795\" \/>\n<meta property=\"og:site_name\" content=\"Caliber Europe B.V.\" \/>\n<meta property=\"article:modified_time\" content=\"2026-04-30T09:55:14+00:00\" \/>\n<meta name=\"twitter:card\" content=\"summary_large_image\" \/>\n<meta name=\"twitter:label1\" content=\"Dur\u00e9e de lecture estim\u00e9e\" \/>\n\t<meta name=\"twitter:data1\" content=\"2 minutes\" \/>\n<script type=\"application\/ld+json\" class=\"yoast-schema-graph\">{\"@context\":\"https:\/\/schema.org\",\"@graph\":[{\"@type\":\"WebPage\",\"@id\":\"https:\/\/b2b.calibereurope.com\/?post_type=product&p=841795\",\"url\":\"https:\/\/b2b.calibereurope.com\/?post_type=product&p=841795\",\"name\":\"Autoradio avec Bluetooth - Autoradio avec USB, SD, AUX, FM - 1 DIN - Appels mains libres - Port de chargement USB - 4 x 100 Watt (RMD058) - Caliber Europe B.V.\",\"isPartOf\":{\"@id\":\"https:\/\/b2b.calibereurope.com\/#website\"},\"primaryImageOfPage\":{\"@id\":\"https:\/\/b2b.calibereurope.com\/?post_type=product&p=841795#primaryimage\"},\"image\":{\"@id\":\"https:\/\/b2b.calibereurope.com\/?post_type=product&p=841795#primaryimage\"},\"thumbnailUrl\":\"https:\/\/b2b.calibereurope.com\/wp-content\/uploads\/2026\/04\/81024015fc9cd0ca0ab206b82d9bd7ed8c13ef2d_RMD058.png\",\"datePublished\":\"2026-04-16T00:00:00+00:00\",\"dateModified\":\"2026-04-30T09:55:14+00:00\",\"breadcrumb\":{\"@id\":\"https:\/\/b2b.calibereurope.com\/?post_type=product&p=841795#breadcrumb\"},\"inLanguage\":\"fr-FR\",\"potentialAction\":[{\"@type\":\"ReadAction\",\"target\":[\"https:\/\/b2b.calibereurope.com\/?post_type=product&p=841795\"]}]},{\"@type\":\"ImageObject\",\"inLanguage\":\"fr-FR\",\"@id\":\"https:\/\/b2b.calibereurope.com\/?post_type=product&p=841795#primaryimage\",\"url\":\"https:\/\/b2b.calibereurope.com\/wp-content\/uploads\/2026\/04\/81024015fc9cd0ca0ab206b82d9bd7ed8c13ef2d_RMD058.png\",\"contentUrl\":\"https:\/\/b2b.calibereurope.com\/wp-content\/uploads\/2026\/04\/81024015fc9cd0ca0ab206b82d9bd7ed8c13ef2d_RMD058.png\",\"width\":2500,\"height\":2499},{\"@type\":\"BreadcrumbList\",\"@id\":\"https:\/\/b2b.calibereurope.com\/?post_type=product&p=841795#breadcrumb\",\"itemListElement\":[{\"@type\":\"ListItem\",\"position\":1,\"name\":\"Home\",\"item\":\"https:\/\/b2b.calibereurope.com\/fr\/home\/\"},{\"@type\":\"ListItem\",\"position\":2,\"name\":\"Boutique\",\"item\":\"https:\/\/b2b.calibereurope.com\/fr\/boutique\/\"},{\"@type\":\"ListItem\",\"position\":3,\"name\":\"RMD058\"}]},{\"@type\":\"WebSite\",\"@id\":\"https:\/\/b2b.calibereurope.com\/#website\",\"url\":\"https:\/\/b2b.calibereurope.com\/\",\"name\":\"Caliber Europe B.V.\",\"description\":\"B2B Webshop\",\"publisher\":{\"@id\":\"https:\/\/b2b.calibereurope.com\/#organization\"},\"potentialAction\":[{\"@type\":\"SearchAction\",\"target\":{\"@type\":\"EntryPoint\",\"urlTemplate\":\"https:\/\/b2b.calibereurope.com\/?s={search_term_string}\"},\"query-input\":{\"@type\":\"PropertyValueSpecification\",\"valueRequired\":true,\"valueName\":\"search_term_string\"}}],\"inLanguage\":\"fr-FR\"},{\"@type\":\"Organization\",\"@id\":\"https:\/\/b2b.calibereurope.com\/#organization\",\"name\":\"Caliber Europe B.V.\",\"url\":\"https:\/\/b2b.calibereurope.com\/\",\"logo\":{\"@type\":\"ImageObject\",\"inLanguage\":\"fr-FR\",\"@id\":\"https:\/\/b2b.calibereurope.com\/#\/schema\/logo\/image\/\",\"url\":\"https:\/\/b2b.calibereurope.com\/wp-content\/uploads\/2020\/12\/Caliber_Logo-Black.png\",\"contentUrl\":\"https:\/\/b2b.calibereurope.com\/wp-content\/uploads\/2020\/12\/Caliber_Logo-Black.png\",\"width\":3157,\"height\":356,\"caption\":\"Caliber Europe B.V.\"},\"image\":{\"@id\":\"https:\/\/b2b.calibereurope.com\/#\/schema\/logo\/image\/\"}}]}<\/script>\n<!-- \/ Yoast SEO plugin. -->","yoast_head_json":{"title":"Autoradio avec Bluetooth - Autoradio avec USB, SD, AUX, FM - 1 DIN - Appels mains libres - Port de chargement USB - 4 x 100 Watt (RMD058) - Caliber Europe B.V.","robots":{"index":"noindex","follow":"follow","max-snippet":"max-snippet:-1","max-image-preview":"max-image-preview:large","max-video-preview":"max-video-preview:-1"},"og_locale":"fr_FR","og_type":"article","og_title":"Autoradio avec Bluetooth - Autoradio avec USB, SD, AUX, FM - 1 DIN - Appels mains libres - Port de chargement USB - 4 x 100 Watt (RMD058) - Caliber Europe B.V.","og_description":"L&#39;autoradio Caliber RMD058 avec Bluetooth offre tout ce dont vous avez besoin pour des trajets agr\u00e9ables. Souvent seul dans la voiture ? Pas de probl\u00e8me ! Connectez simplement votre t\u00e9l\u00e9phone via Bluetooth et passez des appels mains libres pour discuter avec des amis ou des coll\u00e8gues. Chanter seul ou ensemble avec les hits ? S\u00e9lectionnez [&hellip;]","og_url":"https:\/\/b2b.calibereurope.com\/?post_type=product&p=841795","og_site_name":"Caliber Europe B.V.","article_modified_time":"2026-04-30T09:55:14+00:00","twitter_card":"summary_large_image","twitter_misc":{"Dur\u00e9e de lecture estim\u00e9e":"2 minutes"},"schema":{"@context":"https:\/\/schema.org","@graph":[{"@type":"WebPage","@id":"https:\/\/b2b.calibereurope.com\/?post_type=product&p=841795","url":"https:\/\/b2b.calibereurope.com\/?post_type=product&p=841795","name":"Autoradio avec Bluetooth - Autoradio avec USB, SD, AUX, FM - 1 DIN - Appels mains libres - Port de chargement USB - 4 x 100 Watt (RMD058) - Caliber Europe B.V.","isPartOf":{"@id":"https:\/\/b2b.calibereurope.com\/#website"},"primaryImageOfPage":{"@id":"https:\/\/b2b.calibereurope.com\/?post_type=product&p=841795#primaryimage"},"image":{"@id":"https:\/\/b2b.calibereurope.com\/?post_type=product&p=841795#primaryimage"},"thumbnailUrl":"https:\/\/b2b.calibereurope.com\/wp-content\/uploads\/2026\/04\/81024015fc9cd0ca0ab206b82d9bd7ed8c13ef2d_RMD058.png","datePublished":"2026-04-16T00:00:00+00:00","dateModified":"2026-04-30T09:55:14+00:00","breadcrumb":{"@id":"https:\/\/b2b.calibereurope.com\/?post_type=product&p=841795#breadcrumb"},"inLanguage":"fr-FR","potentialAction":[{"@type":"ReadAction","target":["https:\/\/b2b.calibereurope.com\/?post_type=product&p=841795"]}]},{"@type":"ImageObject","inLanguage":"fr-FR","@id":"https:\/\/b2b.calibereurope.com\/?post_type=product&p=841795#primaryimage","url":"https:\/\/b2b.calibereurope.com\/wp-content\/uploads\/2026\/04\/81024015fc9cd0ca0ab206b82d9bd7ed8c13ef2d_RMD058.png","contentUrl":"https:\/\/b2b.calibereurope.com\/wp-content\/uploads\/2026\/04\/81024015fc9cd0ca0ab206b82d9bd7ed8c13ef2d_RMD058.png","width":2500,"height":2499},{"@type":"BreadcrumbList","@id":"https:\/\/b2b.calibereurope.com\/?post_type=product&p=841795#breadcrumb","itemListElement":[{"@type":"ListItem","position":1,"name":"Home","item":"https:\/\/b2b.calibereurope.com\/fr\/home\/"},{"@type":"ListItem","position":2,"name":"Boutique","item":"https:\/\/b2b.calibereurope.com\/fr\/boutique\/"},{"@type":"ListItem","position":3,"name":"RMD058"}]},{"@type":"WebSite","@id":"https:\/\/b2b.calibereurope.com\/#website","url":"https:\/\/b2b.calibereurope.com\/","name":"Caliber Europe B.V.","description":"B2B Webshop","publisher":{"@id":"https:\/\/b2b.calibereurope.com\/#organization"},"potentialAction":[{"@type":"SearchAction","target":{"@type":"EntryPoint","urlTemplate":"https:\/\/b2b.calibereurope.com\/?s={search_term_string}"},"query-input":{"@type":"PropertyValueSpecification","valueRequired":true,"valueName":"search_term_string"}}],"inLanguage":"fr-FR"},{"@type":"Organization","@id":"https:\/\/b2b.calibereurope.com\/#organization","name":"Caliber Europe B.V.","url":"https:\/\/b2b.calibereurope.com\/","logo":{"@type":"ImageObject","inLanguage":"fr-FR","@id":"https:\/\/b2b.calibereurope.com\/#\/schema\/logo\/image\/","url":"https:\/\/b2b.calibereurope.com\/wp-content\/uploads\/2020\/12\/Caliber_Logo-Black.png","contentUrl":"https:\/\/b2b.calibereurope.com\/wp-content\/uploads\/2020\/12\/Caliber_Logo-Black.png","width":3157,"height":356,"caption":"Caliber Europe B.V."},"image":{"@id":"https:\/\/b2b.calibereurope.com\/#\/schema\/logo\/image\/"}}]}},"_links":{"self":[{"href":"https:\/\/b2b.calibereurope.com\/fr\/wp-json\/wp\/v2\/product\/841795","targetHints":{"allow":["GET"]}}],"collection":[{"href":"https:\/\/b2b.calibereurope.com\/fr\/wp-json\/wp\/v2\/product"}],"about":[{"href":"https:\/\/b2b.calibereurope.com\/fr\/wp-json\/wp\/v2\/types\/product"}],"version-history":[{"count":0,"href":"https:\/\/b2b.calibereurope.com\/fr\/wp-json\/wp\/v2\/product\/841795\/revisions"}],"wp:featuredmedia":[{"embeddable":true,"href":"https:\/\/b2b.calibereurope.com\/fr\/wp-json\/wp\/v2\/media\/873431"}],"wp:attachment":[{"href":"https:\/\/b2b.calibereurope.com\/fr\/wp-json\/wp\/v2\/media?parent=841795"}],"wp:term":[{"taxonomy":"product_brand","embeddable":true,"href":"https:\/\/b2b.calibereurope.com\/fr\/wp-json\/wp\/v2\/product_brand?post=841795"},{"taxonomy":"product_cat","embeddable":true,"href":"https:\/\/b2b.calibereurope.com\/fr\/wp-json\/wp\/v2\/product_cat?post=841795"},{"taxonomy":"product_tag","embeddable":true,"href":"https:\/\/b2b.calibereurope.com\/fr\/wp-json\/wp\/v2\/product_tag?post=841795"}],"curies":[{"name":"wp","href":"https:\/\/api.w.org\/{rel}","templated":true}]}}