{"id":841799,"date":"2026-04-16T02:00:00","date_gmt":"2026-04-16T00:00:00","guid":{"rendered":"0"},"modified":"2026-04-23T17:45:18","modified_gmt":"2026-04-23T15:45:18","slug":"RMD058DAB-fr_FR","status":"publish","type":"product","link":"https:\/\/b2b.calibereurope.com\/fr\/produit\/RMD058DAB-fr_FR\/","title":{"rendered":"Autoradio avec Bluetooth &#8211; DAB &#8211; DAB+ &#8211; Autoradio avec USB, SD, AUX, FM &#8211; 1 DIN &#8211; Appels mains libres &#8211; Port de chargement USB &#8211; 4 x 100 Watt (RMD058DAB)"},"content":{"rendered":"<p>L&#39;autoradio <b>Caliber RMD058DAB<\/b> avec Bluetooth offre tout ce dont vous avez besoin pour des trajets agr\u00e9ables. Souvent seul dans la voiture ? Pas de probl\u00e8me ! Connectez simplement votre t\u00e9l\u00e9phone via Bluetooth et passez des <b>appels mains libres<\/b> pour discuter avec des amis ou des coll\u00e8gues. Chanter seul ou ensemble avec les hits ? S\u00e9lectionnez votre station de radio DAB+ ou <b>FM<\/b> pr\u00e9f\u00e9r\u00e9e et faites travailler vos cordes vocales.&nbsp; mEt pour couronner le tout, profitez d&#39;une ambiance personnalisable en r\u00e9glant <b>l&#39;\u00e9clairage en diff\u00e9rentes couleurs<\/b> et m\u00eame en ajoutant un spectacle lumineux. La <b>technologie Bluetooth, les ports USB, AUX et SD<\/b> offrent des possibilit\u00e9s suppl\u00e9mentaires pour \u00e9couter vos morceaux pr\u00e9f\u00e9r\u00e9s en d\u00e9placement.<\/p>\n<p><b><br \/>Caract\u00e9ristiques : <\/b><br \/>\u2022 Technologie Bluetooth <br \/>\u2022 \u00c9clairage des touches personnalisable + option de spectacle lumineux!<br \/>\u2022 DAB+ &amp; FM avec RDS-EON<br \/>\u2022 4 x 100 WATT <br \/>\u2022 Options de lecture AUX, USB et SD (jusqu&#39;\u00e0 32 Go)<br \/>\u2022 Lecture MP3<br \/>\u2022 ID3-Tag<br \/>\u2022 Appels mains libres<br \/>\u2022 Streaming audio A2DP + AVRCP <br \/>\u2022 Panneau fixe <br \/>\u2022 Antenne active DAB+ incluse <br \/>\u2022 Connecteur ISO <br \/>\u2022 Format standard 1 DIN <br \/>\u2022 Profondeur d&#39;installation de 90 mm<br \/>\u2022 Microphone externe<br \/>\u2022 2 paires de sorties RCA<\/p>\n<h3>Adapt\u00e9 \u00e0 votre style<\/h3>\n<p>En plus des nombreuses options comme DAB+, FM, la technologie Bluetooth, USB, SD et AUX, cette radio peut \u00e9galement \u00eatre enti\u00e8rement personnalis\u00e9e selon votre style ! Vous pouvez facilement ajuster la couleur de l&#39;\u00e9clairage. Vous ne pouvez pas choisir une couleur ? Pas de probl\u00e8me, cette radio dispose \u00e9galement d&#39;une option de spectacle lumineux !<\/p>\n<h3>D\u00e9couvrez le DAB+<\/h3>\n<p>Gr\u00e2ce \u00e0 l&#39;antenne DAB+ incluse avec cet autoradio, vous pouvez \u00e9couter la radio FM et DAB+. Le DAB+ est g\u00e9nial car il offre des diffusions radio num\u00e9riques avec un son clair et un large choix de stations, sans bruit ni interf\u00e9rences. Il offre \u00e9galement des fonctionnalit\u00e9s suppl\u00e9mentaires comme des informations textuelles et la possibilit\u00e9 de changer facilement de station. De plus, le DAB+ utilise les fr\u00e9quences de mani\u00e8re plus efficace, permettant la diffusion de plus de stations et \u00e9tant moins sensible aux interf\u00e9rences.<\/p>\n<h3>Appels mains libres<\/h3>\n<p>Cet autoradio Bluetooth sert \u00e9galement de kit mains libres gr\u00e2ce au microphone int\u00e9gr\u00e9. Cela vous permet de passer facilement des appels mains libres lorsque vous \u00eates en d\u00e9placement. Avec la connexion Bluetooth stable, vous n&#39;aurez plus jamais \u00e0 craindre de manquer un appel. Passez des appels t\u00e9l\u00e9phoniques sans fin en toute s\u00e9curit\u00e9 et facilement avec des coll\u00e8gues, des amis ou la famille !<\/p>\n","protected":false},"excerpt":{"rendered":"<p>L&#39;autoradio Caliber RMD058DAB avec Bluetooth offre tout ce dont vous avez besoin pour des trajets agr\u00e9ables. Souvent seul dans la voiture ? Pas de probl\u00e8me ! Connectez simplement votre t\u00e9l\u00e9phone via Bluetooth et passez des appels mains libres pour discuter avec des amis ou des coll\u00e8gues. Chanter seul ou ensemble avec les hits ? S\u00e9lectionnez [&hellip;]<\/p>\n","protected":false},"featured_media":873448,"template":"","meta":{"_acf_changed":false,"site-sidebar-layout":"default","site-content-layout":"","ast-site-content-layout":"default","site-content-style":"default","site-sidebar-style":"default","ast-global-header-display":"","ast-banner-title-visibility":"","ast-main-header-display":"","ast-hfb-above-header-display":"","ast-hfb-below-header-display":"","ast-hfb-mobile-header-display":"","site-post-title":"","ast-breadcrumbs-content":"","ast-featured-img":"","footer-sml-layout":"","theme-transparent-header-meta":"","adv-header-id-meta":"","stick-header-meta":"","header-above-stick-meta":"","header-main-stick-meta":"","header-below-stick-meta":"","astra-migrate-meta-layouts":"default","ast-page-background-enabled":"default","ast-page-background-meta":{"desktop":{"background-color":"","background-image":"","background-repeat":"repeat","background-position":"center center","background-size":"auto","background-attachment":"scroll","background-type":"","background-media":"","overlay-type":"","overlay-color":"","overlay-opacity":"","overlay-gradient":""},"tablet":{"background-color":"","background-image":"","background-repeat":"repeat","background-position":"center center","background-size":"auto","background-attachment":"scroll","background-type":"","background-media":"","overlay-type":"","overlay-color":"","overlay-opacity":"","overlay-gradient":""},"mobile":{"background-color":"","background-image":"","background-repeat":"repeat","background-position":"center center","background-size":"auto","background-attachment":"scroll","background-type":"","background-media":"","overlay-type":"","overlay-color":"","overlay-opacity":"","overlay-gradient":""}},"ast-content-background-meta":{"desktop":{"background-color":"var(--ast-global-color-5)","background-image":"","background-repeat":"repeat","background-position":"center center","background-size":"auto","background-attachment":"scroll","background-type":"","background-media":"","overlay-type":"","overlay-color":"","overlay-opacity":"","overlay-gradient":""},"tablet":{"background-color":"var(--ast-global-color-5)","background-image":"","background-repeat":"repeat","background-position":"center center","background-size":"auto","background-attachment":"scroll","background-type":"","background-media":"","overlay-type":"","overlay-color":"","overlay-opacity":"","overlay-gradient":""},"mobile":{"background-color":"var(--ast-global-color-5)","background-image":"","background-repeat":"repeat","background-position":"center center","background-size":"auto","background-attachment":"scroll","background-type":"","background-media":"","overlay-type":"","overlay-color":"","overlay-opacity":"","overlay-gradient":""}}},"product_brand":[],"product_cat":[12170,12138],"product_tag":[],"class_list":{"0":"post-841799","1":"product","2":"type-product","3":"status-publish","4":"has-post-thumbnail","6":"product_cat-radios_auto_fr_fr","7":"product_cat-auto_fr_fr","8":"desktop-align-center","9":"tablet-align-center","10":"mobile-align-center","11":"ast-product-gallery-layout-horizontal","12":"ast-product-gallery-with-no-image","13":"ast-product-tabs-layout-horizontal","15":"first","16":"instock","17":"taxable","18":"shipping-taxable","19":"purchasable","20":"product-type-simple"},"acf":[],"yoast_head":"<!-- This site is optimized with the Yoast SEO plugin v26.5 - https:\/\/yoast.com\/wordpress\/plugins\/seo\/ -->\n<title>Autoradio avec Bluetooth - DAB - DAB+ - Autoradio avec USB, SD, AUX, FM - 1 DIN - Appels mains libres - Port de chargement USB - 4 x 100 Watt (RMD058DAB) - Caliber Europe B.V.<\/title>\n<meta name=\"robots\" content=\"noindex, follow, max-snippet:-1, max-image-preview:large, max-video-preview:-1\" \/>\n<meta property=\"og:locale\" content=\"fr_FR\" \/>\n<meta property=\"og:type\" content=\"article\" \/>\n<meta property=\"og:title\" content=\"Autoradio avec Bluetooth - DAB - DAB+ - Autoradio avec USB, SD, AUX, FM - 1 DIN - Appels mains libres - Port de chargement USB - 4 x 100 Watt (RMD058DAB) - Caliber Europe B.V.\" \/>\n<meta property=\"og:description\" content=\"L&#039;autoradio Caliber RMD058DAB avec Bluetooth offre tout ce dont vous avez besoin pour des trajets agr\u00e9ables. Souvent seul dans la voiture ? Pas de probl\u00e8me ! Connectez simplement votre t\u00e9l\u00e9phone via Bluetooth et passez des appels mains libres pour discuter avec des amis ou des coll\u00e8gues. Chanter seul ou ensemble avec les hits ? S\u00e9lectionnez [&hellip;]\" \/>\n<meta property=\"og:url\" content=\"https:\/\/b2b.calibereurope.com\/?post_type=product&amp;p=841799\" \/>\n<meta property=\"og:site_name\" content=\"Caliber Europe B.V.\" \/>\n<meta property=\"article:modified_time\" content=\"2026-04-23T15:45:18+00:00\" \/>\n<meta name=\"twitter:card\" content=\"summary_large_image\" \/>\n<meta name=\"twitter:label1\" content=\"Dur\u00e9e de lecture estim\u00e9e\" \/>\n\t<meta name=\"twitter:data1\" content=\"2 minutes\" \/>\n<script type=\"application\/ld+json\" class=\"yoast-schema-graph\">{\"@context\":\"https:\/\/schema.org\",\"@graph\":[{\"@type\":\"WebPage\",\"@id\":\"https:\/\/b2b.calibereurope.com\/?post_type=product&p=841799\",\"url\":\"https:\/\/b2b.calibereurope.com\/?post_type=product&p=841799\",\"name\":\"Autoradio avec Bluetooth - DAB - DAB+ - Autoradio avec USB, SD, AUX, FM - 1 DIN - Appels mains libres - Port de chargement USB - 4 x 100 Watt (RMD058DAB) - Caliber Europe B.V.\",\"isPartOf\":{\"@id\":\"https:\/\/b2b.calibereurope.com\/#website\"},\"primaryImageOfPage\":{\"@id\":\"https:\/\/b2b.calibereurope.com\/?post_type=product&p=841799#primaryimage\"},\"image\":{\"@id\":\"https:\/\/b2b.calibereurope.com\/?post_type=product&p=841799#primaryimage\"},\"thumbnailUrl\":\"https:\/\/b2b.calibereurope.com\/wp-content\/uploads\/2026\/04\/0130ea92a79dc0696c8ecfd1786e78f6b128875c_RMD058DAB-4.png\",\"datePublished\":\"2026-04-16T00:00:00+00:00\",\"dateModified\":\"2026-04-23T15:45:18+00:00\",\"breadcrumb\":{\"@id\":\"https:\/\/b2b.calibereurope.com\/?post_type=product&p=841799#breadcrumb\"},\"inLanguage\":\"fr-FR\",\"potentialAction\":[{\"@type\":\"ReadAction\",\"target\":[\"https:\/\/b2b.calibereurope.com\/?post_type=product&p=841799\"]}]},{\"@type\":\"ImageObject\",\"inLanguage\":\"fr-FR\",\"@id\":\"https:\/\/b2b.calibereurope.com\/?post_type=product&p=841799#primaryimage\",\"url\":\"https:\/\/b2b.calibereurope.com\/wp-content\/uploads\/2026\/04\/0130ea92a79dc0696c8ecfd1786e78f6b128875c_RMD058DAB-4.png\",\"contentUrl\":\"https:\/\/b2b.calibereurope.com\/wp-content\/uploads\/2026\/04\/0130ea92a79dc0696c8ecfd1786e78f6b128875c_RMD058DAB-4.png\",\"width\":2500,\"height\":2500},{\"@type\":\"BreadcrumbList\",\"@id\":\"https:\/\/b2b.calibereurope.com\/?post_type=product&p=841799#breadcrumb\",\"itemListElement\":[{\"@type\":\"ListItem\",\"position\":1,\"name\":\"Home\",\"item\":\"https:\/\/b2b.calibereurope.com\/fr\/home\/\"},{\"@type\":\"ListItem\",\"position\":2,\"name\":\"Boutique\",\"item\":\"https:\/\/b2b.calibereurope.com\/fr\/boutique\/\"},{\"@type\":\"ListItem\",\"position\":3,\"name\":\"RMD058DAB\"}]},{\"@type\":\"WebSite\",\"@id\":\"https:\/\/b2b.calibereurope.com\/#website\",\"url\":\"https:\/\/b2b.calibereurope.com\/\",\"name\":\"Caliber Europe B.V.\",\"description\":\"B2B Webshop\",\"publisher\":{\"@id\":\"https:\/\/b2b.calibereurope.com\/#organization\"},\"potentialAction\":[{\"@type\":\"SearchAction\",\"target\":{\"@type\":\"EntryPoint\",\"urlTemplate\":\"https:\/\/b2b.calibereurope.com\/?s={search_term_string}\"},\"query-input\":{\"@type\":\"PropertyValueSpecification\",\"valueRequired\":true,\"valueName\":\"search_term_string\"}}],\"inLanguage\":\"fr-FR\"},{\"@type\":\"Organization\",\"@id\":\"https:\/\/b2b.calibereurope.com\/#organization\",\"name\":\"Caliber Europe B.V.\",\"url\":\"https:\/\/b2b.calibereurope.com\/\",\"logo\":{\"@type\":\"ImageObject\",\"inLanguage\":\"fr-FR\",\"@id\":\"https:\/\/b2b.calibereurope.com\/#\/schema\/logo\/image\/\",\"url\":\"https:\/\/b2b.calibereurope.com\/wp-content\/uploads\/2020\/12\/Caliber_Logo-Black.png\",\"contentUrl\":\"https:\/\/b2b.calibereurope.com\/wp-content\/uploads\/2020\/12\/Caliber_Logo-Black.png\",\"width\":3157,\"height\":356,\"caption\":\"Caliber Europe B.V.\"},\"image\":{\"@id\":\"https:\/\/b2b.calibereurope.com\/#\/schema\/logo\/image\/\"}}]}<\/script>\n<!-- \/ Yoast SEO plugin. -->","yoast_head_json":{"title":"Autoradio avec Bluetooth - DAB - DAB+ - Autoradio avec USB, SD, AUX, FM - 1 DIN - Appels mains libres - Port de chargement USB - 4 x 100 Watt (RMD058DAB) - Caliber Europe B.V.","robots":{"index":"noindex","follow":"follow","max-snippet":"max-snippet:-1","max-image-preview":"max-image-preview:large","max-video-preview":"max-video-preview:-1"},"og_locale":"fr_FR","og_type":"article","og_title":"Autoradio avec Bluetooth - DAB - DAB+ - Autoradio avec USB, SD, AUX, FM - 1 DIN - Appels mains libres - Port de chargement USB - 4 x 100 Watt (RMD058DAB) - Caliber Europe B.V.","og_description":"L&#39;autoradio Caliber RMD058DAB avec Bluetooth offre tout ce dont vous avez besoin pour des trajets agr\u00e9ables. Souvent seul dans la voiture ? Pas de probl\u00e8me ! Connectez simplement votre t\u00e9l\u00e9phone via Bluetooth et passez des appels mains libres pour discuter avec des amis ou des coll\u00e8gues. Chanter seul ou ensemble avec les hits ? S\u00e9lectionnez [&hellip;]","og_url":"https:\/\/b2b.calibereurope.com\/?post_type=product&p=841799","og_site_name":"Caliber Europe B.V.","article_modified_time":"2026-04-23T15:45:18+00:00","twitter_card":"summary_large_image","twitter_misc":{"Dur\u00e9e de lecture estim\u00e9e":"2 minutes"},"schema":{"@context":"https:\/\/schema.org","@graph":[{"@type":"WebPage","@id":"https:\/\/b2b.calibereurope.com\/?post_type=product&p=841799","url":"https:\/\/b2b.calibereurope.com\/?post_type=product&p=841799","name":"Autoradio avec Bluetooth - DAB - DAB+ - Autoradio avec USB, SD, AUX, FM - 1 DIN - Appels mains libres - Port de chargement USB - 4 x 100 Watt (RMD058DAB) - Caliber Europe B.V.","isPartOf":{"@id":"https:\/\/b2b.calibereurope.com\/#website"},"primaryImageOfPage":{"@id":"https:\/\/b2b.calibereurope.com\/?post_type=product&p=841799#primaryimage"},"image":{"@id":"https:\/\/b2b.calibereurope.com\/?post_type=product&p=841799#primaryimage"},"thumbnailUrl":"https:\/\/b2b.calibereurope.com\/wp-content\/uploads\/2026\/04\/0130ea92a79dc0696c8ecfd1786e78f6b128875c_RMD058DAB-4.png","datePublished":"2026-04-16T00:00:00+00:00","dateModified":"2026-04-23T15:45:18+00:00","breadcrumb":{"@id":"https:\/\/b2b.calibereurope.com\/?post_type=product&p=841799#breadcrumb"},"inLanguage":"fr-FR","potentialAction":[{"@type":"ReadAction","target":["https:\/\/b2b.calibereurope.com\/?post_type=product&p=841799"]}]},{"@type":"ImageObject","inLanguage":"fr-FR","@id":"https:\/\/b2b.calibereurope.com\/?post_type=product&p=841799#primaryimage","url":"https:\/\/b2b.calibereurope.com\/wp-content\/uploads\/2026\/04\/0130ea92a79dc0696c8ecfd1786e78f6b128875c_RMD058DAB-4.png","contentUrl":"https:\/\/b2b.calibereurope.com\/wp-content\/uploads\/2026\/04\/0130ea92a79dc0696c8ecfd1786e78f6b128875c_RMD058DAB-4.png","width":2500,"height":2500},{"@type":"BreadcrumbList","@id":"https:\/\/b2b.calibereurope.com\/?post_type=product&p=841799#breadcrumb","itemListElement":[{"@type":"ListItem","position":1,"name":"Home","item":"https:\/\/b2b.calibereurope.com\/fr\/home\/"},{"@type":"ListItem","position":2,"name":"Boutique","item":"https:\/\/b2b.calibereurope.com\/fr\/boutique\/"},{"@type":"ListItem","position":3,"name":"RMD058DAB"}]},{"@type":"WebSite","@id":"https:\/\/b2b.calibereurope.com\/#website","url":"https:\/\/b2b.calibereurope.com\/","name":"Caliber Europe B.V.","description":"B2B Webshop","publisher":{"@id":"https:\/\/b2b.calibereurope.com\/#organization"},"potentialAction":[{"@type":"SearchAction","target":{"@type":"EntryPoint","urlTemplate":"https:\/\/b2b.calibereurope.com\/?s={search_term_string}"},"query-input":{"@type":"PropertyValueSpecification","valueRequired":true,"valueName":"search_term_string"}}],"inLanguage":"fr-FR"},{"@type":"Organization","@id":"https:\/\/b2b.calibereurope.com\/#organization","name":"Caliber Europe B.V.","url":"https:\/\/b2b.calibereurope.com\/","logo":{"@type":"ImageObject","inLanguage":"fr-FR","@id":"https:\/\/b2b.calibereurope.com\/#\/schema\/logo\/image\/","url":"https:\/\/b2b.calibereurope.com\/wp-content\/uploads\/2020\/12\/Caliber_Logo-Black.png","contentUrl":"https:\/\/b2b.calibereurope.com\/wp-content\/uploads\/2020\/12\/Caliber_Logo-Black.png","width":3157,"height":356,"caption":"Caliber Europe B.V."},"image":{"@id":"https:\/\/b2b.calibereurope.com\/#\/schema\/logo\/image\/"}}]}},"_links":{"self":[{"href":"https:\/\/b2b.calibereurope.com\/fr\/wp-json\/wp\/v2\/product\/841799","targetHints":{"allow":["GET"]}}],"collection":[{"href":"https:\/\/b2b.calibereurope.com\/fr\/wp-json\/wp\/v2\/product"}],"about":[{"href":"https:\/\/b2b.calibereurope.com\/fr\/wp-json\/wp\/v2\/types\/product"}],"version-history":[{"count":0,"href":"https:\/\/b2b.calibereurope.com\/fr\/wp-json\/wp\/v2\/product\/841799\/revisions"}],"wp:featuredmedia":[{"embeddable":true,"href":"https:\/\/b2b.calibereurope.com\/fr\/wp-json\/wp\/v2\/media\/873448"}],"wp:attachment":[{"href":"https:\/\/b2b.calibereurope.com\/fr\/wp-json\/wp\/v2\/media?parent=841799"}],"wp:term":[{"taxonomy":"product_brand","embeddable":true,"href":"https:\/\/b2b.calibereurope.com\/fr\/wp-json\/wp\/v2\/product_brand?post=841799"},{"taxonomy":"product_cat","embeddable":true,"href":"https:\/\/b2b.calibereurope.com\/fr\/wp-json\/wp\/v2\/product_cat?post=841799"},{"taxonomy":"product_tag","embeddable":true,"href":"https:\/\/b2b.calibereurope.com\/fr\/wp-json\/wp\/v2\/product_tag?post=841799"}],"curies":[{"name":"wp","href":"https:\/\/api.w.org\/{rel}","templated":true}]}}