{"id":853018,"date":"2025-12-04T01:00:00","date_gmt":"2025-12-04T00:00:00","guid":{"rendered":"0"},"modified":"2026-02-16T09:16:40","modified_gmt":"2026-02-16T08:16:40","slug":"RMD404DAB-fr_FR","status":"publish","type":"product","link":"https:\/\/b2b.calibereurope.com\/fr\/produit\/RMD404DAB-fr_FR\/","title":{"rendered":"Autoradio avec Bluetooth, USB, AUX &#8211; \u00c9cran de 4 pouces &#8211; Connexion de la cam\u00e9ra invers\u00e9e &#8211; USB suppl\u00e9mentaire (RMD404DAB -BT)"},"content":{"rendered":"<p> Profitez de votre musique pr\u00e9f\u00e9r\u00e9e lors de chaque trajet en voiture avec le Caliber RMD404DAB-BT AGRADIE avec <strong> Bluetooth, DAB + et <\/strong> <strong> Connexion USB <\/strong>. Vous pouvez \u00e9galement utiliser <strong> Aux <\/strong> et <strong> sd <\/strong>. De cette fa\u00e7on, vous avez toujours la possibilit\u00e9 de jouer audio sur le chemin. Vous pouvez facilement contr\u00f4ler le son via le <strong> \u00e9cran de 4 pouces <\/strong>. \u00c0 l&#39;\u00e9cran, il est \u00e9galement possible de lire des vid\u00e9os via <strong> mp4 <\/strong>. Souhaitez-vous vous garer en toute s\u00e9curit\u00e9 en arri\u00e8re? Ensuite, vous pouvez m\u00eame connecter l&#39;\u00e9cran \u00e0 une cam\u00e9ra d&#39;inversion <\/strong>. De cette fa\u00e7on, vous voyez toujours ce que vous vous passerez derri\u00e8re vous. <\/p>\n<p> <strong> Propri\u00e9t\u00e9s: <\/strong> <\/p>\n<ul>\n<li> dab + et fm-radio\n<li> Micro SD, USB, Aux et Bluetooth <Li > Peut \u00eatre connect\u00e9 \u00e0 l&#39;inversion de la cam\u00e9ra\n<li> avec t\u00e9l\u00e9commande et microphone\n<li> 7 couleurs d&#39;\u00e9clairage diff\u00e9rentes\n<li> \u00c9cran de 4 pouces\n<li> Connecteur ISO\n<li> 4 bandes EQ param\u00e8tres\n<li> Extra USB-a Sortie pour la charge\n<li> Convient pour les vid\u00e9os MP4 <\/li>\n<\/ul>\n<h3> toujours connect\u00e9s <\/h3>\n<p> Cette autoradio avec Bluetooth vous permet toujours de connecter votre t\u00e9l\u00e9phone \u00e0 la radio. Reliez simplement votre smartphone via Bluetooth et \u00e9coutez vos listes Spotify pr\u00e9f\u00e9r\u00e9es ou apprenez de nouvelles choses en route en configurant un podcast. Bien s\u00fbr, vous pouvez \u00e9galement connecter votre t\u00e9l\u00e9phone via AUX ou USB. Pr\u00e9f\u00e9rez-vous \u00e9couter la radio? Ensuite, utilisez la radio DAB + ou FM pour vous rendre au travail tous les matins avec vos DJ radio pr\u00e9f\u00e9r\u00e9s ou vos mises \u00e0 jour de nouvelles en arri\u00e8re-plan. <\/p>\n<h3> Regardez des vid\u00e9os et des vid\u00e9os <\/h3>\n<p> L&#39;autoradio avec USB et Bluetooth a \u00e9galement un \u00e9cran de 4 pouces. Vous pouvez lire des vid\u00e9os et des vid\u00e9os \u00e0 l&#39;\u00e9cran. Ceci est parfait lorsque votre coditeur commence \u00e0 s&#39;ennuyer pendant un long trajet. Vous pr\u00e9f\u00e9rez une s\u00e9curit\u00e9 suppl\u00e9mentaire sur la route? Ensuite, vous pouvez connecter l&#39;\u00e9cran de la radio \u00e0 une cam\u00e9ra de revers. De cette fa\u00e7on, vous voyez toujours ce qui se passe autour de vous. <\/p>\n<h3> Le meilleur son <\/h3>\n<p> dissuadez-vous le petit son radio? Ensuite, cette radio offre une solution. Vous appr\u00e9ciez une qualit\u00e9 sonore \u00e9lev\u00e9e et vous pouvez vous d\u00e9finir si vous voulez plus de basse en \u00e9coutant. M\u00eame si vous avez souvent des conversations en cours de route, cette radio est un bon choix. Avec le microphone externe, vous avez des conversations cristallines. De cette fa\u00e7on, vous pouvez m\u00eame \u00eatre compr\u00e9hensible lorsque vous \u00eates sur une route tr\u00e8s fr\u00e9quent\u00e9e. <\/p>\n<p> <strong> <br \/> inclus: <\/strong> <\/p>\n<ul>\n<li> Caliber RMD404DAB-BT\n<li> Remote Control\n<li> Microphone<br \/>\n","protected":false},"excerpt":{"rendered":"<p>Profitez de votre musique pr\u00e9f\u00e9r\u00e9e lors de chaque trajet en voiture avec le Caliber RMD404DAB-BT AGRADIE avec Bluetooth, DAB + et Connexion USB . Vous pouvez \u00e9galement utiliser Aux et sd . De cette fa\u00e7on, vous avez toujours la possibilit\u00e9 de jouer audio sur le chemin. Vous pouvez facilement contr\u00f4ler le son via le \u00e9cran [&hellip;]<\/p>\n","protected":false},"featured_media":866081,"template":"","meta":{"_acf_changed":false,"site-sidebar-layout":"default","site-content-layout":"","ast-site-content-layout":"default","site-content-style":"default","site-sidebar-style":"default","ast-global-header-display":"","ast-banner-title-visibility":"","ast-main-header-display":"","ast-hfb-above-header-display":"","ast-hfb-below-header-display":"","ast-hfb-mobile-header-display":"","site-post-title":"","ast-breadcrumbs-content":"","ast-featured-img":"","footer-sml-layout":"","theme-transparent-header-meta":"","adv-header-id-meta":"","stick-header-meta":"","header-above-stick-meta":"","header-main-stick-meta":"","header-below-stick-meta":"","astra-migrate-meta-layouts":"default","ast-page-background-enabled":"default","ast-page-background-meta":{"desktop":{"background-color":"","background-image":"","background-repeat":"repeat","background-position":"center center","background-size":"auto","background-attachment":"scroll","background-type":"","background-media":"","overlay-type":"","overlay-color":"","overlay-opacity":"","overlay-gradient":""},"tablet":{"background-color":"","background-image":"","background-repeat":"repeat","background-position":"center center","background-size":"auto","background-attachment":"scroll","background-type":"","background-media":"","overlay-type":"","overlay-color":"","overlay-opacity":"","overlay-gradient":""},"mobile":{"background-color":"","background-image":"","background-repeat":"repeat","background-position":"center center","background-size":"auto","background-attachment":"scroll","background-type":"","background-media":"","overlay-type":"","overlay-color":"","overlay-opacity":"","overlay-gradient":""}},"ast-content-background-meta":{"desktop":{"background-color":"var(--ast-global-color-5)","background-image":"","background-repeat":"repeat","background-position":"center center","background-size":"auto","background-attachment":"scroll","background-type":"","background-media":"","overlay-type":"","overlay-color":"","overlay-opacity":"","overlay-gradient":""},"tablet":{"background-color":"var(--ast-global-color-5)","background-image":"","background-repeat":"repeat","background-position":"center center","background-size":"auto","background-attachment":"scroll","background-type":"","background-media":"","overlay-type":"","overlay-color":"","overlay-opacity":"","overlay-gradient":""},"mobile":{"background-color":"var(--ast-global-color-5)","background-image":"","background-repeat":"repeat","background-position":"center center","background-size":"auto","background-attachment":"scroll","background-type":"","background-media":"","overlay-type":"","overlay-color":"","overlay-opacity":"","overlay-gradient":""}}},"product_brand":[],"product_cat":[22955],"product_tag":[],"class_list":{"0":"post-853018","1":"product","2":"type-product","3":"status-publish","4":"has-post-thumbnail","6":"product_cat-pas-de-categorie","7":"desktop-align-center","8":"tablet-align-center","9":"mobile-align-center","10":"ast-product-gallery-layout-horizontal","11":"ast-product-tabs-layout-horizontal","13":"first","14":"instock","15":"taxable","16":"shipping-taxable","17":"purchasable","18":"product-type-simple"},"acf":[],"yoast_head":"<!-- This site is optimized with the Yoast SEO plugin v26.5 - https:\/\/yoast.com\/wordpress\/plugins\/seo\/ -->\n<title>Autoradio avec Bluetooth, USB, AUX - \u00c9cran de 4 pouces - Connexion de la cam\u00e9ra invers\u00e9e - USB suppl\u00e9mentaire (RMD404DAB -BT) - Caliber Europe B.V.<\/title>\n<meta name=\"robots\" content=\"noindex, follow, max-snippet:-1, max-image-preview:large, max-video-preview:-1\" \/>\n<meta property=\"og:locale\" content=\"fr_FR\" \/>\n<meta property=\"og:type\" content=\"article\" \/>\n<meta property=\"og:title\" content=\"Autoradio avec Bluetooth, USB, AUX - \u00c9cran de 4 pouces - Connexion de la cam\u00e9ra invers\u00e9e - USB suppl\u00e9mentaire (RMD404DAB -BT) - Caliber Europe B.V.\" \/>\n<meta property=\"og:description\" content=\"Profitez de votre musique pr\u00e9f\u00e9r\u00e9e lors de chaque trajet en voiture avec le Caliber RMD404DAB-BT AGRADIE avec Bluetooth, DAB + et Connexion USB . Vous pouvez \u00e9galement utiliser Aux et sd . De cette fa\u00e7on, vous avez toujours la possibilit\u00e9 de jouer audio sur le chemin. Vous pouvez facilement contr\u00f4ler le son via le \u00e9cran [&hellip;]\" \/>\n<meta property=\"og:url\" content=\"https:\/\/b2b.calibereurope.com\/product\/rmd404dab-fr_fr\/\" \/>\n<meta property=\"og:site_name\" content=\"Caliber Europe B.V.\" \/>\n<meta property=\"article:modified_time\" content=\"2026-02-16T08:16:40+00:00\" \/>\n<meta name=\"twitter:card\" content=\"summary_large_image\" \/>\n<meta name=\"twitter:label1\" content=\"Dur\u00e9e de lecture estim\u00e9e\" \/>\n\t<meta name=\"twitter:data1\" content=\"2 minutes\" \/>\n<script type=\"application\/ld+json\" class=\"yoast-schema-graph\">{\"@context\":\"https:\/\/schema.org\",\"@graph\":[{\"@type\":\"WebPage\",\"@id\":\"https:\/\/b2b.calibereurope.com\/product\/rmd404dab-fr_fr\/\",\"url\":\"https:\/\/b2b.calibereurope.com\/product\/rmd404dab-fr_fr\/\",\"name\":\"Autoradio avec Bluetooth, USB, AUX - \u00c9cran de 4 pouces - Connexion de la cam\u00e9ra invers\u00e9e - USB suppl\u00e9mentaire (RMD404DAB -BT) - Caliber Europe B.V.\",\"isPartOf\":{\"@id\":\"https:\/\/b2b.calibereurope.com\/#website\"},\"primaryImageOfPage\":{\"@id\":\"https:\/\/b2b.calibereurope.com\/product\/rmd404dab-fr_fr\/#primaryimage\"},\"image\":{\"@id\":\"https:\/\/b2b.calibereurope.com\/product\/rmd404dab-fr_fr\/#primaryimage\"},\"thumbnailUrl\":\"https:\/\/b2b.calibereurope.com\/wp-content\/uploads\/2025\/12\/d6b638af5097620e96a94b23a57c5f898ae89fdf_RMD404DAB_BT-4.jpg\",\"datePublished\":\"2025-12-04T00:00:00+00:00\",\"dateModified\":\"2026-02-16T08:16:40+00:00\",\"breadcrumb\":{\"@id\":\"https:\/\/b2b.calibereurope.com\/product\/rmd404dab-fr_fr\/#breadcrumb\"},\"inLanguage\":\"fr-FR\",\"potentialAction\":[{\"@type\":\"ReadAction\",\"target\":[\"https:\/\/b2b.calibereurope.com\/product\/rmd404dab-fr_fr\/\"]}]},{\"@type\":\"ImageObject\",\"inLanguage\":\"fr-FR\",\"@id\":\"https:\/\/b2b.calibereurope.com\/product\/rmd404dab-fr_fr\/#primaryimage\",\"url\":\"https:\/\/b2b.calibereurope.com\/wp-content\/uploads\/2025\/12\/d6b638af5097620e96a94b23a57c5f898ae89fdf_RMD404DAB_BT-4.jpg\",\"contentUrl\":\"https:\/\/b2b.calibereurope.com\/wp-content\/uploads\/2025\/12\/d6b638af5097620e96a94b23a57c5f898ae89fdf_RMD404DAB_BT-4.jpg\",\"width\":1024,\"height\":768},{\"@type\":\"BreadcrumbList\",\"@id\":\"https:\/\/b2b.calibereurope.com\/product\/rmd404dab-fr_fr\/#breadcrumb\",\"itemListElement\":[{\"@type\":\"ListItem\",\"position\":1,\"name\":\"Home\",\"item\":\"https:\/\/b2b.calibereurope.com\/fr\/home\/\"},{\"@type\":\"ListItem\",\"position\":2,\"name\":\"Boutique\",\"item\":\"https:\/\/b2b.calibereurope.com\/fr\/boutique\/\"},{\"@type\":\"ListItem\",\"position\":3,\"name\":\"Autoradio avec Bluetooth, USB, AUX &#8211; \u00c9cran de 4 pouces &#8211; Connexion de la cam\u00e9ra invers\u00e9e &#8211; USB suppl\u00e9mentaire (RMD404DAB -BT)\"}]},{\"@type\":\"WebSite\",\"@id\":\"https:\/\/b2b.calibereurope.com\/#website\",\"url\":\"https:\/\/b2b.calibereurope.com\/\",\"name\":\"Caliber Europe B.V.\",\"description\":\"B2B Webshop\",\"publisher\":{\"@id\":\"https:\/\/b2b.calibereurope.com\/#organization\"},\"potentialAction\":[{\"@type\":\"SearchAction\",\"target\":{\"@type\":\"EntryPoint\",\"urlTemplate\":\"https:\/\/b2b.calibereurope.com\/?s={search_term_string}\"},\"query-input\":{\"@type\":\"PropertyValueSpecification\",\"valueRequired\":true,\"valueName\":\"search_term_string\"}}],\"inLanguage\":\"fr-FR\"},{\"@type\":\"Organization\",\"@id\":\"https:\/\/b2b.calibereurope.com\/#organization\",\"name\":\"Caliber Europe B.V.\",\"url\":\"https:\/\/b2b.calibereurope.com\/\",\"logo\":{\"@type\":\"ImageObject\",\"inLanguage\":\"fr-FR\",\"@id\":\"https:\/\/b2b.calibereurope.com\/#\/schema\/logo\/image\/\",\"url\":\"https:\/\/b2b.calibereurope.com\/wp-content\/uploads\/2020\/12\/Caliber_Logo-Black.png\",\"contentUrl\":\"https:\/\/b2b.calibereurope.com\/wp-content\/uploads\/2020\/12\/Caliber_Logo-Black.png\",\"width\":3157,\"height\":356,\"caption\":\"Caliber Europe B.V.\"},\"image\":{\"@id\":\"https:\/\/b2b.calibereurope.com\/#\/schema\/logo\/image\/\"}}]}<\/script>\n<!-- \/ Yoast SEO plugin. -->","yoast_head_json":{"title":"Autoradio avec Bluetooth, USB, AUX - \u00c9cran de 4 pouces - Connexion de la cam\u00e9ra invers\u00e9e - USB suppl\u00e9mentaire (RMD404DAB -BT) - Caliber Europe B.V.","robots":{"index":"noindex","follow":"follow","max-snippet":"max-snippet:-1","max-image-preview":"max-image-preview:large","max-video-preview":"max-video-preview:-1"},"og_locale":"fr_FR","og_type":"article","og_title":"Autoradio avec Bluetooth, USB, AUX - \u00c9cran de 4 pouces - Connexion de la cam\u00e9ra invers\u00e9e - USB suppl\u00e9mentaire (RMD404DAB -BT) - Caliber Europe B.V.","og_description":"Profitez de votre musique pr\u00e9f\u00e9r\u00e9e lors de chaque trajet en voiture avec le Caliber RMD404DAB-BT AGRADIE avec Bluetooth, DAB + et Connexion USB . Vous pouvez \u00e9galement utiliser Aux et sd . De cette fa\u00e7on, vous avez toujours la possibilit\u00e9 de jouer audio sur le chemin. Vous pouvez facilement contr\u00f4ler le son via le \u00e9cran [&hellip;]","og_url":"https:\/\/b2b.calibereurope.com\/product\/rmd404dab-fr_fr\/","og_site_name":"Caliber Europe B.V.","article_modified_time":"2026-02-16T08:16:40+00:00","twitter_card":"summary_large_image","twitter_misc":{"Dur\u00e9e de lecture estim\u00e9e":"2 minutes"},"schema":{"@context":"https:\/\/schema.org","@graph":[{"@type":"WebPage","@id":"https:\/\/b2b.calibereurope.com\/product\/rmd404dab-fr_fr\/","url":"https:\/\/b2b.calibereurope.com\/product\/rmd404dab-fr_fr\/","name":"Autoradio avec Bluetooth, USB, AUX - \u00c9cran de 4 pouces - Connexion de la cam\u00e9ra invers\u00e9e - USB suppl\u00e9mentaire (RMD404DAB -BT) - Caliber Europe B.V.","isPartOf":{"@id":"https:\/\/b2b.calibereurope.com\/#website"},"primaryImageOfPage":{"@id":"https:\/\/b2b.calibereurope.com\/product\/rmd404dab-fr_fr\/#primaryimage"},"image":{"@id":"https:\/\/b2b.calibereurope.com\/product\/rmd404dab-fr_fr\/#primaryimage"},"thumbnailUrl":"https:\/\/b2b.calibereurope.com\/wp-content\/uploads\/2025\/12\/d6b638af5097620e96a94b23a57c5f898ae89fdf_RMD404DAB_BT-4.jpg","datePublished":"2025-12-04T00:00:00+00:00","dateModified":"2026-02-16T08:16:40+00:00","breadcrumb":{"@id":"https:\/\/b2b.calibereurope.com\/product\/rmd404dab-fr_fr\/#breadcrumb"},"inLanguage":"fr-FR","potentialAction":[{"@type":"ReadAction","target":["https:\/\/b2b.calibereurope.com\/product\/rmd404dab-fr_fr\/"]}]},{"@type":"ImageObject","inLanguage":"fr-FR","@id":"https:\/\/b2b.calibereurope.com\/product\/rmd404dab-fr_fr\/#primaryimage","url":"https:\/\/b2b.calibereurope.com\/wp-content\/uploads\/2025\/12\/d6b638af5097620e96a94b23a57c5f898ae89fdf_RMD404DAB_BT-4.jpg","contentUrl":"https:\/\/b2b.calibereurope.com\/wp-content\/uploads\/2025\/12\/d6b638af5097620e96a94b23a57c5f898ae89fdf_RMD404DAB_BT-4.jpg","width":1024,"height":768},{"@type":"BreadcrumbList","@id":"https:\/\/b2b.calibereurope.com\/product\/rmd404dab-fr_fr\/#breadcrumb","itemListElement":[{"@type":"ListItem","position":1,"name":"Home","item":"https:\/\/b2b.calibereurope.com\/fr\/home\/"},{"@type":"ListItem","position":2,"name":"Boutique","item":"https:\/\/b2b.calibereurope.com\/fr\/boutique\/"},{"@type":"ListItem","position":3,"name":"Autoradio avec Bluetooth, USB, AUX &#8211; \u00c9cran de 4 pouces &#8211; Connexion de la cam\u00e9ra invers\u00e9e &#8211; USB suppl\u00e9mentaire (RMD404DAB -BT)"}]},{"@type":"WebSite","@id":"https:\/\/b2b.calibereurope.com\/#website","url":"https:\/\/b2b.calibereurope.com\/","name":"Caliber Europe B.V.","description":"B2B Webshop","publisher":{"@id":"https:\/\/b2b.calibereurope.com\/#organization"},"potentialAction":[{"@type":"SearchAction","target":{"@type":"EntryPoint","urlTemplate":"https:\/\/b2b.calibereurope.com\/?s={search_term_string}"},"query-input":{"@type":"PropertyValueSpecification","valueRequired":true,"valueName":"search_term_string"}}],"inLanguage":"fr-FR"},{"@type":"Organization","@id":"https:\/\/b2b.calibereurope.com\/#organization","name":"Caliber Europe B.V.","url":"https:\/\/b2b.calibereurope.com\/","logo":{"@type":"ImageObject","inLanguage":"fr-FR","@id":"https:\/\/b2b.calibereurope.com\/#\/schema\/logo\/image\/","url":"https:\/\/b2b.calibereurope.com\/wp-content\/uploads\/2020\/12\/Caliber_Logo-Black.png","contentUrl":"https:\/\/b2b.calibereurope.com\/wp-content\/uploads\/2020\/12\/Caliber_Logo-Black.png","width":3157,"height":356,"caption":"Caliber Europe B.V."},"image":{"@id":"https:\/\/b2b.calibereurope.com\/#\/schema\/logo\/image\/"}}]}},"_links":{"self":[{"href":"https:\/\/b2b.calibereurope.com\/fr\/wp-json\/wp\/v2\/product\/853018","targetHints":{"allow":["GET"]}}],"collection":[{"href":"https:\/\/b2b.calibereurope.com\/fr\/wp-json\/wp\/v2\/product"}],"about":[{"href":"https:\/\/b2b.calibereurope.com\/fr\/wp-json\/wp\/v2\/types\/product"}],"version-history":[{"count":0,"href":"https:\/\/b2b.calibereurope.com\/fr\/wp-json\/wp\/v2\/product\/853018\/revisions"}],"wp:featuredmedia":[{"embeddable":true,"href":"https:\/\/b2b.calibereurope.com\/fr\/wp-json\/wp\/v2\/media\/866081"}],"wp:attachment":[{"href":"https:\/\/b2b.calibereurope.com\/fr\/wp-json\/wp\/v2\/media?parent=853018"}],"wp:term":[{"taxonomy":"product_brand","embeddable":true,"href":"https:\/\/b2b.calibereurope.com\/fr\/wp-json\/wp\/v2\/product_brand?post=853018"},{"taxonomy":"product_cat","embeddable":true,"href":"https:\/\/b2b.calibereurope.com\/fr\/wp-json\/wp\/v2\/product_cat?post=853018"},{"taxonomy":"product_tag","embeddable":true,"href":"https:\/\/b2b.calibereurope.com\/fr\/wp-json\/wp\/v2\/product_tag?post=853018"}],"curies":[{"name":"wp","href":"https:\/\/api.w.org\/{rel}","templated":true}]}}