{"id":853054,"date":"2025-12-04T01:00:00","date_gmt":"2025-12-04T00:00:00","guid":{"rendered":"0"},"modified":"2026-04-08T10:07:50","modified_gmt":"2026-04-08T08:07:50","slug":"RMD583DAB-fr_FR","status":"publish","type":"product","link":"https:\/\/b2b.calibereurope.com\/fr\/produit\/RMD583DAB-fr_FR\/","title":{"rendered":"Auto-radio avec \u00e9cran escamotable &#8211; Bluetooth &#8211; DAB+ &#8211; USB &#8211; SD &#8211; AUX &#8211; 1 DIN &#8211; Simple DIN &#8211; Entr\u00e9e pour cam\u00e9ra de recul (RMD583DAB-BT)"},"content":{"rendered":"<p>D\u00e9couvrez la radio de voiture <strong>Caliber RMD583DAB-BT<\/strong> pour une exp\u00e9rience de conduite avanc\u00e9e et polyvalente. Cette radio de voiture convient aux mod\u00e8les automobiles avec un emplacement 1 DIN. La radio de voiture offre la possibilit\u00e9 de connecter une <strong>cam\u00e9ra de recul<\/strong>. Avec la <strong>mise en marche automatique<\/strong> lors de la marche arri\u00e8re, le stationnement devient un jeu d&#39;enfant.<\/p>\n<p>Sur l&#39;\u00e9cran correspondant, vous pouvez facilement visualiser les <strong>images de la cam\u00e9ra<\/strong>. De plus, cet \u00e9cran pliable vous permet \u00e9galement de lire des <strong>vid\u00e9os<\/strong> via <strong>USB et SD<\/strong>, de voir des <strong>photos<\/strong>, et m\u00eame d&#39;afficher des informations d\u00e9taill\u00e9es sur votre <strong>musique<\/strong> pendant que vous \u00eates en d\u00e9placement.<\/p>\n<p><strong>Caract\u00e9ristiques :<\/strong><\/p>\n<ul>\n<li>Tuner FM et DAB+<\/li>\n<li>Bluetooth, AUX, USB et SD<\/li>\n<li>\u00c9cran tactile<\/li>\n<li>Fonction de charge de t\u00e9l\u00e9phone<\/li>\n<li>Lecture de MP3, MPEG4, AAC, DivX, WMA et JPEG<\/li>\n<li>Mains libres<\/li>\n<li>Face amovible<\/li>\n<li>4&#215;75 watts de puissance<\/li>\n<li>Couleur : noir<\/li>\n<li>Profondeur d&#39;installation : 165 mm<\/li>\n<\/ul>\n<h3><strong>Connectivit\u00e9 Bluetooth\u00ae<\/strong><\/h3>\n<p>Gr\u00e2ce \u00e0 la technologie <strong>Bluetooth\u00ae sans fil<\/strong>, vous pouvez passer des appels <strong>mains libres<\/strong> avec cette radio de voiture. Vous pouvez avoir des conversations claires et audibles gr\u00e2ce au microphone externe fourni. De plus, vous avez la possibilit\u00e9 de diffuser de la musique sans fil.<\/p>\n<h3><strong>Cam\u00e9ras de recul<\/strong><\/h3>\n<p>Cette radio de voiture offre une large gamme d&#39;options de connectivit\u00e9, y compris une int\u00e9gration transparente avec des <strong>cam\u00e9ras de recul<\/strong>. Gr\u00e2ce \u00e0 l&#39;<strong>activation automatique<\/strong> de la cam\u00e9ra lors de la marche arri\u00e8re, vous b\u00e9n\u00e9ficiez d&#39;un confort et d&#39;une s\u00e9curit\u00e9 suppl\u00e9mentaires. Vous n&#39;avez pas besoin de naviguer dans des boutons ou des menus, ce qui garantit une exp\u00e9rience de conduite plus efficace et plus s\u00fbre.<\/p>\n<h3><strong>\u00c9cran pliable<\/strong><\/h3>\n<p>Connectez des appareils externes aux entr\u00e9es RCA et vid\u00e9o pour lire du <strong>contenu vid\u00e9o<\/strong> sur l&#39;<strong>\u00e9cran tactile pliable<\/strong> de la radio de voiture. Que ce soit des <strong>films<\/strong>, des <strong>vid\u00e9os<\/strong> ou des <strong>diaporamas<\/strong> de vos photos de vacances, vous pouvez tous les visionner en haute r\u00e9solution. De plus, la fonction ID3-Tag vous fournit des informations d\u00e9taill\u00e9es sur la musique que vous \u00e9coutez.<\/p>\n<h3><strong>Son puissant<\/strong><\/h3>\n<p>Avec une puissance maximale de <strong>4&#215;75 watts<\/strong>, cette radio de voiture offre un son cristallin. Que vous aimiez les basses profondes ou les tons clairs, cette radio de voiture offre un \u00e9quilibre parfait.<\/p>\n<h3><strong>T\u00e9l\u00e9commande pratique<\/strong><\/h3>\n<p>Contr\u00f4lez votre radio de voiture avec la t\u00e9l\u00e9commande fournie. Vous avez ainsi acc\u00e8s \u00e0 toutes les fonctions \u00e0 port\u00e9e de main.<\/p>\n<h3><strong>Facile \u00e0 installer<\/strong><\/h3>\n<p>Avec son <strong>connecteur ISO<\/strong> et son format <strong>1 DIN standard<\/strong>, cette radio de voiture est facile \u00e0 installer dans la plupart des v\u00e9hicules. La <strong>profondeur d&#39;installation<\/strong> de la radio de voiture est de <strong>165 mm<\/strong>. Optez pour une exp\u00e9rience de conduite ultime et am\u00e9liorez votre trajet avec cette radio de voiture avanc\u00e9e offrant une puissance maximale de <strong>4&#215;75 watts<\/strong> !<\/p>\n<p><strong>Livr\u00e9 avec :<\/strong><\/p>\n<ul>\n<li>Caliber RMD583DAB-BT<\/li>\n<li>Antenne DAB+<\/li>\n<li>T\u00e9l\u00e9commande<\/li>\n<li>Microphone<\/li>\n<\/ul>\n","protected":false},"excerpt":{"rendered":"<p>D\u00e9couvrez la radio de voiture Caliber RMD583DAB-BT pour une exp\u00e9rience de conduite avanc\u00e9e et polyvalente. Cette radio de voiture convient aux mod\u00e8les automobiles avec un emplacement 1 DIN. La radio de voiture offre la possibilit\u00e9 de connecter une cam\u00e9ra de recul. Avec la mise en marche automatique lors de la marche arri\u00e8re, le stationnement devient [&hellip;]<\/p>\n","protected":false},"featured_media":867633,"template":"","meta":{"_acf_changed":false,"site-sidebar-layout":"default","site-content-layout":"","ast-site-content-layout":"default","site-content-style":"default","site-sidebar-style":"default","ast-global-header-display":"","ast-banner-title-visibility":"","ast-main-header-display":"","ast-hfb-above-header-display":"","ast-hfb-below-header-display":"","ast-hfb-mobile-header-display":"","site-post-title":"","ast-breadcrumbs-content":"","ast-featured-img":"","footer-sml-layout":"","theme-transparent-header-meta":"","adv-header-id-meta":"","stick-header-meta":"","header-above-stick-meta":"","header-main-stick-meta":"","header-below-stick-meta":"","astra-migrate-meta-layouts":"default","ast-page-background-enabled":"default","ast-page-background-meta":{"desktop":{"background-color":"","background-image":"","background-repeat":"repeat","background-position":"center center","background-size":"auto","background-attachment":"scroll","background-type":"","background-media":"","overlay-type":"","overlay-color":"","overlay-opacity":"","overlay-gradient":""},"tablet":{"background-color":"","background-image":"","background-repeat":"repeat","background-position":"center center","background-size":"auto","background-attachment":"scroll","background-type":"","background-media":"","overlay-type":"","overlay-color":"","overlay-opacity":"","overlay-gradient":""},"mobile":{"background-color":"","background-image":"","background-repeat":"repeat","background-position":"center center","background-size":"auto","background-attachment":"scroll","background-type":"","background-media":"","overlay-type":"","overlay-color":"","overlay-opacity":"","overlay-gradient":""}},"ast-content-background-meta":{"desktop":{"background-color":"var(--ast-global-color-5)","background-image":"","background-repeat":"repeat","background-position":"center center","background-size":"auto","background-attachment":"scroll","background-type":"","background-media":"","overlay-type":"","overlay-color":"","overlay-opacity":"","overlay-gradient":""},"tablet":{"background-color":"var(--ast-global-color-5)","background-image":"","background-repeat":"repeat","background-position":"center center","background-size":"auto","background-attachment":"scroll","background-type":"","background-media":"","overlay-type":"","overlay-color":"","overlay-opacity":"","overlay-gradient":""},"mobile":{"background-color":"var(--ast-global-color-5)","background-image":"","background-repeat":"repeat","background-position":"center center","background-size":"auto","background-attachment":"scroll","background-type":"","background-media":"","overlay-type":"","overlay-color":"","overlay-opacity":"","overlay-gradient":""}}},"product_brand":[],"product_cat":[22955],"product_tag":[],"class_list":{"0":"post-853054","1":"product","2":"type-product","3":"status-publish","4":"has-post-thumbnail","6":"product_cat-pas-de-categorie","7":"desktop-align-center","8":"tablet-align-center","9":"mobile-align-center","10":"ast-product-gallery-layout-horizontal","11":"ast-product-tabs-layout-horizontal","13":"first","14":"instock","15":"taxable","16":"shipping-taxable","17":"purchasable","18":"product-type-simple"},"acf":[],"yoast_head":"<!-- This site is optimized with the Yoast SEO plugin v26.5 - https:\/\/yoast.com\/wordpress\/plugins\/seo\/ -->\n<title>Auto-radio avec \u00e9cran escamotable - Bluetooth - DAB+ - USB - SD - AUX - 1 DIN - Simple DIN - Entr\u00e9e pour cam\u00e9ra de recul (RMD583DAB-BT) - Caliber Europe B.V.<\/title>\n<meta name=\"robots\" content=\"noindex, follow, max-snippet:-1, max-image-preview:large, max-video-preview:-1\" \/>\n<meta property=\"og:locale\" content=\"fr_FR\" \/>\n<meta property=\"og:type\" content=\"article\" \/>\n<meta property=\"og:title\" content=\"Auto-radio avec \u00e9cran escamotable - Bluetooth - DAB+ - USB - SD - AUX - 1 DIN - Simple DIN - Entr\u00e9e pour cam\u00e9ra de recul (RMD583DAB-BT) - Caliber Europe B.V.\" \/>\n<meta property=\"og:description\" content=\"D\u00e9couvrez la radio de voiture Caliber RMD583DAB-BT pour une exp\u00e9rience de conduite avanc\u00e9e et polyvalente. Cette radio de voiture convient aux mod\u00e8les automobiles avec un emplacement 1 DIN. La radio de voiture offre la possibilit\u00e9 de connecter une cam\u00e9ra de recul. Avec la mise en marche automatique lors de la marche arri\u00e8re, le stationnement devient [&hellip;]\" \/>\n<meta property=\"og:url\" content=\"https:\/\/b2b.calibereurope.com\/product\/rmd583dab-fr_fr\/\" \/>\n<meta property=\"og:site_name\" content=\"Caliber Europe B.V.\" \/>\n<meta property=\"article:modified_time\" content=\"2026-04-08T08:07:50+00:00\" \/>\n<meta name=\"twitter:card\" content=\"summary_large_image\" \/>\n<meta name=\"twitter:label1\" content=\"Dur\u00e9e de lecture estim\u00e9e\" \/>\n\t<meta name=\"twitter:data1\" content=\"3 minutes\" \/>\n<script type=\"application\/ld+json\" class=\"yoast-schema-graph\">{\"@context\":\"https:\/\/schema.org\",\"@graph\":[{\"@type\":\"WebPage\",\"@id\":\"https:\/\/b2b.calibereurope.com\/product\/rmd583dab-fr_fr\/\",\"url\":\"https:\/\/b2b.calibereurope.com\/product\/rmd583dab-fr_fr\/\",\"name\":\"Auto-radio avec \u00e9cran escamotable - Bluetooth - DAB+ - USB - SD - AUX - 1 DIN - Simple DIN - Entr\u00e9e pour cam\u00e9ra de recul (RMD583DAB-BT) - Caliber Europe B.V.\",\"isPartOf\":{\"@id\":\"https:\/\/b2b.calibereurope.com\/#website\"},\"primaryImageOfPage\":{\"@id\":\"https:\/\/b2b.calibereurope.com\/product\/rmd583dab-fr_fr\/#primaryimage\"},\"image\":{\"@id\":\"https:\/\/b2b.calibereurope.com\/product\/rmd583dab-fr_fr\/#primaryimage\"},\"thumbnailUrl\":\"https:\/\/b2b.calibereurope.com\/wp-content\/uploads\/2025\/12\/6a42851dfea6366a6ea3f27a22b2789d796882e6_Caliber___20230383_Fotografie_autoradio_RMD583DAB_BT___Front_scherm_open_LR-4.jpg\",\"datePublished\":\"2025-12-04T00:00:00+00:00\",\"dateModified\":\"2026-04-08T08:07:50+00:00\",\"breadcrumb\":{\"@id\":\"https:\/\/b2b.calibereurope.com\/product\/rmd583dab-fr_fr\/#breadcrumb\"},\"inLanguage\":\"fr-FR\",\"potentialAction\":[{\"@type\":\"ReadAction\",\"target\":[\"https:\/\/b2b.calibereurope.com\/product\/rmd583dab-fr_fr\/\"]}]},{\"@type\":\"ImageObject\",\"inLanguage\":\"fr-FR\",\"@id\":\"https:\/\/b2b.calibereurope.com\/product\/rmd583dab-fr_fr\/#primaryimage\",\"url\":\"https:\/\/b2b.calibereurope.com\/wp-content\/uploads\/2025\/12\/6a42851dfea6366a6ea3f27a22b2789d796882e6_Caliber___20230383_Fotografie_autoradio_RMD583DAB_BT___Front_scherm_open_LR-4.jpg\",\"contentUrl\":\"https:\/\/b2b.calibereurope.com\/wp-content\/uploads\/2025\/12\/6a42851dfea6366a6ea3f27a22b2789d796882e6_Caliber___20230383_Fotografie_autoradio_RMD583DAB_BT___Front_scherm_open_LR-4.jpg\",\"width\":1024,\"height\":768},{\"@type\":\"BreadcrumbList\",\"@id\":\"https:\/\/b2b.calibereurope.com\/product\/rmd583dab-fr_fr\/#breadcrumb\",\"itemListElement\":[{\"@type\":\"ListItem\",\"position\":1,\"name\":\"Home\",\"item\":\"https:\/\/b2b.calibereurope.com\/fr\/home\/\"},{\"@type\":\"ListItem\",\"position\":2,\"name\":\"Boutique\",\"item\":\"https:\/\/b2b.calibereurope.com\/fr\/boutique\/\"},{\"@type\":\"ListItem\",\"position\":3,\"name\":\"Auto-radio avec \u00e9cran escamotable &#8211; Bluetooth &#8211; DAB+ &#8211; USB &#8211; SD &#8211; AUX &#8211; 1 DIN &#8211; Simple DIN &#8211; Entr\u00e9e pour cam\u00e9ra de recul (RMD583DAB-BT)\"}]},{\"@type\":\"WebSite\",\"@id\":\"https:\/\/b2b.calibereurope.com\/#website\",\"url\":\"https:\/\/b2b.calibereurope.com\/\",\"name\":\"Caliber Europe B.V.\",\"description\":\"B2B Webshop\",\"publisher\":{\"@id\":\"https:\/\/b2b.calibereurope.com\/#organization\"},\"potentialAction\":[{\"@type\":\"SearchAction\",\"target\":{\"@type\":\"EntryPoint\",\"urlTemplate\":\"https:\/\/b2b.calibereurope.com\/?s={search_term_string}\"},\"query-input\":{\"@type\":\"PropertyValueSpecification\",\"valueRequired\":true,\"valueName\":\"search_term_string\"}}],\"inLanguage\":\"fr-FR\"},{\"@type\":\"Organization\",\"@id\":\"https:\/\/b2b.calibereurope.com\/#organization\",\"name\":\"Caliber Europe B.V.\",\"url\":\"https:\/\/b2b.calibereurope.com\/\",\"logo\":{\"@type\":\"ImageObject\",\"inLanguage\":\"fr-FR\",\"@id\":\"https:\/\/b2b.calibereurope.com\/#\/schema\/logo\/image\/\",\"url\":\"https:\/\/b2b.calibereurope.com\/wp-content\/uploads\/2020\/12\/Caliber_Logo-Black.png\",\"contentUrl\":\"https:\/\/b2b.calibereurope.com\/wp-content\/uploads\/2020\/12\/Caliber_Logo-Black.png\",\"width\":3157,\"height\":356,\"caption\":\"Caliber Europe B.V.\"},\"image\":{\"@id\":\"https:\/\/b2b.calibereurope.com\/#\/schema\/logo\/image\/\"}}]}<\/script>\n<!-- \/ Yoast SEO plugin. -->","yoast_head_json":{"title":"Auto-radio avec \u00e9cran escamotable - Bluetooth - DAB+ - USB - SD - AUX - 1 DIN - Simple DIN - Entr\u00e9e pour cam\u00e9ra de recul (RMD583DAB-BT) - Caliber Europe B.V.","robots":{"index":"noindex","follow":"follow","max-snippet":"max-snippet:-1","max-image-preview":"max-image-preview:large","max-video-preview":"max-video-preview:-1"},"og_locale":"fr_FR","og_type":"article","og_title":"Auto-radio avec \u00e9cran escamotable - Bluetooth - DAB+ - USB - SD - AUX - 1 DIN - Simple DIN - Entr\u00e9e pour cam\u00e9ra de recul (RMD583DAB-BT) - Caliber Europe B.V.","og_description":"D\u00e9couvrez la radio de voiture Caliber RMD583DAB-BT pour une exp\u00e9rience de conduite avanc\u00e9e et polyvalente. Cette radio de voiture convient aux mod\u00e8les automobiles avec un emplacement 1 DIN. La radio de voiture offre la possibilit\u00e9 de connecter une cam\u00e9ra de recul. Avec la mise en marche automatique lors de la marche arri\u00e8re, le stationnement devient [&hellip;]","og_url":"https:\/\/b2b.calibereurope.com\/product\/rmd583dab-fr_fr\/","og_site_name":"Caliber Europe B.V.","article_modified_time":"2026-04-08T08:07:50+00:00","twitter_card":"summary_large_image","twitter_misc":{"Dur\u00e9e de lecture estim\u00e9e":"3 minutes"},"schema":{"@context":"https:\/\/schema.org","@graph":[{"@type":"WebPage","@id":"https:\/\/b2b.calibereurope.com\/product\/rmd583dab-fr_fr\/","url":"https:\/\/b2b.calibereurope.com\/product\/rmd583dab-fr_fr\/","name":"Auto-radio avec \u00e9cran escamotable - Bluetooth - DAB+ - USB - SD - AUX - 1 DIN - Simple DIN - Entr\u00e9e pour cam\u00e9ra de recul (RMD583DAB-BT) - Caliber Europe B.V.","isPartOf":{"@id":"https:\/\/b2b.calibereurope.com\/#website"},"primaryImageOfPage":{"@id":"https:\/\/b2b.calibereurope.com\/product\/rmd583dab-fr_fr\/#primaryimage"},"image":{"@id":"https:\/\/b2b.calibereurope.com\/product\/rmd583dab-fr_fr\/#primaryimage"},"thumbnailUrl":"https:\/\/b2b.calibereurope.com\/wp-content\/uploads\/2025\/12\/6a42851dfea6366a6ea3f27a22b2789d796882e6_Caliber___20230383_Fotografie_autoradio_RMD583DAB_BT___Front_scherm_open_LR-4.jpg","datePublished":"2025-12-04T00:00:00+00:00","dateModified":"2026-04-08T08:07:50+00:00","breadcrumb":{"@id":"https:\/\/b2b.calibereurope.com\/product\/rmd583dab-fr_fr\/#breadcrumb"},"inLanguage":"fr-FR","potentialAction":[{"@type":"ReadAction","target":["https:\/\/b2b.calibereurope.com\/product\/rmd583dab-fr_fr\/"]}]},{"@type":"ImageObject","inLanguage":"fr-FR","@id":"https:\/\/b2b.calibereurope.com\/product\/rmd583dab-fr_fr\/#primaryimage","url":"https:\/\/b2b.calibereurope.com\/wp-content\/uploads\/2025\/12\/6a42851dfea6366a6ea3f27a22b2789d796882e6_Caliber___20230383_Fotografie_autoradio_RMD583DAB_BT___Front_scherm_open_LR-4.jpg","contentUrl":"https:\/\/b2b.calibereurope.com\/wp-content\/uploads\/2025\/12\/6a42851dfea6366a6ea3f27a22b2789d796882e6_Caliber___20230383_Fotografie_autoradio_RMD583DAB_BT___Front_scherm_open_LR-4.jpg","width":1024,"height":768},{"@type":"BreadcrumbList","@id":"https:\/\/b2b.calibereurope.com\/product\/rmd583dab-fr_fr\/#breadcrumb","itemListElement":[{"@type":"ListItem","position":1,"name":"Home","item":"https:\/\/b2b.calibereurope.com\/fr\/home\/"},{"@type":"ListItem","position":2,"name":"Boutique","item":"https:\/\/b2b.calibereurope.com\/fr\/boutique\/"},{"@type":"ListItem","position":3,"name":"Auto-radio avec \u00e9cran escamotable &#8211; Bluetooth &#8211; DAB+ &#8211; USB &#8211; SD &#8211; AUX &#8211; 1 DIN &#8211; Simple DIN &#8211; Entr\u00e9e pour cam\u00e9ra de recul (RMD583DAB-BT)"}]},{"@type":"WebSite","@id":"https:\/\/b2b.calibereurope.com\/#website","url":"https:\/\/b2b.calibereurope.com\/","name":"Caliber Europe B.V.","description":"B2B Webshop","publisher":{"@id":"https:\/\/b2b.calibereurope.com\/#organization"},"potentialAction":[{"@type":"SearchAction","target":{"@type":"EntryPoint","urlTemplate":"https:\/\/b2b.calibereurope.com\/?s={search_term_string}"},"query-input":{"@type":"PropertyValueSpecification","valueRequired":true,"valueName":"search_term_string"}}],"inLanguage":"fr-FR"},{"@type":"Organization","@id":"https:\/\/b2b.calibereurope.com\/#organization","name":"Caliber Europe B.V.","url":"https:\/\/b2b.calibereurope.com\/","logo":{"@type":"ImageObject","inLanguage":"fr-FR","@id":"https:\/\/b2b.calibereurope.com\/#\/schema\/logo\/image\/","url":"https:\/\/b2b.calibereurope.com\/wp-content\/uploads\/2020\/12\/Caliber_Logo-Black.png","contentUrl":"https:\/\/b2b.calibereurope.com\/wp-content\/uploads\/2020\/12\/Caliber_Logo-Black.png","width":3157,"height":356,"caption":"Caliber Europe B.V."},"image":{"@id":"https:\/\/b2b.calibereurope.com\/#\/schema\/logo\/image\/"}}]}},"_links":{"self":[{"href":"https:\/\/b2b.calibereurope.com\/fr\/wp-json\/wp\/v2\/product\/853054","targetHints":{"allow":["GET"]}}],"collection":[{"href":"https:\/\/b2b.calibereurope.com\/fr\/wp-json\/wp\/v2\/product"}],"about":[{"href":"https:\/\/b2b.calibereurope.com\/fr\/wp-json\/wp\/v2\/types\/product"}],"version-history":[{"count":0,"href":"https:\/\/b2b.calibereurope.com\/fr\/wp-json\/wp\/v2\/product\/853054\/revisions"}],"wp:featuredmedia":[{"embeddable":true,"href":"https:\/\/b2b.calibereurope.com\/fr\/wp-json\/wp\/v2\/media\/867633"}],"wp:attachment":[{"href":"https:\/\/b2b.calibereurope.com\/fr\/wp-json\/wp\/v2\/media?parent=853054"}],"wp:term":[{"taxonomy":"product_brand","embeddable":true,"href":"https:\/\/b2b.calibereurope.com\/fr\/wp-json\/wp\/v2\/product_brand?post=853054"},{"taxonomy":"product_cat","embeddable":true,"href":"https:\/\/b2b.calibereurope.com\/fr\/wp-json\/wp\/v2\/product_cat?post=853054"},{"taxonomy":"product_tag","embeddable":true,"href":"https:\/\/b2b.calibereurope.com\/fr\/wp-json\/wp\/v2\/product_tag?post=853054"}],"curies":[{"name":"wp","href":"https:\/\/api.w.org\/{rel}","templated":true}]}}