{"id":855963,"date":"2025-12-04T01:00:00","date_gmt":"2025-12-04T00:00:00","guid":{"rendered":"0"},"modified":"2026-04-10T10:58:57","modified_gmt":"2026-04-10T08:58:57","slug":"RMD120-fr_FR","status":"publish","type":"product","link":"https:\/\/b2b.calibereurope.com\/fr\/produit\/RMD120-fr_FR\/","title":{"rendered":"Autoradio st\u00e9r\u00e9o Bluetooth &#8211; 1 DIN &#8211; USB &#8211; 18 pr\u00e9s\u00e9lections &#8211; Look r\u00e9tro (RMD120BT)"},"content":{"rendered":"<p> \u00c9coutez vos \u00e9missions radios et listes de lecture pr\u00e9f\u00e9r\u00e9es sur le chemin du travail avec l&#39;autoradio Bluetooth Caliber RMD120BT. Vous pouvez \u00e9couter vos \u00e9missions pr\u00e9f\u00e9r\u00e9es via la <strong>radio FM<\/strong>. Vous pouvez facilement les trouver en utilisant les <strong> 18 stations pr\u00e9r\u00e9gl\u00e9es <\/strong>. Si vous aimez \u00e9couter vos propres playlists, c&#39;est aussi possible. Connectez votre smartphone via <strong>bluetooth<\/strong> et activez le podcast ou la liste de lecture souhait\u00e9e. Gr\u00e2ce au <strong>microphone externe<\/strong>, vous pouvez t\u00e9l\u00e9phoner en <strong>mains libres<\/strong>. L&#39;autoradio Bluetooth a un <strong>look r\u00e9tro<\/strong> cool, donnant \u00e0 votre voiture un aspect unique. <\/p>\n<p> <strong>Caract\u00e9ristiques :<\/strong> <\/p>\n<ul>\n<li>4 puissances de 75 watts <\/li>\n<li>Tuner radio FM, AUX, USB et SD <\/li>\n<li>Prise en charge MP3 et WMA <\/li>\n<li>Panneau avant amovible <\/li>\n<li>Technologie audio Bluetooth <\/li>\n<li>Appel mains libres avec microphone <\/li>\n<li>Autoradio 1 DIN au look r\u00e9tro <\/li>\n<li>18 stations pr\u00e9r\u00e9gl\u00e9es <\/li>\n<li>100 mm int\u00e9gr\u00e9 profondeur <\/li>\n<li>Connecteur ISO <!-- li--> <\/li>\n<\/ul>\n<p> <strong>Remarque : <\/strong>Pas d&#39;entr\u00e9e CD<\/p>\n<h3>Toujours vos morceaux pr\u00e9f\u00e9r\u00e9s<\/h3>\n<p> Impossible pour vous de rester sans votre musique pr\u00e9f\u00e9r\u00e9e pendant un moment ? Alors cet autoradio offre une solution. Avec la radio FM, vous pouvez \u00e9couter de nombreuses stations de radio, talk-shows et actualit\u00e9s. Vous d\u00e9finissez 18 canaux pr\u00e9r\u00e9gl\u00e9s, ce qui vous permet de trouver rapidement le bon canal \u00e0 tout moment de la journ\u00e9e. Vous pr\u00e9f\u00e9rez ne pas \u00e9couter la radio ? Connectez ensuite votre t\u00e9l\u00e9phone via Bluetooth. Avec cela, vous pouvez non seulement activer les listes de lecture, mais \u00e9galement \u00e9couter des podcasts int\u00e9ressants. Si votre t\u00e9l\u00e9phone n&#39;a pas de Bluetooth, vous pouvez utiliser AUX, USB ou SD. Par exemple, l&#39;autoradio avec Bluetooth et USB, SD et AUX offre diverses options pour \u00e9couter votre musique pr\u00e9f\u00e9r\u00e9e. <\/p>\n<h3>Conversations d&#39;une clart\u00e9 cristalline<\/h3>\n<p>Vous \u00eates souvent en d\u00e9placement et vous souhaitez \u00e9viter les appels manqu\u00e9s ? Utilisez ensuite le microphone externe fourni. Cela vous permet d&#39;avoir des conversations parfaitement claires, m\u00eame lorsque vous \u00eates sur l&#39;autoroute. De cette fa\u00e7on, vous pouvez appeler en mains libres, sans cr\u00e9er de situations dangereuses. <\/p>\n<h3>Design r\u00e9tro unique<\/h3>\n<p> Cette radio est un v\u00e9ritable accroche-regard dans votre int\u00e9rieur. Le design de l&#39;autoradio a un look r\u00e9tro cool, ce qui vous donne un look vintage, mais b\u00e9n\u00e9ficie \u00e9galement d&#39;un son de haute qualit\u00e9. De cette fa\u00e7on, vous combinez le meilleur des deux mondes ! Le panneau avant est amovible. Vous garez votre voiture quelque part pendant longtemps ? Ensuite, rangez le panneau avant ailleurs pour \u00e9viter le vol. <\/p>\n<p> <strong><br \/>Inclus :<\/strong> <\/p>\n<ul>\n<li>Caliber RMD120BT <\/li>\n<li>Microphone externe<\/li>\n<\/ul>\n","protected":false},"excerpt":{"rendered":"<ul>\n<li>4 puissances de 75 watts<\/li>\n<li>Tuner radio FM, AUX, USB et SD<\/li>\n<li>Prise en charge MP3 et WMA<\/li>\n<li>Panneau avant amovible<\/li>\n<li>Technologie audio Bluetooth<\/li>\n<li>Appel mains libres avec microphone<\/li>\n<li>Autoradio 1 DIN au look r\u00e9tro<\/li>\n<li>18 stations pr\u00e9r\u00e9gl\u00e9es<\/li>\n<li>100 mm int\u00e9gr\u00e9 profondeur<\/li>\n<li>Connecteur ISO<\/li>\n<\/ul>\n","protected":false},"featured_media":869090,"template":"","meta":{"_acf_changed":false,"site-sidebar-layout":"default","site-content-layout":"","ast-site-content-layout":"default","site-content-style":"default","site-sidebar-style":"default","ast-global-header-display":"","ast-banner-title-visibility":"","ast-main-header-display":"","ast-hfb-above-header-display":"","ast-hfb-below-header-display":"","ast-hfb-mobile-header-display":"","site-post-title":"","ast-breadcrumbs-content":"","ast-featured-img":"","footer-sml-layout":"","theme-transparent-header-meta":"","adv-header-id-meta":"","stick-header-meta":"","header-above-stick-meta":"","header-main-stick-meta":"","header-below-stick-meta":"","astra-migrate-meta-layouts":"default","ast-page-background-enabled":"default","ast-page-background-meta":{"desktop":{"background-color":"","background-image":"","background-repeat":"repeat","background-position":"center center","background-size":"auto","background-attachment":"scroll","background-type":"","background-media":"","overlay-type":"","overlay-color":"","overlay-opacity":"","overlay-gradient":""},"tablet":{"background-color":"","background-image":"","background-repeat":"repeat","background-position":"center center","background-size":"auto","background-attachment":"scroll","background-type":"","background-media":"","overlay-type":"","overlay-color":"","overlay-opacity":"","overlay-gradient":""},"mobile":{"background-color":"","background-image":"","background-repeat":"repeat","background-position":"center center","background-size":"auto","background-attachment":"scroll","background-type":"","background-media":"","overlay-type":"","overlay-color":"","overlay-opacity":"","overlay-gradient":""}},"ast-content-background-meta":{"desktop":{"background-color":"var(--ast-global-color-5)","background-image":"","background-repeat":"repeat","background-position":"center center","background-size":"auto","background-attachment":"scroll","background-type":"","background-media":"","overlay-type":"","overlay-color":"","overlay-opacity":"","overlay-gradient":""},"tablet":{"background-color":"var(--ast-global-color-5)","background-image":"","background-repeat":"repeat","background-position":"center center","background-size":"auto","background-attachment":"scroll","background-type":"","background-media":"","overlay-type":"","overlay-color":"","overlay-opacity":"","overlay-gradient":""},"mobile":{"background-color":"var(--ast-global-color-5)","background-image":"","background-repeat":"repeat","background-position":"center center","background-size":"auto","background-attachment":"scroll","background-type":"","background-media":"","overlay-type":"","overlay-color":"","overlay-opacity":"","overlay-gradient":""}}},"product_brand":[],"product_cat":[22955],"product_tag":[],"class_list":{"0":"post-855963","1":"product","2":"type-product","3":"status-publish","4":"has-post-thumbnail","6":"product_cat-pas-de-categorie","7":"desktop-align-center","8":"tablet-align-center","9":"mobile-align-center","10":"ast-product-gallery-layout-horizontal","11":"ast-product-tabs-layout-horizontal","13":"first","14":"instock","15":"taxable","16":"shipping-taxable","17":"purchasable","18":"product-type-simple"},"acf":[],"yoast_head":"<!-- This site is optimized with the Yoast SEO plugin v26.5 - https:\/\/yoast.com\/wordpress\/plugins\/seo\/ -->\n<title>Autoradio st\u00e9r\u00e9o Bluetooth - 1 DIN - USB - 18 pr\u00e9s\u00e9lections - Look r\u00e9tro (RMD120BT) - Caliber Europe B.V.<\/title>\n<meta name=\"robots\" content=\"noindex, follow, max-snippet:-1, max-image-preview:large, max-video-preview:-1\" \/>\n<meta property=\"og:locale\" content=\"fr_FR\" \/>\n<meta property=\"og:type\" content=\"article\" \/>\n<meta property=\"og:title\" content=\"Autoradio st\u00e9r\u00e9o Bluetooth - 1 DIN - USB - 18 pr\u00e9s\u00e9lections - Look r\u00e9tro (RMD120BT) - Caliber Europe B.V.\" \/>\n<meta property=\"og:description\" content=\"4 puissances de 75 wattsTuner radio FM, AUX, USB et SDPrise en charge MP3 et WMAPanneau avant amovibleTechnologie audio BluetoothAppel mains libres avec microphoneAutoradio 1 DIN au look r\u00e9tro18 stations pr\u00e9r\u00e9gl\u00e9es100 mm int\u00e9gr\u00e9 profondeurConnecteur ISO\" \/>\n<meta property=\"og:url\" content=\"https:\/\/b2b.calibereurope.com\/fr\/produit\/rmd120-fr_fr\/\" \/>\n<meta property=\"og:site_name\" content=\"Caliber Europe B.V.\" \/>\n<meta property=\"article:modified_time\" content=\"2026-04-10T08:58:57+00:00\" \/>\n<meta property=\"og:image\" content=\"http:\/\/b2b.calibereurope.com\/wp-content\/uploads\/2025\/02\/0ac5c9a78056996e857e7d2be29fe4baa57c71a3_RMD120BT.jpg\" \/>\n\t<meta property=\"og:image:width\" content=\"640\" \/>\n\t<meta property=\"og:image:height\" content=\"480\" \/>\n\t<meta property=\"og:image:type\" content=\"image\/jpeg\" \/>\n<meta name=\"twitter:card\" content=\"summary_large_image\" \/>\n<meta name=\"twitter:label1\" content=\"Dur\u00e9e de lecture estim\u00e9e\" \/>\n\t<meta name=\"twitter:data1\" content=\"2 minutes\" \/>\n<script type=\"application\/ld+json\" class=\"yoast-schema-graph\">{\"@context\":\"https:\/\/schema.org\",\"@graph\":[{\"@type\":\"WebPage\",\"@id\":\"https:\/\/b2b.calibereurope.com\/fr\/produit\/rmd120-fr_fr\/\",\"url\":\"https:\/\/b2b.calibereurope.com\/fr\/produit\/rmd120-fr_fr\/\",\"name\":\"Autoradio st\u00e9r\u00e9o Bluetooth - 1 DIN - USB - 18 pr\u00e9s\u00e9lections - Look r\u00e9tro (RMD120BT) - Caliber Europe B.V.\",\"isPartOf\":{\"@id\":\"https:\/\/b2b.calibereurope.com\/#website\"},\"primaryImageOfPage\":{\"@id\":\"https:\/\/b2b.calibereurope.com\/fr\/produit\/rmd120-fr_fr\/#primaryimage\"},\"image\":{\"@id\":\"https:\/\/b2b.calibereurope.com\/fr\/produit\/rmd120-fr_fr\/#primaryimage\"},\"thumbnailUrl\":\"https:\/\/b2b.calibereurope.com\/wp-content\/uploads\/2025\/12\/0ac5c9a78056996e857e7d2be29fe4baa57c71a3_RMD120BT-4.jpg\",\"datePublished\":\"2025-12-04T00:00:00+00:00\",\"dateModified\":\"2026-04-10T08:58:57+00:00\",\"breadcrumb\":{\"@id\":\"https:\/\/b2b.calibereurope.com\/fr\/produit\/rmd120-fr_fr\/#breadcrumb\"},\"inLanguage\":\"fr-FR\",\"potentialAction\":[{\"@type\":\"ReadAction\",\"target\":[\"https:\/\/b2b.calibereurope.com\/fr\/produit\/rmd120-fr_fr\/\"]}]},{\"@type\":\"ImageObject\",\"inLanguage\":\"fr-FR\",\"@id\":\"https:\/\/b2b.calibereurope.com\/fr\/produit\/rmd120-fr_fr\/#primaryimage\",\"url\":\"https:\/\/b2b.calibereurope.com\/wp-content\/uploads\/2025\/12\/0ac5c9a78056996e857e7d2be29fe4baa57c71a3_RMD120BT-4.jpg\",\"contentUrl\":\"https:\/\/b2b.calibereurope.com\/wp-content\/uploads\/2025\/12\/0ac5c9a78056996e857e7d2be29fe4baa57c71a3_RMD120BT-4.jpg\",\"width\":640,\"height\":480},{\"@type\":\"BreadcrumbList\",\"@id\":\"https:\/\/b2b.calibereurope.com\/fr\/produit\/rmd120-fr_fr\/#breadcrumb\",\"itemListElement\":[{\"@type\":\"ListItem\",\"position\":1,\"name\":\"Home\",\"item\":\"https:\/\/b2b.calibereurope.com\/fr\/home\/\"},{\"@type\":\"ListItem\",\"position\":2,\"name\":\"Boutique\",\"item\":\"https:\/\/b2b.calibereurope.com\/fr\/boutique\/\"},{\"@type\":\"ListItem\",\"position\":3,\"name\":\"Autoradio st\u00e9r\u00e9o Bluetooth &#8211; 1 DIN &#8211; USB &#8211; 18 pr\u00e9s\u00e9lections &#8211; Look r\u00e9tro (RMD120BT)\"}]},{\"@type\":\"WebSite\",\"@id\":\"https:\/\/b2b.calibereurope.com\/#website\",\"url\":\"https:\/\/b2b.calibereurope.com\/\",\"name\":\"Caliber Europe B.V.\",\"description\":\"B2B Webshop\",\"publisher\":{\"@id\":\"https:\/\/b2b.calibereurope.com\/#organization\"},\"potentialAction\":[{\"@type\":\"SearchAction\",\"target\":{\"@type\":\"EntryPoint\",\"urlTemplate\":\"https:\/\/b2b.calibereurope.com\/?s={search_term_string}\"},\"query-input\":{\"@type\":\"PropertyValueSpecification\",\"valueRequired\":true,\"valueName\":\"search_term_string\"}}],\"inLanguage\":\"fr-FR\"},{\"@type\":\"Organization\",\"@id\":\"https:\/\/b2b.calibereurope.com\/#organization\",\"name\":\"Caliber Europe B.V.\",\"url\":\"https:\/\/b2b.calibereurope.com\/\",\"logo\":{\"@type\":\"ImageObject\",\"inLanguage\":\"fr-FR\",\"@id\":\"https:\/\/b2b.calibereurope.com\/#\/schema\/logo\/image\/\",\"url\":\"https:\/\/b2b.calibereurope.com\/wp-content\/uploads\/2020\/12\/Caliber_Logo-Black.png\",\"contentUrl\":\"https:\/\/b2b.calibereurope.com\/wp-content\/uploads\/2020\/12\/Caliber_Logo-Black.png\",\"width\":3157,\"height\":356,\"caption\":\"Caliber Europe B.V.\"},\"image\":{\"@id\":\"https:\/\/b2b.calibereurope.com\/#\/schema\/logo\/image\/\"}}]}<\/script>\n<!-- \/ Yoast SEO plugin. -->","yoast_head_json":{"title":"Autoradio st\u00e9r\u00e9o Bluetooth - 1 DIN - USB - 18 pr\u00e9s\u00e9lections - Look r\u00e9tro (RMD120BT) - Caliber Europe B.V.","robots":{"index":"noindex","follow":"follow","max-snippet":"max-snippet:-1","max-image-preview":"max-image-preview:large","max-video-preview":"max-video-preview:-1"},"og_locale":"fr_FR","og_type":"article","og_title":"Autoradio st\u00e9r\u00e9o Bluetooth - 1 DIN - USB - 18 pr\u00e9s\u00e9lections - Look r\u00e9tro (RMD120BT) - Caliber Europe B.V.","og_description":"4 puissances de 75 wattsTuner radio FM, AUX, USB et SDPrise en charge MP3 et WMAPanneau avant amovibleTechnologie audio BluetoothAppel mains libres avec microphoneAutoradio 1 DIN au look r\u00e9tro18 stations pr\u00e9r\u00e9gl\u00e9es100 mm int\u00e9gr\u00e9 profondeurConnecteur ISO","og_url":"https:\/\/b2b.calibereurope.com\/fr\/produit\/rmd120-fr_fr\/","og_site_name":"Caliber Europe B.V.","article_modified_time":"2026-04-10T08:58:57+00:00","og_image":[{"width":640,"height":480,"url":"http:\/\/b2b.calibereurope.com\/wp-content\/uploads\/2025\/02\/0ac5c9a78056996e857e7d2be29fe4baa57c71a3_RMD120BT.jpg","type":"image\/jpeg"}],"twitter_card":"summary_large_image","twitter_misc":{"Dur\u00e9e de lecture estim\u00e9e":"2 minutes"},"schema":{"@context":"https:\/\/schema.org","@graph":[{"@type":"WebPage","@id":"https:\/\/b2b.calibereurope.com\/fr\/produit\/rmd120-fr_fr\/","url":"https:\/\/b2b.calibereurope.com\/fr\/produit\/rmd120-fr_fr\/","name":"Autoradio st\u00e9r\u00e9o Bluetooth - 1 DIN - USB - 18 pr\u00e9s\u00e9lections - Look r\u00e9tro (RMD120BT) - Caliber Europe B.V.","isPartOf":{"@id":"https:\/\/b2b.calibereurope.com\/#website"},"primaryImageOfPage":{"@id":"https:\/\/b2b.calibereurope.com\/fr\/produit\/rmd120-fr_fr\/#primaryimage"},"image":{"@id":"https:\/\/b2b.calibereurope.com\/fr\/produit\/rmd120-fr_fr\/#primaryimage"},"thumbnailUrl":"https:\/\/b2b.calibereurope.com\/wp-content\/uploads\/2025\/12\/0ac5c9a78056996e857e7d2be29fe4baa57c71a3_RMD120BT-4.jpg","datePublished":"2025-12-04T00:00:00+00:00","dateModified":"2026-04-10T08:58:57+00:00","breadcrumb":{"@id":"https:\/\/b2b.calibereurope.com\/fr\/produit\/rmd120-fr_fr\/#breadcrumb"},"inLanguage":"fr-FR","potentialAction":[{"@type":"ReadAction","target":["https:\/\/b2b.calibereurope.com\/fr\/produit\/rmd120-fr_fr\/"]}]},{"@type":"ImageObject","inLanguage":"fr-FR","@id":"https:\/\/b2b.calibereurope.com\/fr\/produit\/rmd120-fr_fr\/#primaryimage","url":"https:\/\/b2b.calibereurope.com\/wp-content\/uploads\/2025\/12\/0ac5c9a78056996e857e7d2be29fe4baa57c71a3_RMD120BT-4.jpg","contentUrl":"https:\/\/b2b.calibereurope.com\/wp-content\/uploads\/2025\/12\/0ac5c9a78056996e857e7d2be29fe4baa57c71a3_RMD120BT-4.jpg","width":640,"height":480},{"@type":"BreadcrumbList","@id":"https:\/\/b2b.calibereurope.com\/fr\/produit\/rmd120-fr_fr\/#breadcrumb","itemListElement":[{"@type":"ListItem","position":1,"name":"Home","item":"https:\/\/b2b.calibereurope.com\/fr\/home\/"},{"@type":"ListItem","position":2,"name":"Boutique","item":"https:\/\/b2b.calibereurope.com\/fr\/boutique\/"},{"@type":"ListItem","position":3,"name":"Autoradio st\u00e9r\u00e9o Bluetooth &#8211; 1 DIN &#8211; USB &#8211; 18 pr\u00e9s\u00e9lections &#8211; Look r\u00e9tro (RMD120BT)"}]},{"@type":"WebSite","@id":"https:\/\/b2b.calibereurope.com\/#website","url":"https:\/\/b2b.calibereurope.com\/","name":"Caliber Europe B.V.","description":"B2B Webshop","publisher":{"@id":"https:\/\/b2b.calibereurope.com\/#organization"},"potentialAction":[{"@type":"SearchAction","target":{"@type":"EntryPoint","urlTemplate":"https:\/\/b2b.calibereurope.com\/?s={search_term_string}"},"query-input":{"@type":"PropertyValueSpecification","valueRequired":true,"valueName":"search_term_string"}}],"inLanguage":"fr-FR"},{"@type":"Organization","@id":"https:\/\/b2b.calibereurope.com\/#organization","name":"Caliber Europe B.V.","url":"https:\/\/b2b.calibereurope.com\/","logo":{"@type":"ImageObject","inLanguage":"fr-FR","@id":"https:\/\/b2b.calibereurope.com\/#\/schema\/logo\/image\/","url":"https:\/\/b2b.calibereurope.com\/wp-content\/uploads\/2020\/12\/Caliber_Logo-Black.png","contentUrl":"https:\/\/b2b.calibereurope.com\/wp-content\/uploads\/2020\/12\/Caliber_Logo-Black.png","width":3157,"height":356,"caption":"Caliber Europe B.V."},"image":{"@id":"https:\/\/b2b.calibereurope.com\/#\/schema\/logo\/image\/"}}]}},"_links":{"self":[{"href":"https:\/\/b2b.calibereurope.com\/fr\/wp-json\/wp\/v2\/product\/855963","targetHints":{"allow":["GET"]}}],"collection":[{"href":"https:\/\/b2b.calibereurope.com\/fr\/wp-json\/wp\/v2\/product"}],"about":[{"href":"https:\/\/b2b.calibereurope.com\/fr\/wp-json\/wp\/v2\/types\/product"}],"version-history":[{"count":1,"href":"https:\/\/b2b.calibereurope.com\/fr\/wp-json\/wp\/v2\/product\/855963\/revisions"}],"predecessor-version":[{"id":856088,"href":"https:\/\/b2b.calibereurope.com\/fr\/wp-json\/wp\/v2\/product\/855963\/revisions\/856088"}],"wp:featuredmedia":[{"embeddable":true,"href":"https:\/\/b2b.calibereurope.com\/fr\/wp-json\/wp\/v2\/media\/869090"}],"wp:attachment":[{"href":"https:\/\/b2b.calibereurope.com\/fr\/wp-json\/wp\/v2\/media?parent=855963"}],"wp:term":[{"taxonomy":"product_brand","embeddable":true,"href":"https:\/\/b2b.calibereurope.com\/fr\/wp-json\/wp\/v2\/product_brand?post=855963"},{"taxonomy":"product_cat","embeddable":true,"href":"https:\/\/b2b.calibereurope.com\/fr\/wp-json\/wp\/v2\/product_cat?post=855963"},{"taxonomy":"product_tag","embeddable":true,"href":"https:\/\/b2b.calibereurope.com\/fr\/wp-json\/wp\/v2\/product_tag?post=855963"}],"curies":[{"name":"wp","href":"https:\/\/api.w.org\/{rel}","templated":true}]}}