{"id":855983,"date":"2025-12-04T01:00:00","date_gmt":"2025-12-04T00:00:00","guid":{"rendered":"0"},"modified":"2026-01-28T16:31:58","modified_gmt":"2026-01-28T15:31:58","slug":"RMD120-B-fr_FR","status":"publish","type":"product","link":"https:\/\/b2b.calibereurope.com\/fr\/produit\/RMD120-B-fr_FR\/","title":{"rendered":"Autoradio st\u00e9r\u00e9o &#8211; R\u00e9tro avec technologie Bluetooth\u00ae &#8211; USB &#8211; SD &#8211; 4x 75Watt &#8211; Noir (RMD120BT-B)"},"content":{"rendered":"<p>Le Caliber RMD120BT-B est la variante noire de l&#39;autoradio RMD120BT avec technologie Bluetooth\u00ae. \u00c9coutez votre musique pr\u00e9f\u00e9r\u00e9e depuis votre smartphone via la technologie Bluetooth\u00ae ou utilisez la radio comme kit mains libres pour la voiture. T\u00e9l\u00e9phonez via les haut-parleurs de votre voiture.<\/p>\n<p><strong>\u00c9coutez de la musique de plusieurs fa\u00e7ons<\/strong><br \/>Le RMD120BT-B dispose d&#39;une entr\u00e9e USB, d&#39;une carte SD et d&#39;une entr\u00e9e AUX, vous pouvez donc \u00e9galement \u00e9couter de la musique depuis votre t\u00e9l\u00e9phone via ces ports. Gr\u00e2ce \u00e0 la puissance maximale de 4 x 75 watts, le son de votre voiture ne noie jamais votre musique. De plus, le profil de technologie A2DP Bluetooth\u00ae assure un streaming fluide et une bonne qualit\u00e9 sonore<\/p>\n<p><strong>Radio<\/strong><br \/>\u00c9coutez la radio et d\u00e9finissez 18 canaux pr\u00e9r\u00e9glages. De cette fa\u00e7on, vous pouvez facilement passer d&#39;un canal \u00e0 l&#39;autre. La fonction RDS EON vous donne toujours des informations sur le trafic \u00e0 jour lorsque vous avez la radio allum\u00e9e. Cet autoradio est de taille standard 1-DIN, vous pouvez donc facilement remplacer votre ancien autoradio.<\/p>\n","protected":false},"excerpt":{"rendered":"<p>Le Caliber RMD120BT-B est la variante noire de l&#39;autoradio RMD120BT avec technologie Bluetooth\u00ae. \u00c9coutez votre musique pr\u00e9f\u00e9r\u00e9e depuis votre smartphone via la technologie Bluetooth\u00ae ou utilisez la radio comme kit mains libres pour la voiture. T\u00e9l\u00e9phonez via les haut-parleurs de votre voiture. \u00c9coutez de la musique de plusieurs fa\u00e7onsLe RMD120BT-B dispose d&#39;une entr\u00e9e USB, d&#39;une [&hellip;]<\/p>\n","protected":false},"featured_media":869538,"template":"","meta":{"_acf_changed":false,"site-sidebar-layout":"default","site-content-layout":"","ast-site-content-layout":"default","site-content-style":"default","site-sidebar-style":"default","ast-global-header-display":"","ast-banner-title-visibility":"","ast-main-header-display":"","ast-hfb-above-header-display":"","ast-hfb-below-header-display":"","ast-hfb-mobile-header-display":"","site-post-title":"","ast-breadcrumbs-content":"","ast-featured-img":"","footer-sml-layout":"","theme-transparent-header-meta":"","adv-header-id-meta":"","stick-header-meta":"","header-above-stick-meta":"","header-main-stick-meta":"","header-below-stick-meta":"","astra-migrate-meta-layouts":"default","ast-page-background-enabled":"default","ast-page-background-meta":{"desktop":{"background-color":"","background-image":"","background-repeat":"repeat","background-position":"center center","background-size":"auto","background-attachment":"scroll","background-type":"","background-media":"","overlay-type":"","overlay-color":"","overlay-opacity":"","overlay-gradient":""},"tablet":{"background-color":"","background-image":"","background-repeat":"repeat","background-position":"center center","background-size":"auto","background-attachment":"scroll","background-type":"","background-media":"","overlay-type":"","overlay-color":"","overlay-opacity":"","overlay-gradient":""},"mobile":{"background-color":"","background-image":"","background-repeat":"repeat","background-position":"center center","background-size":"auto","background-attachment":"scroll","background-type":"","background-media":"","overlay-type":"","overlay-color":"","overlay-opacity":"","overlay-gradient":""}},"ast-content-background-meta":{"desktop":{"background-color":"var(--ast-global-color-5)","background-image":"","background-repeat":"repeat","background-position":"center center","background-size":"auto","background-attachment":"scroll","background-type":"","background-media":"","overlay-type":"","overlay-color":"","overlay-opacity":"","overlay-gradient":""},"tablet":{"background-color":"var(--ast-global-color-5)","background-image":"","background-repeat":"repeat","background-position":"center center","background-size":"auto","background-attachment":"scroll","background-type":"","background-media":"","overlay-type":"","overlay-color":"","overlay-opacity":"","overlay-gradient":""},"mobile":{"background-color":"var(--ast-global-color-5)","background-image":"","background-repeat":"repeat","background-position":"center center","background-size":"auto","background-attachment":"scroll","background-type":"","background-media":"","overlay-type":"","overlay-color":"","overlay-opacity":"","overlay-gradient":""}}},"product_brand":[],"product_cat":[22955],"product_tag":[],"class_list":{"0":"post-855983","1":"product","2":"type-product","3":"status-publish","4":"has-post-thumbnail","6":"product_cat-pas-de-categorie","7":"desktop-align-center","8":"tablet-align-center","9":"mobile-align-center","10":"ast-product-gallery-layout-horizontal","11":"ast-product-tabs-layout-horizontal","13":"first","14":"instock","15":"taxable","16":"shipping-taxable","17":"purchasable","18":"product-type-simple"},"acf":[],"yoast_head":"<!-- This site is optimized with the Yoast SEO plugin v26.5 - https:\/\/yoast.com\/wordpress\/plugins\/seo\/ -->\n<title>Autoradio st\u00e9r\u00e9o - R\u00e9tro avec technologie Bluetooth\u00ae - USB - SD - 4x 75Watt - Noir (RMD120BT-B) - Caliber Europe B.V.<\/title>\n<meta name=\"robots\" content=\"noindex, follow, max-snippet:-1, max-image-preview:large, max-video-preview:-1\" \/>\n<meta property=\"og:locale\" content=\"fr_FR\" \/>\n<meta property=\"og:type\" content=\"article\" \/>\n<meta property=\"og:title\" content=\"Autoradio st\u00e9r\u00e9o - R\u00e9tro avec technologie Bluetooth\u00ae - USB - SD - 4x 75Watt - Noir (RMD120BT-B) - Caliber Europe B.V.\" \/>\n<meta property=\"og:description\" content=\"Le Caliber RMD120BT-B est la variante noire de l&#039;autoradio RMD120BT avec technologie Bluetooth\u00ae. \u00c9coutez votre musique pr\u00e9f\u00e9r\u00e9e depuis votre smartphone via la technologie Bluetooth\u00ae ou utilisez la radio comme kit mains libres pour la voiture. T\u00e9l\u00e9phonez via les haut-parleurs de votre voiture. \u00c9coutez de la musique de plusieurs fa\u00e7onsLe RMD120BT-B dispose d&#039;une entr\u00e9e USB, d&#039;une [&hellip;]\" \/>\n<meta property=\"og:url\" content=\"https:\/\/b2b.calibereurope.com\/fr\/produit\/rmd120-b-fr_fr\/\" \/>\n<meta property=\"og:site_name\" content=\"Caliber Europe B.V.\" \/>\n<meta property=\"article:modified_time\" content=\"2026-01-28T15:31:58+00:00\" \/>\n<meta property=\"og:image\" content=\"http:\/\/b2b.calibereurope.com\/wp-content\/uploads\/2025\/02\/86e00fc954ee489a0dad102be2ecdb817ca974a7_RMD120BT_B.jpg\" \/>\n\t<meta property=\"og:image:width\" content=\"640\" \/>\n\t<meta property=\"og:image:height\" content=\"480\" \/>\n\t<meta property=\"og:image:type\" content=\"image\/jpeg\" \/>\n<meta name=\"twitter:card\" content=\"summary_large_image\" \/>\n<meta name=\"twitter:label1\" content=\"Dur\u00e9e de lecture estim\u00e9e\" \/>\n\t<meta name=\"twitter:data1\" content=\"1 minute\" \/>\n<script type=\"application\/ld+json\" class=\"yoast-schema-graph\">{\"@context\":\"https:\/\/schema.org\",\"@graph\":[{\"@type\":\"WebPage\",\"@id\":\"https:\/\/b2b.calibereurope.com\/fr\/produit\/rmd120-b-fr_fr\/\",\"url\":\"https:\/\/b2b.calibereurope.com\/fr\/produit\/rmd120-b-fr_fr\/\",\"name\":\"Autoradio st\u00e9r\u00e9o - R\u00e9tro avec technologie Bluetooth\u00ae - USB - SD - 4x 75Watt - Noir (RMD120BT-B) - Caliber Europe B.V.\",\"isPartOf\":{\"@id\":\"https:\/\/b2b.calibereurope.com\/#website\"},\"primaryImageOfPage\":{\"@id\":\"https:\/\/b2b.calibereurope.com\/fr\/produit\/rmd120-b-fr_fr\/#primaryimage\"},\"image\":{\"@id\":\"https:\/\/b2b.calibereurope.com\/fr\/produit\/rmd120-b-fr_fr\/#primaryimage\"},\"thumbnailUrl\":\"https:\/\/b2b.calibereurope.com\/wp-content\/uploads\/2025\/12\/86e00fc954ee489a0dad102be2ecdb817ca974a7_RMD120BT_B-4.jpg\",\"datePublished\":\"2025-12-04T00:00:00+00:00\",\"dateModified\":\"2026-01-28T15:31:58+00:00\",\"breadcrumb\":{\"@id\":\"https:\/\/b2b.calibereurope.com\/fr\/produit\/rmd120-b-fr_fr\/#breadcrumb\"},\"inLanguage\":\"fr-FR\",\"potentialAction\":[{\"@type\":\"ReadAction\",\"target\":[\"https:\/\/b2b.calibereurope.com\/fr\/produit\/rmd120-b-fr_fr\/\"]}]},{\"@type\":\"ImageObject\",\"inLanguage\":\"fr-FR\",\"@id\":\"https:\/\/b2b.calibereurope.com\/fr\/produit\/rmd120-b-fr_fr\/#primaryimage\",\"url\":\"https:\/\/b2b.calibereurope.com\/wp-content\/uploads\/2025\/12\/86e00fc954ee489a0dad102be2ecdb817ca974a7_RMD120BT_B-4.jpg\",\"contentUrl\":\"https:\/\/b2b.calibereurope.com\/wp-content\/uploads\/2025\/12\/86e00fc954ee489a0dad102be2ecdb817ca974a7_RMD120BT_B-4.jpg\",\"width\":640,\"height\":480},{\"@type\":\"BreadcrumbList\",\"@id\":\"https:\/\/b2b.calibereurope.com\/fr\/produit\/rmd120-b-fr_fr\/#breadcrumb\",\"itemListElement\":[{\"@type\":\"ListItem\",\"position\":1,\"name\":\"Home\",\"item\":\"https:\/\/b2b.calibereurope.com\/fr\/home\/\"},{\"@type\":\"ListItem\",\"position\":2,\"name\":\"Boutique\",\"item\":\"https:\/\/b2b.calibereurope.com\/fr\/boutique\/\"},{\"@type\":\"ListItem\",\"position\":3,\"name\":\"Autoradio st\u00e9r\u00e9o &#8211; R\u00e9tro avec technologie Bluetooth\u00ae &#8211; USB &#8211; SD &#8211; 4x 75Watt &#8211; Noir (RMD120BT-B)\"}]},{\"@type\":\"WebSite\",\"@id\":\"https:\/\/b2b.calibereurope.com\/#website\",\"url\":\"https:\/\/b2b.calibereurope.com\/\",\"name\":\"Caliber Europe B.V.\",\"description\":\"B2B Webshop\",\"publisher\":{\"@id\":\"https:\/\/b2b.calibereurope.com\/#organization\"},\"potentialAction\":[{\"@type\":\"SearchAction\",\"target\":{\"@type\":\"EntryPoint\",\"urlTemplate\":\"https:\/\/b2b.calibereurope.com\/?s={search_term_string}\"},\"query-input\":{\"@type\":\"PropertyValueSpecification\",\"valueRequired\":true,\"valueName\":\"search_term_string\"}}],\"inLanguage\":\"fr-FR\"},{\"@type\":\"Organization\",\"@id\":\"https:\/\/b2b.calibereurope.com\/#organization\",\"name\":\"Caliber Europe B.V.\",\"url\":\"https:\/\/b2b.calibereurope.com\/\",\"logo\":{\"@type\":\"ImageObject\",\"inLanguage\":\"fr-FR\",\"@id\":\"https:\/\/b2b.calibereurope.com\/#\/schema\/logo\/image\/\",\"url\":\"https:\/\/b2b.calibereurope.com\/wp-content\/uploads\/2020\/12\/Caliber_Logo-Black.png\",\"contentUrl\":\"https:\/\/b2b.calibereurope.com\/wp-content\/uploads\/2020\/12\/Caliber_Logo-Black.png\",\"width\":3157,\"height\":356,\"caption\":\"Caliber Europe B.V.\"},\"image\":{\"@id\":\"https:\/\/b2b.calibereurope.com\/#\/schema\/logo\/image\/\"}}]}<\/script>\n<!-- \/ Yoast SEO plugin. -->","yoast_head_json":{"title":"Autoradio st\u00e9r\u00e9o - R\u00e9tro avec technologie Bluetooth\u00ae - USB - SD - 4x 75Watt - Noir (RMD120BT-B) - Caliber Europe B.V.","robots":{"index":"noindex","follow":"follow","max-snippet":"max-snippet:-1","max-image-preview":"max-image-preview:large","max-video-preview":"max-video-preview:-1"},"og_locale":"fr_FR","og_type":"article","og_title":"Autoradio st\u00e9r\u00e9o - R\u00e9tro avec technologie Bluetooth\u00ae - USB - SD - 4x 75Watt - Noir (RMD120BT-B) - Caliber Europe B.V.","og_description":"Le Caliber RMD120BT-B est la variante noire de l&#39;autoradio RMD120BT avec technologie Bluetooth\u00ae. \u00c9coutez votre musique pr\u00e9f\u00e9r\u00e9e depuis votre smartphone via la technologie Bluetooth\u00ae ou utilisez la radio comme kit mains libres pour la voiture. T\u00e9l\u00e9phonez via les haut-parleurs de votre voiture. \u00c9coutez de la musique de plusieurs fa\u00e7onsLe RMD120BT-B dispose d&#39;une entr\u00e9e USB, d&#39;une [&hellip;]","og_url":"https:\/\/b2b.calibereurope.com\/fr\/produit\/rmd120-b-fr_fr\/","og_site_name":"Caliber Europe B.V.","article_modified_time":"2026-01-28T15:31:58+00:00","og_image":[{"width":640,"height":480,"url":"http:\/\/b2b.calibereurope.com\/wp-content\/uploads\/2025\/02\/86e00fc954ee489a0dad102be2ecdb817ca974a7_RMD120BT_B.jpg","type":"image\/jpeg"}],"twitter_card":"summary_large_image","twitter_misc":{"Dur\u00e9e de lecture estim\u00e9e":"1 minute"},"schema":{"@context":"https:\/\/schema.org","@graph":[{"@type":"WebPage","@id":"https:\/\/b2b.calibereurope.com\/fr\/produit\/rmd120-b-fr_fr\/","url":"https:\/\/b2b.calibereurope.com\/fr\/produit\/rmd120-b-fr_fr\/","name":"Autoradio st\u00e9r\u00e9o - R\u00e9tro avec technologie Bluetooth\u00ae - USB - SD - 4x 75Watt - Noir (RMD120BT-B) - Caliber Europe B.V.","isPartOf":{"@id":"https:\/\/b2b.calibereurope.com\/#website"},"primaryImageOfPage":{"@id":"https:\/\/b2b.calibereurope.com\/fr\/produit\/rmd120-b-fr_fr\/#primaryimage"},"image":{"@id":"https:\/\/b2b.calibereurope.com\/fr\/produit\/rmd120-b-fr_fr\/#primaryimage"},"thumbnailUrl":"https:\/\/b2b.calibereurope.com\/wp-content\/uploads\/2025\/12\/86e00fc954ee489a0dad102be2ecdb817ca974a7_RMD120BT_B-4.jpg","datePublished":"2025-12-04T00:00:00+00:00","dateModified":"2026-01-28T15:31:58+00:00","breadcrumb":{"@id":"https:\/\/b2b.calibereurope.com\/fr\/produit\/rmd120-b-fr_fr\/#breadcrumb"},"inLanguage":"fr-FR","potentialAction":[{"@type":"ReadAction","target":["https:\/\/b2b.calibereurope.com\/fr\/produit\/rmd120-b-fr_fr\/"]}]},{"@type":"ImageObject","inLanguage":"fr-FR","@id":"https:\/\/b2b.calibereurope.com\/fr\/produit\/rmd120-b-fr_fr\/#primaryimage","url":"https:\/\/b2b.calibereurope.com\/wp-content\/uploads\/2025\/12\/86e00fc954ee489a0dad102be2ecdb817ca974a7_RMD120BT_B-4.jpg","contentUrl":"https:\/\/b2b.calibereurope.com\/wp-content\/uploads\/2025\/12\/86e00fc954ee489a0dad102be2ecdb817ca974a7_RMD120BT_B-4.jpg","width":640,"height":480},{"@type":"BreadcrumbList","@id":"https:\/\/b2b.calibereurope.com\/fr\/produit\/rmd120-b-fr_fr\/#breadcrumb","itemListElement":[{"@type":"ListItem","position":1,"name":"Home","item":"https:\/\/b2b.calibereurope.com\/fr\/home\/"},{"@type":"ListItem","position":2,"name":"Boutique","item":"https:\/\/b2b.calibereurope.com\/fr\/boutique\/"},{"@type":"ListItem","position":3,"name":"Autoradio st\u00e9r\u00e9o &#8211; R\u00e9tro avec technologie Bluetooth\u00ae &#8211; USB &#8211; SD &#8211; 4x 75Watt &#8211; Noir (RMD120BT-B)"}]},{"@type":"WebSite","@id":"https:\/\/b2b.calibereurope.com\/#website","url":"https:\/\/b2b.calibereurope.com\/","name":"Caliber Europe B.V.","description":"B2B Webshop","publisher":{"@id":"https:\/\/b2b.calibereurope.com\/#organization"},"potentialAction":[{"@type":"SearchAction","target":{"@type":"EntryPoint","urlTemplate":"https:\/\/b2b.calibereurope.com\/?s={search_term_string}"},"query-input":{"@type":"PropertyValueSpecification","valueRequired":true,"valueName":"search_term_string"}}],"inLanguage":"fr-FR"},{"@type":"Organization","@id":"https:\/\/b2b.calibereurope.com\/#organization","name":"Caliber Europe B.V.","url":"https:\/\/b2b.calibereurope.com\/","logo":{"@type":"ImageObject","inLanguage":"fr-FR","@id":"https:\/\/b2b.calibereurope.com\/#\/schema\/logo\/image\/","url":"https:\/\/b2b.calibereurope.com\/wp-content\/uploads\/2020\/12\/Caliber_Logo-Black.png","contentUrl":"https:\/\/b2b.calibereurope.com\/wp-content\/uploads\/2020\/12\/Caliber_Logo-Black.png","width":3157,"height":356,"caption":"Caliber Europe B.V."},"image":{"@id":"https:\/\/b2b.calibereurope.com\/#\/schema\/logo\/image\/"}}]}},"_links":{"self":[{"href":"https:\/\/b2b.calibereurope.com\/fr\/wp-json\/wp\/v2\/product\/855983","targetHints":{"allow":["GET"]}}],"collection":[{"href":"https:\/\/b2b.calibereurope.com\/fr\/wp-json\/wp\/v2\/product"}],"about":[{"href":"https:\/\/b2b.calibereurope.com\/fr\/wp-json\/wp\/v2\/types\/product"}],"version-history":[{"count":1,"href":"https:\/\/b2b.calibereurope.com\/fr\/wp-json\/wp\/v2\/product\/855983\/revisions"}],"predecessor-version":[{"id":856092,"href":"https:\/\/b2b.calibereurope.com\/fr\/wp-json\/wp\/v2\/product\/855983\/revisions\/856092"}],"wp:featuredmedia":[{"embeddable":true,"href":"https:\/\/b2b.calibereurope.com\/fr\/wp-json\/wp\/v2\/media\/869538"}],"wp:attachment":[{"href":"https:\/\/b2b.calibereurope.com\/fr\/wp-json\/wp\/v2\/media?parent=855983"}],"wp:term":[{"taxonomy":"product_brand","embeddable":true,"href":"https:\/\/b2b.calibereurope.com\/fr\/wp-json\/wp\/v2\/product_brand?post=855983"},{"taxonomy":"product_cat","embeddable":true,"href":"https:\/\/b2b.calibereurope.com\/fr\/wp-json\/wp\/v2\/product_cat?post=855983"},{"taxonomy":"product_tag","embeddable":true,"href":"https:\/\/b2b.calibereurope.com\/fr\/wp-json\/wp\/v2\/product_tag?post=855983"}],"curies":[{"name":"wp","href":"https:\/\/api.w.org\/{rel}","templated":true}]}}