{"id":856047,"date":"2025-12-04T01:00:00","date_gmt":"2025-12-04T00:00:00","guid":{"rendered":"0"},"modified":"2026-03-25T11:04:17","modified_gmt":"2026-03-25T10:04:17","slug":"RMD120DAB-B-fr_FR","status":"publish","type":"product","link":"https:\/\/b2b.calibereurope.com\/fr\/produit\/RMD120DAB-B-fr_FR\/","title":{"rendered":"Autoradio avec DAB+ &#8211; USB &#8211; Technologie Bluetooth\u00ae 4x75Watt &#8211; Look R\u00e9tro Chrome Noir (RMD120DAB-BT-B)"},"content":{"rendered":"<p>Le Caliber RMD120DAB-BT\/B est la variante chrom\u00e9e noire de l&#39;autoradio RMD120DAB-BT \u00e0 technologie Bluetooth\u00ae et DAB+. \u00c9coutez votre musique pr\u00e9f\u00e9r\u00e9e depuis votre smartphone gr\u00e2ce \u00e0 la technologie Bluetooth\u00ae ou utilisez la radio comme un kit mains libres. En fait, vous passez des appels via les haut-parleurs de votre voiture.<\/p>\n<p><strong> Jouez de la musique de plusieurs fa\u00e7ons<\/strong><br \/>\nLe RMD120DAB-BT\/B dispose d&#39;un port USB, d&#39;une entr\u00e9e pour carte SD et d&#39;une entr\u00e9e auxiliaire, ce qui vous permet de lire la musique de votre t\u00e9l\u00e9phone via ces ports \u00e9galement. Gr\u00e2ce \u00e0 la puissance maximale de 4x 75 Watts, le bruit de votre voiture ne couvre jamais votre musique. En outre, le profil A2DP de la technologie Bluetooth\u00ae garantit un streaming fluide et une bonne qualit\u00e9 sonore.<\/p>\n<p><strong> Qualit\u00e9 DAB+<\/strong><br \/>\nLa DAB+ offre une meilleure qualit\u00e9 sonore que son pr\u00e9d\u00e9cesseur, la FM. La r\u00e9ception est meilleure et il y a moins de bruit. Le DAB+ donne plus de d\u00e9finition au son, ce qui vous permet de profiter davantage de vos tubes et \u00e9missions de radio pr\u00e9f\u00e9r\u00e9s.<\/p>\n<p><strong>Radio<br \/><\/strong>\u00c9coutez la radio et r\u00e9glez 18 pr\u00e9s\u00e9lections FM. Il est d\u00e8s lors facile de passer d&#39;une station \u00e0 l&#39;autre. La fonction RDS EON vous fournit toujours des informations routi\u00e8res actualis\u00e9es lorsque la radio est allum\u00e9e. Cet autoradio a la taille standard 1-DIN, ce qui permet de remplacer facilement votre ancien autoradio.<\/p>\n","protected":false},"excerpt":{"rendered":"<p>Le Caliber RMD120DAB-BT\/B est la variante chrom\u00e9e noire de l&#39;autoradio RMD120DAB-BT \u00e0 technologie Bluetooth\u00ae et DAB+. \u00c9coutez votre musique pr\u00e9f\u00e9r\u00e9e depuis votre smartphone gr\u00e2ce \u00e0 la technologie Bluetooth\u00ae ou utilisez la radio comme un kit mains libres. En fait, vous passez des appels via les haut-parleurs de votre voiture. Jouez de la musique de plusieurs [&hellip;]<\/p>\n","protected":false},"featured_media":870054,"template":"","meta":{"_acf_changed":false,"site-sidebar-layout":"default","site-content-layout":"","ast-site-content-layout":"default","site-content-style":"default","site-sidebar-style":"default","ast-global-header-display":"","ast-banner-title-visibility":"","ast-main-header-display":"","ast-hfb-above-header-display":"","ast-hfb-below-header-display":"","ast-hfb-mobile-header-display":"","site-post-title":"","ast-breadcrumbs-content":"","ast-featured-img":"","footer-sml-layout":"","theme-transparent-header-meta":"","adv-header-id-meta":"","stick-header-meta":"","header-above-stick-meta":"","header-main-stick-meta":"","header-below-stick-meta":"","astra-migrate-meta-layouts":"default","ast-page-background-enabled":"default","ast-page-background-meta":{"desktop":{"background-color":"","background-image":"","background-repeat":"repeat","background-position":"center center","background-size":"auto","background-attachment":"scroll","background-type":"","background-media":"","overlay-type":"","overlay-color":"","overlay-opacity":"","overlay-gradient":""},"tablet":{"background-color":"","background-image":"","background-repeat":"repeat","background-position":"center center","background-size":"auto","background-attachment":"scroll","background-type":"","background-media":"","overlay-type":"","overlay-color":"","overlay-opacity":"","overlay-gradient":""},"mobile":{"background-color":"","background-image":"","background-repeat":"repeat","background-position":"center center","background-size":"auto","background-attachment":"scroll","background-type":"","background-media":"","overlay-type":"","overlay-color":"","overlay-opacity":"","overlay-gradient":""}},"ast-content-background-meta":{"desktop":{"background-color":"var(--ast-global-color-5)","background-image":"","background-repeat":"repeat","background-position":"center center","background-size":"auto","background-attachment":"scroll","background-type":"","background-media":"","overlay-type":"","overlay-color":"","overlay-opacity":"","overlay-gradient":""},"tablet":{"background-color":"var(--ast-global-color-5)","background-image":"","background-repeat":"repeat","background-position":"center center","background-size":"auto","background-attachment":"scroll","background-type":"","background-media":"","overlay-type":"","overlay-color":"","overlay-opacity":"","overlay-gradient":""},"mobile":{"background-color":"var(--ast-global-color-5)","background-image":"","background-repeat":"repeat","background-position":"center center","background-size":"auto","background-attachment":"scroll","background-type":"","background-media":"","overlay-type":"","overlay-color":"","overlay-opacity":"","overlay-gradient":""}}},"product_brand":[],"product_cat":[22955],"product_tag":[],"class_list":{"0":"post-856047","1":"product","2":"type-product","3":"status-publish","4":"has-post-thumbnail","6":"product_cat-pas-de-categorie","7":"desktop-align-center","8":"tablet-align-center","9":"mobile-align-center","10":"ast-product-gallery-layout-horizontal","11":"ast-product-tabs-layout-horizontal","13":"first","14":"instock","15":"taxable","16":"shipping-taxable","17":"purchasable","18":"product-type-simple"},"acf":[],"yoast_head":"<!-- This site is optimized with the Yoast SEO plugin v26.5 - https:\/\/yoast.com\/wordpress\/plugins\/seo\/ -->\n<title>Autoradio avec DAB+ - USB - Technologie Bluetooth\u00ae 4x75Watt - Look R\u00e9tro Chrome Noir (RMD120DAB-BT-B) - Caliber Europe B.V.<\/title>\n<meta name=\"robots\" content=\"noindex, follow, max-snippet:-1, max-image-preview:large, max-video-preview:-1\" \/>\n<meta property=\"og:locale\" content=\"fr_FR\" \/>\n<meta property=\"og:type\" content=\"article\" \/>\n<meta property=\"og:title\" content=\"Autoradio avec DAB+ - USB - Technologie Bluetooth\u00ae 4x75Watt - Look R\u00e9tro Chrome Noir (RMD120DAB-BT-B) - Caliber Europe B.V.\" \/>\n<meta property=\"og:description\" content=\"Le Caliber RMD120DAB-BT\/B est la variante chrom\u00e9e noire de l&#039;autoradio RMD120DAB-BT \u00e0 technologie Bluetooth\u00ae et DAB+. \u00c9coutez votre musique pr\u00e9f\u00e9r\u00e9e depuis votre smartphone gr\u00e2ce \u00e0 la technologie Bluetooth\u00ae ou utilisez la radio comme un kit mains libres. En fait, vous passez des appels via les haut-parleurs de votre voiture. Jouez de la musique de plusieurs [&hellip;]\" \/>\n<meta property=\"og:url\" content=\"https:\/\/b2b.calibereurope.com\/fr\/produit\/rmd120dab-b-fr_fr\/\" \/>\n<meta property=\"og:site_name\" content=\"Caliber Europe B.V.\" \/>\n<meta property=\"article:modified_time\" content=\"2026-03-25T10:04:17+00:00\" \/>\n<meta property=\"og:image\" content=\"http:\/\/b2b.calibereurope.com\/wp-content\/uploads\/2025\/02\/bc02a690bcafbe240d989cc2e71b1cd8deb5f2c8_Caliber_RMD_120_DAB_BT_B_Front-scaled.png\" \/>\n\t<meta property=\"og:image:width\" content=\"2560\" \/>\n\t<meta property=\"og:image:height\" content=\"1707\" \/>\n\t<meta property=\"og:image:type\" content=\"image\/png\" \/>\n<meta name=\"twitter:card\" content=\"summary_large_image\" \/>\n<meta name=\"twitter:label1\" content=\"Dur\u00e9e de lecture estim\u00e9e\" \/>\n\t<meta name=\"twitter:data1\" content=\"1 minute\" \/>\n<script type=\"application\/ld+json\" class=\"yoast-schema-graph\">{\"@context\":\"https:\/\/schema.org\",\"@graph\":[{\"@type\":\"WebPage\",\"@id\":\"https:\/\/b2b.calibereurope.com\/fr\/produit\/rmd120dab-b-fr_fr\/\",\"url\":\"https:\/\/b2b.calibereurope.com\/fr\/produit\/rmd120dab-b-fr_fr\/\",\"name\":\"Autoradio avec DAB+ - USB - Technologie Bluetooth\u00ae 4x75Watt - Look R\u00e9tro Chrome Noir (RMD120DAB-BT-B) - Caliber Europe B.V.\",\"isPartOf\":{\"@id\":\"https:\/\/b2b.calibereurope.com\/#website\"},\"primaryImageOfPage\":{\"@id\":\"https:\/\/b2b.calibereurope.com\/fr\/produit\/rmd120dab-b-fr_fr\/#primaryimage\"},\"image\":{\"@id\":\"https:\/\/b2b.calibereurope.com\/fr\/produit\/rmd120dab-b-fr_fr\/#primaryimage\"},\"thumbnailUrl\":\"https:\/\/b2b.calibereurope.com\/wp-content\/uploads\/2025\/12\/bc02a690bcafbe240d989cc2e71b1cd8deb5f2c8_Caliber_RMD_120_DAB_BT_B_Front-4-scaled.png\",\"datePublished\":\"2025-12-04T00:00:00+00:00\",\"dateModified\":\"2026-03-25T10:04:17+00:00\",\"breadcrumb\":{\"@id\":\"https:\/\/b2b.calibereurope.com\/fr\/produit\/rmd120dab-b-fr_fr\/#breadcrumb\"},\"inLanguage\":\"fr-FR\",\"potentialAction\":[{\"@type\":\"ReadAction\",\"target\":[\"https:\/\/b2b.calibereurope.com\/fr\/produit\/rmd120dab-b-fr_fr\/\"]}]},{\"@type\":\"ImageObject\",\"inLanguage\":\"fr-FR\",\"@id\":\"https:\/\/b2b.calibereurope.com\/fr\/produit\/rmd120dab-b-fr_fr\/#primaryimage\",\"url\":\"https:\/\/b2b.calibereurope.com\/wp-content\/uploads\/2025\/12\/bc02a690bcafbe240d989cc2e71b1cd8deb5f2c8_Caliber_RMD_120_DAB_BT_B_Front-4-scaled.png\",\"contentUrl\":\"https:\/\/b2b.calibereurope.com\/wp-content\/uploads\/2025\/12\/bc02a690bcafbe240d989cc2e71b1cd8deb5f2c8_Caliber_RMD_120_DAB_BT_B_Front-4-scaled.png\",\"width\":2560,\"height\":1707},{\"@type\":\"BreadcrumbList\",\"@id\":\"https:\/\/b2b.calibereurope.com\/fr\/produit\/rmd120dab-b-fr_fr\/#breadcrumb\",\"itemListElement\":[{\"@type\":\"ListItem\",\"position\":1,\"name\":\"Home\",\"item\":\"https:\/\/b2b.calibereurope.com\/fr\/home\/\"},{\"@type\":\"ListItem\",\"position\":2,\"name\":\"Boutique\",\"item\":\"https:\/\/b2b.calibereurope.com\/fr\/boutique\/\"},{\"@type\":\"ListItem\",\"position\":3,\"name\":\"Autoradio avec DAB+ &#8211; USB &#8211; Technologie Bluetooth\u00ae 4x75Watt &#8211; Look R\u00e9tro Chrome Noir (RMD120DAB-BT-B)\"}]},{\"@type\":\"WebSite\",\"@id\":\"https:\/\/b2b.calibereurope.com\/#website\",\"url\":\"https:\/\/b2b.calibereurope.com\/\",\"name\":\"Caliber Europe B.V.\",\"description\":\"B2B Webshop\",\"publisher\":{\"@id\":\"https:\/\/b2b.calibereurope.com\/#organization\"},\"potentialAction\":[{\"@type\":\"SearchAction\",\"target\":{\"@type\":\"EntryPoint\",\"urlTemplate\":\"https:\/\/b2b.calibereurope.com\/?s={search_term_string}\"},\"query-input\":{\"@type\":\"PropertyValueSpecification\",\"valueRequired\":true,\"valueName\":\"search_term_string\"}}],\"inLanguage\":\"fr-FR\"},{\"@type\":\"Organization\",\"@id\":\"https:\/\/b2b.calibereurope.com\/#organization\",\"name\":\"Caliber Europe B.V.\",\"url\":\"https:\/\/b2b.calibereurope.com\/\",\"logo\":{\"@type\":\"ImageObject\",\"inLanguage\":\"fr-FR\",\"@id\":\"https:\/\/b2b.calibereurope.com\/#\/schema\/logo\/image\/\",\"url\":\"https:\/\/b2b.calibereurope.com\/wp-content\/uploads\/2020\/12\/Caliber_Logo-Black.png\",\"contentUrl\":\"https:\/\/b2b.calibereurope.com\/wp-content\/uploads\/2020\/12\/Caliber_Logo-Black.png\",\"width\":3157,\"height\":356,\"caption\":\"Caliber Europe B.V.\"},\"image\":{\"@id\":\"https:\/\/b2b.calibereurope.com\/#\/schema\/logo\/image\/\"}}]}<\/script>\n<!-- \/ Yoast SEO plugin. -->","yoast_head_json":{"title":"Autoradio avec DAB+ - USB - Technologie Bluetooth\u00ae 4x75Watt - Look R\u00e9tro Chrome Noir (RMD120DAB-BT-B) - Caliber Europe B.V.","robots":{"index":"noindex","follow":"follow","max-snippet":"max-snippet:-1","max-image-preview":"max-image-preview:large","max-video-preview":"max-video-preview:-1"},"og_locale":"fr_FR","og_type":"article","og_title":"Autoradio avec DAB+ - USB - Technologie Bluetooth\u00ae 4x75Watt - Look R\u00e9tro Chrome Noir (RMD120DAB-BT-B) - Caliber Europe B.V.","og_description":"Le Caliber RMD120DAB-BT\/B est la variante chrom\u00e9e noire de l&#39;autoradio RMD120DAB-BT \u00e0 technologie Bluetooth\u00ae et DAB+. \u00c9coutez votre musique pr\u00e9f\u00e9r\u00e9e depuis votre smartphone gr\u00e2ce \u00e0 la technologie Bluetooth\u00ae ou utilisez la radio comme un kit mains libres. En fait, vous passez des appels via les haut-parleurs de votre voiture. Jouez de la musique de plusieurs [&hellip;]","og_url":"https:\/\/b2b.calibereurope.com\/fr\/produit\/rmd120dab-b-fr_fr\/","og_site_name":"Caliber Europe B.V.","article_modified_time":"2026-03-25T10:04:17+00:00","og_image":[{"width":2560,"height":1707,"url":"http:\/\/b2b.calibereurope.com\/wp-content\/uploads\/2025\/02\/bc02a690bcafbe240d989cc2e71b1cd8deb5f2c8_Caliber_RMD_120_DAB_BT_B_Front-scaled.png","type":"image\/png"}],"twitter_card":"summary_large_image","twitter_misc":{"Dur\u00e9e de lecture estim\u00e9e":"1 minute"},"schema":{"@context":"https:\/\/schema.org","@graph":[{"@type":"WebPage","@id":"https:\/\/b2b.calibereurope.com\/fr\/produit\/rmd120dab-b-fr_fr\/","url":"https:\/\/b2b.calibereurope.com\/fr\/produit\/rmd120dab-b-fr_fr\/","name":"Autoradio avec DAB+ - USB - Technologie Bluetooth\u00ae 4x75Watt - Look R\u00e9tro Chrome Noir (RMD120DAB-BT-B) - Caliber Europe B.V.","isPartOf":{"@id":"https:\/\/b2b.calibereurope.com\/#website"},"primaryImageOfPage":{"@id":"https:\/\/b2b.calibereurope.com\/fr\/produit\/rmd120dab-b-fr_fr\/#primaryimage"},"image":{"@id":"https:\/\/b2b.calibereurope.com\/fr\/produit\/rmd120dab-b-fr_fr\/#primaryimage"},"thumbnailUrl":"https:\/\/b2b.calibereurope.com\/wp-content\/uploads\/2025\/12\/bc02a690bcafbe240d989cc2e71b1cd8deb5f2c8_Caliber_RMD_120_DAB_BT_B_Front-4-scaled.png","datePublished":"2025-12-04T00:00:00+00:00","dateModified":"2026-03-25T10:04:17+00:00","breadcrumb":{"@id":"https:\/\/b2b.calibereurope.com\/fr\/produit\/rmd120dab-b-fr_fr\/#breadcrumb"},"inLanguage":"fr-FR","potentialAction":[{"@type":"ReadAction","target":["https:\/\/b2b.calibereurope.com\/fr\/produit\/rmd120dab-b-fr_fr\/"]}]},{"@type":"ImageObject","inLanguage":"fr-FR","@id":"https:\/\/b2b.calibereurope.com\/fr\/produit\/rmd120dab-b-fr_fr\/#primaryimage","url":"https:\/\/b2b.calibereurope.com\/wp-content\/uploads\/2025\/12\/bc02a690bcafbe240d989cc2e71b1cd8deb5f2c8_Caliber_RMD_120_DAB_BT_B_Front-4-scaled.png","contentUrl":"https:\/\/b2b.calibereurope.com\/wp-content\/uploads\/2025\/12\/bc02a690bcafbe240d989cc2e71b1cd8deb5f2c8_Caliber_RMD_120_DAB_BT_B_Front-4-scaled.png","width":2560,"height":1707},{"@type":"BreadcrumbList","@id":"https:\/\/b2b.calibereurope.com\/fr\/produit\/rmd120dab-b-fr_fr\/#breadcrumb","itemListElement":[{"@type":"ListItem","position":1,"name":"Home","item":"https:\/\/b2b.calibereurope.com\/fr\/home\/"},{"@type":"ListItem","position":2,"name":"Boutique","item":"https:\/\/b2b.calibereurope.com\/fr\/boutique\/"},{"@type":"ListItem","position":3,"name":"Autoradio avec DAB+ &#8211; USB &#8211; Technologie Bluetooth\u00ae 4x75Watt &#8211; Look R\u00e9tro Chrome Noir (RMD120DAB-BT-B)"}]},{"@type":"WebSite","@id":"https:\/\/b2b.calibereurope.com\/#website","url":"https:\/\/b2b.calibereurope.com\/","name":"Caliber Europe B.V.","description":"B2B Webshop","publisher":{"@id":"https:\/\/b2b.calibereurope.com\/#organization"},"potentialAction":[{"@type":"SearchAction","target":{"@type":"EntryPoint","urlTemplate":"https:\/\/b2b.calibereurope.com\/?s={search_term_string}"},"query-input":{"@type":"PropertyValueSpecification","valueRequired":true,"valueName":"search_term_string"}}],"inLanguage":"fr-FR"},{"@type":"Organization","@id":"https:\/\/b2b.calibereurope.com\/#organization","name":"Caliber Europe B.V.","url":"https:\/\/b2b.calibereurope.com\/","logo":{"@type":"ImageObject","inLanguage":"fr-FR","@id":"https:\/\/b2b.calibereurope.com\/#\/schema\/logo\/image\/","url":"https:\/\/b2b.calibereurope.com\/wp-content\/uploads\/2020\/12\/Caliber_Logo-Black.png","contentUrl":"https:\/\/b2b.calibereurope.com\/wp-content\/uploads\/2020\/12\/Caliber_Logo-Black.png","width":3157,"height":356,"caption":"Caliber Europe B.V."},"image":{"@id":"https:\/\/b2b.calibereurope.com\/#\/schema\/logo\/image\/"}}]}},"_links":{"self":[{"href":"https:\/\/b2b.calibereurope.com\/fr\/wp-json\/wp\/v2\/product\/856047","targetHints":{"allow":["GET"]}}],"collection":[{"href":"https:\/\/b2b.calibereurope.com\/fr\/wp-json\/wp\/v2\/product"}],"about":[{"href":"https:\/\/b2b.calibereurope.com\/fr\/wp-json\/wp\/v2\/types\/product"}],"version-history":[{"count":1,"href":"https:\/\/b2b.calibereurope.com\/fr\/wp-json\/wp\/v2\/product\/856047\/revisions"}],"predecessor-version":[{"id":856100,"href":"https:\/\/b2b.calibereurope.com\/fr\/wp-json\/wp\/v2\/product\/856047\/revisions\/856100"}],"wp:featuredmedia":[{"embeddable":true,"href":"https:\/\/b2b.calibereurope.com\/fr\/wp-json\/wp\/v2\/media\/870054"}],"wp:attachment":[{"href":"https:\/\/b2b.calibereurope.com\/fr\/wp-json\/wp\/v2\/media?parent=856047"}],"wp:term":[{"taxonomy":"product_brand","embeddable":true,"href":"https:\/\/b2b.calibereurope.com\/fr\/wp-json\/wp\/v2\/product_brand?post=856047"},{"taxonomy":"product_cat","embeddable":true,"href":"https:\/\/b2b.calibereurope.com\/fr\/wp-json\/wp\/v2\/product_cat?post=856047"},{"taxonomy":"product_tag","embeddable":true,"href":"https:\/\/b2b.calibereurope.com\/fr\/wp-json\/wp\/v2\/product_tag?post=856047"}],"curies":[{"name":"wp","href":"https:\/\/api.w.org\/{rel}","templated":true}]}}