{"id":859551,"date":"2025-12-04T01:00:00","date_gmt":"2025-12-04T00:00:00","guid":{"rendered":"0"},"modified":"2025-12-04T14:59:21","modified_gmt":"2025-12-04T13:59:21","slug":"RB-SK300-fr_FR","status":"publish","type":"product","link":"https:\/\/b2b.calibereurope.com\/fr\/produit\/RB-SK300-fr_FR\/","title":{"rendered":"R\u00e9veil radio ORACLE RED BULL RACING \u2013 R\u00e9veil num\u00e9rique avec recharge sans fil \u2013 Enceinte Bluetooth \u2013 \u00c9clairage LED multicolore \u2013 Puissance max 30 W \u2013 TWS (RB-SK300)"},"content":{"rendered":"<p>Profitez de votre musique, radio ou sons apaisants pr\u00e9f\u00e9r\u00e9s avec le r\u00e9veil-enceinte polyvalent Oracle Red Bull Racing RB-SK300. Ce <strong>haut-parleur Bluetooth avec fonction r\u00e9veil<\/strong> \u00e9l\u00e9gant est dot\u00e9 de la <strong>recharge sans fil<\/strong> pour votre smartphone, d\u2019un <strong>\u00e9clairage couleur<\/strong> avec 13 effets et d\u2019une <strong>radio FM int\u00e9gr\u00e9e<\/strong>. Avec la <strong>fonction TWS<\/strong>, vous couplez facilement une deuxi\u00e8me enceinte pour un son st\u00e9r\u00e9o puissant. Gr\u00e2ce \u00e0 l\u2019<strong>horloge et au r\u00e9veil int\u00e9gr\u00e9s<\/strong>, c\u2019est le compl\u00e9ment id\u00e9al pour votre chambre ou salon.<\/p>\n<p><strong>Caract\u00e9ristiques :<\/strong><\/p>\n<ul>\n<li>Haut-parleur Bluetooth avec horloge et r\u00e9veil<\/li>\n<li>Recharge sans fil pour smartphone<\/li>\n<li>Radio FM int\u00e9gr\u00e9e<\/li>\n<li>Fonction TWS pour coupler une deuxi\u00e8me enceinte<\/li>\n<li>Mode bruit blanc (sons de la nature)<\/li>\n<li>Jusqu\u2019\u00e0 8 heures d\u2019autonomie sur batterie<\/li>\n<li>13 effets lumineux color\u00e9s<\/li>\n<li>Compatible TF, USB et AUX<\/li>\n<\/ul>\n<h3>Enceinte et r\u00e9veil en un<\/h3>\n<p>Avec le Caliber RB-SK300, vous obtenez plus qu\u2019une simple enceinte. En plus d\u2019\u00e9couter de la musique via Bluetooth, carte TF, USB ou AUX, vous l\u2019utilisez aussi comme r\u00e9veil. R\u00e9glez facilement une alarme et r\u00e9veillez-vous avec votre son pr\u00e9f\u00e9r\u00e9. La minuterie d\u2019arr\u00eat automatique vous aide \u00e0 vous endormir paisiblement avec de la musique ou du bruit blanc.<\/p>\n<h3>Recharge sans fil<\/h3>\n<p>Cette enceinte dispose d\u2019un <strong>socle de recharge sans fil Qi<\/strong> sur le dessus. Placez votre smartphone au bon endroit et il se charge automatiquement. Id\u00e9al sur votre table de nuit pour vous r\u00e9veiller avec une batterie pleine.<\/p>\n<h3>Son puissant et fonction TWS<\/h3>\n<p>Avec une puissance de <strong>2x6W<\/strong>, profitez d\u2019un son clair et puissant. Vous voulez plus de volume ou un vrai effet st\u00e9r\u00e9o ? Couplez une deuxi\u00e8me RB-SK300 via la fonction TWS et profitez d\u2019un son synchronis\u00e9 sur deux enceintes.<\/p>\n<h3>Radio FM et bruit blanc<\/h3>\n<p>\u00c9coutez facilement vos stations pr\u00e9f\u00e9r\u00e9es gr\u00e2ce \u00e0 la radio FM int\u00e9gr\u00e9e. Branchez le c\u00e2ble USB en tant qu\u2019antenne et laissez l\u2019enceinte rechercher et enregistrer automatiquement les stations. Pour ceux qui ont du mal \u00e0 dormir, un <strong>mode bruit blanc<\/strong> avec des sons relaxants est \u00e9galement disponible.<\/p>\n<h3>\u00c9clairage d\u2019ambiance<\/h3>\n<p>Cr\u00e9ez la bonne ambiance gr\u00e2ce \u00e0 l\u2019<strong>\u00e9clairage LED int\u00e9gr\u00e9<\/strong>. Choisissez parmi 13 effets de couleur et de lumi\u00e8re contr\u00f4lables par simple pression d\u2019un bouton. Parfait comme veilleuse ou pour ajouter une touche chaleureuse \u00e0 la pi\u00e8ce.<\/p>\n","protected":false},"excerpt":{"rendered":"<p>Profitez de votre musique, radio ou sons apaisants pr\u00e9f\u00e9r\u00e9s avec le r\u00e9veil-enceinte polyvalent Oracle Red Bull Racing RB-SK300. Ce haut-parleur Bluetooth avec fonction r\u00e9veil \u00e9l\u00e9gant est dot\u00e9 de la recharge sans fil pour votre smartphone, d\u2019un \u00e9clairage couleur avec 13 effets et d\u2019une radio FM int\u00e9gr\u00e9e. Avec la fonction TWS, vous couplez facilement une deuxi\u00e8me [&hellip;]<\/p>\n","protected":false},"featured_media":868754,"template":"","meta":{"_acf_changed":false,"site-sidebar-layout":"default","site-content-layout":"","ast-site-content-layout":"default","site-content-style":"default","site-sidebar-style":"default","ast-global-header-display":"","ast-banner-title-visibility":"","ast-main-header-display":"","ast-hfb-above-header-display":"","ast-hfb-below-header-display":"","ast-hfb-mobile-header-display":"","site-post-title":"","ast-breadcrumbs-content":"","ast-featured-img":"","footer-sml-layout":"","theme-transparent-header-meta":"","adv-header-id-meta":"","stick-header-meta":"","header-above-stick-meta":"","header-main-stick-meta":"","header-below-stick-meta":"","astra-migrate-meta-layouts":"default","ast-page-background-enabled":"default","ast-page-background-meta":{"desktop":{"background-color":"","background-image":"","background-repeat":"repeat","background-position":"center center","background-size":"auto","background-attachment":"scroll","background-type":"","background-media":"","overlay-type":"","overlay-color":"","overlay-opacity":"","overlay-gradient":""},"tablet":{"background-color":"","background-image":"","background-repeat":"repeat","background-position":"center center","background-size":"auto","background-attachment":"scroll","background-type":"","background-media":"","overlay-type":"","overlay-color":"","overlay-opacity":"","overlay-gradient":""},"mobile":{"background-color":"","background-image":"","background-repeat":"repeat","background-position":"center center","background-size":"auto","background-attachment":"scroll","background-type":"","background-media":"","overlay-type":"","overlay-color":"","overlay-opacity":"","overlay-gradient":""}},"ast-content-background-meta":{"desktop":{"background-color":"var(--ast-global-color-5)","background-image":"","background-repeat":"repeat","background-position":"center center","background-size":"auto","background-attachment":"scroll","background-type":"","background-media":"","overlay-type":"","overlay-color":"","overlay-opacity":"","overlay-gradient":""},"tablet":{"background-color":"var(--ast-global-color-5)","background-image":"","background-repeat":"repeat","background-position":"center center","background-size":"auto","background-attachment":"scroll","background-type":"","background-media":"","overlay-type":"","overlay-color":"","overlay-opacity":"","overlay-gradient":""},"mobile":{"background-color":"var(--ast-global-color-5)","background-image":"","background-repeat":"repeat","background-position":"center center","background-size":"auto","background-attachment":"scroll","background-type":"","background-media":"","overlay-type":"","overlay-color":"","overlay-opacity":"","overlay-gradient":""}}},"product_brand":[],"product_cat":[22955],"product_tag":[],"class_list":{"0":"post-859551","1":"product","2":"type-product","3":"status-publish","4":"has-post-thumbnail","6":"product_cat-pas-de-categorie","7":"desktop-align-center","8":"tablet-align-center","9":"mobile-align-center","10":"ast-product-gallery-layout-horizontal","11":"ast-product-tabs-layout-horizontal","13":"first","14":"instock","15":"featured","16":"virtual","17":"taxable","18":"purchasable","19":"product-type-simple"},"acf":[],"yoast_head":"<!-- This site is optimized with the Yoast SEO plugin v26.5 - https:\/\/yoast.com\/wordpress\/plugins\/seo\/ -->\n<title>R\u00e9veil radio ORACLE RED BULL RACING \u2013 R\u00e9veil num\u00e9rique avec recharge sans fil \u2013 Enceinte Bluetooth \u2013 \u00c9clairage LED multicolore \u2013 Puissance max 30 W \u2013 TWS (RB-SK300) - Caliber Europe B.V.<\/title>\n<meta name=\"robots\" content=\"noindex, follow, max-snippet:-1, max-image-preview:large, max-video-preview:-1\" \/>\n<meta property=\"og:locale\" content=\"fr_FR\" \/>\n<meta property=\"og:type\" content=\"article\" \/>\n<meta property=\"og:title\" content=\"R\u00e9veil radio ORACLE RED BULL RACING \u2013 R\u00e9veil num\u00e9rique avec recharge sans fil \u2013 Enceinte Bluetooth \u2013 \u00c9clairage LED multicolore \u2013 Puissance max 30 W \u2013 TWS (RB-SK300) - Caliber Europe B.V.\" \/>\n<meta property=\"og:description\" content=\"Profitez de votre musique, radio ou sons apaisants pr\u00e9f\u00e9r\u00e9s avec le r\u00e9veil-enceinte polyvalent Oracle Red Bull Racing RB-SK300. Ce haut-parleur Bluetooth avec fonction r\u00e9veil \u00e9l\u00e9gant est dot\u00e9 de la recharge sans fil pour votre smartphone, d\u2019un \u00e9clairage couleur avec 13 effets et d\u2019une radio FM int\u00e9gr\u00e9e. Avec la fonction TWS, vous couplez facilement une deuxi\u00e8me [&hellip;]\" \/>\n<meta property=\"og:url\" content=\"https:\/\/b2b.calibereurope.com\/product\/rb-sk300-fr_fr\/\" \/>\n<meta property=\"og:site_name\" content=\"Caliber Europe B.V.\" \/>\n<meta property=\"article:modified_time\" content=\"2025-12-04T13:59:21+00:00\" \/>\n<meta name=\"twitter:card\" content=\"summary_large_image\" \/>\n<meta name=\"twitter:label1\" content=\"Dur\u00e9e de lecture estim\u00e9e\" \/>\n\t<meta name=\"twitter:data1\" content=\"2 minutes\" \/>\n<script type=\"application\/ld+json\" class=\"yoast-schema-graph\">{\"@context\":\"https:\/\/schema.org\",\"@graph\":[{\"@type\":\"WebPage\",\"@id\":\"https:\/\/b2b.calibereurope.com\/product\/rb-sk300-fr_fr\/\",\"url\":\"https:\/\/b2b.calibereurope.com\/product\/rb-sk300-fr_fr\/\",\"name\":\"R\u00e9veil radio ORACLE RED BULL RACING \u2013 R\u00e9veil num\u00e9rique avec recharge sans fil \u2013 Enceinte Bluetooth \u2013 \u00c9clairage LED multicolore \u2013 Puissance max 30 W \u2013 TWS (RB-SK300) - Caliber Europe B.V.\",\"isPartOf\":{\"@id\":\"https:\/\/b2b.calibereurope.com\/#website\"},\"primaryImageOfPage\":{\"@id\":\"https:\/\/b2b.calibereurope.com\/product\/rb-sk300-fr_fr\/#primaryimage\"},\"image\":{\"@id\":\"https:\/\/b2b.calibereurope.com\/product\/rb-sk300-fr_fr\/#primaryimage\"},\"thumbnailUrl\":\"https:\/\/b2b.calibereurope.com\/wp-content\/uploads\/2025\/12\/6fe945c8779ce2445ff113c65ac3324bc3425e5c_SK300_ON_side_light-4.jpg\",\"datePublished\":\"2025-12-04T00:00:00+00:00\",\"dateModified\":\"2025-12-04T13:59:21+00:00\",\"breadcrumb\":{\"@id\":\"https:\/\/b2b.calibereurope.com\/product\/rb-sk300-fr_fr\/#breadcrumb\"},\"inLanguage\":\"fr-FR\",\"potentialAction\":[{\"@type\":\"ReadAction\",\"target\":[\"https:\/\/b2b.calibereurope.com\/product\/rb-sk300-fr_fr\/\"]}]},{\"@type\":\"ImageObject\",\"inLanguage\":\"fr-FR\",\"@id\":\"https:\/\/b2b.calibereurope.com\/product\/rb-sk300-fr_fr\/#primaryimage\",\"url\":\"https:\/\/b2b.calibereurope.com\/wp-content\/uploads\/2025\/12\/6fe945c8779ce2445ff113c65ac3324bc3425e5c_SK300_ON_side_light-4.jpg\",\"contentUrl\":\"https:\/\/b2b.calibereurope.com\/wp-content\/uploads\/2025\/12\/6fe945c8779ce2445ff113c65ac3324bc3425e5c_SK300_ON_side_light-4.jpg\",\"width\":2000,\"height\":2000},{\"@type\":\"BreadcrumbList\",\"@id\":\"https:\/\/b2b.calibereurope.com\/product\/rb-sk300-fr_fr\/#breadcrumb\",\"itemListElement\":[{\"@type\":\"ListItem\",\"position\":1,\"name\":\"Home\",\"item\":\"https:\/\/b2b.calibereurope.com\/fr\/home\/\"},{\"@type\":\"ListItem\",\"position\":2,\"name\":\"Boutique\",\"item\":\"https:\/\/b2b.calibereurope.com\/fr\/boutique\/\"},{\"@type\":\"ListItem\",\"position\":3,\"name\":\"R\u00e9veil radio ORACLE RED BULL RACING \u2013 R\u00e9veil num\u00e9rique avec recharge sans fil \u2013 Enceinte Bluetooth \u2013 \u00c9clairage LED multicolore \u2013 Puissance max 30 W \u2013 TWS (RB-SK300)\"}]},{\"@type\":\"WebSite\",\"@id\":\"https:\/\/b2b.calibereurope.com\/#website\",\"url\":\"https:\/\/b2b.calibereurope.com\/\",\"name\":\"Caliber Europe B.V.\",\"description\":\"B2B Webshop\",\"publisher\":{\"@id\":\"https:\/\/b2b.calibereurope.com\/#organization\"},\"potentialAction\":[{\"@type\":\"SearchAction\",\"target\":{\"@type\":\"EntryPoint\",\"urlTemplate\":\"https:\/\/b2b.calibereurope.com\/?s={search_term_string}\"},\"query-input\":{\"@type\":\"PropertyValueSpecification\",\"valueRequired\":true,\"valueName\":\"search_term_string\"}}],\"inLanguage\":\"fr-FR\"},{\"@type\":\"Organization\",\"@id\":\"https:\/\/b2b.calibereurope.com\/#organization\",\"name\":\"Caliber Europe B.V.\",\"url\":\"https:\/\/b2b.calibereurope.com\/\",\"logo\":{\"@type\":\"ImageObject\",\"inLanguage\":\"fr-FR\",\"@id\":\"https:\/\/b2b.calibereurope.com\/#\/schema\/logo\/image\/\",\"url\":\"https:\/\/b2b.calibereurope.com\/wp-content\/uploads\/2020\/12\/Caliber_Logo-Black.png\",\"contentUrl\":\"https:\/\/b2b.calibereurope.com\/wp-content\/uploads\/2020\/12\/Caliber_Logo-Black.png\",\"width\":3157,\"height\":356,\"caption\":\"Caliber Europe B.V.\"},\"image\":{\"@id\":\"https:\/\/b2b.calibereurope.com\/#\/schema\/logo\/image\/\"}}]}<\/script>\n<!-- \/ Yoast SEO plugin. -->","yoast_head_json":{"title":"R\u00e9veil radio ORACLE RED BULL RACING \u2013 R\u00e9veil num\u00e9rique avec recharge sans fil \u2013 Enceinte Bluetooth \u2013 \u00c9clairage LED multicolore \u2013 Puissance max 30 W \u2013 TWS (RB-SK300) - Caliber Europe B.V.","robots":{"index":"noindex","follow":"follow","max-snippet":"max-snippet:-1","max-image-preview":"max-image-preview:large","max-video-preview":"max-video-preview:-1"},"og_locale":"fr_FR","og_type":"article","og_title":"R\u00e9veil radio ORACLE RED BULL RACING \u2013 R\u00e9veil num\u00e9rique avec recharge sans fil \u2013 Enceinte Bluetooth \u2013 \u00c9clairage LED multicolore \u2013 Puissance max 30 W \u2013 TWS (RB-SK300) - Caliber Europe B.V.","og_description":"Profitez de votre musique, radio ou sons apaisants pr\u00e9f\u00e9r\u00e9s avec le r\u00e9veil-enceinte polyvalent Oracle Red Bull Racing RB-SK300. Ce haut-parleur Bluetooth avec fonction r\u00e9veil \u00e9l\u00e9gant est dot\u00e9 de la recharge sans fil pour votre smartphone, d\u2019un \u00e9clairage couleur avec 13 effets et d\u2019une radio FM int\u00e9gr\u00e9e. Avec la fonction TWS, vous couplez facilement une deuxi\u00e8me [&hellip;]","og_url":"https:\/\/b2b.calibereurope.com\/product\/rb-sk300-fr_fr\/","og_site_name":"Caliber Europe B.V.","article_modified_time":"2025-12-04T13:59:21+00:00","twitter_card":"summary_large_image","twitter_misc":{"Dur\u00e9e de lecture estim\u00e9e":"2 minutes"},"schema":{"@context":"https:\/\/schema.org","@graph":[{"@type":"WebPage","@id":"https:\/\/b2b.calibereurope.com\/product\/rb-sk300-fr_fr\/","url":"https:\/\/b2b.calibereurope.com\/product\/rb-sk300-fr_fr\/","name":"R\u00e9veil radio ORACLE RED BULL RACING \u2013 R\u00e9veil num\u00e9rique avec recharge sans fil \u2013 Enceinte Bluetooth \u2013 \u00c9clairage LED multicolore \u2013 Puissance max 30 W \u2013 TWS (RB-SK300) - Caliber Europe B.V.","isPartOf":{"@id":"https:\/\/b2b.calibereurope.com\/#website"},"primaryImageOfPage":{"@id":"https:\/\/b2b.calibereurope.com\/product\/rb-sk300-fr_fr\/#primaryimage"},"image":{"@id":"https:\/\/b2b.calibereurope.com\/product\/rb-sk300-fr_fr\/#primaryimage"},"thumbnailUrl":"https:\/\/b2b.calibereurope.com\/wp-content\/uploads\/2025\/12\/6fe945c8779ce2445ff113c65ac3324bc3425e5c_SK300_ON_side_light-4.jpg","datePublished":"2025-12-04T00:00:00+00:00","dateModified":"2025-12-04T13:59:21+00:00","breadcrumb":{"@id":"https:\/\/b2b.calibereurope.com\/product\/rb-sk300-fr_fr\/#breadcrumb"},"inLanguage":"fr-FR","potentialAction":[{"@type":"ReadAction","target":["https:\/\/b2b.calibereurope.com\/product\/rb-sk300-fr_fr\/"]}]},{"@type":"ImageObject","inLanguage":"fr-FR","@id":"https:\/\/b2b.calibereurope.com\/product\/rb-sk300-fr_fr\/#primaryimage","url":"https:\/\/b2b.calibereurope.com\/wp-content\/uploads\/2025\/12\/6fe945c8779ce2445ff113c65ac3324bc3425e5c_SK300_ON_side_light-4.jpg","contentUrl":"https:\/\/b2b.calibereurope.com\/wp-content\/uploads\/2025\/12\/6fe945c8779ce2445ff113c65ac3324bc3425e5c_SK300_ON_side_light-4.jpg","width":2000,"height":2000},{"@type":"BreadcrumbList","@id":"https:\/\/b2b.calibereurope.com\/product\/rb-sk300-fr_fr\/#breadcrumb","itemListElement":[{"@type":"ListItem","position":1,"name":"Home","item":"https:\/\/b2b.calibereurope.com\/fr\/home\/"},{"@type":"ListItem","position":2,"name":"Boutique","item":"https:\/\/b2b.calibereurope.com\/fr\/boutique\/"},{"@type":"ListItem","position":3,"name":"R\u00e9veil radio ORACLE RED BULL RACING \u2013 R\u00e9veil num\u00e9rique avec recharge sans fil \u2013 Enceinte Bluetooth \u2013 \u00c9clairage LED multicolore \u2013 Puissance max 30 W \u2013 TWS (RB-SK300)"}]},{"@type":"WebSite","@id":"https:\/\/b2b.calibereurope.com\/#website","url":"https:\/\/b2b.calibereurope.com\/","name":"Caliber Europe B.V.","description":"B2B Webshop","publisher":{"@id":"https:\/\/b2b.calibereurope.com\/#organization"},"potentialAction":[{"@type":"SearchAction","target":{"@type":"EntryPoint","urlTemplate":"https:\/\/b2b.calibereurope.com\/?s={search_term_string}"},"query-input":{"@type":"PropertyValueSpecification","valueRequired":true,"valueName":"search_term_string"}}],"inLanguage":"fr-FR"},{"@type":"Organization","@id":"https:\/\/b2b.calibereurope.com\/#organization","name":"Caliber Europe B.V.","url":"https:\/\/b2b.calibereurope.com\/","logo":{"@type":"ImageObject","inLanguage":"fr-FR","@id":"https:\/\/b2b.calibereurope.com\/#\/schema\/logo\/image\/","url":"https:\/\/b2b.calibereurope.com\/wp-content\/uploads\/2020\/12\/Caliber_Logo-Black.png","contentUrl":"https:\/\/b2b.calibereurope.com\/wp-content\/uploads\/2020\/12\/Caliber_Logo-Black.png","width":3157,"height":356,"caption":"Caliber Europe B.V."},"image":{"@id":"https:\/\/b2b.calibereurope.com\/#\/schema\/logo\/image\/"}}]}},"_links":{"self":[{"href":"https:\/\/b2b.calibereurope.com\/fr\/wp-json\/wp\/v2\/product\/859551","targetHints":{"allow":["GET"]}}],"collection":[{"href":"https:\/\/b2b.calibereurope.com\/fr\/wp-json\/wp\/v2\/product"}],"about":[{"href":"https:\/\/b2b.calibereurope.com\/fr\/wp-json\/wp\/v2\/types\/product"}],"version-history":[{"count":0,"href":"https:\/\/b2b.calibereurope.com\/fr\/wp-json\/wp\/v2\/product\/859551\/revisions"}],"wp:featuredmedia":[{"embeddable":true,"href":"https:\/\/b2b.calibereurope.com\/fr\/wp-json\/wp\/v2\/media\/868754"}],"wp:attachment":[{"href":"https:\/\/b2b.calibereurope.com\/fr\/wp-json\/wp\/v2\/media?parent=859551"}],"wp:term":[{"taxonomy":"product_brand","embeddable":true,"href":"https:\/\/b2b.calibereurope.com\/fr\/wp-json\/wp\/v2\/product_brand?post=859551"},{"taxonomy":"product_cat","embeddable":true,"href":"https:\/\/b2b.calibereurope.com\/fr\/wp-json\/wp\/v2\/product_cat?post=859551"},{"taxonomy":"product_tag","embeddable":true,"href":"https:\/\/b2b.calibereurope.com\/fr\/wp-json\/wp\/v2\/product_tag?post=859551"}],"curies":[{"name":"wp","href":"https:\/\/api.w.org\/{rel}","templated":true}]}}