{"id":865620,"date":"2026-04-16T02:00:00","date_gmt":"2026-04-16T00:00:00","guid":{"rendered":"0"},"modified":"2026-04-17T17:11:15","modified_gmt":"2026-04-17T15:11:15","slug":"RMD902DAB-CAR-fr_FR","status":"publish","type":"product","link":"https:\/\/b2b.calibereurope.com\/fr\/produit\/RMD902DAB-CAR-fr_FR\/","title":{"rendered":"Autoradio Apple CarPlay\u00ae, Android Auto\u2122 DAB+ (RMD902DAB-CAR)"},"content":{"rendered":"<p>\nCet autoradio est le premier de notre gamme Apple Carplay\u00ae et Android Auto\u2122. Le RMD902DAB-CAR deviendra votre nouveau guide, vous permettant de profiter d&#39;une vue arri\u00e8re gr\u00e2ce \u00e0 un large \u00e9cran pour faciliter vos man\u0153uvres. Vous pouvez connecter et utiliser toutes les applications de votre smartphone, qu&#39;il s&#39;agisse d&#39;un iPhone ou d&#39;un Android. Notre RMD902DAB-CAR est le compl\u00e9ment id\u00e9al de votre smartphone dans votre voiture.<\/p>\n<p><\/p>\n<\/p>\n<p><strong>Caract\u00e9ristiques :<\/strong><\/p>\n<ul>\n<li><strong>Puissance maximale :<\/strong> 4x 100 W<\/li>\n<li><strong>Apple CarPlay\u00ae :<\/strong> avec et sans c\u00e2ble<\/li>\n<li><strong>Android Auto\u2122 :<\/strong> avec et sans c\u00e2ble<\/li>\n<li><strong>Tuner :<\/strong> DAB+\/AM\/FM\/RDS (antenne DAB+ incluse)<\/li>\n<li><strong>Bluetooth\u00ae :<\/strong> kit mains libres, microphone interne<\/li>\n<li><strong>Connexion microphone :<\/strong> pour microphone externe<\/li>\n<li><strong>Microphone externe :<\/strong> en option<\/li>\n<li><strong>Connexions :<\/strong> USB\/micro (jusqu&#39;\u00e0 64 Go) et entr\u00e9e AUX<\/li>\n<li><strong>Cam\u00e9ra :<\/strong> prise en charge d&#39;une cam\u00e9ra avant et arri\u00e8re (la cam\u00e9ra de recul s&#39;active automatiquement lors de la marche arri\u00e8re, en option)<\/li>\n<li><strong>Commande vocale :<\/strong> assistant IA (Siri, Google Assistant)<\/li>\n<li><strong>Port USB :<\/strong> chargement 1,5 A \/ 7,5 W<\/li>\n<li><strong>Lecture multim\u00e9dia :<\/strong> int\u00e9gr\u00e9e<\/li>\n<li><strong>\u00c9galiseur :<\/strong> multibande (16 bandes)<\/li>\n<li><strong>Entr\u00e9es RCA :<\/strong> audio et vid\u00e9o<\/li>\n<li><strong>Sorties RCA :<\/strong> avant et arri\u00e8re<\/li>\n<li><strong>Sortie vid\u00e9o RCA :<\/strong> 2x<\/li>\n<li><strong>Sortie RCA subwoofer :<\/strong> disponible<\/li>\n<li><strong>Commandes au volant :<\/strong> compatible (SWC)<\/li>\n<li><strong>Connexion :<\/strong> connecteur ISO int\u00e9gr\u00e9<\/li>\n<\/ul>\n","protected":false},"excerpt":{"rendered":"<p>Cet autoradio est le premier de notre gamme Apple Carplay\u00ae et Android Auto\u2122. Le RMD902DAB-CAR deviendra votre nouveau guide, vous permettant de profiter d&#39;une vue arri\u00e8re gr\u00e2ce \u00e0 un large \u00e9cran pour faciliter vos man\u0153uvres. Vous pouvez connecter et utiliser toutes les applications de votre smartphone, qu&#39;il s&#39;agisse d&#39;un iPhone ou d&#39;un Android. Notre RMD902DAB-CAR [&hellip;]<\/p>\n","protected":false},"featured_media":873512,"template":"","meta":{"_acf_changed":false,"site-sidebar-layout":"default","site-content-layout":"","ast-site-content-layout":"default","site-content-style":"default","site-sidebar-style":"default","ast-global-header-display":"","ast-banner-title-visibility":"","ast-main-header-display":"","ast-hfb-above-header-display":"","ast-hfb-below-header-display":"","ast-hfb-mobile-header-display":"","site-post-title":"","ast-breadcrumbs-content":"","ast-featured-img":"","footer-sml-layout":"","theme-transparent-header-meta":"","adv-header-id-meta":"","stick-header-meta":"","header-above-stick-meta":"","header-main-stick-meta":"","header-below-stick-meta":"","astra-migrate-meta-layouts":"default","ast-page-background-enabled":"default","ast-page-background-meta":{"desktop":{"background-color":"","background-image":"","background-repeat":"repeat","background-position":"center center","background-size":"auto","background-attachment":"scroll","background-type":"","background-media":"","overlay-type":"","overlay-color":"","overlay-opacity":"","overlay-gradient":""},"tablet":{"background-color":"","background-image":"","background-repeat":"repeat","background-position":"center center","background-size":"auto","background-attachment":"scroll","background-type":"","background-media":"","overlay-type":"","overlay-color":"","overlay-opacity":"","overlay-gradient":""},"mobile":{"background-color":"","background-image":"","background-repeat":"repeat","background-position":"center center","background-size":"auto","background-attachment":"scroll","background-type":"","background-media":"","overlay-type":"","overlay-color":"","overlay-opacity":"","overlay-gradient":""}},"ast-content-background-meta":{"desktop":{"background-color":"var(--ast-global-color-5)","background-image":"","background-repeat":"repeat","background-position":"center center","background-size":"auto","background-attachment":"scroll","background-type":"","background-media":"","overlay-type":"","overlay-color":"","overlay-opacity":"","overlay-gradient":""},"tablet":{"background-color":"var(--ast-global-color-5)","background-image":"","background-repeat":"repeat","background-position":"center center","background-size":"auto","background-attachment":"scroll","background-type":"","background-media":"","overlay-type":"","overlay-color":"","overlay-opacity":"","overlay-gradient":""},"mobile":{"background-color":"var(--ast-global-color-5)","background-image":"","background-repeat":"repeat","background-position":"center center","background-size":"auto","background-attachment":"scroll","background-type":"","background-media":"","overlay-type":"","overlay-color":"","overlay-opacity":"","overlay-gradient":""}}},"product_brand":[],"product_cat":[12170,12138],"product_tag":[],"class_list":{"0":"post-865620","1":"product","2":"type-product","3":"status-publish","4":"has-post-thumbnail","6":"product_cat-radios_auto_fr_fr","7":"product_cat-auto_fr_fr","8":"desktop-align-center","9":"tablet-align-center","10":"mobile-align-center","11":"ast-product-gallery-layout-horizontal","12":"ast-product-gallery-with-no-image","13":"ast-product-tabs-layout-horizontal","15":"first","16":"onbackorder","17":"taxable","18":"shipping-taxable","19":"purchasable","20":"product-type-simple"},"acf":[],"yoast_head":"<!-- This site is optimized with the Yoast SEO plugin v26.5 - https:\/\/yoast.com\/wordpress\/plugins\/seo\/ -->\n<title>Autoradio Apple CarPlay\u00ae, Android Auto\u2122 DAB+ (RMD902DAB-CAR) - Caliber Europe B.V.<\/title>\n<meta name=\"robots\" content=\"noindex, follow, max-snippet:-1, max-image-preview:large, max-video-preview:-1\" \/>\n<meta property=\"og:locale\" content=\"fr_FR\" \/>\n<meta property=\"og:type\" content=\"article\" \/>\n<meta property=\"og:title\" content=\"Autoradio Apple CarPlay\u00ae, Android Auto\u2122 DAB+ (RMD902DAB-CAR) - Caliber Europe B.V.\" \/>\n<meta property=\"og:description\" content=\"Cet autoradio est le premier de notre gamme Apple Carplay\u00ae et Android Auto\u2122. Le RMD902DAB-CAR deviendra votre nouveau guide, vous permettant de profiter d&#039;une vue arri\u00e8re gr\u00e2ce \u00e0 un large \u00e9cran pour faciliter vos man\u0153uvres. Vous pouvez connecter et utiliser toutes les applications de votre smartphone, qu&#039;il s&#039;agisse d&#039;un iPhone ou d&#039;un Android. Notre RMD902DAB-CAR [&hellip;]\" \/>\n<meta property=\"og:url\" content=\"https:\/\/b2b.calibereurope.com\/product\/rmd902dab-car-fr_fr\/\" \/>\n<meta property=\"og:site_name\" content=\"Caliber Europe B.V.\" \/>\n<meta property=\"article:modified_time\" content=\"2026-04-17T15:11:15+00:00\" \/>\n<meta name=\"twitter:card\" content=\"summary_large_image\" \/>\n<meta name=\"twitter:label1\" content=\"Dur\u00e9e de lecture estim\u00e9e\" \/>\n\t<meta name=\"twitter:data1\" content=\"1 minute\" \/>\n<script type=\"application\/ld+json\" class=\"yoast-schema-graph\">{\"@context\":\"https:\/\/schema.org\",\"@graph\":[{\"@type\":\"WebPage\",\"@id\":\"https:\/\/b2b.calibereurope.com\/product\/rmd902dab-car-fr_fr\/\",\"url\":\"https:\/\/b2b.calibereurope.com\/product\/rmd902dab-car-fr_fr\/\",\"name\":\"Autoradio Apple CarPlay\u00ae, Android Auto\u2122 DAB+ (RMD902DAB-CAR) - Caliber Europe B.V.\",\"isPartOf\":{\"@id\":\"https:\/\/b2b.calibereurope.com\/#website\"},\"primaryImageOfPage\":{\"@id\":\"https:\/\/b2b.calibereurope.com\/product\/rmd902dab-car-fr_fr\/#primaryimage\"},\"image\":{\"@id\":\"https:\/\/b2b.calibereurope.com\/product\/rmd902dab-car-fr_fr\/#primaryimage\"},\"thumbnailUrl\":\"https:\/\/b2b.calibereurope.com\/wp-content\/uploads\/2026\/04\/04b4d0cbdb389d9947930b9a6f613dad1b1671b8_RMD902DAB_CAR_front_top.jpg\",\"datePublished\":\"2026-04-16T00:00:00+00:00\",\"dateModified\":\"2026-04-17T15:11:15+00:00\",\"breadcrumb\":{\"@id\":\"https:\/\/b2b.calibereurope.com\/product\/rmd902dab-car-fr_fr\/#breadcrumb\"},\"inLanguage\":\"fr-FR\",\"potentialAction\":[{\"@type\":\"ReadAction\",\"target\":[\"https:\/\/b2b.calibereurope.com\/product\/rmd902dab-car-fr_fr\/\"]}]},{\"@type\":\"ImageObject\",\"inLanguage\":\"fr-FR\",\"@id\":\"https:\/\/b2b.calibereurope.com\/product\/rmd902dab-car-fr_fr\/#primaryimage\",\"url\":\"https:\/\/b2b.calibereurope.com\/wp-content\/uploads\/2026\/04\/04b4d0cbdb389d9947930b9a6f613dad1b1671b8_RMD902DAB_CAR_front_top.jpg\",\"contentUrl\":\"https:\/\/b2b.calibereurope.com\/wp-content\/uploads\/2026\/04\/04b4d0cbdb389d9947930b9a6f613dad1b1671b8_RMD902DAB_CAR_front_top.jpg\",\"width\":2000,\"height\":2000},{\"@type\":\"BreadcrumbList\",\"@id\":\"https:\/\/b2b.calibereurope.com\/product\/rmd902dab-car-fr_fr\/#breadcrumb\",\"itemListElement\":[{\"@type\":\"ListItem\",\"position\":1,\"name\":\"Home\",\"item\":\"https:\/\/b2b.calibereurope.com\/fr\/home\/\"},{\"@type\":\"ListItem\",\"position\":2,\"name\":\"Boutique\",\"item\":\"https:\/\/b2b.calibereurope.com\/fr\/boutique\/\"},{\"@type\":\"ListItem\",\"position\":3,\"name\":\"RMD902DAB-CAR\"}]},{\"@type\":\"WebSite\",\"@id\":\"https:\/\/b2b.calibereurope.com\/#website\",\"url\":\"https:\/\/b2b.calibereurope.com\/\",\"name\":\"Caliber Europe B.V.\",\"description\":\"B2B Webshop\",\"publisher\":{\"@id\":\"https:\/\/b2b.calibereurope.com\/#organization\"},\"potentialAction\":[{\"@type\":\"SearchAction\",\"target\":{\"@type\":\"EntryPoint\",\"urlTemplate\":\"https:\/\/b2b.calibereurope.com\/?s={search_term_string}\"},\"query-input\":{\"@type\":\"PropertyValueSpecification\",\"valueRequired\":true,\"valueName\":\"search_term_string\"}}],\"inLanguage\":\"fr-FR\"},{\"@type\":\"Organization\",\"@id\":\"https:\/\/b2b.calibereurope.com\/#organization\",\"name\":\"Caliber Europe B.V.\",\"url\":\"https:\/\/b2b.calibereurope.com\/\",\"logo\":{\"@type\":\"ImageObject\",\"inLanguage\":\"fr-FR\",\"@id\":\"https:\/\/b2b.calibereurope.com\/#\/schema\/logo\/image\/\",\"url\":\"https:\/\/b2b.calibereurope.com\/wp-content\/uploads\/2020\/12\/Caliber_Logo-Black.png\",\"contentUrl\":\"https:\/\/b2b.calibereurope.com\/wp-content\/uploads\/2020\/12\/Caliber_Logo-Black.png\",\"width\":3157,\"height\":356,\"caption\":\"Caliber Europe B.V.\"},\"image\":{\"@id\":\"https:\/\/b2b.calibereurope.com\/#\/schema\/logo\/image\/\"}}]}<\/script>\n<!-- \/ Yoast SEO plugin. -->","yoast_head_json":{"title":"Autoradio Apple CarPlay\u00ae, Android Auto\u2122 DAB+ (RMD902DAB-CAR) - Caliber Europe B.V.","robots":{"index":"noindex","follow":"follow","max-snippet":"max-snippet:-1","max-image-preview":"max-image-preview:large","max-video-preview":"max-video-preview:-1"},"og_locale":"fr_FR","og_type":"article","og_title":"Autoradio Apple CarPlay\u00ae, Android Auto\u2122 DAB+ (RMD902DAB-CAR) - Caliber Europe B.V.","og_description":"Cet autoradio est le premier de notre gamme Apple Carplay\u00ae et Android Auto\u2122. Le RMD902DAB-CAR deviendra votre nouveau guide, vous permettant de profiter d&#39;une vue arri\u00e8re gr\u00e2ce \u00e0 un large \u00e9cran pour faciliter vos man\u0153uvres. Vous pouvez connecter et utiliser toutes les applications de votre smartphone, qu&#39;il s&#39;agisse d&#39;un iPhone ou d&#39;un Android. Notre RMD902DAB-CAR [&hellip;]","og_url":"https:\/\/b2b.calibereurope.com\/product\/rmd902dab-car-fr_fr\/","og_site_name":"Caliber Europe B.V.","article_modified_time":"2026-04-17T15:11:15+00:00","twitter_card":"summary_large_image","twitter_misc":{"Dur\u00e9e de lecture estim\u00e9e":"1 minute"},"schema":{"@context":"https:\/\/schema.org","@graph":[{"@type":"WebPage","@id":"https:\/\/b2b.calibereurope.com\/product\/rmd902dab-car-fr_fr\/","url":"https:\/\/b2b.calibereurope.com\/product\/rmd902dab-car-fr_fr\/","name":"Autoradio Apple CarPlay\u00ae, Android Auto\u2122 DAB+ (RMD902DAB-CAR) - Caliber Europe B.V.","isPartOf":{"@id":"https:\/\/b2b.calibereurope.com\/#website"},"primaryImageOfPage":{"@id":"https:\/\/b2b.calibereurope.com\/product\/rmd902dab-car-fr_fr\/#primaryimage"},"image":{"@id":"https:\/\/b2b.calibereurope.com\/product\/rmd902dab-car-fr_fr\/#primaryimage"},"thumbnailUrl":"https:\/\/b2b.calibereurope.com\/wp-content\/uploads\/2026\/04\/04b4d0cbdb389d9947930b9a6f613dad1b1671b8_RMD902DAB_CAR_front_top.jpg","datePublished":"2026-04-16T00:00:00+00:00","dateModified":"2026-04-17T15:11:15+00:00","breadcrumb":{"@id":"https:\/\/b2b.calibereurope.com\/product\/rmd902dab-car-fr_fr\/#breadcrumb"},"inLanguage":"fr-FR","potentialAction":[{"@type":"ReadAction","target":["https:\/\/b2b.calibereurope.com\/product\/rmd902dab-car-fr_fr\/"]}]},{"@type":"ImageObject","inLanguage":"fr-FR","@id":"https:\/\/b2b.calibereurope.com\/product\/rmd902dab-car-fr_fr\/#primaryimage","url":"https:\/\/b2b.calibereurope.com\/wp-content\/uploads\/2026\/04\/04b4d0cbdb389d9947930b9a6f613dad1b1671b8_RMD902DAB_CAR_front_top.jpg","contentUrl":"https:\/\/b2b.calibereurope.com\/wp-content\/uploads\/2026\/04\/04b4d0cbdb389d9947930b9a6f613dad1b1671b8_RMD902DAB_CAR_front_top.jpg","width":2000,"height":2000},{"@type":"BreadcrumbList","@id":"https:\/\/b2b.calibereurope.com\/product\/rmd902dab-car-fr_fr\/#breadcrumb","itemListElement":[{"@type":"ListItem","position":1,"name":"Home","item":"https:\/\/b2b.calibereurope.com\/fr\/home\/"},{"@type":"ListItem","position":2,"name":"Boutique","item":"https:\/\/b2b.calibereurope.com\/fr\/boutique\/"},{"@type":"ListItem","position":3,"name":"RMD902DAB-CAR"}]},{"@type":"WebSite","@id":"https:\/\/b2b.calibereurope.com\/#website","url":"https:\/\/b2b.calibereurope.com\/","name":"Caliber Europe B.V.","description":"B2B Webshop","publisher":{"@id":"https:\/\/b2b.calibereurope.com\/#organization"},"potentialAction":[{"@type":"SearchAction","target":{"@type":"EntryPoint","urlTemplate":"https:\/\/b2b.calibereurope.com\/?s={search_term_string}"},"query-input":{"@type":"PropertyValueSpecification","valueRequired":true,"valueName":"search_term_string"}}],"inLanguage":"fr-FR"},{"@type":"Organization","@id":"https:\/\/b2b.calibereurope.com\/#organization","name":"Caliber Europe B.V.","url":"https:\/\/b2b.calibereurope.com\/","logo":{"@type":"ImageObject","inLanguage":"fr-FR","@id":"https:\/\/b2b.calibereurope.com\/#\/schema\/logo\/image\/","url":"https:\/\/b2b.calibereurope.com\/wp-content\/uploads\/2020\/12\/Caliber_Logo-Black.png","contentUrl":"https:\/\/b2b.calibereurope.com\/wp-content\/uploads\/2020\/12\/Caliber_Logo-Black.png","width":3157,"height":356,"caption":"Caliber Europe B.V."},"image":{"@id":"https:\/\/b2b.calibereurope.com\/#\/schema\/logo\/image\/"}}]}},"_links":{"self":[{"href":"https:\/\/b2b.calibereurope.com\/fr\/wp-json\/wp\/v2\/product\/865620","targetHints":{"allow":["GET"]}}],"collection":[{"href":"https:\/\/b2b.calibereurope.com\/fr\/wp-json\/wp\/v2\/product"}],"about":[{"href":"https:\/\/b2b.calibereurope.com\/fr\/wp-json\/wp\/v2\/types\/product"}],"version-history":[{"count":0,"href":"https:\/\/b2b.calibereurope.com\/fr\/wp-json\/wp\/v2\/product\/865620\/revisions"}],"wp:featuredmedia":[{"embeddable":true,"href":"https:\/\/b2b.calibereurope.com\/fr\/wp-json\/wp\/v2\/media\/873512"}],"wp:attachment":[{"href":"https:\/\/b2b.calibereurope.com\/fr\/wp-json\/wp\/v2\/media?parent=865620"}],"wp:term":[{"taxonomy":"product_brand","embeddable":true,"href":"https:\/\/b2b.calibereurope.com\/fr\/wp-json\/wp\/v2\/product_brand?post=865620"},{"taxonomy":"product_cat","embeddable":true,"href":"https:\/\/b2b.calibereurope.com\/fr\/wp-json\/wp\/v2\/product_cat?post=865620"},{"taxonomy":"product_tag","embeddable":true,"href":"https:\/\/b2b.calibereurope.com\/fr\/wp-json\/wp\/v2\/product_tag?post=865620"}],"curies":[{"name":"wp","href":"https:\/\/api.w.org\/{rel}","templated":true}]}}