{"id":865628,"date":"2026-04-16T02:00:00","date_gmt":"2026-04-16T00:00:00","guid":{"rendered":"0"},"modified":"2026-04-16T06:48:00","modified_gmt":"2026-04-16T04:48:00","slug":"RMD910DAB-CMR-fr_FR","status":"publish","type":"product","link":"https:\/\/b2b.calibereurope.com\/fr\/produit\/RMD910DAB-CMR-fr_FR\/","title":{"rendered":"Autoradio Apple CarPlay, mirroring Android DAB+ (RMD910DAB-CMR)"},"content":{"rendered":"<p>\nCet autoradio 1 DIN DAB+ vient compl\u00e9ter la gamme Apple CarPlay\u00ae en int\u00e9grant \u00e9galement une cam\u00e9ra de recul HD. Le RMD910DAB-CMR sera votre nouveau guide, vous permettant de profiter de la vision arri\u00e8re gr\u00e2ce \u00e0 un \u00e9cran large pour faciliter vos man\u0153uvres. Gr\u00e2ce \u00e0 l\u2019application gratuite Autolink Pro, vous pouvez connecter et utiliser toutes les applications de votre smartphone Android en mirroring (miroir d\u2019\u00e9cran). Notre RMD910DAB-CMR est le compl\u00e9ment parfait de votre smartphone dans votre v\u00e9hicule.<\/p>\n<p><\/p>\n<\/p>\n<p><strong>Caract\u00e9ristiques :<\/strong><\/p>\n<ul>\n<li><strong>Puissance maximale :<\/strong> 4x 100 W<\/li>\n<li><strong>\u00c9cran :<\/strong> tactile capacitif 10,1&#39;&#39; TFT, 1280&#215;720 pixels<\/li>\n<li><strong>Apple CarPlay\u00ae :<\/strong> sans fil<\/li>\n<li><strong>Mirroring Android :<\/strong> miroir d\u2019\u00e9cran via l\u2019application Autolink Pro<\/li>\n<li><strong>Tuner :<\/strong> DAB+\/AM\/FM\/RDS (antenne DAB+ incluse)<\/li>\n<li><strong>Format :<\/strong> 1 DIN<\/li>\n<li><strong>\u00c9cran ajustable :<\/strong> r\u00e9glable horizontalement et verticalement pour un angle de vision optimal<\/li>\n<li><strong>Bluetooth\u00ae :<\/strong> kit mains libres, microphone externe<\/li>\n<li><strong>Multim\u00e9dia :<\/strong> lecteur USB\/micro SD (jusqu\u2019\u00e0 64 Go) et entr\u00e9e AUX<\/li>\n<li><strong>Formats :<\/strong> MP3, MPEG4, DivX, WMA, JPEG, FLAC, AAC<\/li>\n<li><strong>Cam\u00e9ra :<\/strong> entr\u00e9e pour cam\u00e9ra avant et arri\u00e8re (activation automatique de la cam\u00e9ra de recul, 1 cam\u00e9ra 720 AHD incluse)<\/li>\n<li><strong>\u00c9galiseur :<\/strong> multi-bandes<\/li>\n<li><strong>Entr\u00e9es RCA :<\/strong> audio et vid\u00e9o<\/li>\n<li><strong>Connexions RCA :<\/strong> avant et arri\u00e8re<\/li>\n<li><strong>Sorties :<\/strong> audio\/vid\u00e9o<\/li>\n<li><strong>Commande :<\/strong> t\u00e9l\u00e9commande incluse<\/li>\n<li><strong>Connexion :<\/strong> connecteur ISO int\u00e9gr\u00e9<\/li>\n<\/ul>\n<h3>Informations compl\u00e9mentaires<\/h3>\n<p>\nAccessoires inclus : 1 cam\u00e9ra de recul, 1 t\u00e9l\u00e9commande, 1 manuel, 1 microphone externe (c\u00e2ble 3 m), 1 antenne DAB+ et accessoires d\u2019installation.<\/p>\n","protected":false},"excerpt":{"rendered":"<p>Cet autoradio 1 DIN DAB+ vient compl\u00e9ter la gamme Apple CarPlay\u00ae en int\u00e9grant \u00e9galement une cam\u00e9ra de recul HD. Le RMD910DAB-CMR sera votre nouveau guide, vous permettant de profiter de la vision arri\u00e8re gr\u00e2ce \u00e0 un \u00e9cran large pour faciliter vos man\u0153uvres. Gr\u00e2ce \u00e0 l\u2019application gratuite Autolink Pro, vous pouvez connecter et utiliser toutes les [&hellip;]<\/p>\n","protected":false},"featured_media":873544,"template":"","meta":{"_acf_changed":false,"site-sidebar-layout":"default","site-content-layout":"","ast-site-content-layout":"default","site-content-style":"default","site-sidebar-style":"default","ast-global-header-display":"","ast-banner-title-visibility":"","ast-main-header-display":"","ast-hfb-above-header-display":"","ast-hfb-below-header-display":"","ast-hfb-mobile-header-display":"","site-post-title":"","ast-breadcrumbs-content":"","ast-featured-img":"","footer-sml-layout":"","theme-transparent-header-meta":"","adv-header-id-meta":"","stick-header-meta":"","header-above-stick-meta":"","header-main-stick-meta":"","header-below-stick-meta":"","astra-migrate-meta-layouts":"default","ast-page-background-enabled":"default","ast-page-background-meta":{"desktop":{"background-color":"","background-image":"","background-repeat":"repeat","background-position":"center center","background-size":"auto","background-attachment":"scroll","background-type":"","background-media":"","overlay-type":"","overlay-color":"","overlay-opacity":"","overlay-gradient":""},"tablet":{"background-color":"","background-image":"","background-repeat":"repeat","background-position":"center center","background-size":"auto","background-attachment":"scroll","background-type":"","background-media":"","overlay-type":"","overlay-color":"","overlay-opacity":"","overlay-gradient":""},"mobile":{"background-color":"","background-image":"","background-repeat":"repeat","background-position":"center center","background-size":"auto","background-attachment":"scroll","background-type":"","background-media":"","overlay-type":"","overlay-color":"","overlay-opacity":"","overlay-gradient":""}},"ast-content-background-meta":{"desktop":{"background-color":"var(--ast-global-color-5)","background-image":"","background-repeat":"repeat","background-position":"center center","background-size":"auto","background-attachment":"scroll","background-type":"","background-media":"","overlay-type":"","overlay-color":"","overlay-opacity":"","overlay-gradient":""},"tablet":{"background-color":"var(--ast-global-color-5)","background-image":"","background-repeat":"repeat","background-position":"center center","background-size":"auto","background-attachment":"scroll","background-type":"","background-media":"","overlay-type":"","overlay-color":"","overlay-opacity":"","overlay-gradient":""},"mobile":{"background-color":"var(--ast-global-color-5)","background-image":"","background-repeat":"repeat","background-position":"center center","background-size":"auto","background-attachment":"scroll","background-type":"","background-media":"","overlay-type":"","overlay-color":"","overlay-opacity":"","overlay-gradient":""}}},"product_brand":[],"product_cat":[12170,12138],"product_tag":[],"class_list":{"0":"post-865628","1":"product","2":"type-product","3":"status-publish","4":"has-post-thumbnail","6":"product_cat-radios_auto_fr_fr","7":"product_cat-auto_fr_fr","8":"desktop-align-center","9":"tablet-align-center","10":"mobile-align-center","11":"ast-product-gallery-layout-horizontal","12":"ast-product-gallery-with-no-image","13":"ast-product-tabs-layout-horizontal","15":"first","16":"onbackorder","17":"taxable","18":"shipping-taxable","19":"purchasable","20":"product-type-simple"},"acf":[],"yoast_head":"<!-- This site is optimized with the Yoast SEO plugin v26.5 - https:\/\/yoast.com\/wordpress\/plugins\/seo\/ -->\n<title>Autoradio Apple CarPlay, mirroring Android DAB+ (RMD910DAB-CMR) - Caliber Europe B.V.<\/title>\n<meta name=\"robots\" content=\"noindex, follow, max-snippet:-1, max-image-preview:large, max-video-preview:-1\" \/>\n<meta property=\"og:locale\" content=\"fr_FR\" \/>\n<meta property=\"og:type\" content=\"article\" \/>\n<meta property=\"og:title\" content=\"Autoradio Apple CarPlay, mirroring Android DAB+ (RMD910DAB-CMR) - Caliber Europe B.V.\" \/>\n<meta property=\"og:description\" content=\"Cet autoradio 1 DIN DAB+ vient compl\u00e9ter la gamme Apple CarPlay\u00ae en int\u00e9grant \u00e9galement une cam\u00e9ra de recul HD. Le RMD910DAB-CMR sera votre nouveau guide, vous permettant de profiter de la vision arri\u00e8re gr\u00e2ce \u00e0 un \u00e9cran large pour faciliter vos man\u0153uvres. Gr\u00e2ce \u00e0 l\u2019application gratuite Autolink Pro, vous pouvez connecter et utiliser toutes les [&hellip;]\" \/>\n<meta property=\"og:url\" content=\"https:\/\/b2b.calibereurope.com\/product\/rmd910dab-cmr-fr_fr\/\" \/>\n<meta property=\"og:site_name\" content=\"Caliber Europe B.V.\" \/>\n<meta property=\"article:modified_time\" content=\"2026-04-16T04:48:00+00:00\" \/>\n<meta name=\"twitter:card\" content=\"summary_large_image\" \/>\n<meta name=\"twitter:label1\" content=\"Dur\u00e9e de lecture estim\u00e9e\" \/>\n\t<meta name=\"twitter:data1\" content=\"1 minute\" \/>\n<script type=\"application\/ld+json\" class=\"yoast-schema-graph\">{\"@context\":\"https:\/\/schema.org\",\"@graph\":[{\"@type\":\"WebPage\",\"@id\":\"https:\/\/b2b.calibereurope.com\/product\/rmd910dab-cmr-fr_fr\/\",\"url\":\"https:\/\/b2b.calibereurope.com\/product\/rmd910dab-cmr-fr_fr\/\",\"name\":\"Autoradio Apple CarPlay, mirroring Android DAB+ (RMD910DAB-CMR) - Caliber Europe B.V.\",\"isPartOf\":{\"@id\":\"https:\/\/b2b.calibereurope.com\/#website\"},\"primaryImageOfPage\":{\"@id\":\"https:\/\/b2b.calibereurope.com\/product\/rmd910dab-cmr-fr_fr\/#primaryimage\"},\"image\":{\"@id\":\"https:\/\/b2b.calibereurope.com\/product\/rmd910dab-cmr-fr_fr\/#primaryimage\"},\"thumbnailUrl\":\"https:\/\/b2b.calibereurope.com\/wp-content\/uploads\/2026\/04\/2208a6369fc847b370c89ac0e18e4438970a7585_RMD910DAB_CMR_with_camera.jpg\",\"datePublished\":\"2026-04-16T00:00:00+00:00\",\"dateModified\":\"2026-04-16T04:48:00+00:00\",\"breadcrumb\":{\"@id\":\"https:\/\/b2b.calibereurope.com\/product\/rmd910dab-cmr-fr_fr\/#breadcrumb\"},\"inLanguage\":\"fr-FR\",\"potentialAction\":[{\"@type\":\"ReadAction\",\"target\":[\"https:\/\/b2b.calibereurope.com\/product\/rmd910dab-cmr-fr_fr\/\"]}]},{\"@type\":\"ImageObject\",\"inLanguage\":\"fr-FR\",\"@id\":\"https:\/\/b2b.calibereurope.com\/product\/rmd910dab-cmr-fr_fr\/#primaryimage\",\"url\":\"https:\/\/b2b.calibereurope.com\/wp-content\/uploads\/2026\/04\/2208a6369fc847b370c89ac0e18e4438970a7585_RMD910DAB_CMR_with_camera.jpg\",\"contentUrl\":\"https:\/\/b2b.calibereurope.com\/wp-content\/uploads\/2026\/04\/2208a6369fc847b370c89ac0e18e4438970a7585_RMD910DAB_CMR_with_camera.jpg\",\"width\":2000,\"height\":2000},{\"@type\":\"BreadcrumbList\",\"@id\":\"https:\/\/b2b.calibereurope.com\/product\/rmd910dab-cmr-fr_fr\/#breadcrumb\",\"itemListElement\":[{\"@type\":\"ListItem\",\"position\":1,\"name\":\"Home\",\"item\":\"https:\/\/b2b.calibereurope.com\/fr\/home\/\"},{\"@type\":\"ListItem\",\"position\":2,\"name\":\"Boutique\",\"item\":\"https:\/\/b2b.calibereurope.com\/fr\/boutique\/\"},{\"@type\":\"ListItem\",\"position\":3,\"name\":\"RMD910DAB-CMR\"}]},{\"@type\":\"WebSite\",\"@id\":\"https:\/\/b2b.calibereurope.com\/#website\",\"url\":\"https:\/\/b2b.calibereurope.com\/\",\"name\":\"Caliber Europe B.V.\",\"description\":\"B2B Webshop\",\"publisher\":{\"@id\":\"https:\/\/b2b.calibereurope.com\/#organization\"},\"potentialAction\":[{\"@type\":\"SearchAction\",\"target\":{\"@type\":\"EntryPoint\",\"urlTemplate\":\"https:\/\/b2b.calibereurope.com\/?s={search_term_string}\"},\"query-input\":{\"@type\":\"PropertyValueSpecification\",\"valueRequired\":true,\"valueName\":\"search_term_string\"}}],\"inLanguage\":\"fr-FR\"},{\"@type\":\"Organization\",\"@id\":\"https:\/\/b2b.calibereurope.com\/#organization\",\"name\":\"Caliber Europe B.V.\",\"url\":\"https:\/\/b2b.calibereurope.com\/\",\"logo\":{\"@type\":\"ImageObject\",\"inLanguage\":\"fr-FR\",\"@id\":\"https:\/\/b2b.calibereurope.com\/#\/schema\/logo\/image\/\",\"url\":\"https:\/\/b2b.calibereurope.com\/wp-content\/uploads\/2020\/12\/Caliber_Logo-Black.png\",\"contentUrl\":\"https:\/\/b2b.calibereurope.com\/wp-content\/uploads\/2020\/12\/Caliber_Logo-Black.png\",\"width\":3157,\"height\":356,\"caption\":\"Caliber Europe B.V.\"},\"image\":{\"@id\":\"https:\/\/b2b.calibereurope.com\/#\/schema\/logo\/image\/\"}}]}<\/script>\n<!-- \/ Yoast SEO plugin. -->","yoast_head_json":{"title":"Autoradio Apple CarPlay, mirroring Android DAB+ (RMD910DAB-CMR) - Caliber Europe B.V.","robots":{"index":"noindex","follow":"follow","max-snippet":"max-snippet:-1","max-image-preview":"max-image-preview:large","max-video-preview":"max-video-preview:-1"},"og_locale":"fr_FR","og_type":"article","og_title":"Autoradio Apple CarPlay, mirroring Android DAB+ (RMD910DAB-CMR) - Caliber Europe B.V.","og_description":"Cet autoradio 1 DIN DAB+ vient compl\u00e9ter la gamme Apple CarPlay\u00ae en int\u00e9grant \u00e9galement une cam\u00e9ra de recul HD. Le RMD910DAB-CMR sera votre nouveau guide, vous permettant de profiter de la vision arri\u00e8re gr\u00e2ce \u00e0 un \u00e9cran large pour faciliter vos man\u0153uvres. Gr\u00e2ce \u00e0 l\u2019application gratuite Autolink Pro, vous pouvez connecter et utiliser toutes les [&hellip;]","og_url":"https:\/\/b2b.calibereurope.com\/product\/rmd910dab-cmr-fr_fr\/","og_site_name":"Caliber Europe B.V.","article_modified_time":"2026-04-16T04:48:00+00:00","twitter_card":"summary_large_image","twitter_misc":{"Dur\u00e9e de lecture estim\u00e9e":"1 minute"},"schema":{"@context":"https:\/\/schema.org","@graph":[{"@type":"WebPage","@id":"https:\/\/b2b.calibereurope.com\/product\/rmd910dab-cmr-fr_fr\/","url":"https:\/\/b2b.calibereurope.com\/product\/rmd910dab-cmr-fr_fr\/","name":"Autoradio Apple CarPlay, mirroring Android DAB+ (RMD910DAB-CMR) - Caliber Europe B.V.","isPartOf":{"@id":"https:\/\/b2b.calibereurope.com\/#website"},"primaryImageOfPage":{"@id":"https:\/\/b2b.calibereurope.com\/product\/rmd910dab-cmr-fr_fr\/#primaryimage"},"image":{"@id":"https:\/\/b2b.calibereurope.com\/product\/rmd910dab-cmr-fr_fr\/#primaryimage"},"thumbnailUrl":"https:\/\/b2b.calibereurope.com\/wp-content\/uploads\/2026\/04\/2208a6369fc847b370c89ac0e18e4438970a7585_RMD910DAB_CMR_with_camera.jpg","datePublished":"2026-04-16T00:00:00+00:00","dateModified":"2026-04-16T04:48:00+00:00","breadcrumb":{"@id":"https:\/\/b2b.calibereurope.com\/product\/rmd910dab-cmr-fr_fr\/#breadcrumb"},"inLanguage":"fr-FR","potentialAction":[{"@type":"ReadAction","target":["https:\/\/b2b.calibereurope.com\/product\/rmd910dab-cmr-fr_fr\/"]}]},{"@type":"ImageObject","inLanguage":"fr-FR","@id":"https:\/\/b2b.calibereurope.com\/product\/rmd910dab-cmr-fr_fr\/#primaryimage","url":"https:\/\/b2b.calibereurope.com\/wp-content\/uploads\/2026\/04\/2208a6369fc847b370c89ac0e18e4438970a7585_RMD910DAB_CMR_with_camera.jpg","contentUrl":"https:\/\/b2b.calibereurope.com\/wp-content\/uploads\/2026\/04\/2208a6369fc847b370c89ac0e18e4438970a7585_RMD910DAB_CMR_with_camera.jpg","width":2000,"height":2000},{"@type":"BreadcrumbList","@id":"https:\/\/b2b.calibereurope.com\/product\/rmd910dab-cmr-fr_fr\/#breadcrumb","itemListElement":[{"@type":"ListItem","position":1,"name":"Home","item":"https:\/\/b2b.calibereurope.com\/fr\/home\/"},{"@type":"ListItem","position":2,"name":"Boutique","item":"https:\/\/b2b.calibereurope.com\/fr\/boutique\/"},{"@type":"ListItem","position":3,"name":"RMD910DAB-CMR"}]},{"@type":"WebSite","@id":"https:\/\/b2b.calibereurope.com\/#website","url":"https:\/\/b2b.calibereurope.com\/","name":"Caliber Europe B.V.","description":"B2B Webshop","publisher":{"@id":"https:\/\/b2b.calibereurope.com\/#organization"},"potentialAction":[{"@type":"SearchAction","target":{"@type":"EntryPoint","urlTemplate":"https:\/\/b2b.calibereurope.com\/?s={search_term_string}"},"query-input":{"@type":"PropertyValueSpecification","valueRequired":true,"valueName":"search_term_string"}}],"inLanguage":"fr-FR"},{"@type":"Organization","@id":"https:\/\/b2b.calibereurope.com\/#organization","name":"Caliber Europe B.V.","url":"https:\/\/b2b.calibereurope.com\/","logo":{"@type":"ImageObject","inLanguage":"fr-FR","@id":"https:\/\/b2b.calibereurope.com\/#\/schema\/logo\/image\/","url":"https:\/\/b2b.calibereurope.com\/wp-content\/uploads\/2020\/12\/Caliber_Logo-Black.png","contentUrl":"https:\/\/b2b.calibereurope.com\/wp-content\/uploads\/2020\/12\/Caliber_Logo-Black.png","width":3157,"height":356,"caption":"Caliber Europe B.V."},"image":{"@id":"https:\/\/b2b.calibereurope.com\/#\/schema\/logo\/image\/"}}]}},"_links":{"self":[{"href":"https:\/\/b2b.calibereurope.com\/fr\/wp-json\/wp\/v2\/product\/865628","targetHints":{"allow":["GET"]}}],"collection":[{"href":"https:\/\/b2b.calibereurope.com\/fr\/wp-json\/wp\/v2\/product"}],"about":[{"href":"https:\/\/b2b.calibereurope.com\/fr\/wp-json\/wp\/v2\/types\/product"}],"version-history":[{"count":0,"href":"https:\/\/b2b.calibereurope.com\/fr\/wp-json\/wp\/v2\/product\/865628\/revisions"}],"wp:featuredmedia":[{"embeddable":true,"href":"https:\/\/b2b.calibereurope.com\/fr\/wp-json\/wp\/v2\/media\/873544"}],"wp:attachment":[{"href":"https:\/\/b2b.calibereurope.com\/fr\/wp-json\/wp\/v2\/media?parent=865628"}],"wp:term":[{"taxonomy":"product_brand","embeddable":true,"href":"https:\/\/b2b.calibereurope.com\/fr\/wp-json\/wp\/v2\/product_brand?post=865628"},{"taxonomy":"product_cat","embeddable":true,"href":"https:\/\/b2b.calibereurope.com\/fr\/wp-json\/wp\/v2\/product_cat?post=865628"},{"taxonomy":"product_tag","embeddable":true,"href":"https:\/\/b2b.calibereurope.com\/fr\/wp-json\/wp\/v2\/product_tag?post=865628"}],"curies":[{"name":"wp","href":"https:\/\/api.w.org\/{rel}","templated":true}]}}